{"id":165666,"date":"2020-11-10T14:45:05","date_gmt":"2020-11-10T13:45:05","guid":{"rendered":"https:\/\/mixedbymarcmozart.com\/?post_type=product&#038;p=165666"},"modified":"2020-11-27T10:06:02","modified_gmt":"2020-11-27T09:06:02","slug":"gibson-lp8-cherry-b","status":"publish","type":"product","link":"https:\/\/mixedbymarcmozart.com\/it\/product\/gibson-lp8-cherry-b\/","title":{"rendered":"Gibson LP8 Cherry (last pair in this color!)"},"content":{"rendered":"<p>Dieses Paar Limited Edition Gibson LP8 Studio Monitore in Cherry ist nicht nur ein hochwertiger Near- und Midfield Studio Monitor, sondern auch die perfekte Erg\u00e4nzung f\u00fcr jeden Gibson Liebhaber und Sammler. Diese Lautsprecher wurden nur in einer limitierten durchnummerierten Auflage hergestellt, und durch die \u00e4sthetisch Les Paul Holz-Front sowie die hochwertige Technik handelt es sich hier um ein echtes Sammlerst\u00fcck mit m\u00f6glichem Wertzuwachs.<\/p>\n<p>Kostenloser Versand innerhalb Deutschlands!<\/p>\n","protected":false},"excerpt":{"rendered":"<p>Dieses Paar Limited Edition Gibson LP8 Studio Monitore in Cherry ist nicht nur ein hochwertiger Near- und Midfield Studio Monitor, sondern auch die perfekte Erg\u00e4nzung f\u00fcr jeden Gibson Liebhaber und Sammler. Diese Lautsprecher wurden nur in einer limitierten durchnummerierten Auflage hergestellt, und durch die \u00e4sthetisch Les Paul Holz-Front sowie die hochwertige Technik handelt es sich&hellip;<\/p>\n","protected":false},"featured_media":165667,"template":"","meta":[],"product_cat":[613],"product_tag":[],"woo-feed-brand":[],"class_list":{"0":"post-165666","1":"product","2":"type-product","3":"status-publish","4":"has-post-thumbnail","6":"product_cat-gibson","7":"product_shipping_class-free","8":"description-off","10":"first","11":"instock","12":"sale","13":"taxable","14":"shipping-taxable","15":"purchasable","16":"product-type-simple"},"bundled_by":[],"bundle_stock_status":"instock","bundle_stock_quantity":1,"bundle_virtual":false,"bundle_layout":"","bundle_add_to_cart_form_location":"","bundle_editable_in_cart":false,"bundle_sold_individually_context":"","bundle_item_grouping":"","bundle_min_size":"","bundle_max_size":"","bundled_items":[],"yoast_head":"<!-- This site is optimized with the Yoast SEO plugin v27.4 - https:\/\/yoast.com\/product\/yoast-seo-wordpress\/ -->\n<title>Gibson LP8 Cherry (last pair in this color!) - Mixed by Marc Mozart<\/title>\n<meta name=\"robots\" content=\"index, follow, max-snippet:-1, max-image-preview:large, max-video-preview:-1\" \/>\n<link rel=\"canonical\" href=\"https:\/\/mixedbymarcmozart.com\/product\/gibson-lp8-cherry-b\/\" \/>\n<script type=\"application\/ld+json\" class=\"yoast-schema-graph\">{\"@context\":\"https:\\\/\\\/schema.org\",\"@graph\":[{\"@type\":\"WebPage\",\"@id\":\"https:\\\/\\\/mixedbymarcmozart.com\\\/product\\\/gibson-lp8-cherry-b\\\/\",\"url\":\"https:\\\/\\\/mixedbymarcmozart.com\\\/product\\\/gibson-lp8-cherry-b\\\/\",\"name\":\"Gibson LP8 Cherry (last pair in this color!) - Mixed by Marc Mozart\",\"isPartOf\":{\"@id\":\"https:\\\/\\\/mixedbymarcmozart.com\\\/#website\"},\"primaryImageOfPage\":{\"@id\":\"https:\\\/\\\/mixedbymarcmozart.com\\\/product\\\/gibson-lp8-cherry-b\\\/#primaryimage\"},\"image\":{\"@id\":\"https:\\\/\\\/mixedbymarcmozart.com\\\/product\\\/gibson-lp8-cherry-b\\\/#primaryimage\"},\"thumbnailUrl\":\"https:\\\/\\\/mixedbymarcmozart.cdnport.com\\\/2022\\\/04\\\/A9YDuPjc-IMG_5718.jpg\",\"datePublished\":\"2020-11-10T13:45:05+00:00\",\"dateModified\":\"2020-11-27T09:06:02+00:00\",\"breadcrumb\":{\"@id\":\"https:\\\/\\\/mixedbymarcmozart.com\\\/product\\\/gibson-lp8-cherry-b\\\/#breadcrumb\"},\"inLanguage\":\"it-IT\",\"potentialAction\":[{\"@type\":\"ReadAction\",\"target\":[\"https:\\\/\\\/mixedbymarcmozart.com\\\/product\\\/gibson-lp8-cherry-b\\\/\"]}]},{\"@type\":\"ImageObject\",\"inLanguage\":\"it-IT\",\"@id\":\"https:\\\/\\\/mixedbymarcmozart.com\\\/product\\\/gibson-lp8-cherry-b\\\/#primaryimage\",\"url\":\"https:\\\/\\\/mixedbymarcmozart.cdnport.com\\\/2022\\\/04\\\/A9YDuPjc-IMG_5718.jpg\",\"contentUrl\":\"https:\\\/\\\/mixedbymarcmozart.cdnport.com\\\/2022\\\/04\\\/A9YDuPjc-IMG_5718.jpg\",\"width\":1000,\"height\":750},{\"@type\":\"BreadcrumbList\",\"@id\":\"https:\\\/\\\/mixedbymarcmozart.com\\\/product\\\/gibson-lp8-cherry-b\\\/#breadcrumb\",\"itemListElement\":[{\"@type\":\"ListItem\",\"position\":1,\"name\":\"Home\",\"item\":\"https:\\\/\\\/mixedbymarcmozart.com\\\/it\\\/\"},{\"@type\":\"ListItem\",\"position\":2,\"name\":\"shop-archive\",\"item\":\"https:\\\/\\\/mixedbymarcmozart.com\\\/shop-archive\\\/\"},{\"@type\":\"ListItem\",\"position\":3,\"name\":\"Gibson LP8 Cherry (last pair in this color!)\"}]},{\"@type\":\"WebSite\",\"@id\":\"https:\\\/\\\/mixedbymarcmozart.com\\\/#website\",\"url\":\"https:\\\/\\\/mixedbymarcmozart.com\\\/\",\"name\":\"Mixed by Marc Mozart\",\"description\":\"YOUR MIX SUCKS \u2022 MIX TEMPLE \u2022 MASTER FEEDBACK\",\"potentialAction\":[{\"@type\":\"SearchAction\",\"target\":{\"@type\":\"EntryPoint\",\"urlTemplate\":\"https:\\\/\\\/mixedbymarcmozart.com\\\/?s={search_term_string}\"},\"query-input\":{\"@type\":\"PropertyValueSpecification\",\"valueRequired\":true,\"valueName\":\"search_term_string\"}}],\"inLanguage\":\"it-IT\"}]}<\/script>\n<!-- \/ Yoast SEO plugin. -->","yoast_head_json":{"title":"Gibson LP8 Cherry (last pair in this color!) - Mixed by Marc Mozart","robots":{"index":"index","follow":"follow","max-snippet":"max-snippet:-1","max-image-preview":"max-image-preview:large","max-video-preview":"max-video-preview:-1"},"canonical":"https:\/\/mixedbymarcmozart.com\/product\/gibson-lp8-cherry-b\/","schema":{"@context":"https:\/\/schema.org","@graph":[{"@type":"WebPage","@id":"https:\/\/mixedbymarcmozart.com\/product\/gibson-lp8-cherry-b\/","url":"https:\/\/mixedbymarcmozart.com\/product\/gibson-lp8-cherry-b\/","name":"Gibson LP8 Cherry (last pair in this color!) - Mixed by Marc Mozart","isPartOf":{"@id":"https:\/\/mixedbymarcmozart.com\/#website"},"primaryImageOfPage":{"@id":"https:\/\/mixedbymarcmozart.com\/product\/gibson-lp8-cherry-b\/#primaryimage"},"image":{"@id":"https:\/\/mixedbymarcmozart.com\/product\/gibson-lp8-cherry-b\/#primaryimage"},"thumbnailUrl":"https:\/\/mixedbymarcmozart.cdnport.com\/2022\/04\/A9YDuPjc-IMG_5718.jpg","datePublished":"2020-11-10T13:45:05+00:00","dateModified":"2020-11-27T09:06:02+00:00","breadcrumb":{"@id":"https:\/\/mixedbymarcmozart.com\/product\/gibson-lp8-cherry-b\/#breadcrumb"},"inLanguage":"it-IT","potentialAction":[{"@type":"ReadAction","target":["https:\/\/mixedbymarcmozart.com\/product\/gibson-lp8-cherry-b\/"]}]},{"@type":"ImageObject","inLanguage":"it-IT","@id":"https:\/\/mixedbymarcmozart.com\/product\/gibson-lp8-cherry-b\/#primaryimage","url":"https:\/\/mixedbymarcmozart.cdnport.com\/2022\/04\/A9YDuPjc-IMG_5718.jpg","contentUrl":"https:\/\/mixedbymarcmozart.cdnport.com\/2022\/04\/A9YDuPjc-IMG_5718.jpg","width":1000,"height":750},{"@type":"BreadcrumbList","@id":"https:\/\/mixedbymarcmozart.com\/product\/gibson-lp8-cherry-b\/#breadcrumb","itemListElement":[{"@type":"ListItem","position":1,"name":"Home","item":"https:\/\/mixedbymarcmozart.com\/it\/"},{"@type":"ListItem","position":2,"name":"shop-archive","item":"https:\/\/mixedbymarcmozart.com\/shop-archive\/"},{"@type":"ListItem","position":3,"name":"Gibson LP8 Cherry (last pair in this color!)"}]},{"@type":"WebSite","@id":"https:\/\/mixedbymarcmozart.com\/#website","url":"https:\/\/mixedbymarcmozart.com\/","name":"Mixed by Marc Mozart","description":"YOUR MIX SUCKS \u2022 MIX TEMPLE \u2022 MASTER FEEDBACK","potentialAction":[{"@type":"SearchAction","target":{"@type":"EntryPoint","urlTemplate":"https:\/\/mixedbymarcmozart.com\/?s={search_term_string}"},"query-input":{"@type":"PropertyValueSpecification","valueRequired":true,"valueName":"search_term_string"}}],"inLanguage":"it-IT"}]}},"_links":{"self":[{"href":"https:\/\/mixedbymarcmozart.com\/it\/wp-json\/wp\/v2\/product\/165666","targetHints":{"allow":["GET"]}}],"collection":[{"href":"https:\/\/mixedbymarcmozart.com\/it\/wp-json\/wp\/v2\/product"}],"about":[{"href":"https:\/\/mixedbymarcmozart.com\/it\/wp-json\/wp\/v2\/types\/product"}],"wp:featuredmedia":[{"embeddable":true,"href":"https:\/\/mixedbymarcmozart.com\/it\/wp-json\/wp\/v2\/media\/165667"}],"wp:attachment":[{"href":"https:\/\/mixedbymarcmozart.com\/it\/wp-json\/wp\/v2\/media?parent=165666"}],"wp:term":[{"taxonomy":"product_cat","embeddable":true,"href":"https:\/\/mixedbymarcmozart.com\/it\/wp-json\/wp\/v2\/product_cat?post=165666"},{"taxonomy":"product_tag","embeddable":true,"href":"https:\/\/mixedbymarcmozart.com\/it\/wp-json\/wp\/v2\/product_tag?post=165666"},{"taxonomy":"woo-feed-brand","embeddable":true,"href":"https:\/\/mixedbymarcmozart.com\/it\/wp-json\/wp\/v2\/woo-feed-brand?post=165666"}],"curies":[{"name":"wp","href":"https:\/\/api.w.org\/{rel}","templated":true}]}}