{"id":110970,"date":"2018-07-05T11:46:56","date_gmt":"2018-07-05T09:46:56","guid":{"rendered":"https:\/\/mixedbymarcmozart.com\/product\/your-mix-sucks-ebook-en-francais\/"},"modified":"2022-02-08T14:14:23","modified_gmt":"2022-02-08T13:14:23","slug":"your-mix-sucks-ebook-en-francais","status":"publish","type":"product","link":"https:\/\/mixedbymarcmozart.com\/it\/product\/your-mix-sucks-ebook-en-francais\/","title":{"rendered":"YOUR MIX SUCKS ebook (Fran\u00e7aise)"},"content":{"rendered":"","protected":false},"excerpt":{"rendered":"<h3><strong>YOUR MIX SUCKS (eBook): L&#8217;\u00e9dition fran\u00e7aise<\/strong><\/h3>\n<p><strong><em>\u00ab La m\u00e9thodologie compl\u00e8te du mixage, de la pr\u00e9paration du logiciel de MAO jusqu\u2019\u00e0 la livraison du produit fini!\u00a0<\/em>\u00bb<\/strong><\/p>\n<p>Trouvez ici l&#8217;\u00e9dition fran\u00e7aise du livre \u00e9lectronique bestseller sur les techniques de mixage.<\/p>\n<p><strong>Pour vous pr\u00e9senter la qualit\u00e9 du livre, trouvez des extraits ici:<\/strong><\/p>\n<ul>\n<li><a href=\"https:\/\/mixedbymarcmozart.com\/fr\/2019\/05\/28\/traitement-acoustique-de-ta-piece-ghetto-style\/?lang=fr\">Traitement acoustique de ta pi\u00e8ce &#8211; \u00ab Ghetto Style \u00bb<\/a><\/li>\n<li><a href=\"https:\/\/mixedbymarcmozart.com\/fr\/2018\/06\/18\/mixing-kicks-frequencies-tones-tuning-transients\/?lang=fr\">Mixer une grosse casse alias \u00ab Kick Drum \u00bb<\/a><\/li>\n<li><a href=\"https:\/\/mixedbymarcmozart.com\/fr\/2018\/06\/18\/gain-staging-the-bank-account-of-your-mix\/?lang=fr\">Structure de gain alias\u00a0\u00ab gain staging\u00a0\u00bb<\/a><\/li>\n<li><a href=\"https:\/\/mixedbymarcmozart.com\/fr\/2018\/06\/19\/compression-is-not-what-you-think-it-is\/?lang=fr\">Compression parall\u00e8le<\/a><\/li>\n<li><a href=\"https:\/\/mixedbymarcmozart.com\/fr\/2018\/06\/19\/compression-is-not-what-you-think-it-is\/?lang=fr\">Un autre regard sur les compresseurs<\/a><\/li>\n<li><a href=\"https:\/\/mixedbymarcmozart.com\/fr\/2018\/06\/19\/reverb-culture-all-about-mixing-reverbs-and-delays\/?lang=fr\">Les r\u00e9verbes, delays et effets de modulation<\/a><\/li>\n<\/ul>\n<p>La version anglaise du livre \u00e9lectronique\u00a0<span style=\"font-weight: normal;\">est devenu un <strong>bestseller international<\/strong> qui aide maintenant des dizaines de milliers de personnes dans le monde \u00e0 am\u00e9liorer leurs mix, \u00e0 l\u2019aide de 10 chapitres faciles \u00e0 mettre en \u0153uvre.\u00a0<\/span>En plus des aspects techniques et artistiques, le livre \u00e9lectronique aborde \u00e9galement les relations humaines li\u00e9es au mixage audio, du networking \u00e0 la gestion des volont\u00e9s du client.<\/p>\n<p>Le livre \u00e9lectronique est un \u00e9l\u00e9ment d\u2019un syst\u00e8me complet qui englobe \u00e9galement notre <a href=\"https:\/\/mixedbymarcmozart.com\/mix-temple-pro\/\">MIX TEMPLE PRO<\/a>\u00a0, qui fourni des templates de mix pour votre logiciel de MAO, ainsi que notre service exclusif de conseil et de mastering personnalis\u00e9 <a href=\"https:\/\/mixedbymarcmozart.com\/master-feedback\/\">MASTER FEEDBACK<\/a>. Chacun de ces services est d\u00e9velopp\u00e9 pour aider les auteurs, producteurs et ing\u00e9nieurs du son \u00e0 obtenir des r\u00e9sultats extraordinaires sur leurs productions.<\/p>\n","protected":false},"featured_media":66282,"template":"","meta":[],"product_cat":[535,241],"product_tag":[644],"woo-feed-brand":[],"class_list":{"0":"post-110970","1":"product","2":"type-product","3":"status-publish","4":"has-post-thumbnail","6":"product_cat-mbmm","7":"product_cat-ebook","8":"product_tag-infeed","9":"description-off","11":"first","12":"instock","13":"sale","14":"featured","15":"downloadable","16":"virtual","17":"taxable","18":"purchasable","19":"product-type-simple"},"bundled_by":[],"bundle_stock_status":"instock","bundle_stock_quantity":null,"bundle_virtual":false,"bundle_layout":"","bundle_add_to_cart_form_location":"","bundle_editable_in_cart":false,"bundle_sold_individually_context":"","bundle_item_grouping":"","bundle_min_size":"","bundle_max_size":"","bundled_items":[],"yoast_head":"<!-- This site is optimized with the Yoast SEO plugin v27.4 - https:\/\/yoast.com\/product\/yoast-seo-wordpress\/ -->\n<title>YOUR MIX SUCKS ebook (Fran\u00e7aise) - Mixed by Marc Mozart<\/title>\n<meta name=\"robots\" content=\"index, follow, max-snippet:-1, max-image-preview:large, max-video-preview:-1\" \/>\n<link rel=\"canonical\" href=\"https:\/\/mixedbymarcmozart.com\/product\/your-mix-sucks-ebook-en-francais\/\" \/>\n<script type=\"application\/ld+json\" class=\"yoast-schema-graph\">{\"@context\":\"https:\\\/\\\/schema.org\",\"@graph\":[{\"@type\":\"WebPage\",\"@id\":\"https:\\\/\\\/mixedbymarcmozart.com\\\/product\\\/your-mix-sucks-ebook-en-francais\\\/\",\"url\":\"https:\\\/\\\/mixedbymarcmozart.com\\\/product\\\/your-mix-sucks-ebook-en-francais\\\/\",\"name\":\"YOUR MIX SUCKS ebook (Fran\u00e7aise) - Mixed by Marc Mozart\",\"isPartOf\":{\"@id\":\"https:\\\/\\\/mixedbymarcmozart.com\\\/#website\"},\"primaryImageOfPage\":{\"@id\":\"https:\\\/\\\/mixedbymarcmozart.com\\\/product\\\/your-mix-sucks-ebook-en-francais\\\/#primaryimage\"},\"image\":{\"@id\":\"https:\\\/\\\/mixedbymarcmozart.com\\\/product\\\/your-mix-sucks-ebook-en-francais\\\/#primaryimage\"},\"thumbnailUrl\":\"https:\\\/\\\/mixedbymarcmozart.cdnport.com\\\/2022\\\/04\\\/900XAeGp-YMS_France.jpg\",\"datePublished\":\"2018-07-05T09:46:56+00:00\",\"dateModified\":\"2022-02-08T13:14:23+00:00\",\"breadcrumb\":{\"@id\":\"https:\\\/\\\/mixedbymarcmozart.com\\\/product\\\/your-mix-sucks-ebook-en-francais\\\/#breadcrumb\"},\"inLanguage\":\"it-IT\",\"potentialAction\":[{\"@type\":\"ReadAction\",\"target\":[\"https:\\\/\\\/mixedbymarcmozart.com\\\/product\\\/your-mix-sucks-ebook-en-francais\\\/\"]}]},{\"@type\":\"ImageObject\",\"inLanguage\":\"it-IT\",\"@id\":\"https:\\\/\\\/mixedbymarcmozart.com\\\/product\\\/your-mix-sucks-ebook-en-francais\\\/#primaryimage\",\"url\":\"https:\\\/\\\/mixedbymarcmozart.cdnport.com\\\/2022\\\/04\\\/900XAeGp-YMS_France.jpg\",\"contentUrl\":\"https:\\\/\\\/mixedbymarcmozart.cdnport.com\\\/2022\\\/04\\\/900XAeGp-YMS_France.jpg\",\"width\":800,\"height\":450},{\"@type\":\"BreadcrumbList\",\"@id\":\"https:\\\/\\\/mixedbymarcmozart.com\\\/product\\\/your-mix-sucks-ebook-en-francais\\\/#breadcrumb\",\"itemListElement\":[{\"@type\":\"ListItem\",\"position\":1,\"name\":\"Home\",\"item\":\"https:\\\/\\\/mixedbymarcmozart.com\\\/it\\\/\"},{\"@type\":\"ListItem\",\"position\":2,\"name\":\"shop-archive\",\"item\":\"https:\\\/\\\/mixedbymarcmozart.com\\\/shop-archive\\\/\"},{\"@type\":\"ListItem\",\"position\":3,\"name\":\"YOUR MIX SUCKS ebook (Fran\u00e7aise)\"}]},{\"@type\":\"WebSite\",\"@id\":\"https:\\\/\\\/mixedbymarcmozart.com\\\/#website\",\"url\":\"https:\\\/\\\/mixedbymarcmozart.com\\\/\",\"name\":\"Mixed by Marc Mozart\",\"description\":\"YOUR MIX SUCKS \u2022 MIX TEMPLE \u2022 MASTER FEEDBACK\",\"potentialAction\":[{\"@type\":\"SearchAction\",\"target\":{\"@type\":\"EntryPoint\",\"urlTemplate\":\"https:\\\/\\\/mixedbymarcmozart.com\\\/?s={search_term_string}\"},\"query-input\":{\"@type\":\"PropertyValueSpecification\",\"valueRequired\":true,\"valueName\":\"search_term_string\"}}],\"inLanguage\":\"it-IT\"}]}<\/script>\n<!-- \/ Yoast SEO plugin. -->","yoast_head_json":{"title":"YOUR MIX SUCKS ebook (Fran\u00e7aise) - Mixed by Marc Mozart","robots":{"index":"index","follow":"follow","max-snippet":"max-snippet:-1","max-image-preview":"max-image-preview:large","max-video-preview":"max-video-preview:-1"},"canonical":"https:\/\/mixedbymarcmozart.com\/product\/your-mix-sucks-ebook-en-francais\/","schema":{"@context":"https:\/\/schema.org","@graph":[{"@type":"WebPage","@id":"https:\/\/mixedbymarcmozart.com\/product\/your-mix-sucks-ebook-en-francais\/","url":"https:\/\/mixedbymarcmozart.com\/product\/your-mix-sucks-ebook-en-francais\/","name":"YOUR MIX SUCKS ebook (Fran\u00e7aise) - Mixed by Marc Mozart","isPartOf":{"@id":"https:\/\/mixedbymarcmozart.com\/#website"},"primaryImageOfPage":{"@id":"https:\/\/mixedbymarcmozart.com\/product\/your-mix-sucks-ebook-en-francais\/#primaryimage"},"image":{"@id":"https:\/\/mixedbymarcmozart.com\/product\/your-mix-sucks-ebook-en-francais\/#primaryimage"},"thumbnailUrl":"https:\/\/mixedbymarcmozart.cdnport.com\/2022\/04\/900XAeGp-YMS_France.jpg","datePublished":"2018-07-05T09:46:56+00:00","dateModified":"2022-02-08T13:14:23+00:00","breadcrumb":{"@id":"https:\/\/mixedbymarcmozart.com\/product\/your-mix-sucks-ebook-en-francais\/#breadcrumb"},"inLanguage":"it-IT","potentialAction":[{"@type":"ReadAction","target":["https:\/\/mixedbymarcmozart.com\/product\/your-mix-sucks-ebook-en-francais\/"]}]},{"@type":"ImageObject","inLanguage":"it-IT","@id":"https:\/\/mixedbymarcmozart.com\/product\/your-mix-sucks-ebook-en-francais\/#primaryimage","url":"https:\/\/mixedbymarcmozart.cdnport.com\/2022\/04\/900XAeGp-YMS_France.jpg","contentUrl":"https:\/\/mixedbymarcmozart.cdnport.com\/2022\/04\/900XAeGp-YMS_France.jpg","width":800,"height":450},{"@type":"BreadcrumbList","@id":"https:\/\/mixedbymarcmozart.com\/product\/your-mix-sucks-ebook-en-francais\/#breadcrumb","itemListElement":[{"@type":"ListItem","position":1,"name":"Home","item":"https:\/\/mixedbymarcmozart.com\/it\/"},{"@type":"ListItem","position":2,"name":"shop-archive","item":"https:\/\/mixedbymarcmozart.com\/shop-archive\/"},{"@type":"ListItem","position":3,"name":"YOUR MIX SUCKS ebook (Fran\u00e7aise)"}]},{"@type":"WebSite","@id":"https:\/\/mixedbymarcmozart.com\/#website","url":"https:\/\/mixedbymarcmozart.com\/","name":"Mixed by Marc Mozart","description":"YOUR MIX SUCKS \u2022 MIX TEMPLE \u2022 MASTER FEEDBACK","potentialAction":[{"@type":"SearchAction","target":{"@type":"EntryPoint","urlTemplate":"https:\/\/mixedbymarcmozart.com\/?s={search_term_string}"},"query-input":{"@type":"PropertyValueSpecification","valueRequired":true,"valueName":"search_term_string"}}],"inLanguage":"it-IT"}]}},"_links":{"self":[{"href":"https:\/\/mixedbymarcmozart.com\/it\/wp-json\/wp\/v2\/product\/110970","targetHints":{"allow":["GET"]}}],"collection":[{"href":"https:\/\/mixedbymarcmozart.com\/it\/wp-json\/wp\/v2\/product"}],"about":[{"href":"https:\/\/mixedbymarcmozart.com\/it\/wp-json\/wp\/v2\/types\/product"}],"wp:featuredmedia":[{"embeddable":true,"href":"https:\/\/mixedbymarcmozart.com\/it\/wp-json\/wp\/v2\/media\/66282"}],"wp:attachment":[{"href":"https:\/\/mixedbymarcmozart.com\/it\/wp-json\/wp\/v2\/media?parent=110970"}],"wp:term":[{"taxonomy":"product_cat","embeddable":true,"href":"https:\/\/mixedbymarcmozart.com\/it\/wp-json\/wp\/v2\/product_cat?post=110970"},{"taxonomy":"product_tag","embeddable":true,"href":"https:\/\/mixedbymarcmozart.com\/it\/wp-json\/wp\/v2\/product_tag?post=110970"},{"taxonomy":"woo-feed-brand","embeddable":true,"href":"https:\/\/mixedbymarcmozart.com\/it\/wp-json\/wp\/v2\/woo-feed-brand?post=110970"}],"curies":[{"name":"wp","href":"https:\/\/api.w.org\/{rel}","templated":true}]}}