{"id":110964,"date":"2015-11-07T10:57:49","date_gmt":"2015-11-07T09:57:49","guid":{"rendered":"https:\/\/mixedbymarcmozart.com\/product\/your-mix-sucks-ebook-spanish\/"},"modified":"2022-02-08T14:14:24","modified_gmt":"2022-02-08T13:14:24","slug":"your-mix-sucks-ebook-spanish","status":"publish","type":"product","link":"https:\/\/mixedbymarcmozart.com\/it\/product\/your-mix-sucks-ebook-spanish\/","title":{"rendered":"YOUR MIX SUCKS eBook (Spanish)"},"content":{"rendered":"<p>\u00a1EL M\u00c9TODO DE MEZCLAS COMPLETO DESDE LA PREPARACI\u00d3N EN EL DAW HASTA LA ENTREGA!\u2028\u2028- Informaci\u00f3n del producto<\/p>\n<p>&#8211; Formato PDF: Optimizado para su lectura en pantalla de ordenador as\u00ed como en tablets y smartphones<br \/>\n&#8211; Actualizaciones regulares: todos los compradores tienen derecho a obtener todas las actualizaciones de por vida, las cuales siempre ser\u00e1n GRATIS<br \/>\n&#8211; Dise\u00f1ado para usuarios de todos los DAWs: Logic Pro, Pro Tools, Cubase, Ableton, Reaper, FL Studio, etc.<br \/>\n&#8211; Te ayuda a sacar lo mejor del equipo que tengas &#8211; no est\u00e1 patrocinado por ning\u00fan fabricante<br \/>\n&#8211; \u00dasalo como libro de referencia cuando est\u00e9s mezclando: te gu\u00eda cronol\u00f3gicamente a lo largo del proceso de mezcla en su totalidad<br \/>\n&#8211; Explica t\u00e9cnicas de mezcla complicadas mediante pasos f\u00e1ciles de seguir<br \/>\n&#8211; Fecha de lanzamiento: febrero del 2016 &#8211; precio oficial de venta al p\u00fablico: $49<br \/>\n&#8211; C\u00d3MPRALO POR ADELANTADO POR SOLO $25<br \/>\nEsta OFERTA est\u00e1 disponible solo durante un tiempo limitado, despu\u00e9s el precio oficial ser\u00e1 de $49<\/p>\n<p>&#8211; Cap\u00edtulo 1 &#8211; Monitoreo, volumen, y tus o\u00eddos<\/p>\n<p>&#8211; \u00a1R\u00f3bale la radio de la cocina a tu madre!<br \/>\n&#8211; Mezcla como si estuvieras paseando<br \/>\n&#8211; Desde la ventana peque\u00f1a hasta la lupa<br \/>\n&#8211; Niveles de escucha<br \/>\n&#8211; Alternar entre altavoces<br \/>\n&#8211; Configuraci\u00f3n b\u00e1sica de monitoreo<\/p>\n<p>Cap\u00edtulo 2 &#8211; La creaci\u00f3n de una habitaci\u00f3n para mezclar suficientemente buena<\/p>\n<p>&#8211; Organizaci\u00f3n de la habitaci\u00f3n + disposici\u00f3n de los altavoces<br \/>\n&#8211; Ac\u00fastica de la habitaci\u00f3n &#8211; Ghetto Style<br \/>\n&#8211; Mejoras r\u00e1pidas y efectivas<br \/>\n&#8211; Prueba tu habitaci\u00f3n en 10 minutos<\/p>\n<p>&#8211; Cap\u00edtulo 3 &#8211; La preparaci\u00f3n de tu sesi\u00f3n de mezcla<\/p>\n<p>&#8211; \u00bfQu\u00e9 es la preparaci\u00f3n de la mezcla?<br \/>\n&#8211; Construcci\u00f3n de la plantilla para tu DAW<br \/>\n&#8211; El concepto de &#8220;recurso&#8221; y el control completo<br \/>\n&#8211; Los grupos en consolas y en DAWs<br \/>\n&#8211; Referencias y la t\u00e9cnica A\/B<\/p>\n<p>&#8211; Cap\u00edtulo 4 &#8211; La magia de la primera escucha<\/p>\n<p>&#8211; La escucha de tu respuesta emocional<br \/>\n&#8211; Mezclar para otra persona<br \/>\n&#8211; Mezclar tu propia canci\u00f3n<\/p>\n<p>&#8211; Cap\u00edtulo 5 &#8211; \u00a1Estamos mezclando! Los fundamentos, los bajos, y las etapas de ganancia (gain staging)<\/p>\n<p>&#8211; An\u00e1lisis de las frecuencias bajas<br \/>\n&#8211; Moldear bombos y mezclar bajos<br \/>\n&#8211; Reemplazar sonidos de bater\u00eda<br \/>\n&#8211; Etapas de ganancia (gain staging)<\/p>\n<p>&#8211; Cap\u00edtulo 6 &#8211; La importancia de las voces<\/p>\n<p>&#8211; Una r\u00e1pida incursi\u00f3n en la grabaci\u00f3n de voces<br \/>\n&#8211; La construcci\u00f3n de tu cadena vocal<br \/>\n&#8211; Afinaci\u00f3n, eses, y respiraci\u00f3n<br \/>\n&#8211; Sincronizando voces dobladas y coros<\/p>\n<p>&#8211; Cap\u00edtulo 7 &#8211; Continuidad<\/p>\n<p>&#8211; Antes de crear din\u00e1mica debes crear control<br \/>\n&#8211; Los niveles desde la fuente<br \/>\n&#8211; Limitar con precauci\u00f3n<br \/>\n&#8211; Anulando tus faders<\/p>\n<p>&#8211; Cap\u00edtulo 8 &#8211; Procesamiento paralelo<\/p>\n<p>&#8211; La mezcla de sonidos limpios y sonidos comprimidos<br \/>\n&#8211; Compresi\u00f3n paralela en voces y bater\u00edas<\/p>\n<p>&#8211; Cap\u00edtulo 9 &#8211; Color, dimensi\u00f3n, y la din\u00e1mica de tu mezcla<\/p>\n<p>&#8211; Una visi\u00f3n diferente sobre los compresores<br \/>\n&#8211; EQs, filtros, reverb, y delay<br \/>\n&#8211; La magia del bus est\u00e9reo<br \/>\n&#8211; La creaci\u00f3n de la din\u00e1mica de tu mezcla<\/p>\n<p>&#8211; Cap\u00edtulo 10 &#8211; Stems, masterizaci\u00f3n, y entrega<\/p>\n<p>&#8211; Las opiniones del cliente sobre tu mezcla: \u00a1Prep\u00e1rate para cualquier cosa!<br \/>\n&#8211; C\u00f3mo sobrevivir a las fechas de entrega<br \/>\n&#8211; Stems, masterizaci\u00f3n, y entrega<br \/>\n&#8211; El cliente: &#8220;Solamente una cosa m\u00e1s&#8230;&#8221;<\/p>\n","protected":false},"excerpt":{"rendered":"<h2 class=\"fancy-title entry-title start-animation-done start-animation\">YOUR MIX SUCKS\u00a0eBook (Spanish)<\/h2>\n<p class=\"fancy-title entry-title start-animation-done start-animation\">Desde su lanzamiento en febrero del 2015 (versi\u00f3n en ingl\u00e9s), el eBook YOUR MIX SUCKS se ha convertido en un bestseller internacional que ahora ayuda miles de personas de todo el mundo a mejorar sus mezclas mediante 10 cap\u00edtulos f\u00e1ciles de entender.<\/p>\n<p>Metodolog\u00eda mixta en 10 cap\u00edtulos:\u00a0Mix Room, Monitoreo, Preparaci\u00f3n de DAW, Graves, Patadas, Gain Staging, Voces, Automatizaci\u00f3n, Compresi\u00f3n, Arm\u00f3nicos, EQ, Entrega.<\/p>\n","protected":false},"featured_media":165388,"template":"","meta":[],"product_cat":[535,241],"product_tag":[644],"woo-feed-brand":[],"class_list":{"0":"post-110964","1":"product","2":"type-product","3":"status-publish","4":"has-post-thumbnail","6":"product_cat-mbmm","7":"product_cat-ebook","8":"product_tag-infeed","9":"description-off","11":"first","12":"instock","13":"sale","14":"featured","15":"downloadable","16":"virtual","17":"taxable","18":"purchasable","19":"product-type-simple"},"bundled_by":[],"bundle_stock_status":"instock","bundle_stock_quantity":null,"bundle_virtual":false,"bundle_layout":"","bundle_add_to_cart_form_location":"","bundle_editable_in_cart":false,"bundle_sold_individually_context":"","bundle_item_grouping":"","bundle_min_size":"","bundle_max_size":"","bundled_items":[],"yoast_head":"<!-- This site is optimized with the Yoast SEO plugin v27.4 - https:\/\/yoast.com\/product\/yoast-seo-wordpress\/ -->\n<title>The best-selling Mixing Book - YOUR MIX SUCKS<\/title>\n<meta name=\"description\" content=\"Mix Methodology in 10 chapters - Mix Room, Monitoring, DAW Preparation, Bass, Kicks, Gain Staging, Vocals, Automation, Compression, Harmonics, EQ, Delivery.\" \/>\n<meta name=\"robots\" content=\"index, follow, max-snippet:-1, max-image-preview:large, max-video-preview:-1\" \/>\n<link rel=\"canonical\" href=\"https:\/\/mixedbymarcmozart.com\/product\/your-mix-sucks-ebook-spanish\/\" \/>\n<script type=\"application\/ld+json\" class=\"yoast-schema-graph\">{\"@context\":\"https:\\\/\\\/schema.org\",\"@graph\":[{\"@type\":\"WebPage\",\"@id\":\"https:\\\/\\\/mixedbymarcmozart.com\\\/product\\\/your-mix-sucks-ebook-spanish\\\/\",\"url\":\"https:\\\/\\\/mixedbymarcmozart.com\\\/product\\\/your-mix-sucks-ebook-spanish\\\/\",\"name\":\"The best-selling Mixing Book - YOUR MIX SUCKS\",\"isPartOf\":{\"@id\":\"https:\\\/\\\/mixedbymarcmozart.com\\\/#website\"},\"primaryImageOfPage\":{\"@id\":\"https:\\\/\\\/mixedbymarcmozart.com\\\/product\\\/your-mix-sucks-ebook-spanish\\\/#primaryimage\"},\"image\":{\"@id\":\"https:\\\/\\\/mixedbymarcmozart.com\\\/product\\\/your-mix-sucks-ebook-spanish\\\/#primaryimage\"},\"thumbnailUrl\":\"https:\\\/\\\/mixedbymarcmozart.cdnport.com\\\/2022\\\/04\\\/bkNsJDCM-Book-Hardcover_ES.jpg\",\"datePublished\":\"2015-11-07T09:57:49+00:00\",\"dateModified\":\"2022-02-08T13:14:24+00:00\",\"description\":\"Mix Methodology in 10 chapters - Mix Room, Monitoring, DAW Preparation, Bass, Kicks, Gain Staging, Vocals, Automation, Compression, Harmonics, EQ, Delivery.\",\"breadcrumb\":{\"@id\":\"https:\\\/\\\/mixedbymarcmozart.com\\\/product\\\/your-mix-sucks-ebook-spanish\\\/#breadcrumb\"},\"inLanguage\":\"it-IT\",\"potentialAction\":[{\"@type\":\"ReadAction\",\"target\":[\"https:\\\/\\\/mixedbymarcmozart.com\\\/product\\\/your-mix-sucks-ebook-spanish\\\/\"]}]},{\"@type\":\"ImageObject\",\"inLanguage\":\"it-IT\",\"@id\":\"https:\\\/\\\/mixedbymarcmozart.com\\\/product\\\/your-mix-sucks-ebook-spanish\\\/#primaryimage\",\"url\":\"https:\\\/\\\/mixedbymarcmozart.cdnport.com\\\/2022\\\/04\\\/bkNsJDCM-Book-Hardcover_ES.jpg\",\"contentUrl\":\"https:\\\/\\\/mixedbymarcmozart.cdnport.com\\\/2022\\\/04\\\/bkNsJDCM-Book-Hardcover_ES.jpg\",\"width\":800,\"height\":450},{\"@type\":\"BreadcrumbList\",\"@id\":\"https:\\\/\\\/mixedbymarcmozart.com\\\/product\\\/your-mix-sucks-ebook-spanish\\\/#breadcrumb\",\"itemListElement\":[{\"@type\":\"ListItem\",\"position\":1,\"name\":\"Home\",\"item\":\"https:\\\/\\\/mixedbymarcmozart.com\\\/it\\\/\"},{\"@type\":\"ListItem\",\"position\":2,\"name\":\"shop-archive\",\"item\":\"https:\\\/\\\/mixedbymarcmozart.com\\\/shop-archive\\\/\"},{\"@type\":\"ListItem\",\"position\":3,\"name\":\"YOUR MIX SUCKS eBook (Spanish)\"}]},{\"@type\":\"WebSite\",\"@id\":\"https:\\\/\\\/mixedbymarcmozart.com\\\/#website\",\"url\":\"https:\\\/\\\/mixedbymarcmozart.com\\\/\",\"name\":\"Mixed by Marc Mozart\",\"description\":\"YOUR MIX SUCKS \u2022 MIX TEMPLE \u2022 MASTER FEEDBACK\",\"potentialAction\":[{\"@type\":\"SearchAction\",\"target\":{\"@type\":\"EntryPoint\",\"urlTemplate\":\"https:\\\/\\\/mixedbymarcmozart.com\\\/?s={search_term_string}\"},\"query-input\":{\"@type\":\"PropertyValueSpecification\",\"valueRequired\":true,\"valueName\":\"search_term_string\"}}],\"inLanguage\":\"it-IT\"}]}<\/script>\n<!-- \/ Yoast SEO plugin. -->","yoast_head_json":{"title":"The best-selling Mixing Book - YOUR MIX SUCKS","description":"Mix Methodology in 10 chapters - Mix Room, Monitoring, DAW Preparation, Bass, Kicks, Gain Staging, Vocals, Automation, Compression, Harmonics, EQ, Delivery.","robots":{"index":"index","follow":"follow","max-snippet":"max-snippet:-1","max-image-preview":"max-image-preview:large","max-video-preview":"max-video-preview:-1"},"canonical":"https:\/\/mixedbymarcmozart.com\/product\/your-mix-sucks-ebook-spanish\/","schema":{"@context":"https:\/\/schema.org","@graph":[{"@type":"WebPage","@id":"https:\/\/mixedbymarcmozart.com\/product\/your-mix-sucks-ebook-spanish\/","url":"https:\/\/mixedbymarcmozart.com\/product\/your-mix-sucks-ebook-spanish\/","name":"The best-selling Mixing Book - YOUR MIX SUCKS","isPartOf":{"@id":"https:\/\/mixedbymarcmozart.com\/#website"},"primaryImageOfPage":{"@id":"https:\/\/mixedbymarcmozart.com\/product\/your-mix-sucks-ebook-spanish\/#primaryimage"},"image":{"@id":"https:\/\/mixedbymarcmozart.com\/product\/your-mix-sucks-ebook-spanish\/#primaryimage"},"thumbnailUrl":"https:\/\/mixedbymarcmozart.cdnport.com\/2022\/04\/bkNsJDCM-Book-Hardcover_ES.jpg","datePublished":"2015-11-07T09:57:49+00:00","dateModified":"2022-02-08T13:14:24+00:00","description":"Mix Methodology in 10 chapters - Mix Room, Monitoring, DAW Preparation, Bass, Kicks, Gain Staging, Vocals, Automation, Compression, Harmonics, EQ, Delivery.","breadcrumb":{"@id":"https:\/\/mixedbymarcmozart.com\/product\/your-mix-sucks-ebook-spanish\/#breadcrumb"},"inLanguage":"it-IT","potentialAction":[{"@type":"ReadAction","target":["https:\/\/mixedbymarcmozart.com\/product\/your-mix-sucks-ebook-spanish\/"]}]},{"@type":"ImageObject","inLanguage":"it-IT","@id":"https:\/\/mixedbymarcmozart.com\/product\/your-mix-sucks-ebook-spanish\/#primaryimage","url":"https:\/\/mixedbymarcmozart.cdnport.com\/2022\/04\/bkNsJDCM-Book-Hardcover_ES.jpg","contentUrl":"https:\/\/mixedbymarcmozart.cdnport.com\/2022\/04\/bkNsJDCM-Book-Hardcover_ES.jpg","width":800,"height":450},{"@type":"BreadcrumbList","@id":"https:\/\/mixedbymarcmozart.com\/product\/your-mix-sucks-ebook-spanish\/#breadcrumb","itemListElement":[{"@type":"ListItem","position":1,"name":"Home","item":"https:\/\/mixedbymarcmozart.com\/it\/"},{"@type":"ListItem","position":2,"name":"shop-archive","item":"https:\/\/mixedbymarcmozart.com\/shop-archive\/"},{"@type":"ListItem","position":3,"name":"YOUR MIX SUCKS eBook (Spanish)"}]},{"@type":"WebSite","@id":"https:\/\/mixedbymarcmozart.com\/#website","url":"https:\/\/mixedbymarcmozart.com\/","name":"Mixed by Marc Mozart","description":"YOUR MIX SUCKS \u2022 MIX TEMPLE \u2022 MASTER FEEDBACK","potentialAction":[{"@type":"SearchAction","target":{"@type":"EntryPoint","urlTemplate":"https:\/\/mixedbymarcmozart.com\/?s={search_term_string}"},"query-input":{"@type":"PropertyValueSpecification","valueRequired":true,"valueName":"search_term_string"}}],"inLanguage":"it-IT"}]}},"_links":{"self":[{"href":"https:\/\/mixedbymarcmozart.com\/it\/wp-json\/wp\/v2\/product\/110964","targetHints":{"allow":["GET"]}}],"collection":[{"href":"https:\/\/mixedbymarcmozart.com\/it\/wp-json\/wp\/v2\/product"}],"about":[{"href":"https:\/\/mixedbymarcmozart.com\/it\/wp-json\/wp\/v2\/types\/product"}],"wp:featuredmedia":[{"embeddable":true,"href":"https:\/\/mixedbymarcmozart.com\/it\/wp-json\/wp\/v2\/media\/165388"}],"wp:attachment":[{"href":"https:\/\/mixedbymarcmozart.com\/it\/wp-json\/wp\/v2\/media?parent=110964"}],"wp:term":[{"taxonomy":"product_cat","embeddable":true,"href":"https:\/\/mixedbymarcmozart.com\/it\/wp-json\/wp\/v2\/product_cat?post=110964"},{"taxonomy":"product_tag","embeddable":true,"href":"https:\/\/mixedbymarcmozart.com\/it\/wp-json\/wp\/v2\/product_tag?post=110964"},{"taxonomy":"woo-feed-brand","embeddable":true,"href":"https:\/\/mixedbymarcmozart.com\/it\/wp-json\/wp\/v2\/woo-feed-brand?post=110964"}],"curies":[{"name":"wp","href":"https:\/\/api.w.org\/{rel}","templated":true}]}}