{"id":35915,"date":"2018-07-03T10:43:46","date_gmt":"2018-07-03T08:43:46","guid":{"rendered":"https:\/\/mixedbymarcmozart.com\/master-feedback-service-de-consultations-sur-ton-mix-et-sur-stem-mastering\/"},"modified":"2019-08-29T10:23:13","modified_gmt":"2019-08-29T08:23:13","slug":"master-feedback-service-de-consultations-sur-ton-mix-et-sur-stem-mastering","status":"publish","type":"page","link":"https:\/\/mixedbymarcmozart.com\/fr\/master-feedback-service-de-consultations-sur-ton-mix-et-sur-stem-mastering\/","title":{"rendered":"MASTER FEEDBACK &#8211; Service de consultation sur votre mix et sur \u00ab stem mastering \u00bb"},"content":{"rendered":"<div class=\"wpb-content-wrapper\"><p>[vc_row margin_top=\u00a0\u00bb-30&Prime; min_height=\u00a0\u00bb-30&Prime;][vc_column][vc_column_text]<\/p>\n<h3>Vous \u00eates un producteur qui mixe ses propres morceaux ?<\/h3>\n<p><strong>MASTER FEEDBACK:<\/strong> c&rsquo;est l\u00e0 pour vous donner des id\u00e9es et des solutions pour l&rsquo;\u00e9tape la plus critique de votre mix ![\/vc_column_text][\/vc_column][\/vc_row][vc_row margin_top=\u00a0\u00bb-30&Prime; margin_bottom=\u00a0\u00bb-30&Prime;][vc_column][vc_single_image image=\u00a0\u00bb14603&Prime; img_size=\u00a0\u00bbmedium\u00a0\u00bb style=\u00a0\u00bbvc_box_rounded\u00a0\u00bb][\/vc_column][\/vc_row][vc_row margin_top=\u00a0\u00bb-30&Prime; min_height=\u00a0\u00bb-30&Prime;][vc_column][vc_column_text]Juste au moment o\u00f9 vous avez entendu votre morceau plusieurs centaines des fois, je participe activement et personnellement au processus de mixage en donnant des commentaires objectifs pour la derni\u00e8re \u00e9tape de votre mix.[\/vc_column_text][\/vc_column][\/vc_row][vc_row margin_top=\u00a0\u00bb-30&Prime; min_height=\u00a0\u00bb-30&Prime;][vc_column][vc_column_text]<\/p>\n<h3>Mastering r\u00e9invent\u00e9<\/h3>\n<p><strong>MASTER FEEDBACK :<\/strong><br \/>\nC&rsquo;est le service de consultation individuelle sur votre mix. De plus, c&rsquo;est\u00a0un service sur \u00ab stem mastering \u00bb.<\/p>\n<p>Enl\u00e8ve le dernier limiteur brickwall sur votre mix compl\u00e8tement et optimise pour la dynamique et l&rsquo;expression.\u00a0Cela me donnera beaucoup plus d&rsquo;espace pour travailler tr\u00e8s libre dans le processus de \u00ab stem mastering \u00bb pendant lequel le mix sera optimis\u00e9 pour une traduction parfaite sur tous les syst\u00e8mes d&rsquo;\u00e9coute populaires: smartphones, \u00e9couteurs et haut-parleurs pour ordinateur portable, Boomboxes, autoradios et syst\u00e8mes audiophiles \u00ab haut de gamme \u00bb.<br \/>\nQuoi que vous desirez: Plus de la\u00a0dynamique ou un morceau plus fort ou quelque part entre les deux &#8211; votre morceau sera toujours en mesure de rivaliser avec toutes les sources d&rsquo;\u00e9coute des consommateurs ![\/vc_column_text][\/vc_column][\/vc_row][vc_row margin_top=\u00a0\u00bb-30&Prime; margin_bottom=\u00a0\u00bb-30&Prime; css=\u00a0\u00bb.vc_custom_1474035654354{margin-bottom: -50px !important;}\u00a0\u00bb][vc_column][vc_column_text]<\/p>\n<h3>Comment \u00e7a marche ?<\/h3>\n<p><strong>Tout commence avec votre mix<\/strong><\/p>\n<p>Votre mix: C&rsquo;est presque fini. Il s&rsquo;entend bien, mais vous vous faites du souci.<br \/>\nPeut-\u00eatre qu&rsquo;il manque les 2% \u00e0 5% ? Ou 10%? Ne personne peut le dire \ud83d\ude41 !<br \/>\nSonne familier ? Mais quoi faire maintenant ?<\/p>\n<p>Regardons nous les choses en face: beaucoup de bons mixes se sont foutus juste avant la ligne d&rsquo;arriv\u00e9e. Parce qu&rsquo;en voulant obtenir la derni\u00e8re goutte d&rsquo;intensit\u00e9, de basse et d&rsquo;impact, le mix est finalement d\u00e9truit en quelques minutes. Et personne ne reconna\u00eet jusqu&rsquo;\u00e0 ce qu&rsquo;il soit trop tard.<\/p>\n<p>C&rsquo;est pourquoi il faut que tu arr\u00eates ici ! D\u00e9tendez-vous, boit un caf\u00e9 et t\u00e9l\u00e9chargez votre mix.[\/vc_column_text][\/vc_column][\/vc_row][vc_row margin_top=\u00a0\u00bb-30&Prime; margin_bottom=\u00a0\u00bb-30&Prime; css=\u00a0\u00bb.vc_custom_1474035670744{margin-bottom: -50px !important;}\u00a0\u00bb][vc_column][vc_single_image image=\u00a0\u00bb14602&Prime; img_size=\u00a0\u00bbmedium\u00a0\u00bb style=\u00a0\u00bbvc_box_rounded\u00a0\u00bb][\/vc_column][\/vc_row][vc_row margin_top=\u00a0\u00bb-30&Prime; margin_bottom=\u00a0\u00bb-30&Prime; css=\u00a0\u00bb.vc_custom_1474035763792{margin-bottom: -50px !important;}\u00a0\u00bb][vc_column][vc_column_text]<\/p>\n<h3>\u00c9tape 1 &#8211; Conseil professionnel \/ Feedback<\/h3>\n<p>J&rsquo;entends votre mix et je vous envoie des commentaires \u00e9crits et structur\u00e9s, y compris des id\u00e9es d&rsquo;am\u00e9lioration. Tous les domaines importants de votre mix seront discut\u00e9s.[\/vc_column_text][\/vc_column][\/vc_row][vc_row margin_top=\u00a0\u00bb-30&Prime; margin_bottom=\u00a0\u00bb-30&Prime; css=\u00a0\u00bb.vc_custom_1474035774685{margin-bottom: -50px !important;}\u00a0\u00bb][vc_column][vc_single_image image=\u00a0\u00bb14607&Prime; img_size=\u00a0\u00bbmedium\u00a0\u00bb style=\u00a0\u00bbvc_box_rounded\u00a0\u00bb][\/vc_column][\/vc_row][vc_row margin_top=\u00a0\u00bb-30&Prime; margin_bottom=\u00a0\u00bb-30&Prime;][vc_column][vc_column_text]<\/p>\n<h3>\u00c9tape 2 &#8211; Am\u00e9lioration du mix<\/h3>\n<p>Avec mes commentaires \u00e0 port\u00e9e de main, vous avez une source de r\u00e9f\u00e9rence. Prenez votre temps et r\u00e9alisez les id\u00e9es que vous aimez \u00e0 la version finale de votre mix. Apr\u00e8s avoir fini, le mix est pr\u00eat pour le mastering.<\/p>\n<p>Nous appelons le r\u00e9sultat (la version finale de votre mix)\u00a0\u00ab <a href=\"https:\/\/en.wikipedia.org\/wiki\/Stem_mixing_and_mastering\">post production stems<\/a> \u00bb. Envoyez les\u00a0fichiers haute r\u00e9solution \u00e0 nous et nous les utilisons pour le processus de mastering. Si vous n&rsquo;\u00eates pas familier avec le processus de cr\u00e9ation de \u00ab\u00a0post production stems \u00bb, ne vous inqui\u00e9tez pas, comme nous vous allons envoyer une instruction comment les\u00a0pr\u00e9parer.<\/p>\n<p>Et bien s\u00fbr: Si vous avez des questions: Je suis toujours heureux de parler sur les d\u00e9tails avec vous utilisant Skype ou Facetime.[\/vc_column_text][\/vc_column][\/vc_row][vc_row margin_top=\u00a0\u00bb-30&Prime; margin_bottom=\u00a0\u00bb-30&Prime; css=\u00a0\u00bb.vc_custom_1474035774685{margin-bottom: -50px !important;}\u00a0\u00bb][vc_column][vc_single_image image=\u00a0\u00bb14608&Prime; img_size=\u00a0\u00bbmedium\u00a0\u00bb style=\u00a0\u00bbvc_box_rounded\u00a0\u00bb][\/vc_column][\/vc_row][vc_row margin_top=\u00a0\u00bb-30&Prime; margin_bottom=\u00a0\u00bb-30&Prime;][vc_column][vc_column_text]<\/p>\n<h3>\u00c9tape 3 &#8211; Stem Mastering<\/h3>\n<p>Je m&rsquo;occuperai personnellement de la \u00ab stem mastering \u00bb de votre mix et, une fois approuv\u00e9, je vous envoyez un lien de t\u00e9l\u00e9chargement pour vos fichiers haute r\u00e9solution, pr\u00eats \u00e0 \u00eatre publi\u00e9s![\/vc_column_text][vc_column_text]Et le meilleur pour la fin: Ce service est <strong>extr\u00eamement abordable.<\/strong>[\/vc_column_text][\/vc_column][\/vc_row][vc_row][vc_column][vc_message message_box_color=\u00a0\u00bbdanger\u00a0\u00bb]<\/p>\n<h5>Et le meilleur pour la fin: Ce service est <strong>extr\u00eamement abordable.<\/strong><\/h5>\n<h5>Master Feedback c&rsquo;est seulement 129 EUR par morceau.\u00a0Pour toutes autre questions<b class=\"b5\">, <a href=\"https:\/\/mixedbymarcmozart.com\/contact\/?lang=fr\">contacte-moi \ud83d\ude42<\/a>.\u00a0<\/b><\/h5>\n<p><p class=\"product woocommerce add_to_cart_inline \" style=\"border:4px solid #ccc; padding: 12px;\"><span class=\"woocommerce-Price-amount amount\"><bdi><span class=\"woocommerce-Price-currencySymbol\">\u20ac<\/span>&nbsp;83,19<\/bdi><\/span> &ndash; <span class=\"woocommerce-Price-amount amount\"><bdi><span class=\"woocommerce-Price-currencySymbol\">\u20ac<\/span>&nbsp;252,10<\/bdi><\/span><a href=\"https:\/\/mixedbymarcmozart.com\/fr\/product\/masterfeedback\/\" data-quantity=\"1\" class=\"button product_type_variable add_to_cart_button\" data-product_id=\"14683\" data-product_sku=\"masterfeedback\" aria-label=\"S\u00e9lectionner les options pour &ldquo;Master Feedback&rdquo;\" aria-describedby=\"Ce produit a plusieurs variations. Les options peuvent \u00eatre choisies sur la page du produit\" rel=\"nofollow\">Choix des options<\/a><\/p>[\/vc_message][\/vc_column][\/vc_row]<\/p>\n<\/div>","protected":false},"excerpt":{"rendered":"<p>[vc_row margin_top=\u00a0\u00bb-30&Prime; min_height=\u00a0\u00bb-30&Prime;][vc_column][vc_column_text] Vous \u00eates un producteur qui mixe ses propres morceaux ? MASTER FEEDBACK: c&rsquo;est l\u00e0 pour vous donner des id\u00e9es et des solutions pour l&rsquo;\u00e9tape la plus critique de votre mix ![\/vc_column_text][\/vc_column][\/vc_row][vc_row margin_top=\u00a0\u00bb-30&Prime; margin_bottom=\u00a0\u00bb-30&Prime;][vc_column][vc_single_image image=\u00a0\u00bb14603&Prime; img_size=\u00a0\u00bbmedium\u00a0\u00bb style=\u00a0\u00bbvc_box_rounded\u00a0\u00bb][\/vc_column][\/vc_row][vc_row margin_top=\u00a0\u00bb-30&Prime; min_height=\u00a0\u00bb-30&Prime;][vc_column][vc_column_text]Juste au moment o\u00f9 vous avez entendu votre morceau plusieurs centaines des fois, je participe&hellip;<\/p>\n","protected":false},"author":1,"featured_media":0,"parent":0,"menu_order":0,"comment_status":"closed","ping_status":"closed","template":"","meta":{"footnotes":""},"class_list":["post-35915","page","type-page","status-publish","hentry","description-off"],"yoast_head":"<!-- This site is optimized with the Yoast SEO plugin v27.3 - https:\/\/yoast.com\/product\/yoast-seo-wordpress\/ -->\n<title>MASTER FEEDBACK - Ton service pour recevoir des conseils professionnels \/ \u00ab feedback \u00bb sur ton mix. De plus, nous offrons un service du \u00ab stem mastering \u00bb.<\/title>\n<meta name=\"description\" content=\"MASTER FEEDBACK - Ton service pour recevoir des conseils professionnels \/ \u00ab feedback \u00bb sur ton mix. 1.) Conseils professionnels 2.) Am\u00e9lioration du mix 3.) Mastering\" \/>\n<meta name=\"robots\" content=\"index, follow, max-snippet:-1, max-image-preview:large, max-video-preview:-1\" \/>\n<link rel=\"canonical\" href=\"https:\/\/mixedbymarcmozart.com\/fr\/master-feedback-service-de-consultations-sur-ton-mix-et-sur-stem-mastering\/\" \/>\n<script type=\"application\/ld+json\" class=\"yoast-schema-graph\">{\"@context\":\"https:\\\/\\\/schema.org\",\"@graph\":[{\"@type\":\"WebPage\",\"@id\":\"https:\\\/\\\/mixedbymarcmozart.com\\\/fr\\\/master-feedback-service-de-consultations-sur-ton-mix-et-sur-stem-mastering\\\/\",\"url\":\"https:\\\/\\\/mixedbymarcmozart.com\\\/fr\\\/master-feedback-service-de-consultations-sur-ton-mix-et-sur-stem-mastering\\\/\",\"name\":\"MASTER FEEDBACK - Ton service pour recevoir des conseils professionnels \\\/ \u00ab feedback \u00bb sur ton mix. De plus, nous offrons un service du \u00ab stem mastering \u00bb.\",\"isPartOf\":{\"@id\":\"https:\\\/\\\/mixedbymarcmozart.com\\\/#website\"},\"datePublished\":\"2018-07-03T08:43:46+00:00\",\"dateModified\":\"2019-08-29T08:23:13+00:00\",\"description\":\"MASTER FEEDBACK - Ton service pour recevoir des conseils professionnels \\\/ \u00ab feedback \u00bb sur ton mix. 1.) Conseils professionnels 2.) Am\u00e9lioration du mix 3.) Mastering\",\"breadcrumb\":{\"@id\":\"https:\\\/\\\/mixedbymarcmozart.com\\\/fr\\\/master-feedback-service-de-consultations-sur-ton-mix-et-sur-stem-mastering\\\/#breadcrumb\"},\"inLanguage\":\"fr-FR\",\"potentialAction\":[{\"@type\":\"ReadAction\",\"target\":[\"https:\\\/\\\/mixedbymarcmozart.com\\\/fr\\\/master-feedback-service-de-consultations-sur-ton-mix-et-sur-stem-mastering\\\/\"]}]},{\"@type\":\"BreadcrumbList\",\"@id\":\"https:\\\/\\\/mixedbymarcmozart.com\\\/fr\\\/master-feedback-service-de-consultations-sur-ton-mix-et-sur-stem-mastering\\\/#breadcrumb\",\"itemListElement\":[{\"@type\":\"ListItem\",\"position\":1,\"name\":\"Home\",\"item\":\"https:\\\/\\\/mixedbymarcmozart.com\\\/fr\\\/\"},{\"@type\":\"ListItem\",\"position\":2,\"name\":\"MASTER FEEDBACK &#8211; Service de consultation sur votre mix et sur \u00ab stem mastering \u00bb\"}]},{\"@type\":\"WebSite\",\"@id\":\"https:\\\/\\\/mixedbymarcmozart.com\\\/#website\",\"url\":\"https:\\\/\\\/mixedbymarcmozart.com\\\/\",\"name\":\"Mixed by Marc Mozart\",\"description\":\"YOUR MIX SUCKS \u2022 MIX TEMPLE \u2022 MASTER FEEDBACK\",\"potentialAction\":[{\"@type\":\"SearchAction\",\"target\":{\"@type\":\"EntryPoint\",\"urlTemplate\":\"https:\\\/\\\/mixedbymarcmozart.com\\\/?s={search_term_string}\"},\"query-input\":{\"@type\":\"PropertyValueSpecification\",\"valueRequired\":true,\"valueName\":\"search_term_string\"}}],\"inLanguage\":\"fr-FR\"}]}<\/script>\n<!-- \/ Yoast SEO plugin. -->","yoast_head_json":{"title":"MASTER FEEDBACK - Ton service pour recevoir des conseils professionnels \/ \u00ab feedback \u00bb sur ton mix. De plus, nous offrons un service du \u00ab stem mastering \u00bb.","description":"MASTER FEEDBACK - Ton service pour recevoir des conseils professionnels \/ \u00ab feedback \u00bb sur ton mix. 1.) Conseils professionnels 2.) Am\u00e9lioration du mix 3.) Mastering","robots":{"index":"index","follow":"follow","max-snippet":"max-snippet:-1","max-image-preview":"max-image-preview:large","max-video-preview":"max-video-preview:-1"},"canonical":"https:\/\/mixedbymarcmozart.com\/fr\/master-feedback-service-de-consultations-sur-ton-mix-et-sur-stem-mastering\/","schema":{"@context":"https:\/\/schema.org","@graph":[{"@type":"WebPage","@id":"https:\/\/mixedbymarcmozart.com\/fr\/master-feedback-service-de-consultations-sur-ton-mix-et-sur-stem-mastering\/","url":"https:\/\/mixedbymarcmozart.com\/fr\/master-feedback-service-de-consultations-sur-ton-mix-et-sur-stem-mastering\/","name":"MASTER FEEDBACK - Ton service pour recevoir des conseils professionnels \/ \u00ab feedback \u00bb sur ton mix. De plus, nous offrons un service du \u00ab stem mastering \u00bb.","isPartOf":{"@id":"https:\/\/mixedbymarcmozart.com\/#website"},"datePublished":"2018-07-03T08:43:46+00:00","dateModified":"2019-08-29T08:23:13+00:00","description":"MASTER FEEDBACK - Ton service pour recevoir des conseils professionnels \/ \u00ab feedback \u00bb sur ton mix. 1.) Conseils professionnels 2.) Am\u00e9lioration du mix 3.) Mastering","breadcrumb":{"@id":"https:\/\/mixedbymarcmozart.com\/fr\/master-feedback-service-de-consultations-sur-ton-mix-et-sur-stem-mastering\/#breadcrumb"},"inLanguage":"fr-FR","potentialAction":[{"@type":"ReadAction","target":["https:\/\/mixedbymarcmozart.com\/fr\/master-feedback-service-de-consultations-sur-ton-mix-et-sur-stem-mastering\/"]}]},{"@type":"BreadcrumbList","@id":"https:\/\/mixedbymarcmozart.com\/fr\/master-feedback-service-de-consultations-sur-ton-mix-et-sur-stem-mastering\/#breadcrumb","itemListElement":[{"@type":"ListItem","position":1,"name":"Home","item":"https:\/\/mixedbymarcmozart.com\/fr\/"},{"@type":"ListItem","position":2,"name":"MASTER FEEDBACK &#8211; Service de consultation sur votre mix et sur \u00ab stem mastering \u00bb"}]},{"@type":"WebSite","@id":"https:\/\/mixedbymarcmozart.com\/#website","url":"https:\/\/mixedbymarcmozart.com\/","name":"Mixed by Marc Mozart","description":"YOUR MIX SUCKS \u2022 MIX TEMPLE \u2022 MASTER FEEDBACK","potentialAction":[{"@type":"SearchAction","target":{"@type":"EntryPoint","urlTemplate":"https:\/\/mixedbymarcmozart.com\/?s={search_term_string}"},"query-input":{"@type":"PropertyValueSpecification","valueRequired":true,"valueName":"search_term_string"}}],"inLanguage":"fr-FR"}]}},"_links":{"self":[{"href":"https:\/\/mixedbymarcmozart.com\/fr\/wp-json\/wp\/v2\/pages\/35915","targetHints":{"allow":["GET"]}}],"collection":[{"href":"https:\/\/mixedbymarcmozart.com\/fr\/wp-json\/wp\/v2\/pages"}],"about":[{"href":"https:\/\/mixedbymarcmozart.com\/fr\/wp-json\/wp\/v2\/types\/page"}],"author":[{"embeddable":true,"href":"https:\/\/mixedbymarcmozart.com\/fr\/wp-json\/wp\/v2\/users\/1"}],"replies":[{"embeddable":true,"href":"https:\/\/mixedbymarcmozart.com\/fr\/wp-json\/wp\/v2\/comments?post=35915"}],"version-history":[{"count":0,"href":"https:\/\/mixedbymarcmozart.com\/fr\/wp-json\/wp\/v2\/pages\/35915\/revisions"}],"wp:attachment":[{"href":"https:\/\/mixedbymarcmozart.com\/fr\/wp-json\/wp\/v2\/media?parent=35915"}],"curies":[{"name":"wp","href":"https:\/\/api.w.org\/{rel}","templated":true}]}}