{"id":35327,"date":"2018-06-10T14:58:47","date_gmt":"2018-06-10T12:58:47","guid":{"rendered":"https:\/\/mixedbymarcmozart.com\/marc-mozart-%e2%80%a2-ingenieur-du-son-%e2%80%a2-renomme-producteur-de-musique\/"},"modified":"2019-08-28T10:59:07","modified_gmt":"2019-08-28T08:59:07","slug":"marc-mozart-%e2%80%a2-ingenieur-du-son-%e2%80%a2-renomme-producteur-de-musique","status":"publish","type":"page","link":"https:\/\/mixedbymarcmozart.com\/fr\/marc-mozart-%e2%80%a2-ingenieur-du-son-%e2%80%a2-renomme-producteur-de-musique\/","title":{"rendered":"Marc Mozart \u2022 Ing\u00e9nieur Du Son \u2022 Renomm\u00e9 Producteur De Musique"},"content":{"rendered":"<div class=\"wpb-content-wrapper\"><p>[vc_row margin_top=\u00a0\u00bb0&Prime; margin_bottom=\u00a0\u00bb0&Prime;][vc_column][vc_column_text]<a href=\"http:\/\/www.mixedbymarcmozart.com\/product-category\/shop\/english\/\">SHOP<\/a> \u2022 <a href=\"http:\/\/www.mixedbymarcmozart.com\/buy-mixing-books-tutorials\/\">YOUR MIX SUCKS<\/a> \u2022 <a href=\"http:\/\/www.mixedbymarcmozart.com\/templates-for-mixing-in-logic-pro-x\/\">MIX TEMPLE<\/a><br \/>\n<a href=\"http:\/\/www.mixedbymarcmozart.com\/master-feedback\/\">MASTER FEEDBACK<\/a> \u2022 <a href=\"http:\/\/mixedbymarcmozart.de\">??<\/a> \u2022 <a href=\"http:\/\/mixedbymarcmozart.de\/?lang=es\">??<\/a> \u2022 <a href=\"https:\/\/itunes.apple.com\/us\/podcast\/mixed-by-marc-mozart\/id1242016663?l=en\" target=\"_blank\" rel=\"noopener noreferrer\">PODCAST<\/a><\/p>\n<h4><strong><a href=\"http:\/\/www.huffingtonpost.com\/entry\/words-music-how-marc-mozart-rode-the-crash-of-the_us_590786cde4b03b105b44baed\" target=\"_blank\" rel=\"noopener noreferrer\">Huffington Post :<br \/>\n<\/a><\/strong><a href=\"http:\/\/www.huffingtonpost.com\/entry\/words-music-how-marc-mozart-rode-the-crash-of-the_us_590786cde4b03b105b44baed\"><strong>\u00ab&#8230; Le producteur et ing\u00e9nieur du son Marc Mozart nous prouve que l\u2019on peut tirer profit d\u2019une activit\u00e9 en pleine mutation gr\u00e2ce \u00e0 une grande capacit\u00e9 d\u2019adaptation \u00bb<\/strong><\/a><\/h4>\n<p>Salut \u00e0 tous,<\/p>\n<p>Merci de venir faire un tour par ici &#8211; je m\u2019appelle Marc Mozart, ing\u00e9nieur du son, producteur de musique multi-r\u00e9compens\u00e9 et directeur du r\u00e9seau social et agence musicale digitale Mozart &amp; Friends.<span class=\"Apple-converted-space\">\u00a0<\/span><\/p>\n<p>J\u2019ai grandi dans une famille de musiciens en enregistrant et mixant des morceaux depuis ma plus tendre enfance, coupant des bobines d\u2019enregistrement avec une lame de rasoir, et en ayant ma premi\u00e8re grande r\u00e9v\u00e9lation \u00e0 Francfort avec l\u2019av\u00e8nement de la musique Techno et Eurodance allemande au d\u00e9but des ann\u00e9es 90.<span class=\"Apple-converted-space\">\u00a0<\/span><\/p>\n<p>Quelques ann\u00e9es plus tard, j\u2019ai pass\u00e9 du temps \u00e0 New-York en travaillant et en m\u2019associant avec diff\u00e9rents directeurs artistiques et producteurs du label de P. Diddy \u00ab Bad Boy \u00bb, ainsi qu\u2019avec Izzy Zivcovic qui est devenu par la suite le manager de Kanye West.<span class=\"Apple-converted-space\">\u00a0<\/span><\/p>\n<p>Durant les ann\u00e9es 2000, avec l\u2019\u00e9quipe de producteurs et d\u2019auteurs de l\u2019\u00e9quipe Mozart &amp; Friends que j\u2019avais compos\u00e9e, j\u2019ai produit, \u00e9crit et remix\u00e9 plus de 70 \u0153uvres pr\u00e9sentes dans les charts internationaux, dont certains singles et albums class\u00e9s num\u00e9ro 1 et certifi\u00e9s disques d\u2019or ou de platine.<span class=\"Apple-converted-space\">\u00a0<\/span><\/p>\n<p>En 2014, j\u2019ai \u00e9crit le livre <a href=\"http:\/\/mixedbymarcmozart.com\/buy-mixing-books-tutorials\/\">YOUR MIX SUCKS<\/a>, qui est un des livres les plus reconnus sur le th\u00e8me du mixage audio et du mastering.<span class=\"Apple-converted-space\">\u00a0<\/span><\/p>\n<p>Ce livre a \u00e9t\u00e9 le vecteur qui m\u2019a permis de devenir une personnalit\u00e9 connue sur Internet dans le secteur de la musique, du mixage et du mastering, avec plus de <a href=\"https:\/\/www.facebook.com\/mixedbymarcmozart\/\">100.000 followers sur mes diff\u00e9rents cha\u00eenes<\/a>.<span class=\"Apple-converted-space\">\u00a0<\/span><\/p>\n<p>Mon show en podcast \u00ab Studio Breakfast \u00bb est r\u00e9guli\u00e8rement en t\u00eate des charts du Apple Podcast allemand dans la cat\u00e9gorie musique.<span class=\"Apple-converted-space\">\u00a0<\/span><\/p>\n<p>Les gens qui collaborent avec moi me sollicitent pour mes aptitudes en tant qu\u2019ing\u00e9nieur du son \u00e0 travers diff\u00e9rents genres, du Hip-hop \u00e0 l\u2019EMD, en passant par la Pop, le Rock, le M\u00e9tal, ou bien les musiques de films et la musique classique.<span class=\"Apple-converted-space\">\u00a0<\/span><\/p>\n<p>Je travaille pour un studio d\u2019enregistrement hybride haut de gamme, dans la r\u00e9gion de Francfort (Allemagne), qui utilise la console de mixage renomm\u00e9e <a href=\"http:\/\/youtu.be\/ty_SPobPmMg\">SSL 4000 G-<\/a><a href=\"http:\/\/youtu.be\/ty_SPobPmMg\">series<\/a> et des enceintes <a href=\"http:\/\/www.bowers-wilkins.com\/Speakers\/Home_Audio\/800_Series_Diamond\">B&amp;W 800 series<\/a>.<span class=\"Apple-converted-space\">\u00a0<\/span><\/p>\n<p>J\u2019ai effectu\u00e9 le mixage d\u2019artistes et de projets tels que Lil Wayne, DMX, Busta Rhymes, Queensryche, Bob Marley, Sly Stone, Le Monde de Narnia et bien d\u2019autres.<span class=\"Apple-converted-space\">\u00a0<\/span><\/p>\n<p>En Allemagne, j\u2019ai vendu des millions d\u2019albums en tant qu\u2019auteur, producteur et mixeur pour des artistes Pop aux albums certifi\u00e9s d\u2019or et de platine comme <a href=\"http:\/\/en.wikipedia.org\/wiki\/Bro'Sis\">Bro\u2019Sis<\/a>, <a href=\"http:\/\/en.wikipedia.org\/wiki\/Monrose\">Monrose<\/a>, <a href=\"http:\/\/en.wikipedia.org\/wiki\/No_Angels\">No Angels<\/a>, Jimi Blue, Cinema Bizarre, etc.<\/p>\n<p>Depuis 11 ans, je suis \u00e9galement le directeur du r\u00e9seau social et de l\u2019agence musicale <a href=\"http:\/\/www.mozartandfriends.com\/\">Mozart &amp; Friends<\/a>.<span class=\"Apple-converted-space\">\u00a0<\/span><\/p>\n<p>En dehors de ma vie professionnelle, je suis supporter et membre du club de football allemand FC Schalke 04 (la 7\u00e8me plus grande association sportive au monde) et <a href=\"http:\/\/www.schalke04.de\/de\/mitglieder\/fans\/mitgliedschaft\/mannschaftsbetreuer\/page\/6777--6777--.html\">je sers le club en qualit\u00e9 de b\u00e9n\u00e9vole<\/a>.<span class=\"Apple-converted-space\">\u00a0<\/span><\/p>\n<p>Si vous avez des questions, quelque chose que je peux faire pour vous, n\u2019h\u00e9sitez pas \u00e0 me contacter. Je serai tr\u00e8s heureux de pouvoir vous aider.<span class=\"Apple-converted-space\">\u00a0<\/span><\/p>\n<p>Peace<span class=\"Apple-converted-space\">\u00a0<\/span><\/p>\n<p>Marc[\/vc_column_text][\/vc_column][\/vc_row]<\/p>\n<\/div>","protected":false},"excerpt":{"rendered":"<p>[vc_row margin_top=\u00a0\u00bb0&Prime; margin_bottom=\u00a0\u00bb0&Prime;][vc_column][vc_column_text]SHOP \u2022 YOUR MIX SUCKS \u2022 MIX TEMPLE MASTER FEEDBACK \u2022 ?? \u2022 ?? \u2022 PODCAST Huffington Post : \u00ab&#8230; Le producteur et ing\u00e9nieur du son Marc Mozart nous prouve que l\u2019on peut tirer profit d\u2019une activit\u00e9 en pleine mutation gr\u00e2ce \u00e0 une grande capacit\u00e9 d\u2019adaptation \u00bb Salut \u00e0 tous, Merci de venir&hellip;<\/p>\n","protected":false},"author":1,"featured_media":53747,"parent":0,"menu_order":0,"comment_status":"closed","ping_status":"closed","template":"","meta":{"footnotes":""},"class_list":["post-35327","page","type-page","status-publish","has-post-thumbnail","hentry","description-off"],"yoast_head":"<!-- This site is optimized with the Yoast SEO plugin v27.5 - https:\/\/yoast.com\/product\/yoast-seo-wordpress\/ -->\n<title>Marc Mozart \u2022 Ing\u00e9nieur Du Son \u2022 Renomm\u00e9 Producteur De Musique - Mixed by Marc Mozart<\/title>\n<meta name=\"description\" content=\"Ing\u00e9nieur Du Son \u2022 Producteur De Musique \u2022 Marc Mozart \u2022 SSL 4000G Mixing Console\" \/>\n<meta name=\"robots\" content=\"index, follow, max-snippet:-1, max-image-preview:large, max-video-preview:-1\" \/>\n<link rel=\"canonical\" href=\"https:\/\/mixedbymarcmozart.com\/fr\/marc-mozart-\u2022-ingenieur-du-son-\u2022-renomme-producteur-de-musique\/\" \/>\n<script type=\"application\/ld+json\" class=\"yoast-schema-graph\">{\"@context\":\"https:\\\/\\\/schema.org\",\"@graph\":[{\"@type\":\"WebPage\",\"@id\":\"https:\\\/\\\/mixedbymarcmozart.com\\\/fr\\\/marc-mozart-%e2%80%a2-ingenieur-du-son-%e2%80%a2-renomme-producteur-de-musique\\\/\",\"url\":\"https:\\\/\\\/mixedbymarcmozart.com\\\/fr\\\/marc-mozart-%e2%80%a2-ingenieur-du-son-%e2%80%a2-renomme-producteur-de-musique\\\/\",\"name\":\"Marc Mozart \u2022 Ing\u00e9nieur Du Son \u2022 Renomm\u00e9 Producteur De Musique - Mixed by Marc Mozart\",\"isPartOf\":{\"@id\":\"https:\\\/\\\/mixedbymarcmozart.com\\\/#website\"},\"primaryImageOfPage\":{\"@id\":\"https:\\\/\\\/mixedbymarcmozart.com\\\/fr\\\/marc-mozart-%e2%80%a2-ingenieur-du-son-%e2%80%a2-renomme-producteur-de-musique\\\/#primaryimage\"},\"image\":{\"@id\":\"https:\\\/\\\/mixedbymarcmozart.com\\\/fr\\\/marc-mozart-%e2%80%a2-ingenieur-du-son-%e2%80%a2-renomme-producteur-de-musique\\\/#primaryimage\"},\"thumbnailUrl\":\"https:\\\/\\\/mixedbymarcmozart.cdnport.com\\\/2022\\\/04\\\/s7sWsp09-Marc-Mozart-1.jpg\",\"datePublished\":\"2018-06-10T12:58:47+00:00\",\"dateModified\":\"2019-08-28T08:59:07+00:00\",\"description\":\"Ing\u00e9nieur Du Son \u2022 Producteur De Musique \u2022 Marc Mozart \u2022 SSL 4000G Mixing Console\",\"breadcrumb\":{\"@id\":\"https:\\\/\\\/mixedbymarcmozart.com\\\/fr\\\/marc-mozart-%e2%80%a2-ingenieur-du-son-%e2%80%a2-renomme-producteur-de-musique\\\/#breadcrumb\"},\"inLanguage\":\"fr-FR\",\"potentialAction\":[{\"@type\":\"ReadAction\",\"target\":[\"https:\\\/\\\/mixedbymarcmozart.com\\\/fr\\\/marc-mozart-%e2%80%a2-ingenieur-du-son-%e2%80%a2-renomme-producteur-de-musique\\\/\"]}]},{\"@type\":\"ImageObject\",\"inLanguage\":\"fr-FR\",\"@id\":\"https:\\\/\\\/mixedbymarcmozart.com\\\/fr\\\/marc-mozart-%e2%80%a2-ingenieur-du-son-%e2%80%a2-renomme-producteur-de-musique\\\/#primaryimage\",\"url\":\"https:\\\/\\\/mixedbymarcmozart.cdnport.com\\\/2022\\\/04\\\/s7sWsp09-Marc-Mozart-1.jpg\",\"contentUrl\":\"https:\\\/\\\/mixedbymarcmozart.cdnport.com\\\/2022\\\/04\\\/s7sWsp09-Marc-Mozart-1.jpg\",\"width\":1000,\"height\":600},{\"@type\":\"BreadcrumbList\",\"@id\":\"https:\\\/\\\/mixedbymarcmozart.com\\\/fr\\\/marc-mozart-%e2%80%a2-ingenieur-du-son-%e2%80%a2-renomme-producteur-de-musique\\\/#breadcrumb\",\"itemListElement\":[{\"@type\":\"ListItem\",\"position\":1,\"name\":\"Home\",\"item\":\"https:\\\/\\\/mixedbymarcmozart.com\\\/fr\\\/\"},{\"@type\":\"ListItem\",\"position\":2,\"name\":\"Marc Mozart \u2022 Ing\u00e9nieur Du Son \u2022 Renomm\u00e9 Producteur De Musique\"}]},{\"@type\":\"WebSite\",\"@id\":\"https:\\\/\\\/mixedbymarcmozart.com\\\/#website\",\"url\":\"https:\\\/\\\/mixedbymarcmozart.com\\\/\",\"name\":\"Mixed by Marc Mozart\",\"description\":\"YOUR MIX SUCKS \u2022 MIX TEMPLE \u2022 MASTER FEEDBACK\",\"potentialAction\":[{\"@type\":\"SearchAction\",\"target\":{\"@type\":\"EntryPoint\",\"urlTemplate\":\"https:\\\/\\\/mixedbymarcmozart.com\\\/?s={search_term_string}\"},\"query-input\":{\"@type\":\"PropertyValueSpecification\",\"valueRequired\":true,\"valueName\":\"search_term_string\"}}],\"inLanguage\":\"fr-FR\"}]}<\/script>\n<!-- \/ Yoast SEO plugin. -->","yoast_head_json":{"title":"Marc Mozart \u2022 Ing\u00e9nieur Du Son \u2022 Renomm\u00e9 Producteur De Musique - Mixed by Marc Mozart","description":"Ing\u00e9nieur Du Son \u2022 Producteur De Musique \u2022 Marc Mozart \u2022 SSL 4000G Mixing Console","robots":{"index":"index","follow":"follow","max-snippet":"max-snippet:-1","max-image-preview":"max-image-preview:large","max-video-preview":"max-video-preview:-1"},"canonical":"https:\/\/mixedbymarcmozart.com\/fr\/marc-mozart-\u2022-ingenieur-du-son-\u2022-renomme-producteur-de-musique\/","schema":{"@context":"https:\/\/schema.org","@graph":[{"@type":"WebPage","@id":"https:\/\/mixedbymarcmozart.com\/fr\/marc-mozart-%e2%80%a2-ingenieur-du-son-%e2%80%a2-renomme-producteur-de-musique\/","url":"https:\/\/mixedbymarcmozart.com\/fr\/marc-mozart-%e2%80%a2-ingenieur-du-son-%e2%80%a2-renomme-producteur-de-musique\/","name":"Marc Mozart \u2022 Ing\u00e9nieur Du Son \u2022 Renomm\u00e9 Producteur De Musique - Mixed by Marc Mozart","isPartOf":{"@id":"https:\/\/mixedbymarcmozart.com\/#website"},"primaryImageOfPage":{"@id":"https:\/\/mixedbymarcmozart.com\/fr\/marc-mozart-%e2%80%a2-ingenieur-du-son-%e2%80%a2-renomme-producteur-de-musique\/#primaryimage"},"image":{"@id":"https:\/\/mixedbymarcmozart.com\/fr\/marc-mozart-%e2%80%a2-ingenieur-du-son-%e2%80%a2-renomme-producteur-de-musique\/#primaryimage"},"thumbnailUrl":"https:\/\/mixedbymarcmozart.cdnport.com\/2022\/04\/s7sWsp09-Marc-Mozart-1.jpg","datePublished":"2018-06-10T12:58:47+00:00","dateModified":"2019-08-28T08:59:07+00:00","description":"Ing\u00e9nieur Du Son \u2022 Producteur De Musique \u2022 Marc Mozart \u2022 SSL 4000G Mixing Console","breadcrumb":{"@id":"https:\/\/mixedbymarcmozart.com\/fr\/marc-mozart-%e2%80%a2-ingenieur-du-son-%e2%80%a2-renomme-producteur-de-musique\/#breadcrumb"},"inLanguage":"fr-FR","potentialAction":[{"@type":"ReadAction","target":["https:\/\/mixedbymarcmozart.com\/fr\/marc-mozart-%e2%80%a2-ingenieur-du-son-%e2%80%a2-renomme-producteur-de-musique\/"]}]},{"@type":"ImageObject","inLanguage":"fr-FR","@id":"https:\/\/mixedbymarcmozart.com\/fr\/marc-mozart-%e2%80%a2-ingenieur-du-son-%e2%80%a2-renomme-producteur-de-musique\/#primaryimage","url":"https:\/\/mixedbymarcmozart.cdnport.com\/2022\/04\/s7sWsp09-Marc-Mozart-1.jpg","contentUrl":"https:\/\/mixedbymarcmozart.cdnport.com\/2022\/04\/s7sWsp09-Marc-Mozart-1.jpg","width":1000,"height":600},{"@type":"BreadcrumbList","@id":"https:\/\/mixedbymarcmozart.com\/fr\/marc-mozart-%e2%80%a2-ingenieur-du-son-%e2%80%a2-renomme-producteur-de-musique\/#breadcrumb","itemListElement":[{"@type":"ListItem","position":1,"name":"Home","item":"https:\/\/mixedbymarcmozart.com\/fr\/"},{"@type":"ListItem","position":2,"name":"Marc Mozart \u2022 Ing\u00e9nieur Du Son \u2022 Renomm\u00e9 Producteur De Musique"}]},{"@type":"WebSite","@id":"https:\/\/mixedbymarcmozart.com\/#website","url":"https:\/\/mixedbymarcmozart.com\/","name":"Mixed by Marc Mozart","description":"YOUR MIX SUCKS \u2022 MIX TEMPLE \u2022 MASTER FEEDBACK","potentialAction":[{"@type":"SearchAction","target":{"@type":"EntryPoint","urlTemplate":"https:\/\/mixedbymarcmozart.com\/?s={search_term_string}"},"query-input":{"@type":"PropertyValueSpecification","valueRequired":true,"valueName":"search_term_string"}}],"inLanguage":"fr-FR"}]}},"_links":{"self":[{"href":"https:\/\/mixedbymarcmozart.com\/fr\/wp-json\/wp\/v2\/pages\/35327","targetHints":{"allow":["GET"]}}],"collection":[{"href":"https:\/\/mixedbymarcmozart.com\/fr\/wp-json\/wp\/v2\/pages"}],"about":[{"href":"https:\/\/mixedbymarcmozart.com\/fr\/wp-json\/wp\/v2\/types\/page"}],"author":[{"embeddable":true,"href":"https:\/\/mixedbymarcmozart.com\/fr\/wp-json\/wp\/v2\/users\/1"}],"replies":[{"embeddable":true,"href":"https:\/\/mixedbymarcmozart.com\/fr\/wp-json\/wp\/v2\/comments?post=35327"}],"version-history":[{"count":0,"href":"https:\/\/mixedbymarcmozart.com\/fr\/wp-json\/wp\/v2\/pages\/35327\/revisions"}],"wp:featuredmedia":[{"embeddable":true,"href":"https:\/\/mixedbymarcmozart.com\/fr\/wp-json\/wp\/v2\/media\/53747"}],"wp:attachment":[{"href":"https:\/\/mixedbymarcmozart.com\/fr\/wp-json\/wp\/v2\/media?parent=35327"}],"curies":[{"name":"wp","href":"https:\/\/api.w.org\/{rel}","templated":true}]}}