{"id":55025,"date":"2019-05-13T12:52:49","date_gmt":"2019-05-13T10:52:49","guid":{"rendered":"https:\/\/mixedbymarcmozart.com\/el-ebook-lider-en-ventas-sobre-mezclas-your-mix-sucks\/"},"modified":"2021-02-19T13:27:27","modified_gmt":"2021-02-19T12:27:27","slug":"el-ebook-lider-en-ventas-sobre-mezclas-your-mix-sucks","status":"publish","type":"page","link":"https:\/\/mixedbymarcmozart.com\/es\/el-ebook-lider-en-ventas-sobre-mezclas-your-mix-sucks\/","title":{"rendered":"El eBook l\u00edder en ventas sobre mezclas- YOUR MIX SUCKS"},"content":{"rendered":"<div class=\"wpb-content-wrapper\"><p>[vc_row margin_top=\u00bb-50px\u00bb][vc_column][vc_single_image image=\u00bb165387&#8243; img_size=\u00bbfull\u00bb alignment=\u00bbcenter\u00bb][\/vc_column][\/vc_row][vc_row margin_top=\u00bb-30&#8243; margin_bottom=\u00bb-30&#8243; css=\u00bb.vc_custom_1469450810937{margin-bottom: 20px !important;}\u00bb][vc_column][vc_column_text]<\/p>\n<h3>El eBook l\u00edder en ventas sobre mezclas- YOUR MIX SUCKS<\/h3>\n<p>Desde su lanzamiento en febrero del 2015 (versi\u00f3n en ingl\u00e9s), el eBook YOUR MIX SUCKS se ha convertido en un bestseller internacional que ahora ayuda miles de personas de todo el mundo a mejorar sus mezclas mediante 10 cap\u00edtulos f\u00e1ciles de entender.<br \/>\n[\/vc_column_text][\/vc_column][\/vc_row][vc_row margin_top=\u00bb-30&#8243; margin_bottom=\u00bb-30&#8243; css=\u00bb.vc_custom_1469450810937{margin-bottom: 20px !important;}\u00bb][vc_column][vc_column_text]<\/p>\n<h4><strong>Includes 1 Year of FREE MIX FEEDBACK from the author.<\/strong><\/h4>\n<p>[\/vc_column_text][\/vc_column][\/vc_row][vc_row margin_top=\u00bb-30&#8243; margin_bottom=\u00bb-30&#8243; css=\u00bb.vc_custom_1469450834531{margin-bottom: 50px !important;}\u00bb][vc_column][vc_custom_heading text=\u00bbThe complete mix methodology from DAW preparation to delivery!\u00bb font_container=\u00bbtag:h4|text_align:center|color:%23000000&#8243; google_fonts=\u00bbfont_family:Open%20Sans%3A300%2C300italic%2Cregular%2Citalic%2C600%2C600italic%2C700%2C700italic%2C800%2C800italic|font_style:400%20regular%3A400%3Anormal\u00bb]<div class=\"standard-arrow list-divider bullet-top\"><p><b>Informaci\u00f3n del producto<br \/>\n<\/b>\u2022 Formato PDF: Optimizado para su lectura en pantalla de ordenador as\u00ed como en tablets y smartphones<br \/>\n\u2022 Actualizaciones regulares: todos los compradores tienen derecho a obtener todas las actualizaciones de por vida, las cuales siempre ser\u00e1n GRATIS<br \/>\n\u2022 Dise\u00f1ado para usuarios de todos los DAWs: Logic Pro, Pro Tools, Cubase, Ableton, Reaper, FL Studio, etc.<br \/>\n\u2022 Te ayuda a sacar lo mejor del equipo que tengas \u2013 no est\u00e1 patrocinado por ning\u00fan fabricante<br \/>\n\u2022 \u00dasalo como libro de referencia cuando est\u00e9s mezclando: te gu\u00eda cronol\u00f3gicamente a lo largo del proceso de mezcla en su totalidad<br \/>\n\u2022 Explica t\u00e9cnicas de mezcla complicadas mediante pasos f\u00e1ciles de seguir<\/p>\n<\/div>[\/vc_column][\/vc_row][vc_row][vc_column width=\u00bb1\/2&#8243;]<div class=\"dt-fancy-separator title-left h4-size\" style=\"width: 100%;\"><div class=\"dt-fancy-title\" style=\"color: #0c0c0c;\"><span class=\"separator-holder separator-left\"><\/span>e-Book Your Mix Sucks<span class=\"separator-holder separator-right\"><\/span><\/div><\/div><div class=\"ult-spacer spacer-69dfabc1db7f2\" data-id=\"69dfabc1db7f2\" data-height=\"15\" data-height-mobile=\"15\" data-height-tab=\"\" data-height-tab-portrait=\"\" data-height-mobile-landscape=\"\" style=\"clear:both;display:block;\"><\/div><div class=\"woocommerce \"><div class=\"wf-container dt-products  woo-hover products loading-effect-fade-in description-on-hover wc-single-shortcode cart-btn-on-img hide-description wc-grid\" data-padding=\"0px\" data-cur-page=\"1\" data-desktop-columns-num=\"4\" data-v-tablet-columns-num=\"2\" data-h-tablet-columns-num=\"3\" data-phone-columns-num=\"2\">\n\n<article class=\"post visible description-off product type-product post-8803 status-publish first instock product_cat-ebook-es-2 product_cat-mbmm-es has-post-thumbnail sale featured downloadable virtual taxable purchasable product-type-simple\">\n\n\t\n\t<span class=\"onsale\">\u00a1Oferta!<\/span>\n\t<figure class=\"woocom-project\">\n\t<div class=\"woo-buttons-on-img\">\n\n\t\t<a href=\"https:\/\/mixedbymarcmozart.com\/es\/product\/your-mix-sucks-ebook-spanish\/\" class=\"alignnone layzr-bg\"><img loading=\"lazy\" decoding=\"async\" width=\"275\" height=\"155\" src=\"data:image\/svg+xml;charset=utf-8,%3Csvg xmlns%3D&#039;http%3A%2F%2Fwww.w3.org%2F2000%2Fsvg&#039; viewBox%3D&#039;0 0 275 155&#039;%2F%3E\" class=\"attachment-woocommerce_thumbnail size-woocommerce_thumbnail lazy-load preload-me\" alt=\"\" data-src=\"https:\/\/mixedbymarcmozart.cdnport.com\/2022\/04\/lvHdKg4c-Book-Hardcover_ES-275x155.jpg\" data-srcset=\"https:\/\/mixedbymarcmozart.cdnport.com\/2022\/04\/lvHdKg4c-Book-Hardcover_ES-275x155.jpg 275w, https:\/\/mixedbymarcmozart.cdnport.com\/2022\/04\/lvHdKg4c-Book-Hardcover_ES-590x332.jpg 590w, https:\/\/mixedbymarcmozart.cdnport.com\/2022\/04\/lvHdKg4c-Book-Hardcover_ES-300x169.jpg 300w, https:\/\/mixedbymarcmozart.cdnport.com\/2022\/04\/lvHdKg4c-Book-Hardcover_ES-768x432.jpg 768w, https:\/\/mixedbymarcmozart.cdnport.com\/2022\/04\/lvHdKg4c-Book-Hardcover_ES.jpg 800w\" \/><\/a>\n\t<\/div>\n\t<figcaption class=\"woocom-list-content\">\n\n\t\t<div class=\"woocommerce-product-details__short-description\">\n\t<p>\u00a0<\/p>\n<h2>\u00a1Disponible ahora! Segunda Edici\u00f3n (or 2da. Edici\u00f3n) en Espa\u00f1ol del E-Book \u00abYOUR MIX SUCKS.\u00bb.<\/h2>\n<p>Desde su lanzamiento, el E-Book \u00abTu mezcla apesta.\u00bb se ha convertido en un \u00e9xito de ventas internacional que ha ayudado a decenas de miles de personas alrededor del mundo a mejorar sus habilidades de mezcla de audio de forma simple en 10 cap\u00edtulos.<\/p>\n<p>El libro incluye 1 a\u00f1o GRATIS de FEEDBACK DE MEZCLA de parte del autor, \u00a1para que puedes enviar tus mezclas y recibir sugerencias para mejorarlas!<\/p>\n<p>Incluye:<br \/>\n\u2022 Valiosos principios y t\u00e9cnicas de mezcla detallados en pasos muy simples a seguir.<br \/>\n\u2022 Dise\u00f1ado para usuarios de todos los software: Logic Pro X, Pro Tools, Cubase, Ableton Live, Studio One, Reaper, FL Studio etc.<br \/>\n\u2022 \u00dasalo como un libro de trabajo mientras est\u00e1s mezclando, te gu\u00eda cronol\u00f3gicamente a trav\u00e9s de todo el proceso de la mezcla.<br \/>\n\u2022 Formato de libro electr\u00f3nico en PDF para leer en tu computadora, tablet o tel\u00e9fono inteligente.<br \/>\n\u2022 Actualizaciones gratuitas de por vida: todos los compradores pueden recibir actualizaciones regulares.<br \/>\n\u2022 1 a\u00f1o GRATIS de FEEDBACK DE MEZCLA de parte del autor.<\/p>\n<\/div>\n\n\t<\/figcaption>\n<\/figure>\n\n<\/article>\n\n<\/div><\/div><div class=\"ult-spacer spacer-69dfabc1e383e\" data-id=\"69dfabc1e383e\" data-height=\"15\" data-height-mobile=\"15\" data-height-tab=\"\" data-height-tab-portrait=\"\" data-height-mobile-landscape=\"\" style=\"clear:both;display:block;\"><\/div>[\/vc_column][vc_column width=\u00bb1\/2&#8243;][\/vc_column][\/vc_row][vc_row][vc_column]<div class=\"standard-arrow list-divider bullet-top\"><ul>\n<li style=\"list-style-type: none;\">\n<ul>\n<li><b>Cap\u00edtulo 1 \u2013 Monitoreo, volumen, y tus o\u00eddos<br \/>\n<\/b>\u2022 \u00a1R\u00f3bale la radio de la cocina a tu madre!<br \/>\n\u2022 Mezcla como si estuvieras paseando<br \/>\n\u2022 Desde la ventana peque\u00f1a hasta la lupa<br \/>\n\u2022 Niveles de escucha<br \/>\n\u2022 Alternar entre altavoces<br \/>\n\u2022 Configuraci\u00f3n b\u00e1sica de monitoreo<\/li>\n<li><b>Cap\u00edtulo 2 \u2013 La creaci\u00f3n de una habitaci\u00f3n para mezclar suficientemente buena<br \/>\n<\/b>\u2022 Organizaci\u00f3n de la habitaci\u00f3n + disposici\u00f3n de los altavoces<br \/>\n\u2022 Ac\u00fastica de la habitaci\u00f3n \u2013 Ghetto Style<br \/>\n\u2022 Mejoras r\u00e1pidas y efectivas<br \/>\n\u2022 Prueba tu habitaci\u00f3n en 10 minutos<\/li>\n<li><b>Cap\u00edtulo 3 \u2013 La preparaci\u00f3n de tu sesi\u00f3n de mezcla<br \/>\n<\/b>\u2022 \u00bfQu\u00e9 es la preparaci\u00f3n de la mezcla?<br \/>\n\u2022 Construcci\u00f3n de la plantilla para tu DAW<br \/>\n\u2022 El concepto de \u201crecurso\u201d y el control completo<br \/>\n\u2022 Los grupos en consolas y en DAWs<br \/>\n\u2022 Referencias y la t\u00e9cnica A\/B<\/li>\n<li><b>Cap\u00edtulo 4 \u2013 La magia de la primera escucha<br \/>\n<\/b>\u2022 La escucha de tu respuesta emocional<br \/>\n\u2022 Mezclar para otra persona<br \/>\n\u2022 Mezclar tu propia canci\u00f3n<\/li>\n<li><b>Cap\u00edtulo 5 \u2013 <a href=\"https:\/\/mixedbymarcmozart.de\/estamos-mezclando-los-fundamentos-el-bombo-y-el-bajo?lang=es\" target=\"_blank\" rel=\"noopener noreferrer\">\u00a1Estamos mezclando! Los fundamentos, los bajos, y las etapas de ganancia<\/a> (gain staging)<br \/>\n<\/b>\u2022 An\u00e1lisis de las frecuencias bajas<br \/>\n\u2022 Moldear bombos y mezclar bajos<br \/>\n\u2022 Reemplazar sonidos de bater\u00eda<br \/>\n\u2022 Etapas de ganancia (gain staging)<\/li>\n<li><b>Cap\u00edtulo 6 \u2013 <a href=\"https:\/\/mixedbymarcmozart.de\/el-tutorial-completo-sobre-mezcla-de-voces?lang=es\" target=\"_blank\" rel=\"noopener noreferrer\">La importancia de las voces<\/a><br \/>\n<\/b>\u2022 Una r\u00e1pida incursi\u00f3n en la grabaci\u00f3n de voces<br \/>\n\u2022 La construcci\u00f3n de tu cadena vocal<br \/>\n\u2022 Afinaci\u00f3n, eses, y respiraci\u00f3n<br \/>\n\u2022 Sincronizando voces dobladas y coros<\/li>\n<\/ul>\n<\/li>\n<\/ul>\n<\/div>[\/vc_column][\/vc_row][vc_row][vc_column][vc_column_text]<strong>The book now includes 1 Year of FREE MIX FEEDBACK for your productions!<\/strong><\/p>\n<p>For requesting feedback please <a href=\"https:\/\/mixedbymarcmozart.com\/my-mix-feedback\/\">click here<\/a>. There, you will find all your past and open feedback requests and an easy way to send in more of your mixes. That&#8217;s quite easy, isn&#8217;t it?[\/vc_column_text][\/vc_column][\/vc_row]<\/p>\n<\/div>","protected":false},"excerpt":{"rendered":"<p>[vc_row margin_top=\u00bb-50px\u00bb][vc_column][vc_single_image image=\u00bb165387&#8243; img_size=\u00bbfull\u00bb alignment=\u00bbcenter\u00bb][\/vc_column][\/vc_row][vc_row margin_top=\u00bb-30&#8243; margin_bottom=\u00bb-30&#8243; css=\u00bb.vc_custom_1469450810937{margin-bottom: 20px !important;}\u00bb][vc_column][vc_column_text] El eBook l\u00edder en ventas sobre mezclas- YOUR MIX SUCKS Desde su lanzamiento en febrero del 2015 (versi\u00f3n en ingl\u00e9s), el eBook YOUR MIX SUCKS se ha convertido en un bestseller internacional que ahora ayuda miles de personas de todo el mundo a mejorar sus&hellip;<\/p>\n","protected":false},"author":1,"featured_media":0,"parent":0,"menu_order":0,"comment_status":"closed","ping_status":"closed","template":"","meta":{"footnotes":""},"class_list":["post-55025","page","type-page","status-publish","hentry","description-off"],"yoast_head":"<!-- This site is optimized with the Yoast SEO plugin v27.4 - https:\/\/yoast.com\/product\/yoast-seo-wordpress\/ -->\n<title>El eBook l\u00edder en ventas sobre mezclas- YOUR MIX SUCKS<\/title>\n<meta name=\"description\" content=\"Mix Methodology in 10 chapters - Mix Room, Monitoring, DAW Preparation, Bass, Kicks, Gain Staging, Vocals, Automation, Compression, Harmonics, EQ, Delivery.\" \/>\n<meta name=\"robots\" content=\"index, follow, max-snippet:-1, max-image-preview:large, max-video-preview:-1\" \/>\n<link rel=\"canonical\" href=\"https:\/\/mixedbymarcmozart.com\/es\/el-ebook-lider-en-ventas-sobre-mezclas-your-mix-sucks\/\" \/>\n<script type=\"application\/ld+json\" class=\"yoast-schema-graph\">{\"@context\":\"https:\\\/\\\/schema.org\",\"@graph\":[{\"@type\":\"WebPage\",\"@id\":\"https:\\\/\\\/mixedbymarcmozart.com\\\/es\\\/el-ebook-lider-en-ventas-sobre-mezclas-your-mix-sucks\\\/\",\"url\":\"https:\\\/\\\/mixedbymarcmozart.com\\\/es\\\/el-ebook-lider-en-ventas-sobre-mezclas-your-mix-sucks\\\/\",\"name\":\"El eBook l\u00edder en ventas sobre mezclas- YOUR MIX SUCKS\",\"isPartOf\":{\"@id\":\"https:\\\/\\\/mixedbymarcmozart.com\\\/#website\"},\"datePublished\":\"2019-05-13T10:52:49+00:00\",\"dateModified\":\"2021-02-19T12:27:27+00:00\",\"description\":\"Mix Methodology in 10 chapters - Mix Room, Monitoring, DAW Preparation, Bass, Kicks, Gain Staging, Vocals, Automation, Compression, Harmonics, EQ, Delivery.\",\"breadcrumb\":{\"@id\":\"https:\\\/\\\/mixedbymarcmozart.com\\\/es\\\/el-ebook-lider-en-ventas-sobre-mezclas-your-mix-sucks\\\/#breadcrumb\"},\"inLanguage\":\"es\",\"potentialAction\":[{\"@type\":\"ReadAction\",\"target\":[\"https:\\\/\\\/mixedbymarcmozart.com\\\/es\\\/el-ebook-lider-en-ventas-sobre-mezclas-your-mix-sucks\\\/\"]}]},{\"@type\":\"BreadcrumbList\",\"@id\":\"https:\\\/\\\/mixedbymarcmozart.com\\\/es\\\/el-ebook-lider-en-ventas-sobre-mezclas-your-mix-sucks\\\/#breadcrumb\",\"itemListElement\":[{\"@type\":\"ListItem\",\"position\":1,\"name\":\"Home\",\"item\":\"https:\\\/\\\/mixedbymarcmozart.com\\\/es\\\/\"},{\"@type\":\"ListItem\",\"position\":2,\"name\":\"El eBook l\u00edder en ventas sobre mezclas- YOUR MIX SUCKS\"}]},{\"@type\":\"WebSite\",\"@id\":\"https:\\\/\\\/mixedbymarcmozart.com\\\/#website\",\"url\":\"https:\\\/\\\/mixedbymarcmozart.com\\\/\",\"name\":\"Mixed by Marc Mozart\",\"description\":\"YOUR MIX SUCKS \u2022 MIX TEMPLE \u2022 MASTER FEEDBACK\",\"potentialAction\":[{\"@type\":\"SearchAction\",\"target\":{\"@type\":\"EntryPoint\",\"urlTemplate\":\"https:\\\/\\\/mixedbymarcmozart.com\\\/?s={search_term_string}\"},\"query-input\":{\"@type\":\"PropertyValueSpecification\",\"valueRequired\":true,\"valueName\":\"search_term_string\"}}],\"inLanguage\":\"es\"}]}<\/script>\n<!-- \/ Yoast SEO plugin. -->","yoast_head_json":{"title":"El eBook l\u00edder en ventas sobre mezclas- YOUR MIX SUCKS","description":"Mix Methodology in 10 chapters - Mix Room, Monitoring, DAW Preparation, Bass, Kicks, Gain Staging, Vocals, Automation, Compression, Harmonics, EQ, Delivery.","robots":{"index":"index","follow":"follow","max-snippet":"max-snippet:-1","max-image-preview":"max-image-preview:large","max-video-preview":"max-video-preview:-1"},"canonical":"https:\/\/mixedbymarcmozart.com\/es\/el-ebook-lider-en-ventas-sobre-mezclas-your-mix-sucks\/","schema":{"@context":"https:\/\/schema.org","@graph":[{"@type":"WebPage","@id":"https:\/\/mixedbymarcmozart.com\/es\/el-ebook-lider-en-ventas-sobre-mezclas-your-mix-sucks\/","url":"https:\/\/mixedbymarcmozart.com\/es\/el-ebook-lider-en-ventas-sobre-mezclas-your-mix-sucks\/","name":"El eBook l\u00edder en ventas sobre mezclas- YOUR MIX SUCKS","isPartOf":{"@id":"https:\/\/mixedbymarcmozart.com\/#website"},"datePublished":"2019-05-13T10:52:49+00:00","dateModified":"2021-02-19T12:27:27+00:00","description":"Mix Methodology in 10 chapters - Mix Room, Monitoring, DAW Preparation, Bass, Kicks, Gain Staging, Vocals, Automation, Compression, Harmonics, EQ, Delivery.","breadcrumb":{"@id":"https:\/\/mixedbymarcmozart.com\/es\/el-ebook-lider-en-ventas-sobre-mezclas-your-mix-sucks\/#breadcrumb"},"inLanguage":"es","potentialAction":[{"@type":"ReadAction","target":["https:\/\/mixedbymarcmozart.com\/es\/el-ebook-lider-en-ventas-sobre-mezclas-your-mix-sucks\/"]}]},{"@type":"BreadcrumbList","@id":"https:\/\/mixedbymarcmozart.com\/es\/el-ebook-lider-en-ventas-sobre-mezclas-your-mix-sucks\/#breadcrumb","itemListElement":[{"@type":"ListItem","position":1,"name":"Home","item":"https:\/\/mixedbymarcmozart.com\/es\/"},{"@type":"ListItem","position":2,"name":"El eBook l\u00edder en ventas sobre mezclas- YOUR MIX SUCKS"}]},{"@type":"WebSite","@id":"https:\/\/mixedbymarcmozart.com\/#website","url":"https:\/\/mixedbymarcmozart.com\/","name":"Mixed by Marc Mozart","description":"YOUR MIX SUCKS \u2022 MIX TEMPLE \u2022 MASTER FEEDBACK","potentialAction":[{"@type":"SearchAction","target":{"@type":"EntryPoint","urlTemplate":"https:\/\/mixedbymarcmozart.com\/?s={search_term_string}"},"query-input":{"@type":"PropertyValueSpecification","valueRequired":true,"valueName":"search_term_string"}}],"inLanguage":"es"}]}},"_links":{"self":[{"href":"https:\/\/mixedbymarcmozart.com\/es\/wp-json\/wp\/v2\/pages\/55025","targetHints":{"allow":["GET"]}}],"collection":[{"href":"https:\/\/mixedbymarcmozart.com\/es\/wp-json\/wp\/v2\/pages"}],"about":[{"href":"https:\/\/mixedbymarcmozart.com\/es\/wp-json\/wp\/v2\/types\/page"}],"author":[{"embeddable":true,"href":"https:\/\/mixedbymarcmozart.com\/es\/wp-json\/wp\/v2\/users\/1"}],"replies":[{"embeddable":true,"href":"https:\/\/mixedbymarcmozart.com\/es\/wp-json\/wp\/v2\/comments?post=55025"}],"version-history":[{"count":0,"href":"https:\/\/mixedbymarcmozart.com\/es\/wp-json\/wp\/v2\/pages\/55025\/revisions"}],"wp:attachment":[{"href":"https:\/\/mixedbymarcmozart.com\/es\/wp-json\/wp\/v2\/media?parent=55025"}],"curies":[{"name":"wp","href":"https:\/\/api.w.org\/{rel}","templated":true}]}}