{"id":110928,"date":"2019-08-28T10:57:48","date_gmt":"2019-08-28T08:57:48","guid":{"rendered":"https:\/\/mixedbymarcmozart.com\/ingeniero-de-mezclas-%e2%80%a2-productor-%e2%80%a2-marc-mozart\/"},"modified":"2019-08-28T10:57:51","modified_gmt":"2019-08-28T08:57:51","slug":"ingeniero-de-mezclas-%e2%80%a2-productor-%e2%80%a2-marc-mozart","status":"publish","type":"page","link":"https:\/\/mixedbymarcmozart.com\/es\/ingeniero-de-mezclas-%e2%80%a2-productor-%e2%80%a2-marc-mozart\/","title":{"rendered":"Ingeniero de mezclas \u2022 Productor \u2022 Marc Mozart"},"content":{"rendered":"<div class=\"wpb-content-wrapper\"><p>[vc_row margin_top=\u00bb0&#8243; margin_bottom=\u00bb0&#8243;][vc_column][vc_column_text]<\/p>\n<p class=\"\">Marc Mozart es productor, ingeniero de mezcla, y manager\/mentor.\u2028Junto con el equipo de j\u00f3venes productores y compositores de Marc Mozart &amp; Friends, ha producido, compuesto y remezclado m\u00e1s de 70 \u00e9xitos de ventas en las listas de \u00e9xitos a nivel mundial, incluyendo singles y \u00e1lbumes n\u00famero 1, y ha recibido m\u00faltiples discos de oro y de platino.<\/p>\n<p class=\"\">Para la gente con quien trabaja, Marc es unos de los mejores ingenieros de mezclas en m\u00faltiples g\u00e9neros, ya sea hip-hop, EDM, pop, rock, metal, o bandas sonoras\/m\u00fasica cl\u00e1sica.<\/p>\n<p class=\"\">Marc trabaja en un estudio de grabaci\u00f3n h\u00edbrido de alta gama en el \u00e1rea de Frankfurt, Alemania, que tiene como piezas centrales la famosa consola SSL 4000 G-Series, y los altavoces B&amp;W 800 series (usados en Abbey Road)\u2028Ha mezclado para proyectos y artistas como Lil Wayne, DMX, Busta Rhymes, Queensryche, Bob Marley, Sly Stone, Las Cr\u00f3nicas de Narnia, y muchos m\u00e1s.<\/p>\n<p class=\"\">En Alemania, su pa\u00eds natal, ha vendido millones de discos como compositor, productor, e ingeniero de mezclas de Bro&#8217;Sis, Monrose, No Angels, Jimi Blue, Cinema Bizarre, etc., todos ellos con discos de oro y de platino.<\/p>\n<p class=\"\">Marc Mozart, tambi\u00e9n es director de la empresa de producci\u00f3n musical, management, y editorial Mozart &amp; Friends.<\/p>\n<p class=\"\">La empresa es propietaria de los cat\u00e1logos editoriales de m\u00e1s de una docena de compositores a nivel internacional.<\/p>\n<p class=\"\">Adem\u00e1s, Marc es socio del legendario compositor y m\u00e1nager Jack Ponti.<\/p>\n<p class=\"\">Mediante la empresa de Ponti, Merovee, Marc y Ponti trabajan con compositores y productores, proporcion\u00e1ndoles acceso a los grandes mercados, especialmente en los Estados Unidos.<\/p>\n<p>[\/vc_column_text][\/vc_column][\/vc_row]<\/p>\n<\/div>","protected":false},"excerpt":{"rendered":"<p>[vc_row margin_top=\u00bb0&#8243; margin_bottom=\u00bb0&#8243;][vc_column][vc_column_text] Marc Mozart es productor, ingeniero de mezcla, y manager\/mentor.\u2028Junto con el equipo de j\u00f3venes productores y compositores de Marc Mozart &amp; Friends, ha producido, compuesto y remezclado m\u00e1s de 70 \u00e9xitos de ventas en las listas de \u00e9xitos a nivel mundial, incluyendo singles y \u00e1lbumes n\u00famero 1, y ha recibido m\u00faltiples discos&hellip;<\/p>\n","protected":false},"author":1,"featured_media":0,"parent":0,"menu_order":0,"comment_status":"closed","ping_status":"closed","template":"","meta":{"footnotes":""},"class_list":["post-110928","page","type-page","status-publish","hentry","description-off"],"yoast_head":"<!-- This site is optimized with the Yoast SEO plugin v27.4 - https:\/\/yoast.com\/product\/yoast-seo-wordpress\/ -->\n<title>Ingeniero de mezclas \u2022 Productor \u2022 Marc Mozart - Mixed by Marc Mozart<\/title>\n<meta name=\"description\" content=\"Ingeniero de mezclas \u2022 Productor \u2022 Marc Mozart \u2022 SSL 4000G Mixing Console\" \/>\n<meta name=\"robots\" content=\"index, follow, max-snippet:-1, max-image-preview:large, max-video-preview:-1\" \/>\n<link rel=\"canonical\" href=\"https:\/\/mixedbymarcmozart.com\/es\/ingeniero-de-mezclas-\u2022-productor-\u2022-marc-mozart\/\" \/>\n<script type=\"application\/ld+json\" class=\"yoast-schema-graph\">{\"@context\":\"https:\\\/\\\/schema.org\",\"@graph\":[{\"@type\":\"WebPage\",\"@id\":\"https:\\\/\\\/mixedbymarcmozart.com\\\/es\\\/ingeniero-de-mezclas-%e2%80%a2-productor-%e2%80%a2-marc-mozart\\\/\",\"url\":\"https:\\\/\\\/mixedbymarcmozart.com\\\/es\\\/ingeniero-de-mezclas-%e2%80%a2-productor-%e2%80%a2-marc-mozart\\\/\",\"name\":\"Ingeniero de mezclas \u2022 Productor \u2022 Marc Mozart - Mixed by Marc Mozart\",\"isPartOf\":{\"@id\":\"https:\\\/\\\/mixedbymarcmozart.com\\\/#website\"},\"datePublished\":\"2019-08-28T08:57:48+00:00\",\"dateModified\":\"2019-08-28T08:57:51+00:00\",\"description\":\"Ingeniero de mezclas \u2022 Productor \u2022 Marc Mozart \u2022 SSL 4000G Mixing Console\",\"breadcrumb\":{\"@id\":\"https:\\\/\\\/mixedbymarcmozart.com\\\/es\\\/ingeniero-de-mezclas-%e2%80%a2-productor-%e2%80%a2-marc-mozart\\\/#breadcrumb\"},\"inLanguage\":\"es\",\"potentialAction\":[{\"@type\":\"ReadAction\",\"target\":[\"https:\\\/\\\/mixedbymarcmozart.com\\\/es\\\/ingeniero-de-mezclas-%e2%80%a2-productor-%e2%80%a2-marc-mozart\\\/\"]}]},{\"@type\":\"BreadcrumbList\",\"@id\":\"https:\\\/\\\/mixedbymarcmozart.com\\\/es\\\/ingeniero-de-mezclas-%e2%80%a2-productor-%e2%80%a2-marc-mozart\\\/#breadcrumb\",\"itemListElement\":[{\"@type\":\"ListItem\",\"position\":1,\"name\":\"Home\",\"item\":\"https:\\\/\\\/mixedbymarcmozart.com\\\/es\\\/\"},{\"@type\":\"ListItem\",\"position\":2,\"name\":\"Ingeniero de mezclas \u2022 Productor \u2022 Marc Mozart\"}]},{\"@type\":\"WebSite\",\"@id\":\"https:\\\/\\\/mixedbymarcmozart.com\\\/#website\",\"url\":\"https:\\\/\\\/mixedbymarcmozart.com\\\/\",\"name\":\"Mixed by Marc Mozart\",\"description\":\"YOUR MIX SUCKS \u2022 MIX TEMPLE \u2022 MASTER FEEDBACK\",\"potentialAction\":[{\"@type\":\"SearchAction\",\"target\":{\"@type\":\"EntryPoint\",\"urlTemplate\":\"https:\\\/\\\/mixedbymarcmozart.com\\\/?s={search_term_string}\"},\"query-input\":{\"@type\":\"PropertyValueSpecification\",\"valueRequired\":true,\"valueName\":\"search_term_string\"}}],\"inLanguage\":\"es\"}]}<\/script>\n<!-- \/ Yoast SEO plugin. -->","yoast_head_json":{"title":"Ingeniero de mezclas \u2022 Productor \u2022 Marc Mozart - Mixed by Marc Mozart","description":"Ingeniero de mezclas \u2022 Productor \u2022 Marc Mozart \u2022 SSL 4000G Mixing Console","robots":{"index":"index","follow":"follow","max-snippet":"max-snippet:-1","max-image-preview":"max-image-preview:large","max-video-preview":"max-video-preview:-1"},"canonical":"https:\/\/mixedbymarcmozart.com\/es\/ingeniero-de-mezclas-\u2022-productor-\u2022-marc-mozart\/","schema":{"@context":"https:\/\/schema.org","@graph":[{"@type":"WebPage","@id":"https:\/\/mixedbymarcmozart.com\/es\/ingeniero-de-mezclas-%e2%80%a2-productor-%e2%80%a2-marc-mozart\/","url":"https:\/\/mixedbymarcmozart.com\/es\/ingeniero-de-mezclas-%e2%80%a2-productor-%e2%80%a2-marc-mozart\/","name":"Ingeniero de mezclas \u2022 Productor \u2022 Marc Mozart - Mixed by Marc Mozart","isPartOf":{"@id":"https:\/\/mixedbymarcmozart.com\/#website"},"datePublished":"2019-08-28T08:57:48+00:00","dateModified":"2019-08-28T08:57:51+00:00","description":"Ingeniero de mezclas \u2022 Productor \u2022 Marc Mozart \u2022 SSL 4000G Mixing Console","breadcrumb":{"@id":"https:\/\/mixedbymarcmozart.com\/es\/ingeniero-de-mezclas-%e2%80%a2-productor-%e2%80%a2-marc-mozart\/#breadcrumb"},"inLanguage":"es","potentialAction":[{"@type":"ReadAction","target":["https:\/\/mixedbymarcmozart.com\/es\/ingeniero-de-mezclas-%e2%80%a2-productor-%e2%80%a2-marc-mozart\/"]}]},{"@type":"BreadcrumbList","@id":"https:\/\/mixedbymarcmozart.com\/es\/ingeniero-de-mezclas-%e2%80%a2-productor-%e2%80%a2-marc-mozart\/#breadcrumb","itemListElement":[{"@type":"ListItem","position":1,"name":"Home","item":"https:\/\/mixedbymarcmozart.com\/es\/"},{"@type":"ListItem","position":2,"name":"Ingeniero de mezclas \u2022 Productor \u2022 Marc Mozart"}]},{"@type":"WebSite","@id":"https:\/\/mixedbymarcmozart.com\/#website","url":"https:\/\/mixedbymarcmozart.com\/","name":"Mixed by Marc Mozart","description":"YOUR MIX SUCKS \u2022 MIX TEMPLE \u2022 MASTER FEEDBACK","potentialAction":[{"@type":"SearchAction","target":{"@type":"EntryPoint","urlTemplate":"https:\/\/mixedbymarcmozart.com\/?s={search_term_string}"},"query-input":{"@type":"PropertyValueSpecification","valueRequired":true,"valueName":"search_term_string"}}],"inLanguage":"es"}]}},"_links":{"self":[{"href":"https:\/\/mixedbymarcmozart.com\/es\/wp-json\/wp\/v2\/pages\/110928","targetHints":{"allow":["GET"]}}],"collection":[{"href":"https:\/\/mixedbymarcmozart.com\/es\/wp-json\/wp\/v2\/pages"}],"about":[{"href":"https:\/\/mixedbymarcmozart.com\/es\/wp-json\/wp\/v2\/types\/page"}],"author":[{"embeddable":true,"href":"https:\/\/mixedbymarcmozart.com\/es\/wp-json\/wp\/v2\/users\/1"}],"replies":[{"embeddable":true,"href":"https:\/\/mixedbymarcmozart.com\/es\/wp-json\/wp\/v2\/comments?post=110928"}],"version-history":[{"count":0,"href":"https:\/\/mixedbymarcmozart.com\/es\/wp-json\/wp\/v2\/pages\/110928\/revisions"}],"wp:attachment":[{"href":"https:\/\/mixedbymarcmozart.com\/es\/wp-json\/wp\/v2\/media?parent=110928"}],"curies":[{"name":"wp","href":"https:\/\/api.w.org\/{rel}","templated":true}]}}