{"id":54638,"date":"2019-05-09T18:45:32","date_gmt":"2019-05-09T16:45:32","guid":{"rendered":"https:\/\/mixedbymarcmozart.com\/?post_type=product&#038;p=54638"},"modified":"2022-04-05T15:20:32","modified_gmt":"2022-04-05T13:20:32","slug":"mix-temple-pro-fur-studio-one","status":"publish","type":"product","link":"https:\/\/mixedbymarcmozart.com\/de\/product\/mix-temple-pro-fur-studio-one\/","title":{"rendered":"MIX TEMPLE PRO f\u00fcr Studio One"},"content":{"rendered":"<div class=\"woocommerce-product-details__short-description\">\n<h3>Die wichtigsten Features auf einen Blick:<\/h3>\n<ul>\n<li><strong>Zeit sparen<\/strong> \u2013 Die Signalketten dienen als zeitsparender Startpunkt f\u00fcr deine Mixentscheidungen. Mix Temple Pro kommt mit einen ganzen Sammlung von FX Chain Presets passend zu jedem Instrument. So verschwendest du keine kreative Zeit mehr mit dem Laden von einzelnen Plugins.<\/li>\n<li><strong>Halls of Fame Reverbs<\/strong> \u2013 Mix Temple Pro liefert dir die Marc Mozart Edition des Reverb Pl<span class=\"text_exposed_show\">ugins \u201eHalls of Fame\u201c mit: Die Impulse Responses der besten Settings von f\u00fcnf legend\u00e4ren Hardware-Reverbs.<\/span><\/li>\n<li><span class=\"text_exposed_show\"><strong>Sei Effektiv<\/strong> \u2013 Eine ganze Bank von weltklasse Effekten wie Delays, Reverbs und Modulation f\u00fcr Vocals, R\u00e4ume f\u00fcr Drums oder orchestrale Konzerthallen stehen dir von Anfang an zur Verf\u00fcgung.<\/span><\/li>\n<li><span class=\"text_exposed_show\"><strong>Volle Kontrolle<\/strong> \u2013 Mix Temple Pro mischt deine Mixe nicht f\u00fcr dich \u2013 du hast stets volle Workflow-Kontrolle und kannst Routings individualisieren und ab\u00e4ndern.<\/span><\/li>\n<\/ul>\n<p><span class=\"text_exposed_show\"><strong>L\u00e4uft hervorragend auch ohne Dritt-Plugins<\/strong><br \/>\nStudio One hat sehr gute, mitgelieferten Plugins \u2013 diese k\u00f6nnen in Mix Temple Pro Ihre volle Power entfalten. Daher kann man mit Studio One auch ganz ohne Dritt-Plugins mischen.<br \/>\n<\/span><\/p>\n<p><span class=\"text_exposed_show\"><strong>Unterst\u00fctzt viele Plugin-Hersteller<\/strong><br \/>\nDu arbeitest mit gekauften 3rd-party Plugins? Kein Problem: Mix Temple Pro f\u00fcr Studio One unterst\u00fctzt folgende Plugin-Hersteller. Lade einfach die FX Chain Presets der Plugins, die Du besitzt:<\/span><\/p>\n<ul>\n<li>Studio One Build-In Plugins<\/li>\n<li><span class=\"text_exposed_show\">Waves Audio (inkl. CLA MixHub)<\/span><\/li>\n<li>Universal Audio<\/li>\n<li>FabFilter<\/li>\n<li>Plugin Alliance<\/li>\n<li><span class=\"text_exposed_show\">Native Instruments Komplete<\/span><\/li>\n<li><span class=\"text_exposed_show\">iZotope Ozone v8&amp;9 \/ Neutron v2&amp;3 \/ Nectar v2&amp;3<\/span><\/li>\n<li><span class=\"text_exposed_show\">Slate Digital<\/span><\/li>\n<li>weitere folgen per Update<\/li>\n<\/ul>\n<p><strong>Du ben\u00f6tigst Studio One Professional 4 oder h\u00f6her, um Mix Temple PRO verwenden zu k\u00f6nnen.<\/strong><\/p>\n<\/div>\n<p><iframe loading=\"lazy\" src=\"https:\/\/www.youtube-nocookie.com\/embed\/EqxC5b5YPW0\" width=\"560\" height=\"315\" frameborder=\"0\" allowfullscreen=\"allowfullscreen\"><\/iframe><\/p>\n<p>&nbsp;<\/p>\n","protected":false},"excerpt":{"rendered":"<h2>Mix Temple PRO f\u00fcr Studio One<\/h2>\n<p>Mix Temple Pro &#8211; der Startpunkt f\u00fcr deinen n\u00e4chsten Mix. Massive Channel Strip Library &#8211; unterst\u00fctzt Waves, Universal Audio, FabFilter, Plugin Alliance, iZotope, Softube, Slate Digital und holt das beste aus den &#8222;stock&#8220; Plugins raus.\u00a0<b>Mitgeliefert:<\/b> Halls of Fame Reverb Plugin mit Impulse Responses von 5 legend\u00e4ren Hardware Reverbs.<\/p>\n","protected":false},"featured_media":66233,"template":"","meta":[],"product_cat":[643,538,373],"product_tag":[],"woo-feed-brand":[],"class_list":{"0":"post-54638","1":"product","2":"type-product","3":"status-publish","4":"has-post-thumbnail","6":"product_cat-mix-temple-de","7":"product_cat-mbmm-de","8":"product_cat-templates-de","9":"description-off","11":"first","12":"instock","13":"sale","14":"featured","15":"downloadable","16":"virtual","17":"taxable","18":"purchasable","19":"product-type-simple"},"bundled_by":[],"bundle_stock_status":"instock","bundle_stock_quantity":null,"bundle_virtual":false,"bundle_layout":"","bundle_add_to_cart_form_location":"","bundle_editable_in_cart":false,"bundle_sold_individually_context":"","bundle_item_grouping":"","bundle_min_size":"","bundle_max_size":"","bundled_items":[],"yoast_head":"<!-- This site is optimized with the Yoast SEO plugin v27.4 - https:\/\/yoast.com\/product\/yoast-seo-wordpress\/ -->\n<title>MIX TEMPLE PRO f\u00fcr Studio One - Mixed by Marc Mozart<\/title>\n<meta name=\"robots\" content=\"index, follow, max-snippet:-1, max-image-preview:large, max-video-preview:-1\" \/>\n<link rel=\"canonical\" href=\"https:\/\/mixedbymarcmozart.com\/de\/product\/mix-temple-pro-fur-studio-one\/\" \/>\n<script type=\"application\/ld+json\" class=\"yoast-schema-graph\">{\"@context\":\"https:\\\/\\\/schema.org\",\"@graph\":[{\"@type\":\"WebPage\",\"@id\":\"https:\\\/\\\/mixedbymarcmozart.com\\\/de\\\/product\\\/mix-temple-pro-fur-studio-one\\\/\",\"url\":\"https:\\\/\\\/mixedbymarcmozart.com\\\/de\\\/product\\\/mix-temple-pro-fur-studio-one\\\/\",\"name\":\"MIX TEMPLE PRO f\u00fcr Studio One - Mixed by Marc Mozart\",\"isPartOf\":{\"@id\":\"https:\\\/\\\/mixedbymarcmozart.com\\\/#website\"},\"primaryImageOfPage\":{\"@id\":\"https:\\\/\\\/mixedbymarcmozart.com\\\/de\\\/product\\\/mix-temple-pro-fur-studio-one\\\/#primaryimage\"},\"image\":{\"@id\":\"https:\\\/\\\/mixedbymarcmozart.com\\\/de\\\/product\\\/mix-temple-pro-fur-studio-one\\\/#primaryimage\"},\"thumbnailUrl\":\"https:\\\/\\\/mixedbymarcmozart.cdnport.com\\\/2022\\\/04\\\/jJOJzzk3-MTP_Studio-One.jpg\",\"datePublished\":\"2019-05-09T16:45:32+00:00\",\"dateModified\":\"2022-04-05T13:20:32+00:00\",\"breadcrumb\":{\"@id\":\"https:\\\/\\\/mixedbymarcmozart.com\\\/de\\\/product\\\/mix-temple-pro-fur-studio-one\\\/#breadcrumb\"},\"inLanguage\":\"de\",\"potentialAction\":[{\"@type\":\"ReadAction\",\"target\":[\"https:\\\/\\\/mixedbymarcmozart.com\\\/de\\\/product\\\/mix-temple-pro-fur-studio-one\\\/\"]}]},{\"@type\":\"ImageObject\",\"inLanguage\":\"de\",\"@id\":\"https:\\\/\\\/mixedbymarcmozart.com\\\/de\\\/product\\\/mix-temple-pro-fur-studio-one\\\/#primaryimage\",\"url\":\"https:\\\/\\\/mixedbymarcmozart.cdnport.com\\\/2022\\\/04\\\/jJOJzzk3-MTP_Studio-One.jpg\",\"contentUrl\":\"https:\\\/\\\/mixedbymarcmozart.cdnport.com\\\/2022\\\/04\\\/jJOJzzk3-MTP_Studio-One.jpg\",\"width\":800,\"height\":450},{\"@type\":\"BreadcrumbList\",\"@id\":\"https:\\\/\\\/mixedbymarcmozart.com\\\/de\\\/product\\\/mix-temple-pro-fur-studio-one\\\/#breadcrumb\",\"itemListElement\":[{\"@type\":\"ListItem\",\"position\":1,\"name\":\"Home\",\"item\":\"https:\\\/\\\/mixedbymarcmozart.com\\\/de\\\/\"},{\"@type\":\"ListItem\",\"position\":2,\"name\":\"shop-archive\",\"item\":\"https:\\\/\\\/mixedbymarcmozart.com\\\/de\\\/shop-archive\\\/\"},{\"@type\":\"ListItem\",\"position\":3,\"name\":\"MIX TEMPLE PRO f\u00fcr Studio One\"}]},{\"@type\":\"WebSite\",\"@id\":\"https:\\\/\\\/mixedbymarcmozart.com\\\/#website\",\"url\":\"https:\\\/\\\/mixedbymarcmozart.com\\\/\",\"name\":\"Mixed by Marc Mozart\",\"description\":\"YOUR MIX SUCKS \u2022 MIX TEMPLE \u2022 MASTER FEEDBACK\",\"potentialAction\":[{\"@type\":\"SearchAction\",\"target\":{\"@type\":\"EntryPoint\",\"urlTemplate\":\"https:\\\/\\\/mixedbymarcmozart.com\\\/?s={search_term_string}\"},\"query-input\":{\"@type\":\"PropertyValueSpecification\",\"valueRequired\":true,\"valueName\":\"search_term_string\"}}],\"inLanguage\":\"de\"}]}<\/script>\n<!-- \/ Yoast SEO plugin. -->","yoast_head_json":{"title":"MIX TEMPLE PRO f\u00fcr Studio One - Mixed by Marc Mozart","robots":{"index":"index","follow":"follow","max-snippet":"max-snippet:-1","max-image-preview":"max-image-preview:large","max-video-preview":"max-video-preview:-1"},"canonical":"https:\/\/mixedbymarcmozart.com\/de\/product\/mix-temple-pro-fur-studio-one\/","schema":{"@context":"https:\/\/schema.org","@graph":[{"@type":"WebPage","@id":"https:\/\/mixedbymarcmozart.com\/de\/product\/mix-temple-pro-fur-studio-one\/","url":"https:\/\/mixedbymarcmozart.com\/de\/product\/mix-temple-pro-fur-studio-one\/","name":"MIX TEMPLE PRO f\u00fcr Studio One - Mixed by Marc Mozart","isPartOf":{"@id":"https:\/\/mixedbymarcmozart.com\/#website"},"primaryImageOfPage":{"@id":"https:\/\/mixedbymarcmozart.com\/de\/product\/mix-temple-pro-fur-studio-one\/#primaryimage"},"image":{"@id":"https:\/\/mixedbymarcmozart.com\/de\/product\/mix-temple-pro-fur-studio-one\/#primaryimage"},"thumbnailUrl":"https:\/\/mixedbymarcmozart.cdnport.com\/2022\/04\/jJOJzzk3-MTP_Studio-One.jpg","datePublished":"2019-05-09T16:45:32+00:00","dateModified":"2022-04-05T13:20:32+00:00","breadcrumb":{"@id":"https:\/\/mixedbymarcmozart.com\/de\/product\/mix-temple-pro-fur-studio-one\/#breadcrumb"},"inLanguage":"de","potentialAction":[{"@type":"ReadAction","target":["https:\/\/mixedbymarcmozart.com\/de\/product\/mix-temple-pro-fur-studio-one\/"]}]},{"@type":"ImageObject","inLanguage":"de","@id":"https:\/\/mixedbymarcmozart.com\/de\/product\/mix-temple-pro-fur-studio-one\/#primaryimage","url":"https:\/\/mixedbymarcmozart.cdnport.com\/2022\/04\/jJOJzzk3-MTP_Studio-One.jpg","contentUrl":"https:\/\/mixedbymarcmozart.cdnport.com\/2022\/04\/jJOJzzk3-MTP_Studio-One.jpg","width":800,"height":450},{"@type":"BreadcrumbList","@id":"https:\/\/mixedbymarcmozart.com\/de\/product\/mix-temple-pro-fur-studio-one\/#breadcrumb","itemListElement":[{"@type":"ListItem","position":1,"name":"Home","item":"https:\/\/mixedbymarcmozart.com\/de\/"},{"@type":"ListItem","position":2,"name":"shop-archive","item":"https:\/\/mixedbymarcmozart.com\/de\/shop-archive\/"},{"@type":"ListItem","position":3,"name":"MIX TEMPLE PRO f\u00fcr Studio One"}]},{"@type":"WebSite","@id":"https:\/\/mixedbymarcmozart.com\/#website","url":"https:\/\/mixedbymarcmozart.com\/","name":"Mixed by Marc Mozart","description":"YOUR MIX SUCKS \u2022 MIX TEMPLE \u2022 MASTER FEEDBACK","potentialAction":[{"@type":"SearchAction","target":{"@type":"EntryPoint","urlTemplate":"https:\/\/mixedbymarcmozart.com\/?s={search_term_string}"},"query-input":{"@type":"PropertyValueSpecification","valueRequired":true,"valueName":"search_term_string"}}],"inLanguage":"de"}]}},"_links":{"self":[{"href":"https:\/\/mixedbymarcmozart.com\/de\/wp-json\/wp\/v2\/product\/54638","targetHints":{"allow":["GET"]}}],"collection":[{"href":"https:\/\/mixedbymarcmozart.com\/de\/wp-json\/wp\/v2\/product"}],"about":[{"href":"https:\/\/mixedbymarcmozart.com\/de\/wp-json\/wp\/v2\/types\/product"}],"wp:featuredmedia":[{"embeddable":true,"href":"https:\/\/mixedbymarcmozart.com\/de\/wp-json\/wp\/v2\/media\/66233"}],"wp:attachment":[{"href":"https:\/\/mixedbymarcmozart.com\/de\/wp-json\/wp\/v2\/media?parent=54638"}],"wp:term":[{"taxonomy":"product_cat","embeddable":true,"href":"https:\/\/mixedbymarcmozart.com\/de\/wp-json\/wp\/v2\/product_cat?post=54638"},{"taxonomy":"product_tag","embeddable":true,"href":"https:\/\/mixedbymarcmozart.com\/de\/wp-json\/wp\/v2\/product_tag?post=54638"},{"taxonomy":"woo-feed-brand","embeddable":true,"href":"https:\/\/mixedbymarcmozart.com\/de\/wp-json\/wp\/v2\/woo-feed-brand?post=54638"}],"curies":[{"name":"wp","href":"https:\/\/api.w.org\/{rel}","templated":true}]}}