{"id":53832,"date":"2017-01-31T14:43:28","date_gmt":"2017-01-31T13:43:28","guid":{"rendered":"https:\/\/mixedbymarcmozart.com\/product\/masterfeedback\/"},"modified":"2020-09-04T11:04:06","modified_gmt":"2020-09-04T09:04:06","slug":"masterfeedback","status":"publish","type":"product","link":"https:\/\/mixedbymarcmozart.com\/de\/product\/masterfeedback\/","title":{"rendered":"Master Feedback"},"content":{"rendered":"<div class=\"wpb-content-wrapper\"><div class=\"vc_row wpb_row vc_row-fluid\">\n<div class=\"wpb_column vc_column_container vc_col-sm-12\">\n<div class=\"vc_column-inner\">\n<div class=\"wpb_wrapper\">\n<div class=\"wpb_text_column wpb_content_element \">\n<div class=\"wpb_wrapper\">\n<h2>Wie genau l\u00e4uft das ab?<\/h2>\n<\/div>\n<\/div>\n<\/div>\n<\/div>\n<\/div>\n<\/div>\n<div class=\"vc_row wpb_row vc_row-fluid vc_custom_1529261233525 vc_row-has-fill\">\n<div class=\"wpb_column vc_column_container vc_col-sm-12\">\n<div class=\"vc_column-inner\">\n<div class=\"wpb_wrapper\">\n<div class=\"wpb_text_column wpb_content_element \">\n<div class=\"wpb_wrapper\">\n<h3>Es beginnt alles mit Deinem Mix.<\/h3>\n<p>Dein Mix ist soweit. Fast. Du bist eigentlich zufrieden.<br \/>\nVielleicht fehlen noch die letzten 2-5 Prozent. Oder 10 Prozent. Wer wei\u00df?<br \/>\nEs war eine lange und schwierige Reise \u2013 h\u00f6chste Zeit das Projekt abzuschliessen.<\/p>\n<h3>Schritt 1 \u2013 Mix Feedback.<\/h3>\n<p>Nachdem Du mir Deinen Mix schickst, h\u00f6r ich mit meinem Team rein und wir melden uns mit\u00a0<strong>strukturiertem und umsetzbaren Mix Feedback<\/strong>\u00a0und Verbesserungsideen. Wir schicken Dir auch eine Liste von Stems, mit denen wir optimalerweise beim Stem Mastering arbeiten k\u00f6nnen.<\/p>\n<div class=\"vc_row wpb_row vc_row-fluid\">\n<div class=\"wpb_column vc_column_container vc_col-sm-12\">\n<div class=\"vc_column-inner\">\n<div class=\"wpb_wrapper\">\n<div class=\"wpb_text_column wpb_content_element\">\n<div class=\"wpb_wrapper\">\n<h3>Schritt 2 \u2013 Deinen Mix verbessern.<\/h3>\n<\/div>\n<\/div>\n<\/div>\n<\/div>\n<\/div>\n<\/div>\n<div class=\"vc_row wpb_row vc_row-fluid\">\n<div class=\"wpb_column vc_column_container vc_col-sm-12\">\n<div class=\"vc_column-inner\">\n<div class=\"wpb_wrapper\">\n<div class=\"wpb_text_column wpb_content_element\">\n<div class=\"wpb_wrapper\">\n<p>Mit meinem Feedback zur Hand, kannst Du nochmal einige Mix-Entscheidung \u00fcberdenken.<br \/>\nDann schickst Du mir dein Stereo-File \/ Stems<\/p>\n<\/div>\n<\/div>\n<\/div>\n<\/div>\n<\/div>\n<\/div>\n<div class=\"vc_row wpb_row vc_row-fluid\">\n<div class=\"wpb_column vc_column_container vc_col-sm-12\">\n<div class=\"vc_column-inner\">\n<div class=\"wpb_wrapper\">\n<div class=\"wpb_text_column wpb_content_element\">\n<div class=\"wpb_wrapper\">\n<p>Falls der Workflow beim Stem Mastering noch neu f\u00fcr Dich ist \u2013 kein Problem! Wir k\u00f6nnen jederzeit dazu telefonieren oder \u00fcber Skype, Facetime, WhatsApp kommunizieren.<\/p>\n<div class=\"vc_row wpb_row vc_row-fluid\">\n<div class=\"wpb_column vc_column_container vc_col-sm-12\">\n<div class=\"vc_column-inner\">\n<div class=\"wpb_wrapper\">\n<div class=\"wpb_text_column wpb_content_element\">\n<div class=\"wpb_wrapper\">\n<h3>Schritt 3 \u2013 Mastering.<\/h3>\n<\/div>\n<\/div>\n<\/div>\n<\/div>\n<\/div>\n<\/div>\n<div class=\"vc_row wpb_row vc_row-fluid\">\n<div class=\"wpb_column vc_column_container vc_col-sm-12\">\n<div class=\"vc_column-inner\">\n<div class=\"wpb_wrapper\">\n<div class=\"wpb_text_column wpb_content_element\">\n<div class=\"wpb_wrapper\">\n<p>Mein Team und ich arbeiten am Master Deines Mix und schicken Dir ein Master zur Freigabe. Solltest Du noch \u00c4nderungsw\u00fcnsche haben, arbeiten wir diese nat\u00fcrlich ein. Nachdem Du die endg\u00fcltige Freigabe erteilt hast, schicken wir Dir einen Download-Link mit den fertigen gemasterten \u201cHigh Resolution\u201d-Dateien.<\/p>\n<\/div>\n<\/div>\n<\/div>\n<\/div>\n<\/div>\n<\/div>\n<\/div>\n<\/div>\n<\/div>\n<\/div>\n<\/div>\n<\/div>\n<\/div>\n<\/div>\n<\/div>\n<\/div>\n<\/div>\n<\/div>\n<\/div>","protected":false},"excerpt":{"rendered":"<h2 class=\"page\" title=\"Page 3\">Master Feedback<\/h2>\n<p><strong>MASTER FEEDBACK ist Dein pers\u00f6nlicher Mix Feedback und Mastering Service.<\/strong><\/p>\n<div class=\"vc_row wpb_row vc_row-fluid\">\n<div class=\"wpb_column vc_column_container vc_col-sm-12\">\n<div class=\"vc_column-inner\">\n<div class=\"wpb_wrapper\">\n<div class=\"wpb_text_column wpb_content_element \">\n<div class=\"wpb_wrapper\">\n<p>Beim Mischen sollte man nicht ans Mastering denken \u2013 der Mix sollte dynamisch und voller Ausdruck sein.\u00a0Beim Mastering optimiere ich Deinen Mix so, da\u00df er perfekt auf allen Abh\u00f6ren \u00fcbersetzt \u2013 vom Smartphone, Kopfh\u00f6rern, Laptops bis zu Autoanlagen und audiophiles HiFi-Systemen.<br \/>\nGanz egal, ob Du einen extrem dynamischen Mix oder einen sehr lauten Mix m\u00f6chtest \u2013 der Mix wird immer funktionieren, auf allen Abh\u00f6ren.<\/p>\n<\/div>\n<\/div>\n<\/div>\n<\/div>\n<\/div>\n<\/div>\n<div class=\"vc_row wpb_row vc_row-fluid\">\n<div class=\"wpb_column vc_column_container vc_col-sm-12\">\n<div class=\"vc_column-inner\">\n<div class=\"wpb_wrapper\">\n<div class=\"wpb_text_column wpb_content_element \">\n<div class=\"wpb_wrapper\"><\/div>\n<\/div>\n<\/div>\n<\/div>\n<\/div>\n<\/div>\n","protected":false},"featured_media":66221,"template":"","meta":[],"product_cat":[538,262],"product_tag":[],"woo-feed-brand":[],"class_list":{"0":"post-53832","1":"product","2":"type-product","3":"status-publish","4":"has-post-thumbnail","6":"product_cat-mbmm-de","7":"product_cat-services-de-2","8":"description-off","10":"first","11":"instock","12":"sale","13":"featured","14":"taxable","15":"shipping-taxable","16":"purchasable","17":"product-type-variable"},"bundled_by":[],"bundle_stock_status":"instock","bundle_stock_quantity":null,"bundle_virtual":false,"bundle_layout":"","bundle_add_to_cart_form_location":"","bundle_editable_in_cart":false,"bundle_sold_individually_context":"","bundle_item_grouping":"","bundle_min_size":"","bundle_max_size":"","bundled_items":[],"yoast_head":"<!-- This site is optimized with the Yoast SEO plugin v27.3 - https:\/\/yoast.com\/product\/yoast-seo-wordpress\/ -->\n<title>Master Feedback - Mixed by Marc Mozart<\/title>\n<meta name=\"robots\" content=\"index, follow, max-snippet:-1, max-image-preview:large, max-video-preview:-1\" \/>\n<link rel=\"canonical\" href=\"https:\/\/mixedbymarcmozart.com\/de\/product\/masterfeedback\/\" \/>\n<script type=\"application\/ld+json\" class=\"yoast-schema-graph\">{\"@context\":\"https:\\\/\\\/schema.org\",\"@graph\":[{\"@type\":\"WebPage\",\"@id\":\"https:\\\/\\\/mixedbymarcmozart.com\\\/de\\\/product\\\/masterfeedback\\\/\",\"url\":\"https:\\\/\\\/mixedbymarcmozart.com\\\/de\\\/product\\\/masterfeedback\\\/\",\"name\":\"Master Feedback - Mixed by Marc Mozart\",\"isPartOf\":{\"@id\":\"https:\\\/\\\/mixedbymarcmozart.com\\\/#website\"},\"primaryImageOfPage\":{\"@id\":\"https:\\\/\\\/mixedbymarcmozart.com\\\/de\\\/product\\\/masterfeedback\\\/#primaryimage\"},\"image\":{\"@id\":\"https:\\\/\\\/mixedbymarcmozart.com\\\/de\\\/product\\\/masterfeedback\\\/#primaryimage\"},\"thumbnailUrl\":\"https:\\\/\\\/mixedbymarcmozart.cdnport.com\\\/2022\\\/04\\\/S8enTAFL-Master-Feedback.jpg\",\"datePublished\":\"2017-01-31T13:43:28+00:00\",\"dateModified\":\"2020-09-04T09:04:06+00:00\",\"breadcrumb\":{\"@id\":\"https:\\\/\\\/mixedbymarcmozart.com\\\/de\\\/product\\\/masterfeedback\\\/#breadcrumb\"},\"inLanguage\":\"de\",\"potentialAction\":[{\"@type\":\"ReadAction\",\"target\":[\"https:\\\/\\\/mixedbymarcmozart.com\\\/de\\\/product\\\/masterfeedback\\\/\"]}]},{\"@type\":\"ImageObject\",\"inLanguage\":\"de\",\"@id\":\"https:\\\/\\\/mixedbymarcmozart.com\\\/de\\\/product\\\/masterfeedback\\\/#primaryimage\",\"url\":\"https:\\\/\\\/mixedbymarcmozart.cdnport.com\\\/2022\\\/04\\\/S8enTAFL-Master-Feedback.jpg\",\"contentUrl\":\"https:\\\/\\\/mixedbymarcmozart.cdnport.com\\\/2022\\\/04\\\/S8enTAFL-Master-Feedback.jpg\",\"width\":800,\"height\":450},{\"@type\":\"BreadcrumbList\",\"@id\":\"https:\\\/\\\/mixedbymarcmozart.com\\\/de\\\/product\\\/masterfeedback\\\/#breadcrumb\",\"itemListElement\":[{\"@type\":\"ListItem\",\"position\":1,\"name\":\"Home\",\"item\":\"https:\\\/\\\/mixedbymarcmozart.com\\\/de\\\/\"},{\"@type\":\"ListItem\",\"position\":2,\"name\":\"shop-archive\",\"item\":\"https:\\\/\\\/mixedbymarcmozart.com\\\/de\\\/shop-archive\\\/\"},{\"@type\":\"ListItem\",\"position\":3,\"name\":\"Master Feedback\"}]},{\"@type\":\"WebSite\",\"@id\":\"https:\\\/\\\/mixedbymarcmozart.com\\\/#website\",\"url\":\"https:\\\/\\\/mixedbymarcmozart.com\\\/\",\"name\":\"Mixed by Marc Mozart\",\"description\":\"YOUR MIX SUCKS \u2022 MIX TEMPLE \u2022 MASTER FEEDBACK\",\"potentialAction\":[{\"@type\":\"SearchAction\",\"target\":{\"@type\":\"EntryPoint\",\"urlTemplate\":\"https:\\\/\\\/mixedbymarcmozart.com\\\/?s={search_term_string}\"},\"query-input\":{\"@type\":\"PropertyValueSpecification\",\"valueRequired\":true,\"valueName\":\"search_term_string\"}}],\"inLanguage\":\"de\"}]}<\/script>\n<!-- \/ Yoast SEO plugin. -->","yoast_head_json":{"title":"Master Feedback - Mixed by Marc Mozart","robots":{"index":"index","follow":"follow","max-snippet":"max-snippet:-1","max-image-preview":"max-image-preview:large","max-video-preview":"max-video-preview:-1"},"canonical":"https:\/\/mixedbymarcmozart.com\/de\/product\/masterfeedback\/","schema":{"@context":"https:\/\/schema.org","@graph":[{"@type":"WebPage","@id":"https:\/\/mixedbymarcmozart.com\/de\/product\/masterfeedback\/","url":"https:\/\/mixedbymarcmozart.com\/de\/product\/masterfeedback\/","name":"Master Feedback - Mixed by Marc Mozart","isPartOf":{"@id":"https:\/\/mixedbymarcmozart.com\/#website"},"primaryImageOfPage":{"@id":"https:\/\/mixedbymarcmozart.com\/de\/product\/masterfeedback\/#primaryimage"},"image":{"@id":"https:\/\/mixedbymarcmozart.com\/de\/product\/masterfeedback\/#primaryimage"},"thumbnailUrl":"https:\/\/mixedbymarcmozart.cdnport.com\/2022\/04\/S8enTAFL-Master-Feedback.jpg","datePublished":"2017-01-31T13:43:28+00:00","dateModified":"2020-09-04T09:04:06+00:00","breadcrumb":{"@id":"https:\/\/mixedbymarcmozart.com\/de\/product\/masterfeedback\/#breadcrumb"},"inLanguage":"de","potentialAction":[{"@type":"ReadAction","target":["https:\/\/mixedbymarcmozart.com\/de\/product\/masterfeedback\/"]}]},{"@type":"ImageObject","inLanguage":"de","@id":"https:\/\/mixedbymarcmozart.com\/de\/product\/masterfeedback\/#primaryimage","url":"https:\/\/mixedbymarcmozart.cdnport.com\/2022\/04\/S8enTAFL-Master-Feedback.jpg","contentUrl":"https:\/\/mixedbymarcmozart.cdnport.com\/2022\/04\/S8enTAFL-Master-Feedback.jpg","width":800,"height":450},{"@type":"BreadcrumbList","@id":"https:\/\/mixedbymarcmozart.com\/de\/product\/masterfeedback\/#breadcrumb","itemListElement":[{"@type":"ListItem","position":1,"name":"Home","item":"https:\/\/mixedbymarcmozart.com\/de\/"},{"@type":"ListItem","position":2,"name":"shop-archive","item":"https:\/\/mixedbymarcmozart.com\/de\/shop-archive\/"},{"@type":"ListItem","position":3,"name":"Master Feedback"}]},{"@type":"WebSite","@id":"https:\/\/mixedbymarcmozart.com\/#website","url":"https:\/\/mixedbymarcmozart.com\/","name":"Mixed by Marc Mozart","description":"YOUR MIX SUCKS \u2022 MIX TEMPLE \u2022 MASTER FEEDBACK","potentialAction":[{"@type":"SearchAction","target":{"@type":"EntryPoint","urlTemplate":"https:\/\/mixedbymarcmozart.com\/?s={search_term_string}"},"query-input":{"@type":"PropertyValueSpecification","valueRequired":true,"valueName":"search_term_string"}}],"inLanguage":"de"}]}},"_links":{"self":[{"href":"https:\/\/mixedbymarcmozart.com\/de\/wp-json\/wp\/v2\/product\/53832","targetHints":{"allow":["GET"]}}],"collection":[{"href":"https:\/\/mixedbymarcmozart.com\/de\/wp-json\/wp\/v2\/product"}],"about":[{"href":"https:\/\/mixedbymarcmozart.com\/de\/wp-json\/wp\/v2\/types\/product"}],"wp:featuredmedia":[{"embeddable":true,"href":"https:\/\/mixedbymarcmozart.com\/de\/wp-json\/wp\/v2\/media\/66221"}],"wp:attachment":[{"href":"https:\/\/mixedbymarcmozart.com\/de\/wp-json\/wp\/v2\/media?parent=53832"}],"wp:term":[{"taxonomy":"product_cat","embeddable":true,"href":"https:\/\/mixedbymarcmozart.com\/de\/wp-json\/wp\/v2\/product_cat?post=53832"},{"taxonomy":"product_tag","embeddable":true,"href":"https:\/\/mixedbymarcmozart.com\/de\/wp-json\/wp\/v2\/product_tag?post=53832"},{"taxonomy":"woo-feed-brand","embeddable":true,"href":"https:\/\/mixedbymarcmozart.com\/de\/wp-json\/wp\/v2\/woo-feed-brand?post=53832"}],"curies":[{"name":"wp","href":"https:\/\/api.w.org\/{rel}","templated":true}]}}