{"id":51623,"date":"2019-02-09T16:38:47","date_gmt":"2019-02-09T15:38:48","guid":{"rendered":"https:\/\/mixedbymarcmozart.com\/?post_type=product&#038;p=51623"},"modified":"2021-12-15T14:16:32","modified_gmt":"2021-12-15T13:16:32","slug":"mix-temple-pro-fur-pro-tools","status":"publish","type":"product","link":"https:\/\/mixedbymarcmozart.com\/de\/product\/mix-temple-pro-fur-pro-tools\/","title":{"rendered":"MIX TEMPLE PRO f\u00fcr Pro Tools"},"content":{"rendered":"<div class=\"woocommerce-product-details__short-description\">\n<h3>Die wichtigsten Features auf einen Blick:<\/h3>\n<ul>\n<li><b><\/b><b>Zeit sparen \u2013 <\/b>Die von Marc Mozart eingerichteten Signalketten dienen als zeitsparender Startpunkt f\u00fcr deine Mixentscheidungen. Mix Temple Pro kommt mit einen ganzen Sammlung von Track Presets passend zu jedem Instrument. So verschwendest du keine kreative Zeit mehr mit dem Laden von einzelnen Plugins.<\/li>\n<\/ul>\n<ul>\n<li><b><\/b><b>Halls of Fame Reverbs \u2013 <\/b>Mix Temple Pro liefert dir die Marc Mozart Edition des Reverb Plugins \u201eHalls of Fame\u201c mit: Die Impulse Responses der besten Settings von f\u00fcnf legend\u00e4ren Hardware-Reverbs.<\/li>\n<li><b>Sei <\/b><b>Effektiv \u2013 <\/b>Eine ganze Bank von weltklasse Effekten wie Delays, Reverbs und Modulation f\u00fcr Vocals, R\u00e4ume f\u00fcr Drums oder orchestrale Konzerthallen stehen dir von Anfang an zur Verf\u00fcgung.<\/li>\n<li><b><\/b><b>Volle Kontrolle \u2013 <\/b>Mix Temple Pro mischt deine Mixe nicht f\u00fcr dich \u2013 du hast stets volle Workflow-Kontrolle und kannst Routings individualisieren und ab\u00e4ndern.<\/li>\n<\/ul>\n<p><b>L\u00e4uft hervorragend auch ohne Dritt-Plugins <\/b><br \/>\nPro Tools hat einige leistungsstarke Plugins \u2013 diese k\u00f6nnen in MixTemple Pro Ihre volle Power entfalten. Egal ob Kompressoren, Filter, EQs oder Modulationseffekte: Alle sind Mix Tools auf hohem Niveau. Verwende sie, wenn Du also ein hochwertiges, neutrales Processing suchst und gleichzeitig CPU-Leistung sparen willst.<\/p>\n<p><b>Unterst\u00fctzt viele Plugin-Hersteller<\/b><\/p>\n<p>Du arbeitest mit gekauften 3rd-party Plugins? Kein Problem: Mix Temple Pro f\u00fcr Pro Tools unterst\u00fctzt folgende Plugin-Hersteller. Lade einfach die Track Presets der Plugins, die Du besitzt.<\/p>\n<ul>\n<li>ProTools Onboard Plugins<\/li>\n<li>Native Instruments Komplete<\/li>\n<li>Universal Audio<\/li>\n<li>FabFilter<\/li>\n<li>iZotope Ozone v8&amp;9 \/ Neutron v2&amp;3 \/ Nectar v2&amp;3<\/li>\n<li>Waves Audio<\/li>\n<li>Slate Digital<\/li>\n<li>SSL Native v6<\/li>\n<\/ul>\n<p><strong>Du ben\u00f6tigst Pro Tools 2018 oder h\u00f6her, um Mix Temple PRO verwenden zu k\u00f6nnen.<\/strong><\/p>\n<\/div>\n<form class=\"cart\" action=\"https:\/\/mixedbymarcmozart.com\/produkt\/mix-temple-pro-fuer-logic-pro-x\/?lang=de\" enctype=\"multipart\/form-data\" method=\"post\" novalidate=\"novalidate\">\n<div class=\"tc-totals-form tm-product-id-39166 tm-totals-form-main\" data-epo-id=\"1\" data-product-id=\"39166\">\n<div id=\"tm-epo-totals\" class=\"tc-epo-totals tm-product-id-39166 tm-epo-totals tm-custom-prices-total tm-cart-main\" data-epo-id=\"1\" data-tm-epo-final-total-box=\"normal\" data-theme-name=\"The7\" data-cart-id=\"main\" data-is-subscription=\"\" data-is-sold-individually=\"\" data-type=\"simple\" data-price=\"66.39\" data-product-price-rules=\"[]\" data-fields-price-rules=\"0\" data-force-quantity=\"0\" data-price-override=\"1\" data-is-vat-exempt=\"0\" data-non-base-location-prices=\"0\" data-taxable=\"1\" data-tax-rate=\"19\" data-base-tax-rate=\"19\" data-taxes-of-one=\"0.159663865546\" data-base-taxes-of-one=\"0.159663865546\" data-modded-taxes-of-one=\"0.159663865546\" data-tax-string=\"\" data-tax-display-mode=\"incl\" data-prices-include-tax=\"\" data-subscription-sign-up-fee=\"0\" data-variations-subscription-sign-up-fee=\"[]\" data-subscription-period=\"[&quot;&quot;]\" data-variations-subscription-period=\"[]\" data-variations=\"[]\"><\/div>\n<\/div>\n<\/form>\n<p><iframe loading=\"lazy\" src=\"https:\/\/www.youtube-nocookie.com\/embed\/wcxh2QZkXgs\" width=\"560\" height=\"315\" frameborder=\"0\" allowfullscreen=\"allowfullscreen\"><\/iframe><\/p>\n","protected":false},"excerpt":{"rendered":"<h2><strong>MIX TEMPLE PRO f\u00fcr Pro Tools<\/strong><\/h2>\n<p>Mix Temple Pro &#8211; der Startpunkt f\u00fcr deinen n\u00e4chsten Mix. Massive Channel Strip Library &#8211; unterst\u00fctzt Waves, iZotope, Universal Audio, FabFilter, Slate Digital &amp; SSL.\u00a0<b>Mitgeliefert:<\/b> Halls of Fame Reverb Plugin mit Impulse Responses von 5 legend\u00e4ren Hardware Reverbs.<\/p>\n","protected":false},"featured_media":66227,"template":"","meta":[],"product_cat":[643,538,373],"product_tag":[],"woo-feed-brand":[],"class_list":{"0":"post-51623","1":"product","2":"type-product","3":"status-publish","4":"has-post-thumbnail","6":"product_cat-mix-temple-de","7":"product_cat-mbmm-de","8":"product_cat-templates-de","9":"description-off","11":"first","12":"instock","13":"sale","14":"featured","15":"downloadable","16":"virtual","17":"taxable","18":"purchasable","19":"product-type-simple"},"bundled_by":[],"bundle_stock_status":"instock","bundle_stock_quantity":null,"bundle_virtual":false,"bundle_layout":"","bundle_add_to_cart_form_location":"","bundle_editable_in_cart":false,"bundle_sold_individually_context":"","bundle_item_grouping":"","bundle_min_size":"","bundle_max_size":"","bundled_items":[],"yoast_head":"<!-- This site is optimized with the Yoast SEO plugin v27.4 - https:\/\/yoast.com\/product\/yoast-seo-wordpress\/ -->\n<title>MIX TEMPLE PRO f\u00fcr Pro Tools - Mixed by Marc Mozart<\/title>\n<meta name=\"robots\" content=\"index, follow, max-snippet:-1, max-image-preview:large, max-video-preview:-1\" \/>\n<link rel=\"canonical\" href=\"https:\/\/mixedbymarcmozart.com\/de\/product\/mix-temple-pro-fur-pro-tools\/\" \/>\n<script type=\"application\/ld+json\" class=\"yoast-schema-graph\">{\"@context\":\"https:\\\/\\\/schema.org\",\"@graph\":[{\"@type\":\"WebPage\",\"@id\":\"https:\\\/\\\/mixedbymarcmozart.com\\\/de\\\/product\\\/mix-temple-pro-fur-pro-tools\\\/\",\"url\":\"https:\\\/\\\/mixedbymarcmozart.com\\\/de\\\/product\\\/mix-temple-pro-fur-pro-tools\\\/\",\"name\":\"MIX TEMPLE PRO f\u00fcr Pro Tools - Mixed by Marc Mozart\",\"isPartOf\":{\"@id\":\"https:\\\/\\\/mixedbymarcmozart.com\\\/#website\"},\"primaryImageOfPage\":{\"@id\":\"https:\\\/\\\/mixedbymarcmozart.com\\\/de\\\/product\\\/mix-temple-pro-fur-pro-tools\\\/#primaryimage\"},\"image\":{\"@id\":\"https:\\\/\\\/mixedbymarcmozart.com\\\/de\\\/product\\\/mix-temple-pro-fur-pro-tools\\\/#primaryimage\"},\"thumbnailUrl\":\"https:\\\/\\\/mixedbymarcmozart.cdnport.com\\\/2022\\\/04\\\/z61QIrxO-MTP_Pro-Tools.jpg\",\"datePublished\":\"2019-02-09T15:38:48+00:00\",\"dateModified\":\"2021-12-15T13:16:32+00:00\",\"breadcrumb\":{\"@id\":\"https:\\\/\\\/mixedbymarcmozart.com\\\/de\\\/product\\\/mix-temple-pro-fur-pro-tools\\\/#breadcrumb\"},\"inLanguage\":\"de\",\"potentialAction\":[{\"@type\":\"ReadAction\",\"target\":[\"https:\\\/\\\/mixedbymarcmozart.com\\\/de\\\/product\\\/mix-temple-pro-fur-pro-tools\\\/\"]}]},{\"@type\":\"ImageObject\",\"inLanguage\":\"de\",\"@id\":\"https:\\\/\\\/mixedbymarcmozart.com\\\/de\\\/product\\\/mix-temple-pro-fur-pro-tools\\\/#primaryimage\",\"url\":\"https:\\\/\\\/mixedbymarcmozart.cdnport.com\\\/2022\\\/04\\\/z61QIrxO-MTP_Pro-Tools.jpg\",\"contentUrl\":\"https:\\\/\\\/mixedbymarcmozart.cdnport.com\\\/2022\\\/04\\\/z61QIrxO-MTP_Pro-Tools.jpg\",\"width\":800,\"height\":450},{\"@type\":\"BreadcrumbList\",\"@id\":\"https:\\\/\\\/mixedbymarcmozart.com\\\/de\\\/product\\\/mix-temple-pro-fur-pro-tools\\\/#breadcrumb\",\"itemListElement\":[{\"@type\":\"ListItem\",\"position\":1,\"name\":\"Home\",\"item\":\"https:\\\/\\\/mixedbymarcmozart.com\\\/de\\\/\"},{\"@type\":\"ListItem\",\"position\":2,\"name\":\"shop-archive\",\"item\":\"https:\\\/\\\/mixedbymarcmozart.com\\\/de\\\/shop-archive\\\/\"},{\"@type\":\"ListItem\",\"position\":3,\"name\":\"MIX TEMPLE PRO f\u00fcr Pro Tools\"}]},{\"@type\":\"WebSite\",\"@id\":\"https:\\\/\\\/mixedbymarcmozart.com\\\/#website\",\"url\":\"https:\\\/\\\/mixedbymarcmozart.com\\\/\",\"name\":\"Mixed by Marc Mozart\",\"description\":\"YOUR MIX SUCKS \u2022 MIX TEMPLE \u2022 MASTER FEEDBACK\",\"potentialAction\":[{\"@type\":\"SearchAction\",\"target\":{\"@type\":\"EntryPoint\",\"urlTemplate\":\"https:\\\/\\\/mixedbymarcmozart.com\\\/?s={search_term_string}\"},\"query-input\":{\"@type\":\"PropertyValueSpecification\",\"valueRequired\":true,\"valueName\":\"search_term_string\"}}],\"inLanguage\":\"de\"}]}<\/script>\n<!-- \/ Yoast SEO plugin. -->","yoast_head_json":{"title":"MIX TEMPLE PRO f\u00fcr Pro Tools - Mixed by Marc Mozart","robots":{"index":"index","follow":"follow","max-snippet":"max-snippet:-1","max-image-preview":"max-image-preview:large","max-video-preview":"max-video-preview:-1"},"canonical":"https:\/\/mixedbymarcmozart.com\/de\/product\/mix-temple-pro-fur-pro-tools\/","schema":{"@context":"https:\/\/schema.org","@graph":[{"@type":"WebPage","@id":"https:\/\/mixedbymarcmozart.com\/de\/product\/mix-temple-pro-fur-pro-tools\/","url":"https:\/\/mixedbymarcmozart.com\/de\/product\/mix-temple-pro-fur-pro-tools\/","name":"MIX TEMPLE PRO f\u00fcr Pro Tools - Mixed by Marc Mozart","isPartOf":{"@id":"https:\/\/mixedbymarcmozart.com\/#website"},"primaryImageOfPage":{"@id":"https:\/\/mixedbymarcmozart.com\/de\/product\/mix-temple-pro-fur-pro-tools\/#primaryimage"},"image":{"@id":"https:\/\/mixedbymarcmozart.com\/de\/product\/mix-temple-pro-fur-pro-tools\/#primaryimage"},"thumbnailUrl":"https:\/\/mixedbymarcmozart.cdnport.com\/2022\/04\/z61QIrxO-MTP_Pro-Tools.jpg","datePublished":"2019-02-09T15:38:48+00:00","dateModified":"2021-12-15T13:16:32+00:00","breadcrumb":{"@id":"https:\/\/mixedbymarcmozart.com\/de\/product\/mix-temple-pro-fur-pro-tools\/#breadcrumb"},"inLanguage":"de","potentialAction":[{"@type":"ReadAction","target":["https:\/\/mixedbymarcmozart.com\/de\/product\/mix-temple-pro-fur-pro-tools\/"]}]},{"@type":"ImageObject","inLanguage":"de","@id":"https:\/\/mixedbymarcmozart.com\/de\/product\/mix-temple-pro-fur-pro-tools\/#primaryimage","url":"https:\/\/mixedbymarcmozart.cdnport.com\/2022\/04\/z61QIrxO-MTP_Pro-Tools.jpg","contentUrl":"https:\/\/mixedbymarcmozart.cdnport.com\/2022\/04\/z61QIrxO-MTP_Pro-Tools.jpg","width":800,"height":450},{"@type":"BreadcrumbList","@id":"https:\/\/mixedbymarcmozart.com\/de\/product\/mix-temple-pro-fur-pro-tools\/#breadcrumb","itemListElement":[{"@type":"ListItem","position":1,"name":"Home","item":"https:\/\/mixedbymarcmozart.com\/de\/"},{"@type":"ListItem","position":2,"name":"shop-archive","item":"https:\/\/mixedbymarcmozart.com\/de\/shop-archive\/"},{"@type":"ListItem","position":3,"name":"MIX TEMPLE PRO f\u00fcr Pro Tools"}]},{"@type":"WebSite","@id":"https:\/\/mixedbymarcmozart.com\/#website","url":"https:\/\/mixedbymarcmozart.com\/","name":"Mixed by Marc Mozart","description":"YOUR MIX SUCKS \u2022 MIX TEMPLE \u2022 MASTER FEEDBACK","potentialAction":[{"@type":"SearchAction","target":{"@type":"EntryPoint","urlTemplate":"https:\/\/mixedbymarcmozart.com\/?s={search_term_string}"},"query-input":{"@type":"PropertyValueSpecification","valueRequired":true,"valueName":"search_term_string"}}],"inLanguage":"de"}]}},"_links":{"self":[{"href":"https:\/\/mixedbymarcmozart.com\/de\/wp-json\/wp\/v2\/product\/51623","targetHints":{"allow":["GET"]}}],"collection":[{"href":"https:\/\/mixedbymarcmozart.com\/de\/wp-json\/wp\/v2\/product"}],"about":[{"href":"https:\/\/mixedbymarcmozart.com\/de\/wp-json\/wp\/v2\/types\/product"}],"wp:featuredmedia":[{"embeddable":true,"href":"https:\/\/mixedbymarcmozart.com\/de\/wp-json\/wp\/v2\/media\/66227"}],"wp:attachment":[{"href":"https:\/\/mixedbymarcmozart.com\/de\/wp-json\/wp\/v2\/media?parent=51623"}],"wp:term":[{"taxonomy":"product_cat","embeddable":true,"href":"https:\/\/mixedbymarcmozart.com\/de\/wp-json\/wp\/v2\/product_cat?post=51623"},{"taxonomy":"product_tag","embeddable":true,"href":"https:\/\/mixedbymarcmozart.com\/de\/wp-json\/wp\/v2\/product_tag?post=51623"},{"taxonomy":"woo-feed-brand","embeddable":true,"href":"https:\/\/mixedbymarcmozart.com\/de\/wp-json\/wp\/v2\/woo-feed-brand?post=51623"}],"curies":[{"name":"wp","href":"https:\/\/api.w.org\/{rel}","templated":true}]}}