{"id":3957,"date":"2015-06-23T15:44:54","date_gmt":"2015-06-23T13:44:54","guid":{"rendered":"http:\/\/www.mixedbymarcmozart.com\/product\/your-mix-sucks-ebook-german\/"},"modified":"2022-02-08T14:14:24","modified_gmt":"2022-02-08T13:14:24","slug":"your-mix-sucks-ebook-german","status":"publish","type":"product","link":"https:\/\/mixedbymarcmozart.com\/de\/product\/your-mix-sucks-ebook-german\/","title":{"rendered":"YOUR MIX SUCKS eBook (German)"},"content":{"rendered":"<p>\u2022 PDF-Format: optimiert f\u00fcr Computer, Tablets und Smartphones<br \/>\n\u2022 Regelm\u00e4\u00dfige Updates: jeder registrierte Nutzer erh\u00e4lt\u00a0kostenlose Aktualisierungen<br \/>\n\u2022 F\u00fcr User aller\u00a0DAW-Programme: Logic Pro, ProTools, Cubase, Ableton, Reaper, FL Studio, etc.<br \/>\n\u2022 Holt das Beste raus aus\u00a0vorhandenem Equipment<br \/>\n\u2022 Begleitet den Mischprozess, von der Vorbereitung bis zur finalen Abnahme<br \/>\n\u2022 Komplexe Mix Techniken werden in einfach nachzuvollziehenden Schritten erkl\u00e4rt<\/p>\n","protected":false},"excerpt":{"rendered":"<h2 class=\"fancy-title entry-title start-animation-done start-animation\">YOUR MIX SUCKS\u00a0eBook (German)<\/h2>\n<p>Das eBook <b>YOUR MIX SUCKS<\/b> hat sich nach Ver\u00f6ffentlichung der englischen Version im Februar 2015 schnell zum weltweiten Bestseller und Standardwerk f\u00fcr moderne Mischtechniken entwickelt.<br \/>\nDer bekannte Produzent und Mix-Engineer hat nicht nur in Deutschland zahlreiche Gold- und Platin-Awards erhalten (Monrose, No Angels, Bro\u2019Sis, Jimi Blue, etc.), sondern ist auch\u00a0international eine anerkannte Gr\u00f6\u00dfe mit beeindruckenden Mix Engineer Credits von Lil Wayne, DMX, Busta Rhymes, Queensryche, Bob Marley, Sly Stone bis zu \u201eChronicles of Narnia\u201c.<\/p>\n<p>Mix Methodology in 10 chapters &#8211; Mix Room, Monitoring, DAW Preparation, Bass, Kicks, Gain Staging, Vocals, Automation, Compression, Harmonics, EQ, Delivery.<\/p>\n","protected":false},"featured_media":66177,"template":"","meta":[],"product_cat":[538,380],"product_tag":[],"woo-feed-brand":[],"class_list":{"0":"post-3957","1":"product","2":"type-product","3":"status-publish","4":"has-post-thumbnail","6":"product_cat-mbmm-de","7":"product_cat-ebook-de-2","8":"description-off","10":"first","11":"instock","12":"sale","13":"featured","14":"downloadable","15":"virtual","16":"taxable","17":"purchasable","18":"product-type-simple"},"bundled_by":["6359","7662","7666","18518","18527","21582","21585"],"bundle_stock_status":"instock","bundle_stock_quantity":null,"bundle_virtual":false,"bundle_layout":"","bundle_add_to_cart_form_location":"","bundle_editable_in_cart":false,"bundle_sold_individually_context":"","bundle_item_grouping":"","bundle_min_size":"","bundle_max_size":"","bundled_items":[],"yoast_head":"<!-- This site is optimized with the Yoast SEO plugin v27.4 - https:\/\/yoast.com\/product\/yoast-seo-wordpress\/ -->\n<title>The best-selling Mixing Book - YOUR MIX SUCKS<\/title>\n<meta name=\"description\" content=\"Mix Methodology in 10 chapters - Mix Room, Monitoring, DAW Preparation, Bass, Kicks, Gain Staging, Vocals, Automation, Compression, Harmonics, EQ, Delivery.\" \/>\n<meta name=\"robots\" content=\"index, follow, max-snippet:-1, max-image-preview:large, max-video-preview:-1\" \/>\n<link rel=\"canonical\" href=\"https:\/\/mixedbymarcmozart.com\/de\/product\/your-mix-sucks-ebook-german\/\" \/>\n<script type=\"application\/ld+json\" class=\"yoast-schema-graph\">{\"@context\":\"https:\\\/\\\/schema.org\",\"@graph\":[{\"@type\":\"WebPage\",\"@id\":\"https:\\\/\\\/mixedbymarcmozart.com\\\/de\\\/product\\\/your-mix-sucks-ebook-german\\\/\",\"url\":\"https:\\\/\\\/mixedbymarcmozart.com\\\/de\\\/product\\\/your-mix-sucks-ebook-german\\\/\",\"name\":\"The best-selling Mixing Book - YOUR MIX SUCKS\",\"isPartOf\":{\"@id\":\"https:\\\/\\\/mixedbymarcmozart.com\\\/#website\"},\"primaryImageOfPage\":{\"@id\":\"https:\\\/\\\/mixedbymarcmozart.com\\\/de\\\/product\\\/your-mix-sucks-ebook-german\\\/#primaryimage\"},\"image\":{\"@id\":\"https:\\\/\\\/mixedbymarcmozart.com\\\/de\\\/product\\\/your-mix-sucks-ebook-german\\\/#primaryimage\"},\"thumbnailUrl\":\"https:\\\/\\\/mixedbymarcmozart.cdnport.com\\\/2022\\\/04\\\/LQcD4qmr-YMS_EN_DE_SP.jpg\",\"datePublished\":\"2015-06-23T13:44:54+00:00\",\"dateModified\":\"2022-02-08T13:14:24+00:00\",\"description\":\"Mix Methodology in 10 chapters - Mix Room, Monitoring, DAW Preparation, Bass, Kicks, Gain Staging, Vocals, Automation, Compression, Harmonics, EQ, Delivery.\",\"breadcrumb\":{\"@id\":\"https:\\\/\\\/mixedbymarcmozart.com\\\/de\\\/product\\\/your-mix-sucks-ebook-german\\\/#breadcrumb\"},\"inLanguage\":\"de\",\"potentialAction\":[{\"@type\":\"ReadAction\",\"target\":[\"https:\\\/\\\/mixedbymarcmozart.com\\\/de\\\/product\\\/your-mix-sucks-ebook-german\\\/\"]}]},{\"@type\":\"ImageObject\",\"inLanguage\":\"de\",\"@id\":\"https:\\\/\\\/mixedbymarcmozart.com\\\/de\\\/product\\\/your-mix-sucks-ebook-german\\\/#primaryimage\",\"url\":\"https:\\\/\\\/mixedbymarcmozart.cdnport.com\\\/2022\\\/04\\\/LQcD4qmr-YMS_EN_DE_SP.jpg\",\"contentUrl\":\"https:\\\/\\\/mixedbymarcmozart.cdnport.com\\\/2022\\\/04\\\/LQcD4qmr-YMS_EN_DE_SP.jpg\",\"width\":800,\"height\":450},{\"@type\":\"BreadcrumbList\",\"@id\":\"https:\\\/\\\/mixedbymarcmozart.com\\\/de\\\/product\\\/your-mix-sucks-ebook-german\\\/#breadcrumb\",\"itemListElement\":[{\"@type\":\"ListItem\",\"position\":1,\"name\":\"Home\",\"item\":\"https:\\\/\\\/mixedbymarcmozart.com\\\/de\\\/\"},{\"@type\":\"ListItem\",\"position\":2,\"name\":\"shop-archive\",\"item\":\"https:\\\/\\\/mixedbymarcmozart.com\\\/de\\\/shop-archive\\\/\"},{\"@type\":\"ListItem\",\"position\":3,\"name\":\"YOUR MIX SUCKS eBook (German)\"}]},{\"@type\":\"WebSite\",\"@id\":\"https:\\\/\\\/mixedbymarcmozart.com\\\/#website\",\"url\":\"https:\\\/\\\/mixedbymarcmozart.com\\\/\",\"name\":\"Mixed by Marc Mozart\",\"description\":\"YOUR MIX SUCKS \u2022 MIX TEMPLE \u2022 MASTER FEEDBACK\",\"potentialAction\":[{\"@type\":\"SearchAction\",\"target\":{\"@type\":\"EntryPoint\",\"urlTemplate\":\"https:\\\/\\\/mixedbymarcmozart.com\\\/?s={search_term_string}\"},\"query-input\":{\"@type\":\"PropertyValueSpecification\",\"valueRequired\":true,\"valueName\":\"search_term_string\"}}],\"inLanguage\":\"de\"}]}<\/script>\n<!-- \/ Yoast SEO plugin. -->","yoast_head_json":{"title":"The best-selling Mixing Book - YOUR MIX SUCKS","description":"Mix Methodology in 10 chapters - Mix Room, Monitoring, DAW Preparation, Bass, Kicks, Gain Staging, Vocals, Automation, Compression, Harmonics, EQ, Delivery.","robots":{"index":"index","follow":"follow","max-snippet":"max-snippet:-1","max-image-preview":"max-image-preview:large","max-video-preview":"max-video-preview:-1"},"canonical":"https:\/\/mixedbymarcmozart.com\/de\/product\/your-mix-sucks-ebook-german\/","schema":{"@context":"https:\/\/schema.org","@graph":[{"@type":"WebPage","@id":"https:\/\/mixedbymarcmozart.com\/de\/product\/your-mix-sucks-ebook-german\/","url":"https:\/\/mixedbymarcmozart.com\/de\/product\/your-mix-sucks-ebook-german\/","name":"The best-selling Mixing Book - YOUR MIX SUCKS","isPartOf":{"@id":"https:\/\/mixedbymarcmozart.com\/#website"},"primaryImageOfPage":{"@id":"https:\/\/mixedbymarcmozart.com\/de\/product\/your-mix-sucks-ebook-german\/#primaryimage"},"image":{"@id":"https:\/\/mixedbymarcmozart.com\/de\/product\/your-mix-sucks-ebook-german\/#primaryimage"},"thumbnailUrl":"https:\/\/mixedbymarcmozart.cdnport.com\/2022\/04\/LQcD4qmr-YMS_EN_DE_SP.jpg","datePublished":"2015-06-23T13:44:54+00:00","dateModified":"2022-02-08T13:14:24+00:00","description":"Mix Methodology in 10 chapters - Mix Room, Monitoring, DAW Preparation, Bass, Kicks, Gain Staging, Vocals, Automation, Compression, Harmonics, EQ, Delivery.","breadcrumb":{"@id":"https:\/\/mixedbymarcmozart.com\/de\/product\/your-mix-sucks-ebook-german\/#breadcrumb"},"inLanguage":"de","potentialAction":[{"@type":"ReadAction","target":["https:\/\/mixedbymarcmozart.com\/de\/product\/your-mix-sucks-ebook-german\/"]}]},{"@type":"ImageObject","inLanguage":"de","@id":"https:\/\/mixedbymarcmozart.com\/de\/product\/your-mix-sucks-ebook-german\/#primaryimage","url":"https:\/\/mixedbymarcmozart.cdnport.com\/2022\/04\/LQcD4qmr-YMS_EN_DE_SP.jpg","contentUrl":"https:\/\/mixedbymarcmozart.cdnport.com\/2022\/04\/LQcD4qmr-YMS_EN_DE_SP.jpg","width":800,"height":450},{"@type":"BreadcrumbList","@id":"https:\/\/mixedbymarcmozart.com\/de\/product\/your-mix-sucks-ebook-german\/#breadcrumb","itemListElement":[{"@type":"ListItem","position":1,"name":"Home","item":"https:\/\/mixedbymarcmozart.com\/de\/"},{"@type":"ListItem","position":2,"name":"shop-archive","item":"https:\/\/mixedbymarcmozart.com\/de\/shop-archive\/"},{"@type":"ListItem","position":3,"name":"YOUR MIX SUCKS eBook (German)"}]},{"@type":"WebSite","@id":"https:\/\/mixedbymarcmozart.com\/#website","url":"https:\/\/mixedbymarcmozart.com\/","name":"Mixed by Marc Mozart","description":"YOUR MIX SUCKS \u2022 MIX TEMPLE \u2022 MASTER FEEDBACK","potentialAction":[{"@type":"SearchAction","target":{"@type":"EntryPoint","urlTemplate":"https:\/\/mixedbymarcmozart.com\/?s={search_term_string}"},"query-input":{"@type":"PropertyValueSpecification","valueRequired":true,"valueName":"search_term_string"}}],"inLanguage":"de"}]}},"_links":{"self":[{"href":"https:\/\/mixedbymarcmozart.com\/de\/wp-json\/wp\/v2\/product\/3957","targetHints":{"allow":["GET"]}}],"collection":[{"href":"https:\/\/mixedbymarcmozart.com\/de\/wp-json\/wp\/v2\/product"}],"about":[{"href":"https:\/\/mixedbymarcmozart.com\/de\/wp-json\/wp\/v2\/types\/product"}],"wp:featuredmedia":[{"embeddable":true,"href":"https:\/\/mixedbymarcmozart.com\/de\/wp-json\/wp\/v2\/media\/66177"}],"wp:attachment":[{"href":"https:\/\/mixedbymarcmozart.com\/de\/wp-json\/wp\/v2\/media?parent=3957"}],"wp:term":[{"taxonomy":"product_cat","embeddable":true,"href":"https:\/\/mixedbymarcmozart.com\/de\/wp-json\/wp\/v2\/product_cat?post=3957"},{"taxonomy":"product_tag","embeddable":true,"href":"https:\/\/mixedbymarcmozart.com\/de\/wp-json\/wp\/v2\/product_tag?post=3957"},{"taxonomy":"woo-feed-brand","embeddable":true,"href":"https:\/\/mixedbymarcmozart.com\/de\/wp-json\/wp\/v2\/woo-feed-brand?post=3957"}],"curies":[{"name":"wp","href":"https:\/\/api.w.org\/{rel}","templated":true}]}}