{"id":39166,"date":"2018-12-23T14:12:03","date_gmt":"2018-12-25T10:44:00","guid":{"rendered":"https:\/\/mixedbymarcmozart.com\/?post_type=product&#038;p=39166"},"modified":"2022-02-11T16:40:58","modified_gmt":"2022-02-11T15:40:58","slug":"mix-temple-pro-fuer-logic-pro-x","status":"publish","type":"product","link":"https:\/\/mixedbymarcmozart.com\/de\/product\/mix-temple-pro-fuer-logic-pro-x\/","title":{"rendered":"MIX TEMPLE PRO f\u00fcr Logic Pro X"},"content":{"rendered":"<div class=\"woocommerce-product-details__short-description\">\n<h3>MIX TEMPLE PRO beinhaltet:<\/h3>\n<ul>\n<li>PRO Templates f\u00fcr Logic Pro X die man ganz leicht an seine eigenen Bed\u00fcrfnisse und Plugins anpassen kann!<\/li>\n<li>Die neue Channel Strip Library f\u00fcr viele bekannte Plugin-Hersteller, sowie die Logic Pro X \u201eonboard\u201c-Plugins\n<ul>\n<li>Logic Pro X 10.5 Native on-board plug-ins<\/li>\n<li>Native Instruments<\/li>\n<li>iZotope Ozone v8&amp;9 \/ Neutron v2&amp;3 \/ Nectar v2&amp;3<\/li>\n<li>Waves Audio<\/li>\n<li>Universal Audio<\/li>\n<li>FabFilter<\/li>\n<li>Plugin Alliance<\/li>\n<li>Slate Digital<\/li>\n<li>Softube<\/li>\n<li>SSL Native v6<\/li>\n<li>weitere Hersteller folgen!<\/li>\n<\/ul>\n<\/li>\n<li>Halls of Fame Reverb Plugin mit Impulse Responses von 5 legend\u00e4ren Hardware Reverbs<\/li>\n<li>ALLE bisherigen Versionen von MIX TEMPLE (Versionen f\u00fcr Logic Pro X, Cubase, ProTools, Ableton Live)<\/li>\n<li>Die Templates verarbeiten viele wichtige Tipps und Tricks aus dem Bestseller YOUR MIX SUCKS<\/li>\n<\/ul>\n<p><strong>Du ben\u00f6tigst Logic Pro X 10.5.1 oder neuer, um Mix Temple PRO verwenden zu k\u00f6nnen!<\/strong><\/p>\n<p><a href=\"https:\/\/mixedbymarcmozart.com\/de\/mein-account\/?lang=de\">Bitte einloggen, um MIX TEMPLE auf MIX TEMPLE PRO upzugraden!<\/a><\/p>\n<\/div>\n<form class=\"cart\" action=\"https:\/\/mixedbymarcmozart.com\/produkt\/mix-temple-pro-fuer-logic-pro-x\/?lang=de\" enctype=\"multipart\/form-data\" method=\"post\" novalidate=\"novalidate\">\n<div class=\"tc-totals-form tm-product-id-39166 tm-totals-form-main\" data-epo-id=\"1\" data-product-id=\"39166\">\n<div id=\"tm-epo-totals\" class=\"tc-epo-totals tm-product-id-39166 tm-epo-totals tm-custom-prices-total tm-cart-main\" data-epo-id=\"1\" data-tm-epo-final-total-box=\"normal\" data-theme-name=\"The7\" data-cart-id=\"main\" data-is-subscription=\"\" data-is-sold-individually=\"\" data-type=\"simple\" data-price=\"66.39\" data-product-price-rules=\"[]\" data-fields-price-rules=\"0\" data-force-quantity=\"0\" data-price-override=\"1\" data-is-vat-exempt=\"0\" data-non-base-location-prices=\"0\" data-taxable=\"1\" data-tax-rate=\"19\" data-base-tax-rate=\"19\" data-taxes-of-one=\"0.159663865546\" data-base-taxes-of-one=\"0.159663865546\" data-modded-taxes-of-one=\"0.159663865546\" data-tax-string=\"\" data-tax-display-mode=\"incl\" data-prices-include-tax=\"\" data-subscription-sign-up-fee=\"0\" data-variations-subscription-sign-up-fee=\"[]\" data-subscription-period=\"[&quot;&quot;]\" data-variations-subscription-period=\"[]\" data-variations=\"[]\"><\/div>\n<\/div>\n<p><iframe loading=\"lazy\" src=\"https:\/\/www.youtube-nocookie.com\/embed\/aTB-Zp1u39E\" width=\"560\" height=\"315\" frameborder=\"0\" allowfullscreen=\"allowfullscreen\"><\/iframe><\/p>\n<\/form>\n","protected":false},"excerpt":{"rendered":"<h2><strong>MIX TEMPLE PRO f\u00fcr Logic Pro X<\/strong><\/h2>\n<p>Mix Temple Pro &#8211; der Startpunkt f\u00fcr deinen n\u00e4chsten Mix. Massive Channel Strip Library &#8211; unterst\u00fctzt Waves, Universal Audio, FabFilter, iZotope, Softube, Plugin Alliance, Slate Digital, SSL und holt das beste aus den Logic Pro X &#8222;stock&#8220; Plugins raus.\u00a0<b>Mitgeliefert:<\/b> Halls of Fame Reverb Plugin mit Impulse Responses von 5 legend\u00e4ren Hardware Reverbs.<\/p>\n","protected":false},"featured_media":66207,"template":"","meta":[],"product_cat":[643,538,373],"product_tag":[],"woo-feed-brand":[],"class_list":{"0":"post-39166","1":"product","2":"type-product","3":"status-publish","4":"has-post-thumbnail","6":"product_cat-mix-temple-de","7":"product_cat-mbmm-de","8":"product_cat-templates-de","9":"description-off","11":"first","12":"instock","13":"sale","14":"featured","15":"downloadable","16":"virtual","17":"taxable","18":"purchasable","19":"product-type-simple"},"bundled_by":[],"bundle_stock_status":"instock","bundle_stock_quantity":null,"bundle_virtual":false,"bundle_layout":"","bundle_add_to_cart_form_location":"","bundle_editable_in_cart":false,"bundle_sold_individually_context":"","bundle_item_grouping":"","bundle_min_size":"","bundle_max_size":"","bundled_items":[],"yoast_head":"<!-- This site is optimized with the Yoast SEO plugin v27.4 - https:\/\/yoast.com\/product\/yoast-seo-wordpress\/ -->\n<title>MIX TEMPLE PRO f\u00fcr Logic Pro X - Mixed by Marc Mozart<\/title>\n<meta name=\"robots\" content=\"index, follow, max-snippet:-1, max-image-preview:large, max-video-preview:-1\" \/>\n<link rel=\"canonical\" href=\"https:\/\/mixedbymarcmozart.com\/de\/product\/mix-temple-pro-fuer-logic-pro-x\/\" \/>\n<script type=\"application\/ld+json\" class=\"yoast-schema-graph\">{\"@context\":\"https:\\\/\\\/schema.org\",\"@graph\":[{\"@type\":\"WebPage\",\"@id\":\"https:\\\/\\\/mixedbymarcmozart.com\\\/de\\\/product\\\/mix-temple-pro-fuer-logic-pro-x\\\/\",\"url\":\"https:\\\/\\\/mixedbymarcmozart.com\\\/de\\\/product\\\/mix-temple-pro-fuer-logic-pro-x\\\/\",\"name\":\"MIX TEMPLE PRO f\u00fcr Logic Pro X - Mixed by Marc Mozart\",\"isPartOf\":{\"@id\":\"https:\\\/\\\/mixedbymarcmozart.com\\\/#website\"},\"primaryImageOfPage\":{\"@id\":\"https:\\\/\\\/mixedbymarcmozart.com\\\/de\\\/product\\\/mix-temple-pro-fuer-logic-pro-x\\\/#primaryimage\"},\"image\":{\"@id\":\"https:\\\/\\\/mixedbymarcmozart.com\\\/de\\\/product\\\/mix-temple-pro-fuer-logic-pro-x\\\/#primaryimage\"},\"thumbnailUrl\":\"https:\\\/\\\/mixedbymarcmozart.cdnport.com\\\/2022\\\/04\\\/xOBZah4n-MTP_Logic.jpg\",\"datePublished\":\"2018-12-25T10:44:00+00:00\",\"dateModified\":\"2022-02-11T15:40:58+00:00\",\"breadcrumb\":{\"@id\":\"https:\\\/\\\/mixedbymarcmozart.com\\\/de\\\/product\\\/mix-temple-pro-fuer-logic-pro-x\\\/#breadcrumb\"},\"inLanguage\":\"de\",\"potentialAction\":[{\"@type\":\"ReadAction\",\"target\":[\"https:\\\/\\\/mixedbymarcmozart.com\\\/de\\\/product\\\/mix-temple-pro-fuer-logic-pro-x\\\/\"]}]},{\"@type\":\"ImageObject\",\"inLanguage\":\"de\",\"@id\":\"https:\\\/\\\/mixedbymarcmozart.com\\\/de\\\/product\\\/mix-temple-pro-fuer-logic-pro-x\\\/#primaryimage\",\"url\":\"https:\\\/\\\/mixedbymarcmozart.cdnport.com\\\/2022\\\/04\\\/xOBZah4n-MTP_Logic.jpg\",\"contentUrl\":\"https:\\\/\\\/mixedbymarcmozart.cdnport.com\\\/2022\\\/04\\\/xOBZah4n-MTP_Logic.jpg\",\"width\":800,\"height\":450},{\"@type\":\"BreadcrumbList\",\"@id\":\"https:\\\/\\\/mixedbymarcmozart.com\\\/de\\\/product\\\/mix-temple-pro-fuer-logic-pro-x\\\/#breadcrumb\",\"itemListElement\":[{\"@type\":\"ListItem\",\"position\":1,\"name\":\"Home\",\"item\":\"https:\\\/\\\/mixedbymarcmozart.com\\\/de\\\/\"},{\"@type\":\"ListItem\",\"position\":2,\"name\":\"shop-archive\",\"item\":\"https:\\\/\\\/mixedbymarcmozart.com\\\/de\\\/shop-archive\\\/\"},{\"@type\":\"ListItem\",\"position\":3,\"name\":\"MIX TEMPLE PRO f\u00fcr Logic Pro X\"}]},{\"@type\":\"WebSite\",\"@id\":\"https:\\\/\\\/mixedbymarcmozart.com\\\/#website\",\"url\":\"https:\\\/\\\/mixedbymarcmozart.com\\\/\",\"name\":\"Mixed by Marc Mozart\",\"description\":\"YOUR MIX SUCKS \u2022 MIX TEMPLE \u2022 MASTER FEEDBACK\",\"potentialAction\":[{\"@type\":\"SearchAction\",\"target\":{\"@type\":\"EntryPoint\",\"urlTemplate\":\"https:\\\/\\\/mixedbymarcmozart.com\\\/?s={search_term_string}\"},\"query-input\":{\"@type\":\"PropertyValueSpecification\",\"valueRequired\":true,\"valueName\":\"search_term_string\"}}],\"inLanguage\":\"de\"}]}<\/script>\n<!-- \/ Yoast SEO plugin. -->","yoast_head_json":{"title":"MIX TEMPLE PRO f\u00fcr Logic Pro X - Mixed by Marc Mozart","robots":{"index":"index","follow":"follow","max-snippet":"max-snippet:-1","max-image-preview":"max-image-preview:large","max-video-preview":"max-video-preview:-1"},"canonical":"https:\/\/mixedbymarcmozart.com\/de\/product\/mix-temple-pro-fuer-logic-pro-x\/","schema":{"@context":"https:\/\/schema.org","@graph":[{"@type":"WebPage","@id":"https:\/\/mixedbymarcmozart.com\/de\/product\/mix-temple-pro-fuer-logic-pro-x\/","url":"https:\/\/mixedbymarcmozart.com\/de\/product\/mix-temple-pro-fuer-logic-pro-x\/","name":"MIX TEMPLE PRO f\u00fcr Logic Pro X - Mixed by Marc Mozart","isPartOf":{"@id":"https:\/\/mixedbymarcmozart.com\/#website"},"primaryImageOfPage":{"@id":"https:\/\/mixedbymarcmozart.com\/de\/product\/mix-temple-pro-fuer-logic-pro-x\/#primaryimage"},"image":{"@id":"https:\/\/mixedbymarcmozart.com\/de\/product\/mix-temple-pro-fuer-logic-pro-x\/#primaryimage"},"thumbnailUrl":"https:\/\/mixedbymarcmozart.cdnport.com\/2022\/04\/xOBZah4n-MTP_Logic.jpg","datePublished":"2018-12-25T10:44:00+00:00","dateModified":"2022-02-11T15:40:58+00:00","breadcrumb":{"@id":"https:\/\/mixedbymarcmozart.com\/de\/product\/mix-temple-pro-fuer-logic-pro-x\/#breadcrumb"},"inLanguage":"de","potentialAction":[{"@type":"ReadAction","target":["https:\/\/mixedbymarcmozart.com\/de\/product\/mix-temple-pro-fuer-logic-pro-x\/"]}]},{"@type":"ImageObject","inLanguage":"de","@id":"https:\/\/mixedbymarcmozart.com\/de\/product\/mix-temple-pro-fuer-logic-pro-x\/#primaryimage","url":"https:\/\/mixedbymarcmozart.cdnport.com\/2022\/04\/xOBZah4n-MTP_Logic.jpg","contentUrl":"https:\/\/mixedbymarcmozart.cdnport.com\/2022\/04\/xOBZah4n-MTP_Logic.jpg","width":800,"height":450},{"@type":"BreadcrumbList","@id":"https:\/\/mixedbymarcmozart.com\/de\/product\/mix-temple-pro-fuer-logic-pro-x\/#breadcrumb","itemListElement":[{"@type":"ListItem","position":1,"name":"Home","item":"https:\/\/mixedbymarcmozart.com\/de\/"},{"@type":"ListItem","position":2,"name":"shop-archive","item":"https:\/\/mixedbymarcmozart.com\/de\/shop-archive\/"},{"@type":"ListItem","position":3,"name":"MIX TEMPLE PRO f\u00fcr Logic Pro X"}]},{"@type":"WebSite","@id":"https:\/\/mixedbymarcmozart.com\/#website","url":"https:\/\/mixedbymarcmozart.com\/","name":"Mixed by Marc Mozart","description":"YOUR MIX SUCKS \u2022 MIX TEMPLE \u2022 MASTER FEEDBACK","potentialAction":[{"@type":"SearchAction","target":{"@type":"EntryPoint","urlTemplate":"https:\/\/mixedbymarcmozart.com\/?s={search_term_string}"},"query-input":{"@type":"PropertyValueSpecification","valueRequired":true,"valueName":"search_term_string"}}],"inLanguage":"de"}]}},"_links":{"self":[{"href":"https:\/\/mixedbymarcmozart.com\/de\/wp-json\/wp\/v2\/product\/39166","targetHints":{"allow":["GET"]}}],"collection":[{"href":"https:\/\/mixedbymarcmozart.com\/de\/wp-json\/wp\/v2\/product"}],"about":[{"href":"https:\/\/mixedbymarcmozart.com\/de\/wp-json\/wp\/v2\/types\/product"}],"wp:featuredmedia":[{"embeddable":true,"href":"https:\/\/mixedbymarcmozart.com\/de\/wp-json\/wp\/v2\/media\/66207"}],"wp:attachment":[{"href":"https:\/\/mixedbymarcmozart.com\/de\/wp-json\/wp\/v2\/media?parent=39166"}],"wp:term":[{"taxonomy":"product_cat","embeddable":true,"href":"https:\/\/mixedbymarcmozart.com\/de\/wp-json\/wp\/v2\/product_cat?post=39166"},{"taxonomy":"product_tag","embeddable":true,"href":"https:\/\/mixedbymarcmozart.com\/de\/wp-json\/wp\/v2\/product_tag?post=39166"},{"taxonomy":"woo-feed-brand","embeddable":true,"href":"https:\/\/mixedbymarcmozart.com\/de\/wp-json\/wp\/v2\/woo-feed-brand?post=39166"}],"curies":[{"name":"wp","href":"https:\/\/api.w.org\/{rel}","templated":true}]}}