{"id":194200,"date":"2021-07-28T15:25:10","date_gmt":"2021-07-28T13:25:10","guid":{"rendered":"https:\/\/mixedbymarcmozart.com\/product\/master-temple-pro-for-cubase\/"},"modified":"2022-04-08T11:37:01","modified_gmt":"2022-04-08T09:37:01","slug":"master-temple-pro-for-cubase","status":"publish","type":"product","link":"https:\/\/mixedbymarcmozart.com\/de\/product\/master-temple-pro-for-cubase\/","title":{"rendered":"MASTER TEMPLE PRO f\u00fcr Cubase"},"content":{"rendered":"<p><a href=\"https:\/\/mixedbymarcmozart.com\/de\/master-temple-pro\/\">Master Temple PRO<\/a> ist ein Template, welches einen einfach verst\u00e4ndlichen Ansatz zum Mastering bietet. Dazu haben wir ein innovatives <strong>4-Block System<\/strong> entwickelt.<\/p>\n<p><b>1.Block &#8211; Surgical:<\/b> Hier nehmen wir alles raus, was nicht gebraucht wird. Dr\u00f6hnende B\u00e4sse, nervige Mittenresonanzen, scharfe Hi-Hats &#8211; all das wird hier gezielt reduziert.<\/p>\n<p><b>2.Block &#8211; Shaping:<\/b> Hier geben wir dem Track die gewisse W\u00fcrze. \ud83e\uddc2Breite EQ-Boosts und -Cuts formen das Master ebenso wie die Wahl des richtigen Bus-Kompressors.<\/p>\n<p><b>3. Block &#8211; General: <\/b>Alles ist m\u00f6glich! Du brauchst Mid\/Sid EQing? Ist schon am Start! Ein bisschen Bands\u00e4ttigung? Kein Problem! Multiband Kompression? Am Start!<\/p>\n<p><b>4. Block &#8211; Level: <\/b>Ziemlich selbsterkl\u00e4rend, oder? Hier stellen wir den endg\u00fcltigen Pegel f\u00fcr Deinen Track ein, damit er in der modernen Musikwelt konkurrenzf\u00e4hig ist.<\/p>\n<p>H\u00f6rt sich komplex an? Keine Sorge &#8211; <strong>Wir haben eine Menge Presets f\u00fcr alle vier Bl\u00f6cke erstellt.<\/strong> Mit dabei sind die gr\u00f6\u00dften Mastering-Plugin-Hersteller wie Waves, iZotope&#8217;s Ozone 9, Plugin Alliance, FabFilter und Slate Digital. Weitere Hersteller kommen im Laufe der n\u00e4chsten Monate noch kostenlos dazu.<\/p>\n<p>Du hast KEINE Plugins von Drittanbietern? Keine Problem &#8211; Du kannst komplett ohne Drittplugins arbeiten &#8211; wir liefern hervorragend klingende Plugin-Presets mit, die auf Cubase internen Plugins basieren!<\/p>\n<p>Au\u00dferdem gibt es von jedem Block und Hersteller drei grobe Intensit\u00e4ten: <strong>Natural<\/strong>, <strong>Tight<\/strong> und <strong>Loud&amp;Heavy<\/strong>. Das Mischen und Anpassen von Presets von verschiedenen Herstellern ist dank des 4-Block Systems kein Problem!<\/p>\n<p><strong>Mit Master Temple PRO liefern wir Dir die das beste VU-Meter mit, das wir kennen! Das mvMeter2 von TBProAudio.<\/strong><\/p>\n<p>Jeder Mastering Engineer wird dir versichern, wie wichtig es ist, die Pegel und das Gain Staging in der gesamten Signalkette im Blick zu halten.\u00a0Das Plugin wird direkt von uns mitgeliefert &#8211; es ist keine extra Registrierung oder Kauf erforderlich!<\/p>\n<p>Zus\u00e4tzlich erh\u00e4ltst Du ein eBook (in englischer Sprache), welches dir einen tieferen Einblick in das Mastering und die Philosophien hinter unserem Template gibt. Mastering ist so viel mehr als Plugins, Signalketten und der richtige Pegel.\u00a0Au\u00dferdem verraten wir Euch all unser Wissen im Umgang mit Kunden, Deadlines, eMail Kommunikation und vieles mehr.<\/p>\n<p><strong>Du ben\u00f6tigst Cubase Pro 11 oder h\u00f6her, um Master Temple PRO f\u00fcr Cubase verwenden zu k\u00f6nnen!<\/strong><\/p>\n<p>Trailer<\/p>\n<p><iframe loading=\"lazy\" title=\"YouTube video player\" src=\"https:\/\/www.youtube.com\/embed\/f93NwQKOmPM\" width=\"560\" height=\"315\" frameborder=\"0\" allowfullscreen=\"allowfullscreen\"><\/iframe><\/p>\n<p>Workflow Tutorial Video<\/p>\n<p><iframe loading=\"lazy\" title=\"YouTube video player\" src=\"https:\/\/www.youtube-nocookie.com\/embed\/OCla0aIO0P0\" width=\"560\" height=\"315\" frameborder=\"0\" allowfullscreen=\"allowfullscreen\"><\/iframe><\/p>\n","protected":false},"excerpt":{"rendered":"<h2><b>MASTER TEMPLE PRO f\u00fcr Cubase 11\/12<\/b><\/h2>\n<p>Mastering ist f\u00fcr viele Musiker ein Mysterium. Klar, es geht um die richtige Lautst\u00e4rke, Balance, und Stereo Wahrnehmung &#8211; aber wie kommt man da hin? Was sind die genauen Schritte?<\/p>\n<p><b>Um diese Fragen zu beantworten, haben wir <\/b><a href=\"https:\/\/mixedbymarcmozart.com\/de\/master-temple-pro\/\"><b>MASTER TEMPLE PRO<\/b><\/a><b> entwickelt. Wir wollen Dir die Tools und das Wissen geben, um Deine eigenen Tracks zu mastern, ohne den \u00dcberblick zu verlieren!<\/b><\/p>\n","protected":false},"featured_media":207734,"template":"","meta":[],"product_cat":[636,538,373],"product_tag":[],"woo-feed-brand":[],"class_list":{"0":"post-194200","1":"product","2":"type-product","3":"status-publish","4":"has-post-thumbnail","6":"product_cat-master-temple-de","7":"product_cat-mbmm-de","8":"product_cat-templates-de","9":"description-off","11":"first","12":"instock","13":"sale","14":"downloadable","15":"virtual","16":"taxable","17":"purchasable","18":"product-type-simple"},"bundled_by":[],"bundle_stock_status":"instock","bundle_stock_quantity":null,"bundle_virtual":false,"bundle_layout":"","bundle_add_to_cart_form_location":"","bundle_editable_in_cart":false,"bundle_sold_individually_context":"","bundle_item_grouping":"","bundle_min_size":"","bundle_max_size":"","bundled_items":[],"yoast_head":"<!-- This site is optimized with the Yoast SEO plugin v27.3 - https:\/\/yoast.com\/product\/yoast-seo-wordpress\/ -->\n<title>MASTER TEMPLE PRO f\u00fcr Cubase - Mixed by Marc Mozart<\/title>\n<meta name=\"robots\" content=\"index, follow, max-snippet:-1, max-image-preview:large, max-video-preview:-1\" \/>\n<link rel=\"canonical\" href=\"https:\/\/mixedbymarcmozart.com\/de\/product\/master-temple-pro-for-cubase\/\" \/>\n<script type=\"application\/ld+json\" class=\"yoast-schema-graph\">{\"@context\":\"https:\\\/\\\/schema.org\",\"@graph\":[{\"@type\":\"WebPage\",\"@id\":\"https:\\\/\\\/mixedbymarcmozart.com\\\/de\\\/product\\\/master-temple-pro-for-cubase\\\/\",\"url\":\"https:\\\/\\\/mixedbymarcmozart.com\\\/de\\\/product\\\/master-temple-pro-for-cubase\\\/\",\"name\":\"MASTER TEMPLE PRO f\u00fcr Cubase - Mixed by Marc Mozart\",\"isPartOf\":{\"@id\":\"https:\\\/\\\/mixedbymarcmozart.com\\\/#website\"},\"primaryImageOfPage\":{\"@id\":\"https:\\\/\\\/mixedbymarcmozart.com\\\/de\\\/product\\\/master-temple-pro-for-cubase\\\/#primaryimage\"},\"image\":{\"@id\":\"https:\\\/\\\/mixedbymarcmozart.com\\\/de\\\/product\\\/master-temple-pro-for-cubase\\\/#primaryimage\"},\"thumbnailUrl\":\"https:\\\/\\\/mixedbymarcmozart.cdnport.com\\\/2022\\\/04\\\/Master-Temple_Cubase_16_9_small-1-590x332-1.jpg\",\"datePublished\":\"2021-07-28T13:25:10+00:00\",\"dateModified\":\"2022-04-08T09:37:01+00:00\",\"breadcrumb\":{\"@id\":\"https:\\\/\\\/mixedbymarcmozart.com\\\/de\\\/product\\\/master-temple-pro-for-cubase\\\/#breadcrumb\"},\"inLanguage\":\"de\",\"potentialAction\":[{\"@type\":\"ReadAction\",\"target\":[\"https:\\\/\\\/mixedbymarcmozart.com\\\/de\\\/product\\\/master-temple-pro-for-cubase\\\/\"]}]},{\"@type\":\"ImageObject\",\"inLanguage\":\"de\",\"@id\":\"https:\\\/\\\/mixedbymarcmozart.com\\\/de\\\/product\\\/master-temple-pro-for-cubase\\\/#primaryimage\",\"url\":\"https:\\\/\\\/mixedbymarcmozart.cdnport.com\\\/2022\\\/04\\\/Master-Temple_Cubase_16_9_small-1-590x332-1.jpg\",\"contentUrl\":\"https:\\\/\\\/mixedbymarcmozart.cdnport.com\\\/2022\\\/04\\\/Master-Temple_Cubase_16_9_small-1-590x332-1.jpg\",\"width\":590,\"height\":332},{\"@type\":\"BreadcrumbList\",\"@id\":\"https:\\\/\\\/mixedbymarcmozart.com\\\/de\\\/product\\\/master-temple-pro-for-cubase\\\/#breadcrumb\",\"itemListElement\":[{\"@type\":\"ListItem\",\"position\":1,\"name\":\"Home\",\"item\":\"https:\\\/\\\/mixedbymarcmozart.com\\\/de\\\/\"},{\"@type\":\"ListItem\",\"position\":2,\"name\":\"shop-archive\",\"item\":\"https:\\\/\\\/mixedbymarcmozart.com\\\/de\\\/shop-archive\\\/\"},{\"@type\":\"ListItem\",\"position\":3,\"name\":\"MASTER TEMPLE PRO f\u00fcr Cubase\"}]},{\"@type\":\"WebSite\",\"@id\":\"https:\\\/\\\/mixedbymarcmozart.com\\\/#website\",\"url\":\"https:\\\/\\\/mixedbymarcmozart.com\\\/\",\"name\":\"Mixed by Marc Mozart\",\"description\":\"YOUR MIX SUCKS \u2022 MIX TEMPLE \u2022 MASTER FEEDBACK\",\"potentialAction\":[{\"@type\":\"SearchAction\",\"target\":{\"@type\":\"EntryPoint\",\"urlTemplate\":\"https:\\\/\\\/mixedbymarcmozart.com\\\/?s={search_term_string}\"},\"query-input\":{\"@type\":\"PropertyValueSpecification\",\"valueRequired\":true,\"valueName\":\"search_term_string\"}}],\"inLanguage\":\"de\"}]}<\/script>\n<!-- \/ Yoast SEO plugin. -->","yoast_head_json":{"title":"MASTER TEMPLE PRO f\u00fcr Cubase - Mixed by Marc Mozart","robots":{"index":"index","follow":"follow","max-snippet":"max-snippet:-1","max-image-preview":"max-image-preview:large","max-video-preview":"max-video-preview:-1"},"canonical":"https:\/\/mixedbymarcmozart.com\/de\/product\/master-temple-pro-for-cubase\/","schema":{"@context":"https:\/\/schema.org","@graph":[{"@type":"WebPage","@id":"https:\/\/mixedbymarcmozart.com\/de\/product\/master-temple-pro-for-cubase\/","url":"https:\/\/mixedbymarcmozart.com\/de\/product\/master-temple-pro-for-cubase\/","name":"MASTER TEMPLE PRO f\u00fcr Cubase - Mixed by Marc Mozart","isPartOf":{"@id":"https:\/\/mixedbymarcmozart.com\/#website"},"primaryImageOfPage":{"@id":"https:\/\/mixedbymarcmozart.com\/de\/product\/master-temple-pro-for-cubase\/#primaryimage"},"image":{"@id":"https:\/\/mixedbymarcmozart.com\/de\/product\/master-temple-pro-for-cubase\/#primaryimage"},"thumbnailUrl":"https:\/\/mixedbymarcmozart.cdnport.com\/2022\/04\/Master-Temple_Cubase_16_9_small-1-590x332-1.jpg","datePublished":"2021-07-28T13:25:10+00:00","dateModified":"2022-04-08T09:37:01+00:00","breadcrumb":{"@id":"https:\/\/mixedbymarcmozart.com\/de\/product\/master-temple-pro-for-cubase\/#breadcrumb"},"inLanguage":"de","potentialAction":[{"@type":"ReadAction","target":["https:\/\/mixedbymarcmozart.com\/de\/product\/master-temple-pro-for-cubase\/"]}]},{"@type":"ImageObject","inLanguage":"de","@id":"https:\/\/mixedbymarcmozart.com\/de\/product\/master-temple-pro-for-cubase\/#primaryimage","url":"https:\/\/mixedbymarcmozart.cdnport.com\/2022\/04\/Master-Temple_Cubase_16_9_small-1-590x332-1.jpg","contentUrl":"https:\/\/mixedbymarcmozart.cdnport.com\/2022\/04\/Master-Temple_Cubase_16_9_small-1-590x332-1.jpg","width":590,"height":332},{"@type":"BreadcrumbList","@id":"https:\/\/mixedbymarcmozart.com\/de\/product\/master-temple-pro-for-cubase\/#breadcrumb","itemListElement":[{"@type":"ListItem","position":1,"name":"Home","item":"https:\/\/mixedbymarcmozart.com\/de\/"},{"@type":"ListItem","position":2,"name":"shop-archive","item":"https:\/\/mixedbymarcmozart.com\/de\/shop-archive\/"},{"@type":"ListItem","position":3,"name":"MASTER TEMPLE PRO f\u00fcr Cubase"}]},{"@type":"WebSite","@id":"https:\/\/mixedbymarcmozart.com\/#website","url":"https:\/\/mixedbymarcmozart.com\/","name":"Mixed by Marc Mozart","description":"YOUR MIX SUCKS \u2022 MIX TEMPLE \u2022 MASTER FEEDBACK","potentialAction":[{"@type":"SearchAction","target":{"@type":"EntryPoint","urlTemplate":"https:\/\/mixedbymarcmozart.com\/?s={search_term_string}"},"query-input":{"@type":"PropertyValueSpecification","valueRequired":true,"valueName":"search_term_string"}}],"inLanguage":"de"}]}},"_links":{"self":[{"href":"https:\/\/mixedbymarcmozart.com\/de\/wp-json\/wp\/v2\/product\/194200","targetHints":{"allow":["GET"]}}],"collection":[{"href":"https:\/\/mixedbymarcmozart.com\/de\/wp-json\/wp\/v2\/product"}],"about":[{"href":"https:\/\/mixedbymarcmozart.com\/de\/wp-json\/wp\/v2\/types\/product"}],"wp:featuredmedia":[{"embeddable":true,"href":"https:\/\/mixedbymarcmozart.com\/de\/wp-json\/wp\/v2\/media\/207734"}],"wp:attachment":[{"href":"https:\/\/mixedbymarcmozart.com\/de\/wp-json\/wp\/v2\/media?parent=194200"}],"wp:term":[{"taxonomy":"product_cat","embeddable":true,"href":"https:\/\/mixedbymarcmozart.com\/de\/wp-json\/wp\/v2\/product_cat?post=194200"},{"taxonomy":"product_tag","embeddable":true,"href":"https:\/\/mixedbymarcmozart.com\/de\/wp-json\/wp\/v2\/product_tag?post=194200"},{"taxonomy":"woo-feed-brand","embeddable":true,"href":"https:\/\/mixedbymarcmozart.com\/de\/wp-json\/wp\/v2\/woo-feed-brand?post=194200"}],"curies":[{"name":"wp","href":"https:\/\/api.w.org\/{rel}","templated":true}]}}