{"id":124313,"date":"2019-11-08T11:59:47","date_gmt":"2019-11-12T13:11:35","guid":{"rendered":"https:\/\/mixedbymarcmozart.com\/?post_type=product&#038;p=124313"},"modified":"2021-12-17T17:24:32","modified_gmt":"2021-12-17T16:24:32","slug":"mix-temple-pro-for-ableton-live-10","status":"publish","type":"product","link":"https:\/\/mixedbymarcmozart.com\/de\/product\/mix-temple-pro-for-ableton-live-10\/","title":{"rendered":"MIX TEMPLE PRO f\u00fcr Ableton Live"},"content":{"rendered":"<h3>Die wichtigsten Features auf einen Blick:<\/h3>\n<ul>\n<li><b><\/b><b>Zeit sparen \u2013 <\/b>Die von Marc Mozart eingerichteten Signalketten dienen als zeitsparender Startpunkt f\u00fcr deine Mixentscheidungen. Mix Temple PRO kommt mit einer ganzen Sammlung von Track Presets passend zu jedem Instrument. So verschwendest du keine kreative Zeit mehr mit dem Laden von einzelnen Plugins.<\/li>\n<\/ul>\n<ul>\n<li><b><\/b><b>Halls of Fame Reverbs \u2013 <\/b>Mix Temple PRO liefert dir die Marc Mozart Edition des Reverb Plugins \u201eHalls of Fame\u201c mit: Die Impulse Responses der besten Settings von f\u00fcnf legend\u00e4ren Hardware-Reverbs.<\/li>\n<li><b><\/b><b>Sei Effektiv \u2013 <\/b>Eine ganze Bank von weltklasse Effekten wie Delays, Reverbs und Modulation f\u00fcr Vocals, R\u00e4ume f\u00fcr Drums oder orchestrale Konzerthallen stehen dir von Anfang an zur Verf\u00fcgung.<\/li>\n<li><b><\/b><b>Volle Kontrolle \u2013 <\/b>Mix Temple PRO mischt deine Mixe nicht f\u00fcr dich \u2013 du hast stets volle Workflow-Kontrolle und kannst Routings individualisieren und ab\u00e4ndern.<\/li>\n<\/ul>\n<p><b>L\u00e4uft hervorragend auch ohne Dritt-Plugins<span class=\"Apple-converted-space\">\u00a0<\/span><\/b><\/p>\n<p>Live 10 &amp; 11 hat einige leistungsstarke Plugins \u2013 diese k\u00f6nnen in Mix Temple PRO Ihre volle Power entfalten. Egal ob Kompressoren, Filter, EQs, Saturations-<span class=\"Apple-converted-space\">\u00a0 <\/span>oder Modulationseffekte: Alle sind Mix Tools auf hohem Niveau. Verwende sie, wenn Du also ein hochwertiges, neutrales Processing suchst und gleichzeitig CPU-Leistung sparen willst.<\/p>\n<p><b>Unterst\u00fctzt viele Plugin-Hersteller<\/b><\/p>\n<p>Du arbeitest mit gekauften 3rd-party Plugins? Kein Problem: Mix Temple PRO f\u00fcr LIVE 10 &amp; 11 unterst\u00fctzt folgende Plugin-Hersteller. Lade einfach die Track Presets der Plugins, die Du besitzt.<\/p>\n<ul>\n<li>Universal Audio<\/li>\n<li>FabFilter<\/li>\n<li>Native Instruments Komplete<\/li>\n<li>iZotope Ozone v8&amp;9 \/ Neutron v2&amp;3 \/ Nectar v2&amp;3<\/li>\n<li>Waves Audio<\/li>\n<li>Slate Digital<\/li>\n<\/ul>\n<p><strong>Du ben\u00f6tigst Ableton Live Standard 10.1.2 oder h\u00f6her, um Mix Temple PRO verwenden zu k\u00f6nnen.<\/strong><\/p>\n<p>&nbsp;<\/p>\n<p><iframe loading=\"lazy\" src=\"https:\/\/www.youtube-nocookie.com\/embed\/zfymDfbyeZo\" width=\"560\" height=\"315\" frameborder=\"0\" allowfullscreen=\"allowfullscreen\"><\/iframe><\/p>\n","protected":false},"excerpt":{"rendered":"<h2><b>MIX TEMPLE PRO f\u00fcr Ableton Live 10 &amp; 11<\/b><\/h2>\n<p>Mix Temple PRO \u2013 der Startpunkt f\u00fcr deinen n\u00e4chsten Mix. Massive Channel Strip Library \u2013 unterst\u00fctzt Waves, iZotope, und Slate Digital.\u00a0<b>Mitgeliefert:<\/b> Halls of Fame Reverb Plugin mit Impulse Responses von 5 legend\u00e4ren Hardware Reverbs<\/p>\n","protected":false},"featured_media":124297,"template":"","meta":[],"product_cat":[643,538,373],"product_tag":[],"woo-feed-brand":[],"class_list":{"0":"post-124313","1":"product","2":"type-product","3":"status-publish","4":"has-post-thumbnail","6":"product_cat-mix-temple-de","7":"product_cat-mbmm-de","8":"product_cat-templates-de","9":"description-off","11":"first","12":"instock","13":"sale","14":"featured","15":"downloadable","16":"virtual","17":"taxable","18":"purchasable","19":"product-type-simple"},"bundled_by":[],"bundle_stock_status":"instock","bundle_stock_quantity":null,"bundle_virtual":false,"bundle_layout":"","bundle_add_to_cart_form_location":"","bundle_editable_in_cart":false,"bundle_sold_individually_context":"","bundle_item_grouping":"","bundle_min_size":"","bundle_max_size":"","bundled_items":[],"yoast_head":"<!-- This site is optimized with the Yoast SEO plugin v27.5 - https:\/\/yoast.com\/product\/yoast-seo-wordpress\/ -->\n<title>MIX TEMPLE PRO f\u00fcr Ableton Live - Mixed by Marc Mozart<\/title>\n<meta name=\"robots\" content=\"index, follow, max-snippet:-1, max-image-preview:large, max-video-preview:-1\" \/>\n<link rel=\"canonical\" href=\"https:\/\/mixedbymarcmozart.com\/de\/product\/mix-temple-pro-for-ableton-live-10\/\" \/>\n<script type=\"application\/ld+json\" class=\"yoast-schema-graph\">{\"@context\":\"https:\\\/\\\/schema.org\",\"@graph\":[{\"@type\":\"WebPage\",\"@id\":\"https:\\\/\\\/mixedbymarcmozart.com\\\/de\\\/product\\\/mix-temple-pro-for-ableton-live-10\\\/\",\"url\":\"https:\\\/\\\/mixedbymarcmozart.com\\\/de\\\/product\\\/mix-temple-pro-for-ableton-live-10\\\/\",\"name\":\"MIX TEMPLE PRO f\u00fcr Ableton Live - Mixed by Marc Mozart\",\"isPartOf\":{\"@id\":\"https:\\\/\\\/mixedbymarcmozart.com\\\/#website\"},\"primaryImageOfPage\":{\"@id\":\"https:\\\/\\\/mixedbymarcmozart.com\\\/de\\\/product\\\/mix-temple-pro-for-ableton-live-10\\\/#primaryimage\"},\"image\":{\"@id\":\"https:\\\/\\\/mixedbymarcmozart.com\\\/de\\\/product\\\/mix-temple-pro-for-ableton-live-10\\\/#primaryimage\"},\"thumbnailUrl\":\"https:\\\/\\\/mixedbymarcmozart.cdnport.com\\\/2022\\\/04\\\/ukDbdPTH-MTPRO_ABLETON.jpg\",\"datePublished\":\"2019-11-12T13:11:35+00:00\",\"dateModified\":\"2021-12-17T16:24:32+00:00\",\"breadcrumb\":{\"@id\":\"https:\\\/\\\/mixedbymarcmozart.com\\\/de\\\/product\\\/mix-temple-pro-for-ableton-live-10\\\/#breadcrumb\"},\"inLanguage\":\"de\",\"potentialAction\":[{\"@type\":\"ReadAction\",\"target\":[\"https:\\\/\\\/mixedbymarcmozart.com\\\/de\\\/product\\\/mix-temple-pro-for-ableton-live-10\\\/\"]}]},{\"@type\":\"ImageObject\",\"inLanguage\":\"de\",\"@id\":\"https:\\\/\\\/mixedbymarcmozart.com\\\/de\\\/product\\\/mix-temple-pro-for-ableton-live-10\\\/#primaryimage\",\"url\":\"https:\\\/\\\/mixedbymarcmozart.cdnport.com\\\/2022\\\/04\\\/ukDbdPTH-MTPRO_ABLETON.jpg\",\"contentUrl\":\"https:\\\/\\\/mixedbymarcmozart.cdnport.com\\\/2022\\\/04\\\/ukDbdPTH-MTPRO_ABLETON.jpg\",\"width\":800,\"height\":450},{\"@type\":\"BreadcrumbList\",\"@id\":\"https:\\\/\\\/mixedbymarcmozart.com\\\/de\\\/product\\\/mix-temple-pro-for-ableton-live-10\\\/#breadcrumb\",\"itemListElement\":[{\"@type\":\"ListItem\",\"position\":1,\"name\":\"Home\",\"item\":\"https:\\\/\\\/mixedbymarcmozart.com\\\/de\\\/\"},{\"@type\":\"ListItem\",\"position\":2,\"name\":\"shop-archive\",\"item\":\"https:\\\/\\\/mixedbymarcmozart.com\\\/de\\\/shop-archive\\\/\"},{\"@type\":\"ListItem\",\"position\":3,\"name\":\"MIX TEMPLE PRO f\u00fcr Ableton Live\"}]},{\"@type\":\"WebSite\",\"@id\":\"https:\\\/\\\/mixedbymarcmozart.com\\\/#website\",\"url\":\"https:\\\/\\\/mixedbymarcmozart.com\\\/\",\"name\":\"Mixed by Marc Mozart\",\"description\":\"YOUR MIX SUCKS \u2022 MIX TEMPLE \u2022 MASTER FEEDBACK\",\"potentialAction\":[{\"@type\":\"SearchAction\",\"target\":{\"@type\":\"EntryPoint\",\"urlTemplate\":\"https:\\\/\\\/mixedbymarcmozart.com\\\/?s={search_term_string}\"},\"query-input\":{\"@type\":\"PropertyValueSpecification\",\"valueRequired\":true,\"valueName\":\"search_term_string\"}}],\"inLanguage\":\"de\"}]}<\/script>\n<!-- \/ Yoast SEO plugin. -->","yoast_head_json":{"title":"MIX TEMPLE PRO f\u00fcr Ableton Live - Mixed by Marc Mozart","robots":{"index":"index","follow":"follow","max-snippet":"max-snippet:-1","max-image-preview":"max-image-preview:large","max-video-preview":"max-video-preview:-1"},"canonical":"https:\/\/mixedbymarcmozart.com\/de\/product\/mix-temple-pro-for-ableton-live-10\/","schema":{"@context":"https:\/\/schema.org","@graph":[{"@type":"WebPage","@id":"https:\/\/mixedbymarcmozart.com\/de\/product\/mix-temple-pro-for-ableton-live-10\/","url":"https:\/\/mixedbymarcmozart.com\/de\/product\/mix-temple-pro-for-ableton-live-10\/","name":"MIX TEMPLE PRO f\u00fcr Ableton Live - Mixed by Marc Mozart","isPartOf":{"@id":"https:\/\/mixedbymarcmozart.com\/#website"},"primaryImageOfPage":{"@id":"https:\/\/mixedbymarcmozart.com\/de\/product\/mix-temple-pro-for-ableton-live-10\/#primaryimage"},"image":{"@id":"https:\/\/mixedbymarcmozart.com\/de\/product\/mix-temple-pro-for-ableton-live-10\/#primaryimage"},"thumbnailUrl":"https:\/\/mixedbymarcmozart.cdnport.com\/2022\/04\/ukDbdPTH-MTPRO_ABLETON.jpg","datePublished":"2019-11-12T13:11:35+00:00","dateModified":"2021-12-17T16:24:32+00:00","breadcrumb":{"@id":"https:\/\/mixedbymarcmozart.com\/de\/product\/mix-temple-pro-for-ableton-live-10\/#breadcrumb"},"inLanguage":"de","potentialAction":[{"@type":"ReadAction","target":["https:\/\/mixedbymarcmozart.com\/de\/product\/mix-temple-pro-for-ableton-live-10\/"]}]},{"@type":"ImageObject","inLanguage":"de","@id":"https:\/\/mixedbymarcmozart.com\/de\/product\/mix-temple-pro-for-ableton-live-10\/#primaryimage","url":"https:\/\/mixedbymarcmozart.cdnport.com\/2022\/04\/ukDbdPTH-MTPRO_ABLETON.jpg","contentUrl":"https:\/\/mixedbymarcmozart.cdnport.com\/2022\/04\/ukDbdPTH-MTPRO_ABLETON.jpg","width":800,"height":450},{"@type":"BreadcrumbList","@id":"https:\/\/mixedbymarcmozart.com\/de\/product\/mix-temple-pro-for-ableton-live-10\/#breadcrumb","itemListElement":[{"@type":"ListItem","position":1,"name":"Home","item":"https:\/\/mixedbymarcmozart.com\/de\/"},{"@type":"ListItem","position":2,"name":"shop-archive","item":"https:\/\/mixedbymarcmozart.com\/de\/shop-archive\/"},{"@type":"ListItem","position":3,"name":"MIX TEMPLE PRO f\u00fcr Ableton Live"}]},{"@type":"WebSite","@id":"https:\/\/mixedbymarcmozart.com\/#website","url":"https:\/\/mixedbymarcmozart.com\/","name":"Mixed by Marc Mozart","description":"YOUR MIX SUCKS \u2022 MIX TEMPLE \u2022 MASTER FEEDBACK","potentialAction":[{"@type":"SearchAction","target":{"@type":"EntryPoint","urlTemplate":"https:\/\/mixedbymarcmozart.com\/?s={search_term_string}"},"query-input":{"@type":"PropertyValueSpecification","valueRequired":true,"valueName":"search_term_string"}}],"inLanguage":"de"}]}},"_links":{"self":[{"href":"https:\/\/mixedbymarcmozart.com\/de\/wp-json\/wp\/v2\/product\/124313","targetHints":{"allow":["GET"]}}],"collection":[{"href":"https:\/\/mixedbymarcmozart.com\/de\/wp-json\/wp\/v2\/product"}],"about":[{"href":"https:\/\/mixedbymarcmozart.com\/de\/wp-json\/wp\/v2\/types\/product"}],"wp:featuredmedia":[{"embeddable":true,"href":"https:\/\/mixedbymarcmozart.com\/de\/wp-json\/wp\/v2\/media\/124297"}],"wp:attachment":[{"href":"https:\/\/mixedbymarcmozart.com\/de\/wp-json\/wp\/v2\/media?parent=124313"}],"wp:term":[{"taxonomy":"product_cat","embeddable":true,"href":"https:\/\/mixedbymarcmozart.com\/de\/wp-json\/wp\/v2\/product_cat?post=124313"},{"taxonomy":"product_tag","embeddable":true,"href":"https:\/\/mixedbymarcmozart.com\/de\/wp-json\/wp\/v2\/product_tag?post=124313"},{"taxonomy":"woo-feed-brand","embeddable":true,"href":"https:\/\/mixedbymarcmozart.com\/de\/wp-json\/wp\/v2\/woo-feed-brand?post=124313"}],"curies":[{"name":"wp","href":"https:\/\/api.w.org\/{rel}","templated":true}]}}