{"id":55610,"date":"2019-05-27T17:20:59","date_gmt":"2019-05-27T15:20:59","guid":{"rendered":"https:\/\/mixedbymarcmozart.com\/?page_id=55610"},"modified":"2020-11-10T17:04:39","modified_gmt":"2020-11-10T16:04:39","slug":"tutorials-mix-temple-pro-fuer-studio-one","status":"publish","type":"page","link":"https:\/\/mixedbymarcmozart.com\/de\/tutorials-mix-temple-pro-fuer-studio-one\/","title":{"rendered":"Tutorials f\u00fcr Mix Temple PRO f\u00fcr Studio One"},"content":{"rendered":"<div class=\"wpb-content-wrapper\"><p>[vc_row][vc_column]<div class=\"dt-fancy-separator title-left h2-size title-color\" style=\"width: 100%;\"><div class=\"dt-fancy-title\"><span class=\"separator-holder separator-left\"><\/span>Tutorials: Mix Temple Pro f\u00fcr Studio One<span class=\"separator-holder separator-right\"><\/span><\/div><\/div><div class=\"ult-spacer spacer-69e0858e7151d\" data-id=\"69e0858e7151d\" data-height=\"10\" data-height-mobile=\"5\" data-height-tab=\"\" data-height-tab-portrait=\"\" data-height-mobile-landscape=\"\" style=\"clear:both;display:block;\"><\/div>[\/vc_column][\/vc_row][vc_row][vc_column][vc_column_text]<a href=\"https:\/\/mixedbymarcmozart.com\/de\/tutorials-mix-temple-pro-fuer-logic-pro-x\/\">Tutorials f\u00fcr Mix Temple PRO f\u00fcr Logic Pro X<\/a><br \/>\n<a href=\"https:\/\/mixedbymarcmozart.com\/de\/tutorials-mix-temple-pro-fuer-pro-tools\/\">Tutorials f\u00fcr Mix Temple PRO f\u00fcr Pro Tools<\/a><br \/>\n<a href=\"https:\/\/mixedbymarcmozart.com\/de\/tutorials-mix-temple-pro-fuer-cubase\/\">Tutorials f\u00fcr Mix Temple PRO f\u00fcr Cubase<\/a><br \/>\n<a href=\"https:\/\/mixedbymarcmozart.com\/de\/tutorials-mix-temple-pro-fuer-ableton-live\/\">Tutorials f\u00fcr Mix Temple PRO f\u00fcr Ableton Live 10<\/a>[\/vc_column_text][\/vc_column][\/vc_row][vc_row][vc_column][vc_column_text]David hat f\u00fcr euch ein Tutorial f\u00fcr Mix Temple PRO aufgenommen. Hier erf\u00e4hrst du alles wichtige \u00fcber das Template.<\/p>\n<p>Von der prinzipiellen Funktionsweise her sind die Versionen f\u00fcr alle DAWs fast identisch, unterscheiden sich aber in Details, da jeder DAW-Hersteller die Funktionen anders implementiert hat.[\/vc_column_text][\/vc_column][\/vc_row][vc_row][vc_column][vc_video link=&#8220;https:\/\/youtu.be\/XxL3mnoPkYk&#8220;][\/vc_column][\/vc_row][vc_row][vc_column][vc_column_text]<br \/>\nThema Halls of Fame | Marc Mozart Edition &#8211; so installierst Du das Reverb Plugin!<\/p>\n<p>[\/vc_column_text][\/vc_column][\/vc_row][vc_row][vc_column][vc_video link=&#8220;https:\/\/youtu.be\/YCD0qEOGPc8&#8243;][\/vc_column][\/vc_row][vc_row][vc_column][vc_column_text]<\/p>\n<p>Falls Du noch keine Lizenz besitzt, kannst Du <a href=\"https:\/\/mixedbymarcmozart.com\/de\/mix-temple-pro\/?lang=de\">Mix Temple PRO f\u00fcr viele DAWs hier kaufen<\/a>.<\/p>\n<p>[\/vc_column_text][\/vc_column][\/vc_row][vc_column][\/vc_column]<\/p>\n<\/div>","protected":false},"excerpt":{"rendered":"<p>[vc_row][vc_column][\/vc_column][\/vc_row][vc_row][vc_column][vc_column_text]Tutorials f\u00fcr Mix Temple PRO f\u00fcr Logic Pro X Tutorials f\u00fcr Mix Temple PRO f\u00fcr Pro Tools Tutorials f\u00fcr Mix Temple PRO f\u00fcr Cubase Tutorials f\u00fcr Mix Temple PRO f\u00fcr Ableton Live 10[\/vc_column_text][\/vc_column][\/vc_row][vc_row][vc_column][vc_column_text]David hat f\u00fcr euch ein Tutorial f\u00fcr Mix Temple PRO aufgenommen. Hier erf\u00e4hrst du alles wichtige \u00fcber das Template. Von der prinzipiellen Funktionsweise&hellip;<\/p>\n","protected":false},"author":1,"featured_media":0,"parent":0,"menu_order":0,"comment_status":"closed","ping_status":"closed","template":"","meta":{"footnotes":""},"class_list":["post-55610","page","type-page","status-publish","hentry","description-off"],"yoast_head":"<!-- This site is optimized with the Yoast SEO plugin v27.4 - https:\/\/yoast.com\/product\/yoast-seo-wordpress\/ -->\n<title>Tutorials f\u00fcr Mix Temple PRO f\u00fcr Studio One - Mixed by Marc Mozart<\/title>\n<meta name=\"robots\" content=\"index, follow, max-snippet:-1, max-image-preview:large, max-video-preview:-1\" \/>\n<link rel=\"canonical\" href=\"https:\/\/mixedbymarcmozart.com\/de\/tutorials-mix-temple-pro-fuer-studio-one\/\" \/>\n<script type=\"application\/ld+json\" class=\"yoast-schema-graph\">{\"@context\":\"https:\\\/\\\/schema.org\",\"@graph\":[{\"@type\":\"WebPage\",\"@id\":\"https:\\\/\\\/mixedbymarcmozart.com\\\/de\\\/tutorials-mix-temple-pro-fuer-studio-one\\\/\",\"url\":\"https:\\\/\\\/mixedbymarcmozart.com\\\/de\\\/tutorials-mix-temple-pro-fuer-studio-one\\\/\",\"name\":\"Tutorials f\u00fcr Mix Temple PRO f\u00fcr Studio One - Mixed by Marc Mozart\",\"isPartOf\":{\"@id\":\"https:\\\/\\\/mixedbymarcmozart.com\\\/#website\"},\"datePublished\":\"2019-05-27T15:20:59+00:00\",\"dateModified\":\"2020-11-10T16:04:39+00:00\",\"breadcrumb\":{\"@id\":\"https:\\\/\\\/mixedbymarcmozart.com\\\/de\\\/tutorials-mix-temple-pro-fuer-studio-one\\\/#breadcrumb\"},\"inLanguage\":\"de\",\"potentialAction\":[{\"@type\":\"ReadAction\",\"target\":[\"https:\\\/\\\/mixedbymarcmozart.com\\\/de\\\/tutorials-mix-temple-pro-fuer-studio-one\\\/\"]}]},{\"@type\":\"BreadcrumbList\",\"@id\":\"https:\\\/\\\/mixedbymarcmozart.com\\\/de\\\/tutorials-mix-temple-pro-fuer-studio-one\\\/#breadcrumb\",\"itemListElement\":[{\"@type\":\"ListItem\",\"position\":1,\"name\":\"Home\",\"item\":\"https:\\\/\\\/mixedbymarcmozart.com\\\/de\\\/\"},{\"@type\":\"ListItem\",\"position\":2,\"name\":\"Tutorials f\u00fcr Mix Temple PRO f\u00fcr Studio One\"}]},{\"@type\":\"WebSite\",\"@id\":\"https:\\\/\\\/mixedbymarcmozart.com\\\/#website\",\"url\":\"https:\\\/\\\/mixedbymarcmozart.com\\\/\",\"name\":\"Mixed by Marc Mozart\",\"description\":\"YOUR MIX SUCKS \u2022 MIX TEMPLE \u2022 MASTER FEEDBACK\",\"potentialAction\":[{\"@type\":\"SearchAction\",\"target\":{\"@type\":\"EntryPoint\",\"urlTemplate\":\"https:\\\/\\\/mixedbymarcmozart.com\\\/?s={search_term_string}\"},\"query-input\":{\"@type\":\"PropertyValueSpecification\",\"valueRequired\":true,\"valueName\":\"search_term_string\"}}],\"inLanguage\":\"de\"}]}<\/script>\n<!-- \/ Yoast SEO plugin. -->","yoast_head_json":{"title":"Tutorials f\u00fcr Mix Temple PRO f\u00fcr Studio One - Mixed by Marc Mozart","robots":{"index":"index","follow":"follow","max-snippet":"max-snippet:-1","max-image-preview":"max-image-preview:large","max-video-preview":"max-video-preview:-1"},"canonical":"https:\/\/mixedbymarcmozart.com\/de\/tutorials-mix-temple-pro-fuer-studio-one\/","schema":{"@context":"https:\/\/schema.org","@graph":[{"@type":"WebPage","@id":"https:\/\/mixedbymarcmozart.com\/de\/tutorials-mix-temple-pro-fuer-studio-one\/","url":"https:\/\/mixedbymarcmozart.com\/de\/tutorials-mix-temple-pro-fuer-studio-one\/","name":"Tutorials f\u00fcr Mix Temple PRO f\u00fcr Studio One - Mixed by Marc Mozart","isPartOf":{"@id":"https:\/\/mixedbymarcmozart.com\/#website"},"datePublished":"2019-05-27T15:20:59+00:00","dateModified":"2020-11-10T16:04:39+00:00","breadcrumb":{"@id":"https:\/\/mixedbymarcmozart.com\/de\/tutorials-mix-temple-pro-fuer-studio-one\/#breadcrumb"},"inLanguage":"de","potentialAction":[{"@type":"ReadAction","target":["https:\/\/mixedbymarcmozart.com\/de\/tutorials-mix-temple-pro-fuer-studio-one\/"]}]},{"@type":"BreadcrumbList","@id":"https:\/\/mixedbymarcmozart.com\/de\/tutorials-mix-temple-pro-fuer-studio-one\/#breadcrumb","itemListElement":[{"@type":"ListItem","position":1,"name":"Home","item":"https:\/\/mixedbymarcmozart.com\/de\/"},{"@type":"ListItem","position":2,"name":"Tutorials f\u00fcr Mix Temple PRO f\u00fcr Studio One"}]},{"@type":"WebSite","@id":"https:\/\/mixedbymarcmozart.com\/#website","url":"https:\/\/mixedbymarcmozart.com\/","name":"Mixed by Marc Mozart","description":"YOUR MIX SUCKS \u2022 MIX TEMPLE \u2022 MASTER FEEDBACK","potentialAction":[{"@type":"SearchAction","target":{"@type":"EntryPoint","urlTemplate":"https:\/\/mixedbymarcmozart.com\/?s={search_term_string}"},"query-input":{"@type":"PropertyValueSpecification","valueRequired":true,"valueName":"search_term_string"}}],"inLanguage":"de"}]}},"_links":{"self":[{"href":"https:\/\/mixedbymarcmozart.com\/de\/wp-json\/wp\/v2\/pages\/55610","targetHints":{"allow":["GET"]}}],"collection":[{"href":"https:\/\/mixedbymarcmozart.com\/de\/wp-json\/wp\/v2\/pages"}],"about":[{"href":"https:\/\/mixedbymarcmozart.com\/de\/wp-json\/wp\/v2\/types\/page"}],"author":[{"embeddable":true,"href":"https:\/\/mixedbymarcmozart.com\/de\/wp-json\/wp\/v2\/users\/1"}],"replies":[{"embeddable":true,"href":"https:\/\/mixedbymarcmozart.com\/de\/wp-json\/wp\/v2\/comments?post=55610"}],"version-history":[{"count":0,"href":"https:\/\/mixedbymarcmozart.com\/de\/wp-json\/wp\/v2\/pages\/55610\/revisions"}],"wp:attachment":[{"href":"https:\/\/mixedbymarcmozart.com\/de\/wp-json\/wp\/v2\/media?parent=55610"}],"curies":[{"name":"wp","href":"https:\/\/api.w.org\/{rel}","templated":true}]}}