{"id":55335,"date":"2019-05-17T22:05:14","date_gmt":"2019-05-17T20:05:14","guid":{"rendered":"https:\/\/mixedbymarcmozart.com\/?page_id=55335"},"modified":"2020-11-10T17:00:46","modified_gmt":"2020-11-10T16:00:46","slug":"tutorials-mix-temple-pro-fuer-logic-pro-x","status":"publish","type":"page","link":"https:\/\/mixedbymarcmozart.com\/de\/tutorials-mix-temple-pro-fuer-logic-pro-x\/","title":{"rendered":"Tutorials: Mix Temple PRO f\u00fcr Logic Pro X"},"content":{"rendered":"<div class=\"wpb-content-wrapper\"><p>[vc_row][vc_column]<div class=\"dt-fancy-separator title-left h2-size title-color\" style=\"width: 100%;\"><div class=\"dt-fancy-title\"><span class=\"separator-holder separator-left\"><\/span>Tutorials: Mix Temple Pro f\u00fcr Logic Pro X<span class=\"separator-holder separator-right\"><\/span><\/div><\/div><div class=\"ult-spacer spacer-69e2046a29d5b\" data-id=\"69e2046a29d5b\" data-height=\"10\" data-height-mobile=\"5\" data-height-tab=\"\" data-height-tab-portrait=\"\" data-height-mobile-landscape=\"\" style=\"clear:both;display:block;\"><\/div>[\/vc_column][\/vc_row][vc_row][vc_column][vc_column_text]<a href=\"https:\/\/mixedbymarcmozart.com\/de\/tutorials-mix-temple-pro-fuer-pro-tools\/\">Tutorials f\u00fcr Mix Temple PRO f\u00fcr Pro Tools<\/a><br \/>\n<a href=\"https:\/\/mixedbymarcmozart.com\/de\/tutorials-mix-temple-pro-fuer-cubase\/\">Tutorials f\u00fcr Mix Temple PRO f\u00fcr Cubase<\/a><br \/>\n<a href=\"https:\/\/mixedbymarcmozart.com\/de\/tutorials-mix-temple-pro-fuer-ableton-live\/\">Tutorials f\u00fcr Mix Temple PRO f\u00fcr Ableton Live 10<\/a><br \/>\n<a href=\"https:\/\/mixedbymarcmozart.com\/de\/tutorials-mix-temple-pro-fuer-studio-one\/\">Tutorials f\u00fcr Mix Temple PRO f\u00fcr Studio One<\/a>[\/vc_column_text][\/vc_column][\/vc_row][vc_row][vc_column][vc_column_text]<\/p>\n<p>Nick hat f\u00fcr Euch 3 Tutorials f\u00fcr Mix Temple PRO aufgenommen. In der ersten Folge geht es um das eigentliche Template, und wie das Routing und Gain Staging strukturiert ist.<\/p>\n<p>Von der prinzipiellen Funktionsweise her sind die Versionen f\u00fcr alle DAWs fast identisch, unterscheiden sich aber in Details, da jeder DAW-Hersteller die Funktionen anders implementiert hat. Wir werden in K\u00fcrze auch f\u00fcr alle anderen erh\u00e4ltlichen DAWs Tutorials zu Mix Temple PRO ver\u00f6ffentlichen.<\/p>\n<p><a href=\"https:\/\/mixedbymarcmozart.com\/de\/mix-temple-pro\/?lang=de\">Hier kannst Du rausfinden, ob Mix Temple PRO schon f\u00fcr Deine DAW erh\u00e4ltlich ist.<\/a><\/p>\n<p>[\/vc_column_text][\/vc_column][\/vc_row][vc_row][vc_column][vc_video link=&#8220;https:\/\/youtu.be\/f7sz_QH2NOU&#8220;][\/vc_column][\/vc_row][vc_row][vc_column][vc_column_text]<\/p>\n<p>In Folge 2 geht es um die Channel Strip Library von Mix Temple PRO.<\/p>\n<p>[\/vc_column_text][\/vc_column][\/vc_row][vc_row][vc_column][vc_video link=&#8220;https:\/\/youtu.be\/7ZSSFjn3NTE&#8220;][\/vc_column][\/vc_row][vc_row][vc_column][vc_column_text]<\/p>\n<p>In Folge 3 bespechen wir das elegante Routing der Effekte, sowie das mitgelieferte Reverb-Plugin &#8222;Halls of Fame&#8220;.<\/p>\n<p>[\/vc_column_text][\/vc_column][\/vc_row][vc_row][vc_column][vc_video link=&#8220;https:\/\/youtu.be\/6iFqGxKithI&#8220;][\/vc_column][\/vc_row][vc_row][vc_column][vc_column_text]<\/p>\n<p>Thema Halls of Fame | Marc Mozart Edition &#8211; so installierst Du das Reverb Plugin!<\/p>\n<p>[\/vc_column_text][\/vc_column][\/vc_row][vc_row][vc_column][vc_video link=&#8220;https:\/\/youtu.be\/YCD0qEOGPc8&#8243;][\/vc_column][\/vc_row][vc_row][vc_column][vc_column_text]<\/p>\n<p>Falls Du noch keine Lizenz besitzt, kannst Du <a href=\"https:\/\/mixedbymarcmozart.com\/de\/mix-temple-pro\/?lang=de\">Mix Temple PRO f\u00fcr viele DAWs hier kaufen<\/a>.<\/p>\n<p>[\/vc_column_text][\/vc_column][\/vc_row]<\/p>\n<\/div>","protected":false},"excerpt":{"rendered":"<p>[vc_row][vc_column][\/vc_column][\/vc_row][vc_row][vc_column][vc_column_text]Tutorials f\u00fcr Mix Temple PRO f\u00fcr Pro Tools Tutorials f\u00fcr Mix Temple PRO f\u00fcr Cubase Tutorials f\u00fcr Mix Temple PRO f\u00fcr Ableton Live 10 Tutorials f\u00fcr Mix Temple PRO f\u00fcr Studio One[\/vc_column_text][\/vc_column][\/vc_row][vc_row][vc_column][vc_column_text] Nick hat f\u00fcr Euch 3 Tutorials f\u00fcr Mix Temple PRO aufgenommen. In der ersten Folge geht es um das eigentliche Template, und wie&hellip;<\/p>\n","protected":false},"author":1,"featured_media":0,"parent":0,"menu_order":0,"comment_status":"closed","ping_status":"closed","template":"","meta":{"footnotes":""},"class_list":["post-55335","page","type-page","status-publish","hentry","description-off"],"yoast_head":"<!-- This site is optimized with the Yoast SEO plugin v27.4 - https:\/\/yoast.com\/product\/yoast-seo-wordpress\/ -->\n<title>Tutorials: Mix Temple PRO f\u00fcr Logic Pro X - Mixed by Marc Mozart<\/title>\n<meta name=\"robots\" content=\"index, follow, max-snippet:-1, max-image-preview:large, max-video-preview:-1\" \/>\n<link rel=\"canonical\" href=\"https:\/\/mixedbymarcmozart.com\/de\/tutorials-mix-temple-pro-fuer-logic-pro-x\/\" \/>\n<script type=\"application\/ld+json\" class=\"yoast-schema-graph\">{\"@context\":\"https:\\\/\\\/schema.org\",\"@graph\":[{\"@type\":\"WebPage\",\"@id\":\"https:\\\/\\\/mixedbymarcmozart.com\\\/de\\\/tutorials-mix-temple-pro-fuer-logic-pro-x\\\/\",\"url\":\"https:\\\/\\\/mixedbymarcmozart.com\\\/de\\\/tutorials-mix-temple-pro-fuer-logic-pro-x\\\/\",\"name\":\"Tutorials: Mix Temple PRO f\u00fcr Logic Pro X - Mixed by Marc Mozart\",\"isPartOf\":{\"@id\":\"https:\\\/\\\/mixedbymarcmozart.com\\\/#website\"},\"datePublished\":\"2019-05-17T20:05:14+00:00\",\"dateModified\":\"2020-11-10T16:00:46+00:00\",\"breadcrumb\":{\"@id\":\"https:\\\/\\\/mixedbymarcmozart.com\\\/de\\\/tutorials-mix-temple-pro-fuer-logic-pro-x\\\/#breadcrumb\"},\"inLanguage\":\"de\",\"potentialAction\":[{\"@type\":\"ReadAction\",\"target\":[\"https:\\\/\\\/mixedbymarcmozart.com\\\/de\\\/tutorials-mix-temple-pro-fuer-logic-pro-x\\\/\"]}]},{\"@type\":\"BreadcrumbList\",\"@id\":\"https:\\\/\\\/mixedbymarcmozart.com\\\/de\\\/tutorials-mix-temple-pro-fuer-logic-pro-x\\\/#breadcrumb\",\"itemListElement\":[{\"@type\":\"ListItem\",\"position\":1,\"name\":\"Home\",\"item\":\"https:\\\/\\\/mixedbymarcmozart.com\\\/de\\\/\"},{\"@type\":\"ListItem\",\"position\":2,\"name\":\"Tutorials: Mix Temple PRO f\u00fcr Logic Pro X\"}]},{\"@type\":\"WebSite\",\"@id\":\"https:\\\/\\\/mixedbymarcmozart.com\\\/#website\",\"url\":\"https:\\\/\\\/mixedbymarcmozart.com\\\/\",\"name\":\"Mixed by Marc Mozart\",\"description\":\"YOUR MIX SUCKS \u2022 MIX TEMPLE \u2022 MASTER FEEDBACK\",\"potentialAction\":[{\"@type\":\"SearchAction\",\"target\":{\"@type\":\"EntryPoint\",\"urlTemplate\":\"https:\\\/\\\/mixedbymarcmozart.com\\\/?s={search_term_string}\"},\"query-input\":{\"@type\":\"PropertyValueSpecification\",\"valueRequired\":true,\"valueName\":\"search_term_string\"}}],\"inLanguage\":\"de\"}]}<\/script>\n<!-- \/ Yoast SEO plugin. -->","yoast_head_json":{"title":"Tutorials: Mix Temple PRO f\u00fcr Logic Pro X - Mixed by Marc Mozart","robots":{"index":"index","follow":"follow","max-snippet":"max-snippet:-1","max-image-preview":"max-image-preview:large","max-video-preview":"max-video-preview:-1"},"canonical":"https:\/\/mixedbymarcmozart.com\/de\/tutorials-mix-temple-pro-fuer-logic-pro-x\/","schema":{"@context":"https:\/\/schema.org","@graph":[{"@type":"WebPage","@id":"https:\/\/mixedbymarcmozart.com\/de\/tutorials-mix-temple-pro-fuer-logic-pro-x\/","url":"https:\/\/mixedbymarcmozart.com\/de\/tutorials-mix-temple-pro-fuer-logic-pro-x\/","name":"Tutorials: Mix Temple PRO f\u00fcr Logic Pro X - Mixed by Marc Mozart","isPartOf":{"@id":"https:\/\/mixedbymarcmozart.com\/#website"},"datePublished":"2019-05-17T20:05:14+00:00","dateModified":"2020-11-10T16:00:46+00:00","breadcrumb":{"@id":"https:\/\/mixedbymarcmozart.com\/de\/tutorials-mix-temple-pro-fuer-logic-pro-x\/#breadcrumb"},"inLanguage":"de","potentialAction":[{"@type":"ReadAction","target":["https:\/\/mixedbymarcmozart.com\/de\/tutorials-mix-temple-pro-fuer-logic-pro-x\/"]}]},{"@type":"BreadcrumbList","@id":"https:\/\/mixedbymarcmozart.com\/de\/tutorials-mix-temple-pro-fuer-logic-pro-x\/#breadcrumb","itemListElement":[{"@type":"ListItem","position":1,"name":"Home","item":"https:\/\/mixedbymarcmozart.com\/de\/"},{"@type":"ListItem","position":2,"name":"Tutorials: Mix Temple PRO f\u00fcr Logic Pro X"}]},{"@type":"WebSite","@id":"https:\/\/mixedbymarcmozart.com\/#website","url":"https:\/\/mixedbymarcmozart.com\/","name":"Mixed by Marc Mozart","description":"YOUR MIX SUCKS \u2022 MIX TEMPLE \u2022 MASTER FEEDBACK","potentialAction":[{"@type":"SearchAction","target":{"@type":"EntryPoint","urlTemplate":"https:\/\/mixedbymarcmozart.com\/?s={search_term_string}"},"query-input":{"@type":"PropertyValueSpecification","valueRequired":true,"valueName":"search_term_string"}}],"inLanguage":"de"}]}},"_links":{"self":[{"href":"https:\/\/mixedbymarcmozart.com\/de\/wp-json\/wp\/v2\/pages\/55335","targetHints":{"allow":["GET"]}}],"collection":[{"href":"https:\/\/mixedbymarcmozart.com\/de\/wp-json\/wp\/v2\/pages"}],"about":[{"href":"https:\/\/mixedbymarcmozart.com\/de\/wp-json\/wp\/v2\/types\/page"}],"author":[{"embeddable":true,"href":"https:\/\/mixedbymarcmozart.com\/de\/wp-json\/wp\/v2\/users\/1"}],"replies":[{"embeddable":true,"href":"https:\/\/mixedbymarcmozart.com\/de\/wp-json\/wp\/v2\/comments?post=55335"}],"version-history":[{"count":0,"href":"https:\/\/mixedbymarcmozart.com\/de\/wp-json\/wp\/v2\/pages\/55335\/revisions"}],"wp:attachment":[{"href":"https:\/\/mixedbymarcmozart.com\/de\/wp-json\/wp\/v2\/media?parent=55335"}],"curies":[{"name":"wp","href":"https:\/\/api.w.org\/{rel}","templated":true}]}}