{"id":53734,"date":"2019-04-15T10:30:13","date_gmt":"2019-04-15T08:30:13","guid":{"rendered":"https:\/\/mixedbymarcmozart.com\/marc-mozart-%e2%80%a2-mix-engineer-%e2%80%a2-award-winning-music-producer-%e2%80%a2-internet-personality\/"},"modified":"2021-02-03T00:29:46","modified_gmt":"2021-02-02T23:29:46","slug":"marc-mozart-mix-engineer-award-winning-music-producer-internet-personality","status":"publish","type":"page","link":"https:\/\/mixedbymarcmozart.com\/de\/marc-mozart-mix-engineer-award-winning-music-producer-internet-personality\/","title":{"rendered":"Marc Mozart \u2022 Mix Engineer \u2022 Award-Winning Music Producer \u2022 Internet Personality"},"content":{"rendered":"<div class=\"wpb-content-wrapper\"><p>[vc_row margin_top=&#8220;0&#8243; margin_bottom=&#8220;0&#8243;][vc_column][vc_column_text]<br \/>\nMarc Mozart\u00a0is ein deutscher Musikproduzent und Mix Engineer.<br \/>\nZusammen mit seinem\u00a0Mozart &amp; Friends-Team hat Marc\u00a0\u00fcber 70 Bestseller in Charts rund um die Welt platziert, darunter Nummer 1-Singles und Alben, und zahlreiche Gold und Platinschallplatten daf\u00fcr entgegengenommen.<\/p>\n<p>Als Mix Engineer liefert Marc den h\u00f6chsten Qualit\u00e4tsstandard, und meistert viele Genres, von Hip-Hop, EDM, Pop bis Rock, Metal sowie Film\/TV-Scores und klassische Musik.<\/p>\n<p>Seine professionelle Homebase ist das Mozart &amp; Friends-Studio in der N\u00e4he von Frankfurt\/Main, wo die Basis seines Setups aus einem Solid State Logic (SSL) 4000 G-Series Mischpult\u00a0und B&amp;W 800-Series Lautsprechern besteht.<\/p>\n<p>Marc ist au\u00dferdem seit vielen Jahren Logic Pro-User, und verbindet die Welt der Plug-Ins mit analoger Tradition.<\/p>\n<p>Zu den K\u00fcnstlern und Projekten, f\u00fcr die er gemischt hat, geh\u00f6ren unter anderem\u00a0Lil Wayne, DMX, Busta Rhymes, Queensryche, Bob Marley, Sly Stone, The Chronicles of Narnia, und viele mehr..<br \/>\nAuch als Produzent hat Marc viele Millionen Platten verkauft, unter anderem als Songschreiber, Produzent und Mischer f\u00fcr Pop-Acts wie\u00a0<a href=\"https:\/\/en.wikipedia.org\/wiki\/Bro%27Sis\" target=\"_blank\" rel=\"noopener noreferrer\">Bro\u2019Sis<\/a>, <a href=\"https:\/\/en.wikipedia.org\/wiki\/Monrose\" target=\"_blank\" rel=\"noopener noreferrer\">Monrose<\/a>, <a href=\"https:\/\/en.wikipedia.org\/wiki\/No_Angels\" target=\"_blank\" rel=\"noopener noreferrer\">No Angels<\/a>, Jimi Blue, Cinema Bizarre, etc.<\/p>\n<p>Marc Mozart leitet au\u00dferdem das\u00a0Musikproduktions-, Management- und Musikverlags-Unternehmen\u00a0<a href=\"https:\/\/www.mozartandfriends.com\/\" target=\"_blank\" rel=\"noopener noreferrer\">Mozart &amp; Friends<\/a>.<\/p>\n<p>Mozart &amp; Friends besitzt Musikverlagsrechte von \u00fcber einem Dutzend Songschreibern rund um die Welt.<br \/>\nDie Firma arbeitet unter anderem in Partnerschaft mit dem legend\u00e4ren amerikanischen Musikmanager und Songschreiber Jack Ponti, mit dem Marc gemeinsam Songschreiber und Produzenten f\u00fcr den US-Markt entwickelt.<\/p>\n<p>[\/vc_column_text][\/vc_column][\/vc_row]<\/p>\n<\/div>","protected":false},"excerpt":{"rendered":"<p>[vc_row margin_top=&#8220;0&#8243; margin_bottom=&#8220;0&#8243;][vc_column][vc_column_text] Marc Mozart\u00a0is ein deutscher Musikproduzent und Mix Engineer. Zusammen mit seinem\u00a0Mozart &amp; Friends-Team hat Marc\u00a0\u00fcber 70 Bestseller in Charts rund um die Welt platziert, darunter Nummer 1-Singles und Alben, und zahlreiche Gold und Platinschallplatten daf\u00fcr entgegengenommen. Als Mix Engineer liefert Marc den h\u00f6chsten Qualit\u00e4tsstandard, und meistert viele Genres, von Hip-Hop, EDM, Pop&hellip;<\/p>\n","protected":false},"author":1,"featured_media":53748,"parent":0,"menu_order":0,"comment_status":"closed","ping_status":"closed","template":"","meta":{"footnotes":""},"class_list":["post-53734","page","type-page","status-publish","has-post-thumbnail","hentry","description-off"],"yoast_head":"<!-- This site is optimized with the Yoast SEO plugin v27.4 - https:\/\/yoast.com\/product\/yoast-seo-wordpress\/ -->\n<title>Marc Mozart \u2022 Mix Engineer \u2022 Award-Winning Music Producer \u2022 Internet Personality - Mixed by Marc Mozart<\/title>\n<meta name=\"description\" content=\"Mix Engineer \u2022 Producer \u2022 Marc Mozart \u2022 SSL 4000G Mixing Console\" \/>\n<meta name=\"robots\" content=\"index, follow, max-snippet:-1, max-image-preview:large, max-video-preview:-1\" \/>\n<link rel=\"canonical\" href=\"https:\/\/mixedbymarcmozart.com\/de\/marc-mozart-mix-engineer-award-winning-music-producer-internet-personality\/\" \/>\n<script type=\"application\/ld+json\" class=\"yoast-schema-graph\">{\"@context\":\"https:\\\/\\\/schema.org\",\"@graph\":[{\"@type\":\"WebPage\",\"@id\":\"https:\\\/\\\/mixedbymarcmozart.com\\\/de\\\/marc-mozart-mix-engineer-award-winning-music-producer-internet-personality\\\/\",\"url\":\"https:\\\/\\\/mixedbymarcmozart.com\\\/de\\\/marc-mozart-mix-engineer-award-winning-music-producer-internet-personality\\\/\",\"name\":\"Marc Mozart \u2022 Mix Engineer \u2022 Award-Winning Music Producer \u2022 Internet Personality - Mixed by Marc Mozart\",\"isPartOf\":{\"@id\":\"https:\\\/\\\/mixedbymarcmozart.com\\\/#website\"},\"primaryImageOfPage\":{\"@id\":\"https:\\\/\\\/mixedbymarcmozart.com\\\/de\\\/marc-mozart-mix-engineer-award-winning-music-producer-internet-personality\\\/#primaryimage\"},\"image\":{\"@id\":\"https:\\\/\\\/mixedbymarcmozart.com\\\/de\\\/marc-mozart-mix-engineer-award-winning-music-producer-internet-personality\\\/#primaryimage\"},\"thumbnailUrl\":\"https:\\\/\\\/mixedbymarcmozart.cdnport.com\\\/2022\\\/04\\\/IzLE7Yg9-Marc-Mozart-1.jpg\",\"datePublished\":\"2019-04-15T08:30:13+00:00\",\"dateModified\":\"2021-02-02T23:29:46+00:00\",\"description\":\"Mix Engineer \u2022 Producer \u2022 Marc Mozart \u2022 SSL 4000G Mixing Console\",\"breadcrumb\":{\"@id\":\"https:\\\/\\\/mixedbymarcmozart.com\\\/de\\\/marc-mozart-mix-engineer-award-winning-music-producer-internet-personality\\\/#breadcrumb\"},\"inLanguage\":\"de\",\"potentialAction\":[{\"@type\":\"ReadAction\",\"target\":[\"https:\\\/\\\/mixedbymarcmozart.com\\\/de\\\/marc-mozart-mix-engineer-award-winning-music-producer-internet-personality\\\/\"]}]},{\"@type\":\"ImageObject\",\"inLanguage\":\"de\",\"@id\":\"https:\\\/\\\/mixedbymarcmozart.com\\\/de\\\/marc-mozart-mix-engineer-award-winning-music-producer-internet-personality\\\/#primaryimage\",\"url\":\"https:\\\/\\\/mixedbymarcmozart.cdnport.com\\\/2022\\\/04\\\/IzLE7Yg9-Marc-Mozart-1.jpg\",\"contentUrl\":\"https:\\\/\\\/mixedbymarcmozart.cdnport.com\\\/2022\\\/04\\\/IzLE7Yg9-Marc-Mozart-1.jpg\",\"width\":1000,\"height\":600},{\"@type\":\"BreadcrumbList\",\"@id\":\"https:\\\/\\\/mixedbymarcmozart.com\\\/de\\\/marc-mozart-mix-engineer-award-winning-music-producer-internet-personality\\\/#breadcrumb\",\"itemListElement\":[{\"@type\":\"ListItem\",\"position\":1,\"name\":\"Home\",\"item\":\"https:\\\/\\\/mixedbymarcmozart.com\\\/de\\\/\"},{\"@type\":\"ListItem\",\"position\":2,\"name\":\"Marc Mozart \u2022 Mix Engineer \u2022 Award-Winning Music Producer \u2022 Internet Personality\"}]},{\"@type\":\"WebSite\",\"@id\":\"https:\\\/\\\/mixedbymarcmozart.com\\\/#website\",\"url\":\"https:\\\/\\\/mixedbymarcmozart.com\\\/\",\"name\":\"Mixed by Marc Mozart\",\"description\":\"YOUR MIX SUCKS \u2022 MIX TEMPLE \u2022 MASTER FEEDBACK\",\"potentialAction\":[{\"@type\":\"SearchAction\",\"target\":{\"@type\":\"EntryPoint\",\"urlTemplate\":\"https:\\\/\\\/mixedbymarcmozart.com\\\/?s={search_term_string}\"},\"query-input\":{\"@type\":\"PropertyValueSpecification\",\"valueRequired\":true,\"valueName\":\"search_term_string\"}}],\"inLanguage\":\"de\"}]}<\/script>\n<!-- \/ Yoast SEO plugin. -->","yoast_head_json":{"title":"Marc Mozart \u2022 Mix Engineer \u2022 Award-Winning Music Producer \u2022 Internet Personality - Mixed by Marc Mozart","description":"Mix Engineer \u2022 Producer \u2022 Marc Mozart \u2022 SSL 4000G Mixing Console","robots":{"index":"index","follow":"follow","max-snippet":"max-snippet:-1","max-image-preview":"max-image-preview:large","max-video-preview":"max-video-preview:-1"},"canonical":"https:\/\/mixedbymarcmozart.com\/de\/marc-mozart-mix-engineer-award-winning-music-producer-internet-personality\/","schema":{"@context":"https:\/\/schema.org","@graph":[{"@type":"WebPage","@id":"https:\/\/mixedbymarcmozart.com\/de\/marc-mozart-mix-engineer-award-winning-music-producer-internet-personality\/","url":"https:\/\/mixedbymarcmozart.com\/de\/marc-mozart-mix-engineer-award-winning-music-producer-internet-personality\/","name":"Marc Mozart \u2022 Mix Engineer \u2022 Award-Winning Music Producer \u2022 Internet Personality - Mixed by Marc Mozart","isPartOf":{"@id":"https:\/\/mixedbymarcmozart.com\/#website"},"primaryImageOfPage":{"@id":"https:\/\/mixedbymarcmozart.com\/de\/marc-mozart-mix-engineer-award-winning-music-producer-internet-personality\/#primaryimage"},"image":{"@id":"https:\/\/mixedbymarcmozart.com\/de\/marc-mozart-mix-engineer-award-winning-music-producer-internet-personality\/#primaryimage"},"thumbnailUrl":"https:\/\/mixedbymarcmozart.cdnport.com\/2022\/04\/IzLE7Yg9-Marc-Mozart-1.jpg","datePublished":"2019-04-15T08:30:13+00:00","dateModified":"2021-02-02T23:29:46+00:00","description":"Mix Engineer \u2022 Producer \u2022 Marc Mozart \u2022 SSL 4000G Mixing Console","breadcrumb":{"@id":"https:\/\/mixedbymarcmozart.com\/de\/marc-mozart-mix-engineer-award-winning-music-producer-internet-personality\/#breadcrumb"},"inLanguage":"de","potentialAction":[{"@type":"ReadAction","target":["https:\/\/mixedbymarcmozart.com\/de\/marc-mozart-mix-engineer-award-winning-music-producer-internet-personality\/"]}]},{"@type":"ImageObject","inLanguage":"de","@id":"https:\/\/mixedbymarcmozart.com\/de\/marc-mozart-mix-engineer-award-winning-music-producer-internet-personality\/#primaryimage","url":"https:\/\/mixedbymarcmozart.cdnport.com\/2022\/04\/IzLE7Yg9-Marc-Mozart-1.jpg","contentUrl":"https:\/\/mixedbymarcmozart.cdnport.com\/2022\/04\/IzLE7Yg9-Marc-Mozart-1.jpg","width":1000,"height":600},{"@type":"BreadcrumbList","@id":"https:\/\/mixedbymarcmozart.com\/de\/marc-mozart-mix-engineer-award-winning-music-producer-internet-personality\/#breadcrumb","itemListElement":[{"@type":"ListItem","position":1,"name":"Home","item":"https:\/\/mixedbymarcmozart.com\/de\/"},{"@type":"ListItem","position":2,"name":"Marc Mozart \u2022 Mix Engineer \u2022 Award-Winning Music Producer \u2022 Internet Personality"}]},{"@type":"WebSite","@id":"https:\/\/mixedbymarcmozart.com\/#website","url":"https:\/\/mixedbymarcmozart.com\/","name":"Mixed by Marc Mozart","description":"YOUR MIX SUCKS \u2022 MIX TEMPLE \u2022 MASTER FEEDBACK","potentialAction":[{"@type":"SearchAction","target":{"@type":"EntryPoint","urlTemplate":"https:\/\/mixedbymarcmozart.com\/?s={search_term_string}"},"query-input":{"@type":"PropertyValueSpecification","valueRequired":true,"valueName":"search_term_string"}}],"inLanguage":"de"}]}},"_links":{"self":[{"href":"https:\/\/mixedbymarcmozart.com\/de\/wp-json\/wp\/v2\/pages\/53734","targetHints":{"allow":["GET"]}}],"collection":[{"href":"https:\/\/mixedbymarcmozart.com\/de\/wp-json\/wp\/v2\/pages"}],"about":[{"href":"https:\/\/mixedbymarcmozart.com\/de\/wp-json\/wp\/v2\/types\/page"}],"author":[{"embeddable":true,"href":"https:\/\/mixedbymarcmozart.com\/de\/wp-json\/wp\/v2\/users\/1"}],"replies":[{"embeddable":true,"href":"https:\/\/mixedbymarcmozart.com\/de\/wp-json\/wp\/v2\/comments?post=53734"}],"version-history":[{"count":0,"href":"https:\/\/mixedbymarcmozart.com\/de\/wp-json\/wp\/v2\/pages\/53734\/revisions"}],"wp:featuredmedia":[{"embeddable":true,"href":"https:\/\/mixedbymarcmozart.com\/de\/wp-json\/wp\/v2\/media\/53748"}],"wp:attachment":[{"href":"https:\/\/mixedbymarcmozart.com\/de\/wp-json\/wp\/v2\/media?parent=53734"}],"curies":[{"name":"wp","href":"https:\/\/api.w.org\/{rel}","templated":true}]}}