{"id":37211,"date":"2018-09-25T15:52:47","date_gmt":"2018-09-25T13:52:47","guid":{"rendered":"https:\/\/mixedbymarcmozart.com\/?page_id=37211"},"modified":"2019-11-13T14:04:43","modified_gmt":"2019-11-13T13:04:43","slug":"digital-transformation","status":"publish","type":"page","link":"https:\/\/mixedbymarcmozart.com\/de\/digital-transformation\/","title":{"rendered":"Social Media Coaching"},"content":{"rendered":"<div class=\"wpb-content-wrapper\"><p>[vc_row][vc_column][vc_column_text]<\/p>\n<h3>Social Media Coaching<\/h3>\n<div class=\"page\" title=\"Page 1\">\n<div class=\"section\">\n<div class=\"layoutArea\">\n<div class=\"column\">\n<p class=\"\">Du bist Komponist, betreibst ein Tonstudio oder bist anderweitig am Erstellungsprozess von Musik beteiligt?\u00a0Du f\u00fchlst, dass du mehr (oder \u00fcberhaupt) auf Facebook, Instagram und Youtube machen m\u00fcsstest, um<\/p>\n<ul>\n<li>deinen <strong>Umsatz<\/strong> zu <strong>steigern<\/strong><\/li>\n<li>direkt &#8211; und ohne Mittelsm\u00e4nner &#8211; mit <strong>neuen Kunden<\/strong> in Kontakt zu treten<\/li>\n<\/ul>\n<p>Aber:\u00a0Du wei\u00dft nicht, welche Kan\u00e4le du mit welchen Inhalten bespielen sollst? Du fragst dich, wie die Inhalte \u00fcberhaupt erstellen bzw. sie technisch korrekt in Umlauf bringen kannst?\u00a0Alle diese Fragen beantworten wir dir im \u201eSocial Media Coaching\u201c mit Marc Mozart.\u00a0<br class=\"\" \/>Auf Basis deines Inputs erarbeiten wir gemeinsam den Ansatz f\u00fcr deine individuelle Social-Media- Strategie.\u00a0Damit schaffen wir zusammen:<\/p>\n<ul>\n<li>die Grundlage f\u00fcr die <strong>digitale Transformation<\/strong> deiner Audio-Marke<\/li>\n<li>die <strong>Sichtbarkeit<\/strong> deiner Audio-Marke im Internet zu erh\u00f6hen<\/li>\n<li>die <strong>Etablierung<\/strong> deiner Marke in relevanten Social-Medienkan\u00e4len voranzutreiben<\/li>\n<\/ul>\n<p class=\"\">Gemeinsam mit den weiteren 9 Teilnehmern sorgen wir f\u00fcr gegenseitigen Wissenszuwachs und dienen als Kickstarter f\u00fcr deine digitale Pro-Audio Brand.\u00a0Um pers\u00f6nliches Feedback und individuelles \u201e1:1\u201c zu garantieren, ist die Teilnehmeranzahl ist auf max. 10 Teilnehmer begrenzt. Um Wissenszuwachs zu unterst\u00fctzen, stellen wir dir Unterlagen f\u00fcr Notizen bereit, die den Rahmen der besprochenen Inhalte widerspiegeln. Detaillierte Inhalte kannst du so entlang dieses Leitfadens strukturiert und bequem selber fassen.<\/p>\n<\/div>\n<\/div>\n<\/div>\n<\/div>\n<p>[\/vc_column_text][\/vc_column][\/vc_row][vc_row][vc_column][vc_column_text]<\/p>\n<h3>Kompletter Leistungsumfang<\/h3>\n<p><strong>Vor Kursbeginn:<\/strong><\/p>\n<ul>\n<li>Erz\u00e4hl uns von deinen Fragen rund um Social Media. Was willst du mit mehr Medienpr\u00e4senz erreichen? Im pers\u00f6nlichen Telefonat im Vorfeld des Coachings sammeln wir deine wichtigsten Fragen. Diese werden wir garantiert ansprechen und l\u00f6sen. So hast stellen wir maximalen Nutzen f\u00fcr dich sicher!<\/li>\n<li>Durch <span class=\"\">eine\u00a0<\/span>Vorab-Analyse der von dir bespielten Social-Media-Kan\u00e4le machen wir uns einen Eindruck \u00fcber den Status Quo deiner digitalen Kommunikation und nehmen sie als Ausgangspunkt f\u00fcr deine Individuelle Beratung.<\/li>\n<\/ul>\n<p>[\/vc_column_text][\/vc_column][\/vc_row][vc_row][vc_column][vc_column_text]<\/p>\n<h3>Konkreter Kursinhalte<\/h3>\n<p><strong>1. Die Grundlagen:<\/strong><\/p>\n<ul>\n<li>Die Content-Strategie am Beispiel\u00a0\u201eMixed By Marc Mozart\u201c:<\/li>\n<li>Was ist mein Produkt, welchen Nutzen biete ich den Kunden?<\/li>\n<li>Social Media Kan\u00e4le: Welche gibt es und wof\u00fcr sind sie gut?<\/li>\n<li>Deep Dive: Instagram \/ Facebook \/ Youtube \/ Podcast\n<ul>\n<li>Instagram: Die Influencer-Platform mit dem \u201eHashstag\u201c<\/li>\n<li>Facebook: Von Facebook-Live zu Sponsored Posts<\/li>\n<li>Youtube: Das neue Fernsehen?<\/li>\n<li>Podcasting: Radio 2.0<\/li>\n<\/ul>\n<\/li>\n<\/ul>\n<p>Nach dem Aufbereiten der Grundlagen wenden wir dieses wissen auf die individuelle Situation eines jeden Teilnehmers an, um gemeinsam die Grundidee f\u00fcr eine Kommunikationsstrategie zu entwickeln.<\/p>\n<p class=\"\"><strong>2. Der individuelle Ansatz:<\/strong><\/p>\n<ul>\n<li>Welche Formate passen zu meiner Marke?<\/li>\n<li>Welche Inhalte funktionieren f\u00fcr meine Kommunikationsabsichten am besten?<\/li>\n<li>Wie erschaffe ich diese Inhalte sowohl konzeptionell wie technisch<\/li>\n<li>Praxisbeispiel &#8222;Facebook-Live&#8220;: Keine Angst vor der Kamera!<\/li>\n<\/ul>\n<p>[\/vc_column_text][\/vc_column][\/vc_row][vc_row][vc_column][vc_column_text]<\/p>\n<h3>Nach dem Coaching:<\/h3>\n<p>Wir m\u00f6chten deine Fortschritte in den sozialen Medien auch \u00fcber den Kurs hinaus begleiten und unterst\u00fctzen. Daher stehen wir dir auch \u00fcber das konkrete Seminar hinaus f\u00fcr ein Jahr f\u00fcr R\u00fcckfragen stets bereit.[\/vc_column_text][\/vc_column][\/vc_row][vc_row][vc_column][vc_column_text]<\/p>\n<h3>Timing und Dauer<\/h3>\n<p>Kontaktiert uns gerne per Mail f\u00fcr Termine! Ein Coaching Tag ist wie folgt strukturiert:<\/p>\n<ul>\n<li>Ankunft bis 09:00 Uhr: \u201eIntro\u201c im Studio.<\/li>\n<li>10:00 Uhr bis 12:30 Uhr: Seminarinhalte<\/li>\n<li>12:30 Uhr bis 13:15 Uhr: Flying Lunch<\/li>\n<li>13:15 Uhr bis 15.00 Uhr: Seminarinhalte<\/li>\n<li>15:00 Uhr bis 15:30 Uhr: Kaffeepause incl. kleiner Snacks<\/li>\n<li>15:30 Uhr bis 19:00 Uhr: Seminarinhalte<\/li>\n<\/ul>\n<p>Zudem f\u00fcr dich Im Preis inbegriffen ist:<\/p>\n<div class=\"page\" title=\"Page 2\">\n<div class=\"section\">\n<div class=\"layoutArea\">\n<div class=\"column\">\n<ul>\n<li>Verpflegung mit Kaffee, Tee und Getr\u00e4nken w\u00e4hrend des gesamten Kurses<\/li>\n<li>leichtes Mittagessen<\/li>\n<\/ul>\n<\/div>\n<\/div>\n<\/div>\n<\/div>\n<p>[\/vc_column_text][\/vc_column][\/vc_row][vc_row][vc_column][vc_column_text]<\/p>\n<h3>Termine<\/h3>\n<p>Aktuell bieten wir diese Kurse auf Nachfrage an &#8211;\u00a0sende uns einfach eine <a href=\"https:\/\/mixedbymarcmozart.com\/contact\/\">Mail<\/a>.[\/vc_column_text][\/vc_column][\/vc_row]<\/p>\n<\/div>","protected":false},"excerpt":{"rendered":"<p>[vc_row][vc_column][vc_column_text] Social Media Coaching Du bist Komponist, betreibst ein Tonstudio oder bist anderweitig am Erstellungsprozess von Musik beteiligt?\u00a0Du f\u00fchlst, dass du mehr (oder \u00fcberhaupt) auf Facebook, Instagram und Youtube machen m\u00fcsstest, um deinen Umsatz zu steigern direkt &#8211; und ohne Mittelsm\u00e4nner &#8211; mit neuen Kunden in Kontakt zu treten Aber:\u00a0Du wei\u00dft nicht, welche Kan\u00e4le du&hellip;<\/p>\n","protected":false},"author":11668,"featured_media":0,"parent":0,"menu_order":0,"comment_status":"closed","ping_status":"closed","template":"","meta":{"footnotes":""},"class_list":["post-37211","page","type-page","status-publish","hentry","description-off"],"yoast_head":"<!-- This site is optimized with the Yoast SEO plugin v27.5 - https:\/\/yoast.com\/product\/yoast-seo-wordpress\/ -->\n<title>Social Media Coaching - Mixed by Marc Mozart<\/title>\n<meta name=\"robots\" content=\"index, follow, max-snippet:-1, max-image-preview:large, max-video-preview:-1\" \/>\n<link rel=\"canonical\" href=\"https:\/\/mixedbymarcmozart.com\/de\/digital-transformation\/\" \/>\n<script type=\"application\/ld+json\" class=\"yoast-schema-graph\">{\"@context\":\"https:\\\/\\\/schema.org\",\"@graph\":[{\"@type\":\"WebPage\",\"@id\":\"https:\\\/\\\/mixedbymarcmozart.com\\\/de\\\/digital-transformation\\\/\",\"url\":\"https:\\\/\\\/mixedbymarcmozart.com\\\/de\\\/digital-transformation\\\/\",\"name\":\"Social Media Coaching - Mixed by Marc Mozart\",\"isPartOf\":{\"@id\":\"https:\\\/\\\/mixedbymarcmozart.com\\\/#website\"},\"datePublished\":\"2018-09-25T13:52:47+00:00\",\"dateModified\":\"2019-11-13T13:04:43+00:00\",\"breadcrumb\":{\"@id\":\"https:\\\/\\\/mixedbymarcmozart.com\\\/de\\\/digital-transformation\\\/#breadcrumb\"},\"inLanguage\":\"de\",\"potentialAction\":[{\"@type\":\"ReadAction\",\"target\":[\"https:\\\/\\\/mixedbymarcmozart.com\\\/de\\\/digital-transformation\\\/\"]}]},{\"@type\":\"BreadcrumbList\",\"@id\":\"https:\\\/\\\/mixedbymarcmozart.com\\\/de\\\/digital-transformation\\\/#breadcrumb\",\"itemListElement\":[{\"@type\":\"ListItem\",\"position\":1,\"name\":\"Home\",\"item\":\"https:\\\/\\\/mixedbymarcmozart.com\\\/de\\\/\"},{\"@type\":\"ListItem\",\"position\":2,\"name\":\"Social Media Coaching\"}]},{\"@type\":\"WebSite\",\"@id\":\"https:\\\/\\\/mixedbymarcmozart.com\\\/#website\",\"url\":\"https:\\\/\\\/mixedbymarcmozart.com\\\/\",\"name\":\"Mixed by Marc Mozart\",\"description\":\"YOUR MIX SUCKS \u2022 MIX TEMPLE \u2022 MASTER FEEDBACK\",\"potentialAction\":[{\"@type\":\"SearchAction\",\"target\":{\"@type\":\"EntryPoint\",\"urlTemplate\":\"https:\\\/\\\/mixedbymarcmozart.com\\\/?s={search_term_string}\"},\"query-input\":{\"@type\":\"PropertyValueSpecification\",\"valueRequired\":true,\"valueName\":\"search_term_string\"}}],\"inLanguage\":\"de\"}]}<\/script>\n<!-- \/ Yoast SEO plugin. -->","yoast_head_json":{"title":"Social Media Coaching - Mixed by Marc Mozart","robots":{"index":"index","follow":"follow","max-snippet":"max-snippet:-1","max-image-preview":"max-image-preview:large","max-video-preview":"max-video-preview:-1"},"canonical":"https:\/\/mixedbymarcmozart.com\/de\/digital-transformation\/","schema":{"@context":"https:\/\/schema.org","@graph":[{"@type":"WebPage","@id":"https:\/\/mixedbymarcmozart.com\/de\/digital-transformation\/","url":"https:\/\/mixedbymarcmozart.com\/de\/digital-transformation\/","name":"Social Media Coaching - Mixed by Marc Mozart","isPartOf":{"@id":"https:\/\/mixedbymarcmozart.com\/#website"},"datePublished":"2018-09-25T13:52:47+00:00","dateModified":"2019-11-13T13:04:43+00:00","breadcrumb":{"@id":"https:\/\/mixedbymarcmozart.com\/de\/digital-transformation\/#breadcrumb"},"inLanguage":"de","potentialAction":[{"@type":"ReadAction","target":["https:\/\/mixedbymarcmozart.com\/de\/digital-transformation\/"]}]},{"@type":"BreadcrumbList","@id":"https:\/\/mixedbymarcmozart.com\/de\/digital-transformation\/#breadcrumb","itemListElement":[{"@type":"ListItem","position":1,"name":"Home","item":"https:\/\/mixedbymarcmozart.com\/de\/"},{"@type":"ListItem","position":2,"name":"Social Media Coaching"}]},{"@type":"WebSite","@id":"https:\/\/mixedbymarcmozart.com\/#website","url":"https:\/\/mixedbymarcmozart.com\/","name":"Mixed by Marc Mozart","description":"YOUR MIX SUCKS \u2022 MIX TEMPLE \u2022 MASTER FEEDBACK","potentialAction":[{"@type":"SearchAction","target":{"@type":"EntryPoint","urlTemplate":"https:\/\/mixedbymarcmozart.com\/?s={search_term_string}"},"query-input":{"@type":"PropertyValueSpecification","valueRequired":true,"valueName":"search_term_string"}}],"inLanguage":"de"}]}},"_links":{"self":[{"href":"https:\/\/mixedbymarcmozart.com\/de\/wp-json\/wp\/v2\/pages\/37211","targetHints":{"allow":["GET"]}}],"collection":[{"href":"https:\/\/mixedbymarcmozart.com\/de\/wp-json\/wp\/v2\/pages"}],"about":[{"href":"https:\/\/mixedbymarcmozart.com\/de\/wp-json\/wp\/v2\/types\/page"}],"author":[{"embeddable":true,"href":"https:\/\/mixedbymarcmozart.com\/de\/wp-json\/wp\/v2\/users\/11668"}],"replies":[{"embeddable":true,"href":"https:\/\/mixedbymarcmozart.com\/de\/wp-json\/wp\/v2\/comments?post=37211"}],"version-history":[{"count":0,"href":"https:\/\/mixedbymarcmozart.com\/de\/wp-json\/wp\/v2\/pages\/37211\/revisions"}],"wp:attachment":[{"href":"https:\/\/mixedbymarcmozart.com\/de\/wp-json\/wp\/v2\/media?parent=37211"}],"curies":[{"name":"wp","href":"https:\/\/api.w.org\/{rel}","templated":true}]}}