{"id":35968,"date":"2018-07-05T13:21:40","date_gmt":"2018-07-05T11:21:40","guid":{"rendered":"https:\/\/mixedbymarcmozart.com\/mein-account\/"},"modified":"2021-10-25T12:36:29","modified_gmt":"2021-10-25T10:36:29","slug":"mein-account","status":"publish","type":"page","link":"https:\/\/mixedbymarcmozart.com\/de\/mein-account\/","title":{"rendered":"Mein Account"},"content":{"rendered":"<div class=\"wpb-content-wrapper\"><p>[vc_row][vc_column]<div class=\"woocommerce\"><\/div>[\/vc_column][\/vc_row][vc_row][vc_column][vc_column_text]<strong>Die neuesten Updates<\/strong><\/p>\n<p>[\/vc_column_text][\/vc_column][\/vc_row][vc_row][vc_column][vc_column_text]<\/p>\n<p>\n<strong>&bull; 25. Oktober 2021 <\/strong>UAD-Support f\u00fcr <a href=\"https:\/\/mixedbymarcmozart.com\/de\/mix-temple-pro\/\" rel=\"noopener\" target=\"_blank\">Mix Temple PRO<\/a> ist jetzt in Eueren Downloads f\u00fcr Pro Tools, Logic Pro, Cubase und Ableton. Das Studio One-Update folgt in K\u00fcrze!<\/p>\n<p>\n<strong>&bull; 01. Oktober 2021 <\/strong>Unser neues Produkt <a href=\"https:\/\/mixedbymarcmozart.com\/de\/master-temple-pro\/\" rel=\"noopener\" target=\"_blank\">Master Temple PRO<\/a> ist jetzt f\u00fcr folgende DAWs erh\u00e4ltlich: Logic Pro, Cubase, Pro Tools, Ableton Live, Studio One und FL Studio.<\/p>\n<p><strong>&bull; 11. Februar 2021 <\/strong>Unser Studio Fr\u00fchst\u00fcck ist zur\u00fcck und werktags jeden Morgen um 9.30 Uhr live auf der Clubhouse App. Folgt @marcmozart auf der App und schaltet die Glocke an, dann werdet Ihr benachrichtigt, wenn wir starten!<\/p>\n<p><strong>&bull; 17. November 2020 <\/strong>Wir k\u00f6nnen Dir mitteilen, da\u00df Mix Temple PRO f\u00fcr Cubase vollst\u00e4ndig kompatibel ist mit Cubase 10 &#038; 11! Solltest Du bereits Cubase 11 verwenden, kannst Du wie gewohnt einen neuen Installer in Deinem Account unter &#8222;Downloads&#8220; herunterladen.<\/p>\n<p><strong>&bull; 13. Juli 2020 <\/strong>Die existierende Version von MIX TEMPLE PRO f\u00fcr Studio One ist vollst\u00e4ndig kompatibel mit Version 5 von Studio One.<\/p>\n<p><strong>&bull; 22. Januar 2020 <\/strong>Die existierende Version von MIX TEMPLE PRO ist vollst\u00e4ndig kompatibel mit Cubase 10.5. Sollten mit Cubase 10.5 Probleme auftreten, k\u00f6nnten die folgenden Infos n\u00fctzlich f\u00fcr Dich sein:<br \/>F\u00fcr Mac-User:<br \/>Das MixTemple [PRO]-Template wird im folgenden Pfad installiert:<br \/>Users\/username\/Library\/Preferences\/Cubase 10\/Project Templates\/<\/p>\n<p>Wenn Du Dein bereits installiertes Cubase 10 auf die Version 10.5 upgradest, wird das Template automatisch in die Preferences von Cubase 10.5 kopiert.<\/p>\n<p>F\u00fcr den Fall, da\u00df Du Cubase 10.5 frisch installierst, musst Du das MixTemple [PRO]-Template in den folgenden Ordner bewegen:<br \/>Users\/username\/Library\/Preferences\/Cubase 10.5\/Project Templates\/<\/p>\n<p>F\u00fcr Windows-user:<br \/>Das MixTemple [PRO]-Template wird im folgenden Pfad installiert:<br \/>C:\\Users\\username\\AppData\\Roaming\\Steinberg\\Cubase 10_64\\Project Templates<\/p>\n<p>Wenn Du Dein bereits installiertes Cubase 10 auf die Version 10.5 upgradest, wird das Template automatisch in die Preferences von Cubase 10.5 kopiert.<\/p>\n<p>F\u00fcr den Fall, da\u00df Du Cubase 10.5 frisch installierst, musst Du das MixTemple [PRO]-Template in den folgenden Ordner bewegen:<br \/>C:\\Users\\username\\AppData\\Roaming\\Steinberg\\Cubase 10.5_64\\Project Templates<\/p>\n<p>Der AppData Ordner is ein versteckter Ordner. Im Explorer-Fenster musst auf der Registerkarte &#8222;Ansicht&#8220; die Box &#8222;ausgeblendete Elemente&#8220; anw\u00e4hlen, so da\u00df alles angezeigt wird.<br \/>F\u00fcr alles weitere haben wir jetzt auch <a href=\"https:\/\/mixedbymarcmozart.com\/de\/tutorials-mix-temple-pro-fuer-cubase\/\">Video-Tutorials f\u00fcr Mix Temple PRO \/ Cubase 10<\/a><\/p>\n<p><strong>&bull; 12. November <\/strong><a href=\"https:\/\/mixedbymarcmozart.com\/de\/?post_type=product&#038;p=124313\">Mix Temple PRO f\u00fcr Ableton Live<\/a> ist jetzt erh\u00e4ltlich. Wer bereits eine Version von Mix Temple oder Mix Temple PRO besitzt (egal welche Version), kann f\u00fcr $ \/ \u20ac 29 upgraden oder crossgraden. Bitte schicke eine E-Mail an feedback@mixedbymarcmozart.com um einen Upgrade-Coupon zu erhalten!<\/p>\n<p><strong>&bull; Juli 11 <\/strong>Mix Temple PRO for Studio One has been updated.<br \/>fixed a bug where some users did not get the PreSonus plugins chains<br \/>added macro controls for the HoF Reverbs<br \/>added Arranger song structure<br \/>added a dedicated MixBus for side chaining<br \/>fixed a bug on various pan settings<br \/>added grouping of tracks and busses<\/p>\n<p><strong>&bull; 17. Mai<\/strong>&nbsp;<a href=\"..\/tutorials-mix-temple-pro-for-logic-pro-x\/\" target=\"_blank\" rel=\"noopener noreferrer\">Tutorials for Mix Temple PRO are here<\/a>, in both&nbsp;<a href=\"..\/tutorials-mix-temple-pro-for-logic-pro-x\/\" target=\"_blank\" rel=\"noopener noreferrer\">?? English<\/a>&nbsp;and&nbsp;<a href=\"..\/tutorials-mix-temple-pro-fuer-logic-pro-x\/?lang=de\" target=\"_blank\" rel=\"noopener noreferrer\">?? German<\/a><\/p>\n<p><strong>&bull; 10. Mai<\/strong>&nbsp;Mix Temple PRO is on&nbsp;<a href=\"..\/product\/mix-temple-pro-for-studio-one\/\" target=\"_blank\" rel=\"noopener noreferrer\">Pre-Order for Studio One V4<\/a>: special pricing if you order now<\/p>\n<p><strong>&bull; 21. April<\/strong>&nbsp;Mix Temple PRO is out for&nbsp;<a href=\"..\/product\/mix-temple-pro-for-logic-pro-x\/\" target=\"_blank\" rel=\"noopener noreferrer\">Logic Pro X<\/a>,&nbsp;<a href=\"..\/product\/mix-temple-pro-for-pro-tools\/\" target=\"_blank\" rel=\"noopener noreferrer\">Pro Tools 2018\/2019<\/a>&nbsp;and&nbsp;<a href=\"..\/product\/mix-temple-pro-for-cubase\/\" target=\"_blank\" rel=\"noopener noreferrer\">Cubase 10<\/a>&nbsp;&#8211; to upgrade from any version of MIX TEMPLE, please e-mail us at feedback@mixedbymarcmozart.com and let us know which DAW you&#8217;re using. We will provide you with a discount coupon that will allow you to purchase the product for only $29 \/ &euro;29 (incl. VAT in the EU)<\/p>\n<p><strong>&bull; 21. M&auml;rz<\/strong>&nbsp;Mix Temple PRO for Pro Tools &#8211; updated to V1.2 (added support for SSL Native Plugins)<\/p>\n<p>[\/vc_column_text][\/vc_column][\/vc_row]<\/p>\n<\/div>","protected":false},"excerpt":{"rendered":"<p>[vc_row][vc_column][\/vc_column][\/vc_row][vc_row][vc_column][vc_column_text]Die neuesten Updates [\/vc_column_text][\/vc_column][\/vc_row][vc_row][vc_column][vc_column_text] &bull; 25. Oktober 2021 UAD-Support f\u00fcr Mix Temple PRO ist jetzt in Eueren Downloads f\u00fcr Pro Tools, Logic Pro, Cubase und Ableton. Das Studio One-Update folgt in K\u00fcrze! &bull; 01. Oktober 2021 Unser neues Produkt Master Temple PRO ist jetzt f\u00fcr folgende DAWs erh\u00e4ltlich: Logic Pro, Cubase, Pro Tools, Ableton Live,&hellip;<\/p>\n","protected":false},"author":1,"featured_media":0,"parent":0,"menu_order":0,"comment_status":"closed","ping_status":"closed","template":"","meta":{"footnotes":""},"class_list":["post-35968","page","type-page","status-publish","hentry","description-off"],"yoast_head":"<!-- This site is optimized with the Yoast SEO plugin v27.4 - https:\/\/yoast.com\/product\/yoast-seo-wordpress\/ -->\n<title>Mein Account - Mixed by Marc Mozart<\/title>\n<meta name=\"robots\" content=\"index, follow, max-snippet:-1, max-image-preview:large, max-video-preview:-1\" \/>\n<link rel=\"canonical\" href=\"https:\/\/mixedbymarcmozart.com\/de\/mein-account\/\" \/>\n<script type=\"application\/ld+json\" class=\"yoast-schema-graph\">{\"@context\":\"https:\\\/\\\/schema.org\",\"@graph\":[{\"@type\":\"WebPage\",\"@id\":\"https:\\\/\\\/mixedbymarcmozart.com\\\/de\\\/mein-account\\\/\",\"url\":\"https:\\\/\\\/mixedbymarcmozart.com\\\/de\\\/mein-account\\\/\",\"name\":\"Mein Account - Mixed by Marc Mozart\",\"isPartOf\":{\"@id\":\"https:\\\/\\\/mixedbymarcmozart.com\\\/#website\"},\"datePublished\":\"2018-07-05T11:21:40+00:00\",\"dateModified\":\"2021-10-25T10:36:29+00:00\",\"breadcrumb\":{\"@id\":\"https:\\\/\\\/mixedbymarcmozart.com\\\/de\\\/mein-account\\\/#breadcrumb\"},\"inLanguage\":\"de\",\"potentialAction\":[{\"@type\":\"ReadAction\",\"target\":[\"https:\\\/\\\/mixedbymarcmozart.com\\\/de\\\/mein-account\\\/\"]}]},{\"@type\":\"BreadcrumbList\",\"@id\":\"https:\\\/\\\/mixedbymarcmozart.com\\\/de\\\/mein-account\\\/#breadcrumb\",\"itemListElement\":[{\"@type\":\"ListItem\",\"position\":1,\"name\":\"Home\",\"item\":\"https:\\\/\\\/mixedbymarcmozart.com\\\/de\\\/\"},{\"@type\":\"ListItem\",\"position\":2,\"name\":\"Mein Account\"}]},{\"@type\":\"WebSite\",\"@id\":\"https:\\\/\\\/mixedbymarcmozart.com\\\/#website\",\"url\":\"https:\\\/\\\/mixedbymarcmozart.com\\\/\",\"name\":\"Mixed by Marc Mozart\",\"description\":\"YOUR MIX SUCKS \u2022 MIX TEMPLE \u2022 MASTER FEEDBACK\",\"potentialAction\":[{\"@type\":\"SearchAction\",\"target\":{\"@type\":\"EntryPoint\",\"urlTemplate\":\"https:\\\/\\\/mixedbymarcmozart.com\\\/?s={search_term_string}\"},\"query-input\":{\"@type\":\"PropertyValueSpecification\",\"valueRequired\":true,\"valueName\":\"search_term_string\"}}],\"inLanguage\":\"de\"}]}<\/script>\n<!-- \/ Yoast SEO plugin. -->","yoast_head_json":{"title":"Mein Account - Mixed by Marc Mozart","robots":{"index":"index","follow":"follow","max-snippet":"max-snippet:-1","max-image-preview":"max-image-preview:large","max-video-preview":"max-video-preview:-1"},"canonical":"https:\/\/mixedbymarcmozart.com\/de\/mein-account\/","schema":{"@context":"https:\/\/schema.org","@graph":[{"@type":"WebPage","@id":"https:\/\/mixedbymarcmozart.com\/de\/mein-account\/","url":"https:\/\/mixedbymarcmozart.com\/de\/mein-account\/","name":"Mein Account - Mixed by Marc Mozart","isPartOf":{"@id":"https:\/\/mixedbymarcmozart.com\/#website"},"datePublished":"2018-07-05T11:21:40+00:00","dateModified":"2021-10-25T10:36:29+00:00","breadcrumb":{"@id":"https:\/\/mixedbymarcmozart.com\/de\/mein-account\/#breadcrumb"},"inLanguage":"de","potentialAction":[{"@type":"ReadAction","target":["https:\/\/mixedbymarcmozart.com\/de\/mein-account\/"]}]},{"@type":"BreadcrumbList","@id":"https:\/\/mixedbymarcmozart.com\/de\/mein-account\/#breadcrumb","itemListElement":[{"@type":"ListItem","position":1,"name":"Home","item":"https:\/\/mixedbymarcmozart.com\/de\/"},{"@type":"ListItem","position":2,"name":"Mein Account"}]},{"@type":"WebSite","@id":"https:\/\/mixedbymarcmozart.com\/#website","url":"https:\/\/mixedbymarcmozart.com\/","name":"Mixed by Marc Mozart","description":"YOUR MIX SUCKS \u2022 MIX TEMPLE \u2022 MASTER FEEDBACK","potentialAction":[{"@type":"SearchAction","target":{"@type":"EntryPoint","urlTemplate":"https:\/\/mixedbymarcmozart.com\/?s={search_term_string}"},"query-input":{"@type":"PropertyValueSpecification","valueRequired":true,"valueName":"search_term_string"}}],"inLanguage":"de"}]}},"_links":{"self":[{"href":"https:\/\/mixedbymarcmozart.com\/de\/wp-json\/wp\/v2\/pages\/35968","targetHints":{"allow":["GET"]}}],"collection":[{"href":"https:\/\/mixedbymarcmozart.com\/de\/wp-json\/wp\/v2\/pages"}],"about":[{"href":"https:\/\/mixedbymarcmozart.com\/de\/wp-json\/wp\/v2\/types\/page"}],"author":[{"embeddable":true,"href":"https:\/\/mixedbymarcmozart.com\/de\/wp-json\/wp\/v2\/users\/1"}],"replies":[{"embeddable":true,"href":"https:\/\/mixedbymarcmozart.com\/de\/wp-json\/wp\/v2\/comments?post=35968"}],"version-history":[{"count":0,"href":"https:\/\/mixedbymarcmozart.com\/de\/wp-json\/wp\/v2\/pages\/35968\/revisions"}],"wp:attachment":[{"href":"https:\/\/mixedbymarcmozart.com\/de\/wp-json\/wp\/v2\/media?parent=35968"}],"curies":[{"name":"wp","href":"https:\/\/api.w.org\/{rel}","templated":true}]}}