{"id":35393,"date":"2018-06-17T15:43:19","date_gmt":"2018-06-17T13:43:19","guid":{"rendered":"https:\/\/mixedbymarcmozart.com\/master-feedback-mix-feedback-und-stem-mastering-service\/"},"modified":"2019-08-28T17:06:12","modified_gmt":"2019-08-28T15:06:12","slug":"master-feedback-mix-feedback-und-stem-mastering-service","status":"publish","type":"page","link":"https:\/\/mixedbymarcmozart.com\/de\/master-feedback-mix-feedback-und-stem-mastering-service\/","title":{"rendered":"Master Feedback"},"content":{"rendered":"<div class=\"wpb-content-wrapper\"><p>[vc_row margin_top=&#8220;-30&#8243; min_height=&#8220;-30&#8243;][vc_column][vc_column_text]Nach der Ver\u00f6ffentlichung des Mixing Bestsellers <a href=\"https:\/\/mixedbymarcmozart.com\/your-mix-sucks-the-international-mixing-bestseller\/?lang=de\" target=\"_blank\" rel=\"noopener noreferrer\">YOUR MIX SUCKS<\/a> und den <strong>MIX TEMPLE<\/strong> Templates f\u00fcr alle gro\u00dfen DAWs, biete ich jetzt einen preisg\u00fcnstigen Service, der Mix Feedback und Stem Mastering in einem einzigartigen Paket vereint: <strong>MASTER FEEDBACK<\/strong>.[\/vc_column_text][\/vc_column][\/vc_row][vc_row margin_top=&#8220;-30&#8243; min_height=&#8220;-30&#8243;][vc_column][vc_column_text]<p class=\"product woocommerce add_to_cart_inline \" style=\"border:4px solid #ccc; padding: 12px;\"><span class=\"woocommerce-Price-amount amount\"><bdi><span class=\"woocommerce-Price-currencySymbol\">\u20ac<\/span>&nbsp;83,19<\/bdi><\/span> &ndash; <span class=\"woocommerce-Price-amount amount\"><bdi><span class=\"woocommerce-Price-currencySymbol\">\u20ac<\/span>&nbsp;252,10<\/bdi><\/span><a href=\"https:\/\/mixedbymarcmozart.com\/product\/masterfeedback\/\" data-quantity=\"1\" class=\"button product_type_variable add_to_cart_button\" data-product_id=\"14683\" data-product_sku=\"masterfeedback\" aria-label=\"W\u00e4hle Optionen f\u00fcr \u201eMaster Feedback\u201c\" aria-describedby=\"Dieses Produkt weist mehrere Varianten auf. Die Optionen k\u00f6nnen auf der Produktseite gew\u00e4hlt werden\" rel=\"nofollow\">Ausf\u00fchrung w\u00e4hlen<\/a><\/p>[\/vc_column_text][\/vc_column][\/vc_row][vc_row margin_top=&#8220;-30&#8243; min_height=&#8220;-30&#8243;][vc_column][vc_column_text]<\/p>\n<h3>Du mischt Deine eigenen Songs und Produktionen?<\/h3>\n<p><strong>MASTER FEEDBACK<\/strong> unterst\u00fctzt Dich mit Ideen und L\u00f6sungen in der Endphase Deines Mixes!<br \/>\n[\/vc_column_text][\/vc_column][\/vc_row][vc_row margin_top=&#8220;-30&#8243; margin_bottom=&#8220;-30&#8243;][vc_column][vc_single_image image=&#8220;14603&#8243; img_size=&#8220;medium&#8220; style=&#8220;vc_box_rounded&#8220;][\/vc_column][\/vc_row][vc_row margin_top=&#8220;-30&#8243; min_height=&#8220;-30&#8243;][vc_column][vc_column_text]Wenn Du Deinen Song schon ein paar hundert Mal geh\u00f6rt hast, unterst\u00fctze ich Deinen Mix mit objektivem Feedback f\u00fcr die Endphase Deiner Mischung.[\/vc_column_text][\/vc_column][\/vc_row][vc_row margin_top=&#8220;-30&#8243; min_height=&#8220;-30&#8243;][vc_column][vc_column_text]<\/p>\n<h3>Stem Mastering neu erfunden.<\/h3>\n<p><strong>MASTER FEEDBACK ist Dein pers\u00f6nlicher Mix Feedback und Stem Mastering Service.<\/strong><br \/>\n[\/vc_column_text][\/vc_column][\/vc_row][vc_row margin_top=&#8220;-30&#8243; min_height=&#8220;-30&#8243;][vc_column][vc_column_text]Beim Mischen sollte man nicht ans Mastering denken &#8211; der Mix sollte dynamisch und voller Ausdruck sein.<br \/>\nBeim Stem Mastering optimiere ich Deinen Mix so, da\u00df er perfekt auf allen Abh\u00f6ren \u00fcbersetzt &#8211; vom Smartphone, Kopfh\u00f6rern, Laptops bis zu Autoanlagen und audiophiles HiFi-Systemen.<br \/>\nGanz egal, ob Du einen extrem dynamischen Mix oder einen sehr lauten Mix m\u00f6chtest &#8211; der Mix wird immer funktionieren, auf allen Abh\u00f6ren.[\/vc_column_text][\/vc_column][\/vc_row][vc_row margin_top=&#8220;-30&#8243; min_height=&#8220;-30&#8243;][vc_column][vc_column_text]<\/p>\n<h3>Was meine Kunden sagen.<\/h3>\n<p>MASTER FEEDBACK habe ich in enger Zusammenarbeit mit meinen besten Kunden \u00fcber viele Jahre entwickelt.<br \/>\nZusammengefasst macht es meine Kunden selbstbewusster und mutiger in der Endphase der Mischung.<\/p>\n<p><strong>\u201dMarc\u2019s Buch, sein Mix Feedback und das Stem Mastering haben meine Mixe von 60 auf 100% gebracht. Daher ist es immer in meinen Budgets drin.\u201d<br \/>\n\u201cBei den letzten 10% meiner Mischung gibt mir Marc\u2019s support viel Selbstbewusstsein.\u201d<\/strong><\/p>\n<p>Mein Mix Feedback und Stem Mastering habe ich \u00fcber die letzten 10 Jahre immer weiter optimiert, und viele gro\u00dfe Remix- und Compilation-Projekte (u.a. DMX, Sly Stone, Bob Marley, viele Electronic\/Dubstep\/House-Projekte) wurden auf diese Art gemastert, insgesamt weit \u00fcber 500 Produktionen.[\/vc_column_text][\/vc_column][\/vc_row][vc_row margin_top=&#8220;-30&#8243; min_height=&#8220;-30&#8243;][vc_column][vc_column_text]<\/p>\n<h2>Wie genau l\u00e4uft das ab?<\/h2>\n<p>[\/vc_column_text][\/vc_column][\/vc_row][vc_row margin_top=&#8220;-30&#8243; margin_bottom=&#8220;-30&#8243; css=&#8220;.vc_custom_1529261233525{margin-bottom: -50px !important;border-radius: 5px !important;}&#8220;][vc_column][vc_column_text]<\/p>\n<h3>Es beginnt alles mit Deinem Mix.<\/h3>\n<p>Dein Mix ist soweit. Fast. Du bist eigentlich zufrieden.<br \/>\nVielleicht fehlen noch die letzten 2-5 Prozent. Oder 10 Prozent. Wer wei\u00df?<br \/>\nEs war eine lange und schwierige Reise &#8211; h\u00f6chste Zeit das Projekt abzuschliessen.<\/p>\n<p>Kommt Dir das bekannt vor? Was kann man jetzt tun?<\/p>\n<p>Tatsache: viele gute Mixe werden kurz vor der Fertigstellung wieder zerst\u00f6rt! Denn wenn Du versuchst, noch das letzte an Lautst\u00e4rke, Bassdruck und Punch rauszuholen, kann Dein Mix sehr schnell ins Gegenteil umkippen.<br \/>\nUnd man merkt es erst, wenn es zu sp\u00e4t ist.<\/p>\n<p>Also, locker bleiben, Kaffee trinken und weiterlesen![\/vc_column_text][\/vc_column][\/vc_row][vc_row margin_top=&#8220;-30&#8243; margin_bottom=&#8220;-30&#8243; css=&#8220;.vc_custom_1529261362201{margin-bottom: -30px !important;border-radius: 5px !important;}&#8220;][vc_column][vc_single_image image=&#8220;14602&#8243; img_size=&#8220;medium&#8220; style=&#8220;vc_box_rounded&#8220;][\/vc_column][\/vc_row][vc_row margin_top=&#8220;-30&#8243; margin_bottom=&#8220;-30&#8243; css=&#8220;.vc_custom_1474035763792{margin-bottom: -50px !important;}&#8220;][vc_column][vc_column_text]<\/p>\n<h3>Schritt 1 &#8211; Mix Feedback.<\/h3>\n<p>Nachdem Du mir Deinen Mix schickst, h\u00f6r ich mit meinem Team rein und wir melden uns mit <strong>strukturiertem und umsetzbaren Mix Feedback<\/strong> und Verbesserungsideen. Wir schicken Dir auch eine Liste von Stems, mit denen wir optimalerweise beim Stem Mastering arbeiten k\u00f6nnen.[\/vc_column_text][\/vc_column][\/vc_row][vc_row margin_top=&#8220;-30&#8243; margin_bottom=&#8220;-30&#8243; css=&#8220;.vc_custom_1529261386285{margin-bottom: -50px !important;border-radius: 5px !important;}&#8220;][vc_column][vc_single_image image=&#8220;14607&#8243; img_size=&#8220;medium&#8220; style=&#8220;vc_box_rounded&#8220;][\/vc_column][\/vc_row][vc_row margin_top=&#8220;-30&#8243; margin_bottom=&#8220;-30&#8243;][vc_column][vc_column_text]<\/p>\n<h3>Schritt 2 &#8211; Deinen Mix verbessern.<\/h3>\n<p>[\/vc_column_text][\/vc_column][\/vc_row][vc_row margin_top=&#8220;-30&#8243; margin_bottom=&#8220;-30&#8243;][vc_column][vc_column_text]Mit meinem Feedback zur Hand, kannst Du nochmal einige Mix-Entscheidung \u00fcberdenken.<br \/>\nDann schickst Du mir Deine Stems.[\/vc_column_text][\/vc_column][\/vc_row][vc_row margin_top=&#8220;-30&#8243; margin_bottom=&#8220;-30&#8243;][vc_column][vc_column_text]Die \u201cPost Production Stems\u201d von Deinem Mix schickst Du mir als hochaufl\u00f6sende WAV-files (in Deiner Arbeits-Samplerate), und ich baue Dein finales Master komplett aus Deinen einzelnen Stem-Files auf. Der Vorteil dabei ist, da\u00df alle einzelnen Stems sich zu Deinem Mix addieren, ich aber dennoch jedes Instrument einzeln zur Verf\u00fcgung habe, um Verbesserungen vorzunehmen.<\/p>\n<p>Falls der Workflow beim Stem Mastering noch neu f\u00fcr Dich ist &#8211; kein Problem, wir haben eine Download-Brosch\u00fcre erstellt, die alle Details erkl\u00e4rt. Und wir k\u00f6nnen jederzeit dazu telefonieren oder \u00fcber Skype, Facetime, WhatsApp kommunizieren.[\/vc_column_text][\/vc_column][\/vc_row][vc_row margin_top=&#8220;-30&#8243; margin_bottom=&#8220;-30&#8243; css=&#8220;.vc_custom_1529261402047{margin-bottom: -50px !important;border-radius: 5px !important;}&#8220;][vc_column][vc_single_image image=&#8220;14608&#8243; img_size=&#8220;medium&#8220; style=&#8220;vc_box_rounded&#8220;][\/vc_column][\/vc_row][vc_row margin_top=&#8220;-30&#8243; margin_bottom=&#8220;-30&#8243;][vc_column][vc_column_text]<\/p>\n<h3>Schritt 3 &#8211; Stem Mastering.<\/h3>\n<p>[\/vc_column_text][\/vc_column][\/vc_row][vc_row margin_top=&#8220;-30&#8243; margin_bottom=&#8220;-30&#8243;][vc_column][vc_column_text]Mein Team und ich arbeiten am Stem Master Deines Mix und schicken Dir ein Master zur Freigabe. Solltest Du noch \u00c4nderungsw\u00fcnsche haben, arbeiten wir diese nat\u00fcrlich ein. Nachdem Du die endg\u00fcltige Freigabe erteilt hast, schicken wir Dir einen Download-Link mit den fertigen gemasterten &#8222;High Resolution&#8220;-Dateien.[\/vc_column_text][\/vc_column][\/vc_row][vc_row margin_top=&#8220;-30&#8243; margin_bottom=&#8220;-30&#8243;][vc_column][vc_column_text]<\/p>\n<h3>Gar nicht teuer!<\/h3>\n<p>[\/vc_column_text][\/vc_column][\/vc_row][vc_row][vc_column][vc_message message_box_color=&#8220;danger&#8220;]<\/p>\n<h5>Master Feedback gibt es ab \u20ac 129 inkl. Mwst (1 Song). Wenn Du Fragen hast, melde Dich bitte \u00fcber das <a href=\"http:\/\/www.mixedbymarcmozart.com\/contact\/\" target=\"_blank\" rel=\"noopener noreferrer\">Kontaktformular<\/a>.<\/h5>\n<p><p class=\"product woocommerce add_to_cart_inline \" style=\"border:4px solid #ccc; padding: 12px;\"><span class=\"woocommerce-Price-amount amount\"><bdi><span class=\"woocommerce-Price-currencySymbol\">\u20ac<\/span>&nbsp;83,19<\/bdi><\/span> &ndash; <span class=\"woocommerce-Price-amount amount\"><bdi><span class=\"woocommerce-Price-currencySymbol\">\u20ac<\/span>&nbsp;252,10<\/bdi><\/span><a href=\"https:\/\/mixedbymarcmozart.com\/product\/masterfeedback\/\" data-quantity=\"1\" class=\"button product_type_variable add_to_cart_button\" data-product_id=\"14683\" data-product_sku=\"masterfeedback\" aria-label=\"W\u00e4hle Optionen f\u00fcr \u201eMaster Feedback\u201c\" aria-describedby=\"Dieses Produkt weist mehrere Varianten auf. Die Optionen k\u00f6nnen auf der Produktseite gew\u00e4hlt werden\" rel=\"nofollow\">Ausf\u00fchrung w\u00e4hlen<\/a><\/p>[\/vc_message][\/vc_column][\/vc_row][vc_row margin_top=&#8220;-30&#8243; margin_bottom=&#8220;-30&#8243;][vc_column][vc_column_text]<\/p>\n<h3>Service Add-On: Archive Recall<\/h3>\n<p>Wir haben bereits zusammengearbeitet und du hast gemasterte Tracks erhalten? Diese Tracks brauchst du nun noch einmal, aber leicht ge\u00e4ndert. Z.B. mit einer anderen Durchschnittslautst\u00e4rke, als Instrumental, usw? Dann ist unser Archive Recall Service genau was du brauchst.<\/p>\n<p class=\"product woocommerce add_to_cart_inline \" style=\"border:4px solid #ccc; padding: 12px;\"><span class=\"woocommerce-Price-amount amount\"><bdi><span class=\"woocommerce-Price-currencySymbol\">\u20ac<\/span>&nbsp;24,37<\/bdi><\/span> <small class=\"woocommerce-price-suffix\"><\/small><a href=\"?add-to-cart=37505\" data-quantity=\"1\" class=\"button product_type_simple add_to_cart_button ajax_add_to_cart\" data-product_id=\"37505\" data-product_sku=\"recall\" aria-label=\"Add to cart: &ldquo;Archive Recall&rdquo;\" aria-describedby=\"\" rel=\"nofollow\">In den Warenkorb<\/a><\/p>\n<p>Nach Buchung (Eine Buchung per Track) werden wir dich umgehend kontaktieren, um deine \u00c4nderungsw\u00fcnsche zu besprechen.[\/vc_column_text][\/vc_column][\/vc_row][vc_row][vc_column css=&#8220;.vc_custom_1567004514184{padding-top: 0px !important;}&#8220;][vc_video link=&#8220;https:\/\/www.facebook.com\/mixedbymarcmozartgerman\/videos\/1939084579695251\/&#8220; css=&#8220;.vc_custom_1567004503899{padding-top: 0px !important;}&#8220;][\/vc_column][\/vc_row]<\/p>\n<\/div>","protected":false},"excerpt":{"rendered":"<p>[vc_row margin_top=&#8220;-30&#8243; min_height=&#8220;-30&#8243;][vc_column][vc_column_text]Nach der Ver\u00f6ffentlichung des Mixing Bestsellers YOUR MIX SUCKS und den MIX TEMPLE Templates f\u00fcr alle gro\u00dfen DAWs, biete ich jetzt einen preisg\u00fcnstigen Service, der Mix Feedback und Stem Mastering in einem einzigartigen Paket vereint: MASTER FEEDBACK.[\/vc_column_text][\/vc_column][\/vc_row][vc_row margin_top=&#8220;-30&#8243; min_height=&#8220;-30&#8243;][vc_column][vc_column_text][\/vc_column_text][\/vc_column][\/vc_row][vc_row margin_top=&#8220;-30&#8243; min_height=&#8220;-30&#8243;][vc_column][vc_column_text] Du mischt Deine eigenen Songs und Produktionen? MASTER FEEDBACK unterst\u00fctzt Dich mit&hellip;<\/p>\n","protected":false},"author":1,"featured_media":0,"parent":0,"menu_order":0,"comment_status":"closed","ping_status":"closed","template":"","meta":{"footnotes":""},"class_list":["post-35393","page","type-page","status-publish","hentry","description-off"],"yoast_head":"<!-- This site is optimized with the Yoast SEO plugin v27.4 - https:\/\/yoast.com\/product\/yoast-seo-wordpress\/ -->\n<title>MASTER FEEDBACK - Mix Feedback und Stem Mastering Service<\/title>\n<meta name=\"description\" content=\"MASTER FEEDBACK - Dein pers\u00f6nlicher Mix Feedback und Stem Mastering Service. Schritt 1: Mix Feedback, Schritt 2: Deinen Mix verbessern. Schritt 3: Stem Mastering bei mir im Studio.\" \/>\n<meta name=\"robots\" content=\"index, follow, max-snippet:-1, max-image-preview:large, max-video-preview:-1\" \/>\n<link rel=\"canonical\" href=\"https:\/\/mixedbymarcmozart.com\/de\/master-feedback-mix-feedback-und-stem-mastering-service\/\" \/>\n<script type=\"application\/ld+json\" class=\"yoast-schema-graph\">{\"@context\":\"https:\\\/\\\/schema.org\",\"@graph\":[{\"@type\":\"WebPage\",\"@id\":\"https:\\\/\\\/mixedbymarcmozart.com\\\/de\\\/master-feedback-mix-feedback-und-stem-mastering-service\\\/\",\"url\":\"https:\\\/\\\/mixedbymarcmozart.com\\\/de\\\/master-feedback-mix-feedback-und-stem-mastering-service\\\/\",\"name\":\"MASTER FEEDBACK - Mix Feedback und Stem Mastering Service\",\"isPartOf\":{\"@id\":\"https:\\\/\\\/mixedbymarcmozart.com\\\/#website\"},\"datePublished\":\"2018-06-17T13:43:19+00:00\",\"dateModified\":\"2019-08-28T15:06:12+00:00\",\"description\":\"MASTER FEEDBACK - Dein pers\u00f6nlicher Mix Feedback und Stem Mastering Service. Schritt 1: Mix Feedback, Schritt 2: Deinen Mix verbessern. Schritt 3: Stem Mastering bei mir im Studio.\",\"breadcrumb\":{\"@id\":\"https:\\\/\\\/mixedbymarcmozart.com\\\/de\\\/master-feedback-mix-feedback-und-stem-mastering-service\\\/#breadcrumb\"},\"inLanguage\":\"de\",\"potentialAction\":[{\"@type\":\"ReadAction\",\"target\":[\"https:\\\/\\\/mixedbymarcmozart.com\\\/de\\\/master-feedback-mix-feedback-und-stem-mastering-service\\\/\"]}]},{\"@type\":\"BreadcrumbList\",\"@id\":\"https:\\\/\\\/mixedbymarcmozart.com\\\/de\\\/master-feedback-mix-feedback-und-stem-mastering-service\\\/#breadcrumb\",\"itemListElement\":[{\"@type\":\"ListItem\",\"position\":1,\"name\":\"Home\",\"item\":\"https:\\\/\\\/mixedbymarcmozart.com\\\/de\\\/\"},{\"@type\":\"ListItem\",\"position\":2,\"name\":\"Master Feedback\"}]},{\"@type\":\"WebSite\",\"@id\":\"https:\\\/\\\/mixedbymarcmozart.com\\\/#website\",\"url\":\"https:\\\/\\\/mixedbymarcmozart.com\\\/\",\"name\":\"Mixed by Marc Mozart\",\"description\":\"YOUR MIX SUCKS \u2022 MIX TEMPLE \u2022 MASTER FEEDBACK\",\"potentialAction\":[{\"@type\":\"SearchAction\",\"target\":{\"@type\":\"EntryPoint\",\"urlTemplate\":\"https:\\\/\\\/mixedbymarcmozart.com\\\/?s={search_term_string}\"},\"query-input\":{\"@type\":\"PropertyValueSpecification\",\"valueRequired\":true,\"valueName\":\"search_term_string\"}}],\"inLanguage\":\"de\"}]}<\/script>\n<!-- \/ Yoast SEO plugin. -->","yoast_head_json":{"title":"MASTER FEEDBACK - Mix Feedback und Stem Mastering Service","description":"MASTER FEEDBACK - Dein pers\u00f6nlicher Mix Feedback und Stem Mastering Service. Schritt 1: Mix Feedback, Schritt 2: Deinen Mix verbessern. Schritt 3: Stem Mastering bei mir im Studio.","robots":{"index":"index","follow":"follow","max-snippet":"max-snippet:-1","max-image-preview":"max-image-preview:large","max-video-preview":"max-video-preview:-1"},"canonical":"https:\/\/mixedbymarcmozart.com\/de\/master-feedback-mix-feedback-und-stem-mastering-service\/","schema":{"@context":"https:\/\/schema.org","@graph":[{"@type":"WebPage","@id":"https:\/\/mixedbymarcmozart.com\/de\/master-feedback-mix-feedback-und-stem-mastering-service\/","url":"https:\/\/mixedbymarcmozart.com\/de\/master-feedback-mix-feedback-und-stem-mastering-service\/","name":"MASTER FEEDBACK - Mix Feedback und Stem Mastering Service","isPartOf":{"@id":"https:\/\/mixedbymarcmozart.com\/#website"},"datePublished":"2018-06-17T13:43:19+00:00","dateModified":"2019-08-28T15:06:12+00:00","description":"MASTER FEEDBACK - Dein pers\u00f6nlicher Mix Feedback und Stem Mastering Service. Schritt 1: Mix Feedback, Schritt 2: Deinen Mix verbessern. Schritt 3: Stem Mastering bei mir im Studio.","breadcrumb":{"@id":"https:\/\/mixedbymarcmozart.com\/de\/master-feedback-mix-feedback-und-stem-mastering-service\/#breadcrumb"},"inLanguage":"de","potentialAction":[{"@type":"ReadAction","target":["https:\/\/mixedbymarcmozart.com\/de\/master-feedback-mix-feedback-und-stem-mastering-service\/"]}]},{"@type":"BreadcrumbList","@id":"https:\/\/mixedbymarcmozart.com\/de\/master-feedback-mix-feedback-und-stem-mastering-service\/#breadcrumb","itemListElement":[{"@type":"ListItem","position":1,"name":"Home","item":"https:\/\/mixedbymarcmozart.com\/de\/"},{"@type":"ListItem","position":2,"name":"Master Feedback"}]},{"@type":"WebSite","@id":"https:\/\/mixedbymarcmozart.com\/#website","url":"https:\/\/mixedbymarcmozart.com\/","name":"Mixed by Marc Mozart","description":"YOUR MIX SUCKS \u2022 MIX TEMPLE \u2022 MASTER FEEDBACK","potentialAction":[{"@type":"SearchAction","target":{"@type":"EntryPoint","urlTemplate":"https:\/\/mixedbymarcmozart.com\/?s={search_term_string}"},"query-input":{"@type":"PropertyValueSpecification","valueRequired":true,"valueName":"search_term_string"}}],"inLanguage":"de"}]}},"_links":{"self":[{"href":"https:\/\/mixedbymarcmozart.com\/de\/wp-json\/wp\/v2\/pages\/35393","targetHints":{"allow":["GET"]}}],"collection":[{"href":"https:\/\/mixedbymarcmozart.com\/de\/wp-json\/wp\/v2\/pages"}],"about":[{"href":"https:\/\/mixedbymarcmozart.com\/de\/wp-json\/wp\/v2\/types\/page"}],"author":[{"embeddable":true,"href":"https:\/\/mixedbymarcmozart.com\/de\/wp-json\/wp\/v2\/users\/1"}],"replies":[{"embeddable":true,"href":"https:\/\/mixedbymarcmozart.com\/de\/wp-json\/wp\/v2\/comments?post=35393"}],"version-history":[{"count":0,"href":"https:\/\/mixedbymarcmozart.com\/de\/wp-json\/wp\/v2\/pages\/35393\/revisions"}],"wp:attachment":[{"href":"https:\/\/mixedbymarcmozart.com\/de\/wp-json\/wp\/v2\/media?parent=35393"}],"curies":[{"name":"wp","href":"https:\/\/api.w.org\/{rel}","templated":true}]}}