{"id":35374,"date":"2018-06-16T20:56:56","date_gmt":"2018-06-16T18:56:56","guid":{"rendered":"https:\/\/mixedbymarcmozart.com\/?page_id=35374"},"modified":"2021-02-19T13:44:42","modified_gmt":"2021-02-19T12:44:42","slug":"your-mix-sucks-the-international-mixing-bestseller","status":"publish","type":"page","link":"https:\/\/mixedbymarcmozart.com\/de\/your-mix-sucks-the-international-mixing-bestseller\/","title":{"rendered":"YOUR MIX SUCKS &#8211; der Mixing Bestseller"},"content":{"rendered":"<div class=\"wpb-content-wrapper\"><p>[vc_row margin_top=&#8220;-50px&#8220;][vc_column][vc_single_image image=&#8220;66177&#8243; img_size=&#8220;full&#8220; alignment=&#8220;center&#8220; onclick=&#8220;custom_link&#8220;][\/vc_column][\/vc_row][vc_row margin_top=&#8220;-30&#8243; margin_bottom=&#8220;-30&#8243; css=&#8220;.vc_custom_1469450810937{margin-bottom: 20px !important;}&#8220;][vc_column][vc_column_text]<\/p>\n<h2><strong>YOUR MIX SUCKS\u00a0&#8211; der Mixing Bestseller.<\/strong><\/h2>\n<p>[\/vc_column_text][\/vc_column][vc_column][vc_column_text]<\/p>\n<h5>Das eBook <b>YOUR MIX SUCKS<\/b> hat sich nach Ver\u00f6ffentlichung der englischen Version im Februar 2015 schnell zum weltweiten Bestseller und Standardwerk f\u00fcr moderne Mischtechniken entwickelt &#8211; jetzt legt Autor Marc Mozart die deutsche Version nach<br \/>\nDer bekannte Produzent und Mix-Engineer hat nicht nur in Deutschland zahlreiche Gold- und Platin-Awards erhalten (Monrose, No Angels, Bro\u2019Sis, Jimi Blue, etc.), sondern ist auch\u00a0international eine anerkannte Gr\u00f6\u00dfe mit beeindruckenden Mix Engineer Credits von Lil Wayne, DMX, Busta Rhymes, Queensryche, Bob Marley, Sly Stone bis zu &#8222;Chronicles of Narnia&#8220;.<br \/>\nMehr<span style=\"color: #ff0000;\"> <a style=\"color: #ff0000;\" href=\"https:\/\/mixedbymarcmozart.com\/de\/marc-mozart-\u2022-mix-engineer-\u2022-award-winning-music-producer-\u2022-internet-personality\/\" target=\"_blank\" rel=\"noopener noreferrer\">Infos zum\u00a0Autor hier.<\/a><\/span><br \/>\nDas Buch ist Teil eines kompletten Angebots, das auch unsere MIX TEMPLE DAW-Templates und unseren exklusiven Stem-Mastering und Mix Feedback-Service MASTER FEEDBACK enth\u00e4lt.<\/h5>\n<p>[\/vc_column_text][\/vc_column][\/vc_row][vc_row margin_top=&#8220;-30&#8243; margin_bottom=&#8220;-30&#8243; css=&#8220;.vc_custom_1469450810937{margin-bottom: 20px !important;}&#8220;][vc_column][vc_column_text]<\/p>\n<h4><strong>Jeder Buchk\u00e4ufer bekommt als Bonus 1 Jahr kostenloses Mix Feedback vom Autor.<\/strong><\/h4>\n<p>Um das Mix Feedback in Anspruch zu nehmen, klicke\u00a0<a href=\"https:\/\/mixedbymarcmozart.com\/de\/my-mix-feedback\/\">einfach hier<\/a>. Dort findest du alle vergangenen und offenen Feedback-Anfragen und eine einfache M\u00f6glichkeit, weitere Mixe einzusenden.[\/vc_column_text][\/vc_column][\/vc_row][vc_row margin_top=&#8220;-30&#8243; margin_bottom=&#8220;-30&#8243; css=&#8220;.vc_custom_1469450834531{margin-bottom: 50px !important;}&#8220;][vc_column]<div class=\"dt-fancy-separator title-left h4-size\" style=\"width: 100%;\"><div class=\"dt-fancy-title\" style=\"color: #0c0c0c;\"><span class=\"separator-holder separator-left\"><\/span>Produkt Info<span class=\"separator-holder separator-right\"><\/span><\/div><\/div><div class=\"ult-spacer spacer-69e2266e5b532\" data-id=\"69e2266e5b532\" data-height=\"5\" data-height-mobile=\"5\" data-height-tab=\"\" data-height-tab-portrait=\"\" data-height-mobile-landscape=\"\" style=\"clear:both;display:block;\"><\/div>[vc_column_text]<\/p>\n<ul>\n<li>PDF-Format: optimiert f\u00fcr Computer, Tablets und Smartphones<\/li>\n<li>Regelm\u00e4\u00dfige Updates: jeder registrierte Nutzer erh\u00e4lt\u00a0kostenlose Aktualisierungen<\/li>\n<li>F\u00fcr User aller\u00a0DAW-Programme: Logic Pro, ProTools, Cubase, Ableton, Reaper, FL Studio, etc.<\/li>\n<li>Holt das Beste aus Deinem vorhandenem Equipment<\/li>\n<li>Begleitet den Mischprozess, von der Vorbereitung bis zur finalen Abnahme<\/li>\n<li>Komplexe Mix Techniken werden in einfachen Schritten erkl\u00e4rt.<\/li>\n<\/ul>\n<p>[\/vc_column_text][\/vc_column][\/vc_row][vc_row][vc_column width=&#8220;1\/2&#8243;]<div class=\"dt-fancy-separator title-left h4-size style-disabled\" style=\"width: 100%;\"><div class=\"dt-fancy-title\" style=\"color: #0a0a0a;\"><span class=\"separator-holder separator-left\"><\/span>e-Book Your Mix Sucks auf deutsch:<span class=\"separator-holder separator-right\"><\/span><\/div><\/div><div class=\"ult-spacer spacer-69e2266e5b593\" data-id=\"69e2266e5b593\" data-height=\"15\" data-height-mobile=\"15\" data-height-tab=\"\" data-height-tab-portrait=\"\" data-height-mobile-landscape=\"\" style=\"clear:both;display:block;\"><\/div><div class=\"woocommerce \"><div class=\"wf-container dt-products  woo-hover products loading-effect-fade-in description-on-hover wc-single-shortcode cart-btn-on-img hide-description wc-grid\" data-padding=\"0px\" data-cur-page=\"1\" data-desktop-columns-num=\"4\" data-v-tablet-columns-num=\"2\" data-h-tablet-columns-num=\"3\" data-phone-columns-num=\"2\">\n\n<article class=\"post visible description-off product type-product post-3957 status-publish first instock product_cat-ebook-de-2 product_cat-mbmm-de has-post-thumbnail sale featured downloadable virtual taxable purchasable product-type-simple\">\n\n\t\n\t<span class=\"onsale\">Angebot!<\/span>\n\t<figure class=\"woocom-project\">\n\t<div class=\"woo-buttons-on-img\">\n\n\t\t<a href=\"https:\/\/mixedbymarcmozart.com\/de\/product\/your-mix-sucks-ebook-german\/\" class=\"alignnone layzr-bg\"><img loading=\"lazy\" decoding=\"async\" width=\"275\" height=\"155\" src=\"data:image\/svg+xml;charset=utf-8,%3Csvg xmlns%3D&#039;http%3A%2F%2Fwww.w3.org%2F2000%2Fsvg&#039; viewBox%3D&#039;0 0 275 155&#039;%2F%3E\" class=\"attachment-woocommerce_thumbnail size-woocommerce_thumbnail lazy-load preload-me\" alt=\"\" data-src=\"https:\/\/mixedbymarcmozart.cdnport.com\/2022\/04\/LQcD4qmr-YMS_EN_DE_SP-275x155.jpg\" data-srcset=\"https:\/\/mixedbymarcmozart.cdnport.com\/2022\/04\/LQcD4qmr-YMS_EN_DE_SP-275x155.jpg 275w, https:\/\/mixedbymarcmozart.cdnport.com\/2022\/04\/LQcD4qmr-YMS_EN_DE_SP-590x332.jpg 590w, https:\/\/mixedbymarcmozart.cdnport.com\/2022\/04\/LQcD4qmr-YMS_EN_DE_SP-300x169.jpg 300w, https:\/\/mixedbymarcmozart.cdnport.com\/2022\/04\/LQcD4qmr-YMS_EN_DE_SP-768x432.jpg 768w, https:\/\/mixedbymarcmozart.cdnport.com\/2022\/04\/LQcD4qmr-YMS_EN_DE_SP.jpg 800w\" \/><\/a>\n\t<\/div>\n\t<figcaption class=\"woocom-list-content\">\n\n\t\t<div class=\"woocommerce-product-details__short-description\">\n\t<h2 class=\"fancy-title entry-title start-animation-done start-animation\">YOUR MIX SUCKS\u00a0eBook (German)<\/h2>\n<p>Das eBook <b>YOUR MIX SUCKS<\/b> hat sich nach Ver\u00f6ffentlichung der englischen Version im Februar 2015 schnell zum weltweiten Bestseller und Standardwerk f\u00fcr moderne Mischtechniken entwickelt.<br \/>\nDer bekannte Produzent und Mix-Engineer hat nicht nur in Deutschland zahlreiche Gold- und Platin-Awards erhalten (Monrose, No Angels, Bro\u2019Sis, Jimi Blue, etc.), sondern ist auch\u00a0international eine anerkannte Gr\u00f6\u00dfe mit beeindruckenden Mix Engineer Credits von Lil Wayne, DMX, Busta Rhymes, Queensryche, Bob Marley, Sly Stone bis zu \u201eChronicles of Narnia\u201c.<\/p>\n<p>Mix Methodology in 10 chapters &#8211; Mix Room, Monitoring, DAW Preparation, Bass, Kicks, Gain Staging, Vocals, Automation, Compression, Harmonics, EQ, Delivery.<\/p>\n<\/div>\n\n\t<\/figcaption>\n<\/figure>\n\n<\/article>\n\n<\/div><\/div><div class=\"ult-spacer spacer-69e2266e5efda\" data-id=\"69e2266e5efda\" data-height=\"15\" data-height-mobile=\"15\" data-height-tab=\"\" data-height-tab-portrait=\"\" data-height-mobile-landscape=\"\" style=\"clear:both;display:block;\"><\/div>[\/vc_column][vc_column width=&#8220;1\/2&#8243;][\/vc_column][\/vc_row][vc_row][vc_column]<div class=\"standard-arrow list-divider bullet-top\"><ul>\n<li><b>Kapitel 1 &#8211; Abh\u00f6ren, Lautst\u00e4rke und unser Geh\u00f6r<\/b>\u2022 Muttis K\u00fcchenradio\u2022 Vom Fenster zur Lupe\u2022 Abh\u00f6rlautst\u00e4rken\u2022 Lautsprecher umschalten\u2022 Das Minimal-Setup\u00a0zum Mischen<\/li>\n<li><b>Kapitel 2 &#8211; Raumakustik Ghetto Style<\/b>\u2022 Symmetrie,\u00a0Abh\u00f6rposition, fr\u00fche Reflexionen und Absorber\u2022 Klarere B\u00e4sse durch Bassfallen\u2022 einfache Ma\u00dfnahmen, gro\u00dfe Wirkung\u2022 Der 10-Minuten Raumtest<\/li>\n<li><b>Kapitel 3 &#8211; Vorbereiten der Mix Session<\/b>\u2022 Den Mix managen: die Mikro- und Makro-Ebenen\u2022 Ein Template f\u00fcr die\u00a0DAW\u00a0erstellen\u2022 Audiofiles importieren\u2022 Komplette Kontrolle von Start bis Ziel\u2022 Mischgruppen auf Pulten und im Rechner\u2022 Referenzen und A\/B-Vergleiche<\/li>\n<li><b>Kapitel 4 &#8211; Warum der erste Eindruck z\u00e4hlt<\/b>\u2022 Aufs Gef\u00fchl vertrauen\u2022\u00a0Mischen f\u00fcr einen zahlenden Kunden\u2022 Emotionales und analytisches H\u00f6ren\u2022\u00a0Den eigenen Song mischen<\/li>\n<li><b>Kapitel 5 &#8211; Es wird gemischt! Das Fundament, Bass und Gain Staging<\/b>\u2022 Musikalische Analyse des Bass-Bereichs\u2022 Drum Replacement\u2022 Kick Drums und Bass: was nicht passt, wird passend gemacht\u2022 Side Chaining\u2022 Gain Staging &#8211; das Bankkonto Deiner Mischung<\/li>\n<li><b><a href=\"https:\/\/mixedbymarcmozart.com\/de\/2015\/06\/22\/vocals-mischen-bearbeitung-von-gesang-das-komplette-tutorial\/\" target=\"_blank\" rel=\"noopener noreferrer\">Kapitel 6 &#8211; Vocals (exklusiver Preview)<\/a><\/b>\u2022 Warum die Qualit\u00e4t der Gesangsaufnahme so wichtig ist<b><\/b>\u2022 Die universelle Signalketten f\u00fcr Gesang\u2022 Intonation, S-Laute, Atemger\u00e4usche\u2022 Backing Vocals und Dopplungen synchronisieren<\/li>\n<li><b>Kapitel 7 &#8211; Kontinuit\u00e4t schaffen<\/b>\u2022 zur\u00fcck auf Start:\u00a0Levels korrigieren an der Quelle\u2022 Signal-Limiter behutsam eingesetzt\u2022 Alle Fader auf Null<\/li>\n<li><b><a href=\"https:\/\/mixedbymarcmozart.com\/de\/2014\/11\/18\/kompression-teil-2-alles-uber-parallelkompression\/\" target=\"_blank\" rel=\"noopener noreferrer\">Kapitel 8 &#8211; Parallele Welten<\/a><\/b>\u2022 Komprimierte und unbearbeitete Sounds mischen\u2022 Welche Einstellungen in der DAW zu beachten sind\u2022 Parallelkompression f\u00fcr Schlagzeug und Gesang<\/li>\n<li><b>Kapitel 9 &#8211; Farben, R\u00e4umlichkeit\u00a0und Dynamik<\/b>\u2022 Equalizer: Pultec EQ, Mischpult-EQ, moderner Linear Phase EQ\u2022 Magische Signalketten, Hall, Echo und Modulation\u2022\u00a0<a href=\"https:\/\/mixedbymarcmozart.com\/de\/2014\/10\/23\/geheimakte-kompression-teil-1-obertoene\/\" target=\"_blank\" rel=\"noopener noreferrer\">Geheimakte Kompression<\/a>\u2022 Equaliser und Filter\u2022\u00a0<a href=\"https:\/\/mixedbymarcmozart.com\/de\/2016\/03\/21\/reverb-kultur-hall-und-delay-im-mix\/\" target=\"_blank\" rel=\"noopener noreferrer\">Reverb Kultur: Hall und Delay im Mix<\/a>\u2022 Die Dynamik Deines Mixes\u2022\u00a0Was man mit der Stereosumme machen kann (und was nicht)\u2022 Automation der Mischung<\/li>\n<li><b>Kapitel 10 &#8211; Stems, Mastering und wie kommt der Mix zum Kunden<\/b>\u2022 kein Stress mit Deadlines\u2022 iTunes als Analyse-Tool\u2022 Stems: Lebensretter aus dem Datenarchiv\u2022 Die Zusammenarbeit mit dem Mastering-Engineer\u2022 Boomerang-Projekte<\/li>\n<\/ul>\n<\/div>[\/vc_column][\/vc_row][vc_row][vc_column][vc_column_text]<strong>Ein Jahr kostenloses Mix Feedback f\u00fcr Deine Produktionen!<\/strong><\/p>\n<p>Um das Mix Feedback in Anspruch zu nehmen, klicke\u00a0<a href=\"https:\/\/mixedbymarcmozart.com\/de\/my-mix-feedback\/\">einfach hier<\/a>. Dort findest du alle vergangenen und offenen Feedback-Anfragen und eine einfache M\u00f6glichkeit, weitere Mixe einzusenden.[\/vc_column_text][\/vc_column][\/vc_row][vc_row][vc_column][vc_video link=&#8220;https:\/\/youtu.be\/Sg3PN5dXW9U&#8220;][\/vc_column][\/vc_row]<\/p>\n<\/div>","protected":false},"excerpt":{"rendered":"<p>[vc_row margin_top=&#8220;-50px&#8220;][vc_column][vc_single_image image=&#8220;66177&#8243; img_size=&#8220;full&#8220; alignment=&#8220;center&#8220; onclick=&#8220;custom_link&#8220;][\/vc_column][\/vc_row][vc_row margin_top=&#8220;-30&#8243; margin_bottom=&#8220;-30&#8243; css=&#8220;.vc_custom_1469450810937{margin-bottom: 20px !important;}&#8220;][vc_column][vc_column_text] YOUR MIX SUCKS\u00a0&#8211; der Mixing Bestseller. [\/vc_column_text][\/vc_column][vc_column][vc_column_text] Das eBook YOUR MIX SUCKS hat sich nach Ver\u00f6ffentlichung der englischen Version im Februar 2015 schnell zum weltweiten Bestseller und Standardwerk f\u00fcr moderne Mischtechniken entwickelt &#8211; jetzt legt Autor Marc Mozart die deutsche Version nach Der bekannte&hellip;<\/p>\n","protected":false},"author":1,"featured_media":0,"parent":0,"menu_order":0,"comment_status":"closed","ping_status":"closed","template":"","meta":{"footnotes":""},"class_list":["post-35374","page","type-page","status-publish","hentry","description-off"],"yoast_head":"<!-- This site is optimized with the Yoast SEO plugin v27.4 - https:\/\/yoast.com\/product\/yoast-seo-wordpress\/ -->\n<title>YOUR MIX SUCKS - der Mixing Bestseller - Mixed by Marc Mozart<\/title>\n<meta name=\"robots\" content=\"index, follow, max-snippet:-1, max-image-preview:large, max-video-preview:-1\" \/>\n<link rel=\"canonical\" href=\"https:\/\/mixedbymarcmozart.com\/de\/your-mix-sucks-the-international-mixing-bestseller\/\" \/>\n<script type=\"application\/ld+json\" class=\"yoast-schema-graph\">{\"@context\":\"https:\\\/\\\/schema.org\",\"@graph\":[{\"@type\":\"WebPage\",\"@id\":\"https:\\\/\\\/mixedbymarcmozart.com\\\/de\\\/your-mix-sucks-the-international-mixing-bestseller\\\/\",\"url\":\"https:\\\/\\\/mixedbymarcmozart.com\\\/de\\\/your-mix-sucks-the-international-mixing-bestseller\\\/\",\"name\":\"YOUR MIX SUCKS - der Mixing Bestseller - Mixed by Marc Mozart\",\"isPartOf\":{\"@id\":\"https:\\\/\\\/mixedbymarcmozart.com\\\/#website\"},\"datePublished\":\"2018-06-16T18:56:56+00:00\",\"dateModified\":\"2021-02-19T12:44:42+00:00\",\"breadcrumb\":{\"@id\":\"https:\\\/\\\/mixedbymarcmozart.com\\\/de\\\/your-mix-sucks-the-international-mixing-bestseller\\\/#breadcrumb\"},\"inLanguage\":\"de\",\"potentialAction\":[{\"@type\":\"ReadAction\",\"target\":[\"https:\\\/\\\/mixedbymarcmozart.com\\\/de\\\/your-mix-sucks-the-international-mixing-bestseller\\\/\"]}]},{\"@type\":\"BreadcrumbList\",\"@id\":\"https:\\\/\\\/mixedbymarcmozart.com\\\/de\\\/your-mix-sucks-the-international-mixing-bestseller\\\/#breadcrumb\",\"itemListElement\":[{\"@type\":\"ListItem\",\"position\":1,\"name\":\"Home\",\"item\":\"https:\\\/\\\/mixedbymarcmozart.com\\\/de\\\/\"},{\"@type\":\"ListItem\",\"position\":2,\"name\":\"YOUR MIX SUCKS &#8211; der Mixing Bestseller\"}]},{\"@type\":\"WebSite\",\"@id\":\"https:\\\/\\\/mixedbymarcmozart.com\\\/#website\",\"url\":\"https:\\\/\\\/mixedbymarcmozart.com\\\/\",\"name\":\"Mixed by Marc Mozart\",\"description\":\"YOUR MIX SUCKS \u2022 MIX TEMPLE \u2022 MASTER FEEDBACK\",\"potentialAction\":[{\"@type\":\"SearchAction\",\"target\":{\"@type\":\"EntryPoint\",\"urlTemplate\":\"https:\\\/\\\/mixedbymarcmozart.com\\\/?s={search_term_string}\"},\"query-input\":{\"@type\":\"PropertyValueSpecification\",\"valueRequired\":true,\"valueName\":\"search_term_string\"}}],\"inLanguage\":\"de\"}]}<\/script>\n<!-- \/ Yoast SEO plugin. -->","yoast_head_json":{"title":"YOUR MIX SUCKS - der Mixing Bestseller - Mixed by Marc Mozart","robots":{"index":"index","follow":"follow","max-snippet":"max-snippet:-1","max-image-preview":"max-image-preview:large","max-video-preview":"max-video-preview:-1"},"canonical":"https:\/\/mixedbymarcmozart.com\/de\/your-mix-sucks-the-international-mixing-bestseller\/","schema":{"@context":"https:\/\/schema.org","@graph":[{"@type":"WebPage","@id":"https:\/\/mixedbymarcmozart.com\/de\/your-mix-sucks-the-international-mixing-bestseller\/","url":"https:\/\/mixedbymarcmozart.com\/de\/your-mix-sucks-the-international-mixing-bestseller\/","name":"YOUR MIX SUCKS - der Mixing Bestseller - Mixed by Marc Mozart","isPartOf":{"@id":"https:\/\/mixedbymarcmozart.com\/#website"},"datePublished":"2018-06-16T18:56:56+00:00","dateModified":"2021-02-19T12:44:42+00:00","breadcrumb":{"@id":"https:\/\/mixedbymarcmozart.com\/de\/your-mix-sucks-the-international-mixing-bestseller\/#breadcrumb"},"inLanguage":"de","potentialAction":[{"@type":"ReadAction","target":["https:\/\/mixedbymarcmozart.com\/de\/your-mix-sucks-the-international-mixing-bestseller\/"]}]},{"@type":"BreadcrumbList","@id":"https:\/\/mixedbymarcmozart.com\/de\/your-mix-sucks-the-international-mixing-bestseller\/#breadcrumb","itemListElement":[{"@type":"ListItem","position":1,"name":"Home","item":"https:\/\/mixedbymarcmozart.com\/de\/"},{"@type":"ListItem","position":2,"name":"YOUR MIX SUCKS &#8211; der Mixing Bestseller"}]},{"@type":"WebSite","@id":"https:\/\/mixedbymarcmozart.com\/#website","url":"https:\/\/mixedbymarcmozart.com\/","name":"Mixed by Marc Mozart","description":"YOUR MIX SUCKS \u2022 MIX TEMPLE \u2022 MASTER FEEDBACK","potentialAction":[{"@type":"SearchAction","target":{"@type":"EntryPoint","urlTemplate":"https:\/\/mixedbymarcmozart.com\/?s={search_term_string}"},"query-input":{"@type":"PropertyValueSpecification","valueRequired":true,"valueName":"search_term_string"}}],"inLanguage":"de"}]}},"_links":{"self":[{"href":"https:\/\/mixedbymarcmozart.com\/de\/wp-json\/wp\/v2\/pages\/35374","targetHints":{"allow":["GET"]}}],"collection":[{"href":"https:\/\/mixedbymarcmozart.com\/de\/wp-json\/wp\/v2\/pages"}],"about":[{"href":"https:\/\/mixedbymarcmozart.com\/de\/wp-json\/wp\/v2\/types\/page"}],"author":[{"embeddable":true,"href":"https:\/\/mixedbymarcmozart.com\/de\/wp-json\/wp\/v2\/users\/1"}],"replies":[{"embeddable":true,"href":"https:\/\/mixedbymarcmozart.com\/de\/wp-json\/wp\/v2\/comments?post=35374"}],"version-history":[{"count":0,"href":"https:\/\/mixedbymarcmozart.com\/de\/wp-json\/wp\/v2\/pages\/35374\/revisions"}],"wp:attachment":[{"href":"https:\/\/mixedbymarcmozart.com\/de\/wp-json\/wp\/v2\/media?parent=35374"}],"curies":[{"name":"wp","href":"https:\/\/api.w.org\/{rel}","templated":true}]}}