{"id":194118,"date":"2021-07-21T17:04:09","date_gmt":"2021-07-21T15:04:09","guid":{"rendered":"https:\/\/mixedbymarcmozart.com\/master-temple-pro\/"},"modified":"2021-12-17T17:39:14","modified_gmt":"2021-12-17T16:39:14","slug":"master-temple-pro","status":"publish","type":"page","link":"https:\/\/mixedbymarcmozart.com\/de\/master-temple-pro\/","title":{"rendered":"Master Temple PRO"},"content":{"rendered":"<div class=\"wpb-content-wrapper\"><p>[vc_row][vc_column][vc_single_image image=&#8220;193909&#8243; img_size=&#8220;full&#8220; alignment=&#8220;center&#8220;]<div class=\"dt-fancy-separator title-left h1-size title-color\" style=\"width: 100%;\"><div class=\"dt-fancy-title\"><span class=\"separator-holder separator-left\"><\/span>MASTER TEMPLE PRO<span class=\"separator-holder separator-right\"><\/span><\/div><\/div><div class=\"ult-spacer spacer-69e7507e11929\" data-id=\"69e7507e11929\" data-height=\"15\" data-height-mobile=\"15\" data-height-tab=\"15\" data-height-tab-portrait=\"15\" data-height-mobile-landscape=\"15\" style=\"clear:both;display:block;\"><\/div>[vc_btn title=&#8220;JETZT KAUFEN!&#8220; style=&#8220;custom&#8220; custom_background=&#8220;#dd3333&#8243; custom_text=&#8220;#ffffff&#8220; link=&#8220;url:https%3A%2F%2Fmixedbymarcmozart.com%2Fde%2Fproduct-category%2Ftemplates-de%2Fmaster-temple-de%2F|title:MASTER%20TEMPLE%20PRO&#8220;][vc_column_text]Mastering ist f\u00fcr viele Musiker ein Mysterium. Klar, es geht um die richtige Lautst\u00e4rke, Balance, und Stereo Wahrnehmung &#8211; aber wie kommt man da hin? Was sind die genauen Schritte?<\/p>\n<p><strong>Um diese Fragen zu beantworten, haben wir Master Temple PRO entwickelt. Wir wollen Dir die Tools und das Wissen geben, um Deine eigenen Tracks zu mastern, ohne den \u00dcberblick zu verlieren!<\/strong>[\/vc_column_text][\/vc_column][\/vc_row][vc_row][vc_column]<div class=\"ult-spacer spacer-69e7507e11955\" data-id=\"69e7507e11955\" data-height=\"20\" data-height-mobile=\"15\" data-height-tab=\"15\" data-height-tab-portrait=\"15\" data-height-mobile-landscape=\"15\" style=\"clear:both;display:block;\"><\/div><div class=\"dt-fancy-separator h3-size style-disabled\" style=\"width: 100%;\"><div class=\"dt-fancy-title\" style=\"color: #474747;\"><span class=\"separator-holder separator-left\"><\/span>Trailer von Master Temple PRO<span class=\"separator-holder separator-right\"><\/span><\/div><\/div><div class=\"ult-spacer spacer-69e7507e119b8\" data-id=\"69e7507e119b8\" data-height=\"20\" data-height-mobile=\"15\" data-height-tab=\"15\" data-height-tab-portrait=\"15\" data-height-mobile-landscape=\"15\" style=\"clear:both;display:block;\"><\/div>[vc_video link=&#8220;https:\/\/youtu.be\/sweo3M4OpjM&#8220; el_width=&#8220;80&#8243; align=&#8220;center&#8220;][vc_btn title=&#8220;M\u00f6chtest du Master Temple PRO in Aktion sehen?&#8220; style=&#8220;custom&#8220; custom_background=&#8220;#dd3333&#8243; custom_text=&#8220;#ffffff&#8220; align=&#8220;center&#8220; i_icon_fontawesome=&#8220;fas fa-film&#8220; button_block=&#8220;true&#8220; add_icon=&#8220;true&#8220; link=&#8220;url:https%3A%2F%2Fmixedbymarcmozart.com%2Fde%2Fmaster-temple-pro-for-logic-pro-tutorials%2F|title:MASTER%20TEMPLE%20PRO|target:_blank&#8220;]<div class=\"ult-spacer spacer-69e7507e119ec\" data-id=\"69e7507e119ec\" data-height=\"40\" data-height-mobile=\"30\" data-height-tab=\"30\" data-height-tab-portrait=\"30\" data-height-mobile-landscape=\"30\" style=\"clear:both;display:block;\"><\/div>[\/vc_column][\/vc_row][vc_row][vc_column]<div class=\"dt-fancy-separator h3-size style-disabled\" style=\"width: 100%;\"><div class=\"dt-fancy-title\" style=\"color: #474747;\"><span class=\"separator-holder separator-left\"><\/span>Master Temple PRO ist f\u00fcr folgende DAWs verf\u00fcgbar:<span class=\"separator-holder separator-right\"><\/span><\/div><\/div><div class=\"ult-spacer spacer-69e7507e11a3a\" data-id=\"69e7507e11a3a\" data-height=\"30\" data-height-mobile=\"20\" data-height-tab=\"20\" data-height-tab-portrait=\"20\" data-height-mobile-landscape=\"20\" style=\"clear:both;display:block;\"><\/div>[\/vc_column][\/vc_row][vc_row][vc_column width=&#8220;1\/6&#8243;][vc_single_image image=&#8220;193984&#8243; alignment=&#8220;center&#8220; onclick=&#8220;custom_link&#8220; link=&#8220;https:\/\/mixedbymarcmozart.com\/product\/master-temple-pro-for-logic-pro\/&#8220;][\/vc_column][vc_column width=&#8220;1\/6&#8243;][vc_single_image image=&#8220;194668&#8243; alignment=&#8220;center&#8220; onclick=&#8220;custom_link&#8220; link=&#8220;https:\/\/mixedbymarcmozart.com\/de\/product\/master-temple-pro-for-cubase\/&#8220;][\/vc_column][vc_column width=&#8220;1\/6&#8243;][vc_single_image image=&#8220;194888&#8243; alignment=&#8220;center&#8220; onclick=&#8220;custom_link&#8220; link=&#8220;https:\/\/mixedbymarcmozart.com\/de\/product\/master-temple-pro-for-studio-one\/&#8220;][\/vc_column][vc_column width=&#8220;1\/6&#8243;][vc_single_image image=&#8220;195341&#8243; alignment=&#8220;center&#8220; onclick=&#8220;custom_link&#8220; link=&#8220;https:\/\/mixedbymarcmozart.com\/de\/product\/master-temple-pro-for-pro-tools\/&#8220;][\/vc_column][vc_column width=&#8220;1\/6&#8243;][vc_single_image image=&#8220;195813&#8243; alignment=&#8220;center&#8220; onclick=&#8220;custom_link&#8220; link=&#8220;https:\/\/mixedbymarcmozart.com\/de\/product\/master-temple-pro-for-ableton-live\/&#8220;][\/vc_column][vc_column width=&#8220;1\/6&#8243;][vc_single_image image=&#8220;196398&#8243; alignment=&#8220;center&#8220; onclick=&#8220;custom_link&#8220; link=&#8220;https:\/\/mixedbymarcmozart.com\/de\/product\/master-temple-pro-for-fl-studio\/&#8220;][\/vc_column][\/vc_row][vc_row][vc_column]<div class=\"ult-spacer spacer-69e7507e11a5d\" data-id=\"69e7507e11a5d\" data-height=\"40\" data-height-mobile=\"30\" data-height-tab=\"30\" data-height-tab-portrait=\"30\" data-height-mobile-landscape=\"30\" style=\"clear:both;display:block;\"><\/div>[\/vc_column][\/vc_row][vc_row][vc_column]<div class=\"dt-fancy-separator h2-size style-dashed\" style=\"width: 100%;\"><div class=\"dt-fancy-title\" style=\"color: #3d3d3d;\"><span class=\"separator-holder separator-left\"><\/span>4 BLOCK SYSTEM<span class=\"separator-holder separator-right\"><\/span><\/div><\/div><div class=\"ult-spacer spacer-69e7507e11aa7\" data-id=\"69e7507e11aa7\" data-height=\"30\" data-height-mobile=\"20\" data-height-tab=\"20\" data-height-tab-portrait=\"20\" data-height-mobile-landscape=\"20\" style=\"clear:both;display:block;\"><\/div>[vc_row_inner][vc_column_inner width=&#8220;1\/2&#8243;][vc_single_image image=&#8220;193915&#8243; img_size=&#8220;full&#8220; alignment=&#8220;center&#8220;][\/vc_column_inner][vc_column_inner width=&#8220;1\/2&#8243;][vc_column_text]Master Temple Pro ist ein Template, welches einen einfach verst\u00e4ndlichen Ansatz zum Mastering bietet. Dazu haben wir ein innovatives 4-Block System entwickelt.<\/p>\n<p><b>1 &#8211; Surgical:<\/b> Hier nehmen wir alles raus, was nicht gebraucht wird. Dr\u00f6hnende B\u00e4sse, nervige Mittenresonanzen, scharfe Hi-Hats &#8211; all das wird hier gezielt reduziert.<\/p>\n<p><b>2 &#8211; Shaping:<\/b> Hier geben wir dem Track die gewisse W\u00fcrze. \ud83e\uddc2Breite EQ-Boosts und -Cuts formen das Master ebenso wie die Wahl des richtigen Bus-Kompressors.<\/p>\n<p><b>3 &#8211; General: <\/b>Alles ist m\u00f6glich! Du brauchst Mid\/Sid EQing? Ist schon am Start! Ein bisschen Bands\u00e4ttigung? Kein Problem! Multiband Kompression? Am Start!<\/p>\n<p><b>4 &#8211; Level: <\/b>Ziemlich selbsterkl\u00e4rend, oder? Hier stellen wir den endg\u00fcltigen Pegel f\u00fcr Deinen Track ein, damit er in der modernen Musikwelt konkurrenzf\u00e4hig ist.[\/vc_column_text][\/vc_column_inner][\/vc_row_inner]<div class=\"ult-spacer spacer-69e7507e11ac8\" data-id=\"69e7507e11ac8\" data-height=\"20\" data-height-mobile=\"15\" data-height-tab=\"15\" data-height-tab-portrait=\"15\" data-height-mobile-landscape=\"15\" style=\"clear:both;display:block;\"><\/div>[\/vc_column][\/vc_row][vc_row][vc_column]<div class=\"dt-fancy-separator h2-size style-dashed\" style=\"width: 100%;\"><div class=\"dt-fancy-title\" style=\"color: #3d3d3d;\"><span class=\"separator-holder separator-left\"><\/span>CHANNEL STRIP PRESETS<span class=\"separator-holder separator-right\"><\/span><\/div><\/div><div class=\"ult-spacer spacer-69e7507e11b11\" data-id=\"69e7507e11b11\" data-height=\"30\" data-height-mobile=\"20\" data-height-tab=\"20\" data-height-tab-portrait=\"20\" data-height-mobile-landscape=\"20\" style=\"clear:both;display:block;\"><\/div>[vc_row_inner content_placement=&#8220;middle&#8220;][vc_column_inner el_class=&#8220;vc_col-sm-push-6&#8243; width=&#8220;1\/2&#8243;][vc_single_image image=&#8220;193923&#8243; img_size=&#8220;full&#8220; alignment=&#8220;center&#8220;][\/vc_column_inner][vc_column_inner el_class=&#8220;vc_col-sm-pull-6&#8243; width=&#8220;1\/2&#8243;][vc_column_text]H\u00f6rt sich komplex an?<\/p>\n<p>Keine Sorge &#8211; Wir haben eine Menge Presets f\u00fcr alle vier Bl\u00f6cke erstellt. Mit dabei sind die gr\u00f6\u00dften Mastering-Plugin-Hersteller wie <strong>Waves, iZotope&#8217;s Ozone 9, Plugin Alliance, FabFilter und Slate Digital<\/strong>.<\/p>\n<p><strong>Du hast KEINE Plugins von Drittanbietern?<\/strong> Keine Problem &#8211; Du kannst komplett ohne Drittplugins arbeiten &#8211; wir liefern hervorragend klingende Plugin-Presets mit, die auf <strong>DAW internen Plugins<\/strong> basieren![\/vc_column_text][\/vc_column_inner][\/vc_row_inner]<div class=\"ult-spacer spacer-69e7507e11b32\" data-id=\"69e7507e11b32\" data-height=\"20\" data-height-mobile=\"15\" data-height-tab=\"15\" data-height-tab-portrait=\"15\" data-height-mobile-landscape=\"15\" style=\"clear:both;display:block;\"><\/div>[\/vc_column][\/vc_row][vc_row][vc_column]<div class=\"dt-fancy-separator h2-size style-dashed\" style=\"width: 100%;\"><div class=\"dt-fancy-title\" style=\"color: #3d3d3d;\"><span class=\"separator-holder separator-left\"><\/span>VERSCHIEDENE STARTPUNKTE<span class=\"separator-holder separator-right\"><\/span><\/div><\/div><div class=\"ult-spacer spacer-69e7507e11b77\" data-id=\"69e7507e11b77\" data-height=\"30\" data-height-mobile=\"20\" data-height-tab=\"20\" data-height-tab-portrait=\"20\" data-height-mobile-landscape=\"20\" style=\"clear:both;display:block;\"><\/div>[vc_row_inner content_placement=&#8220;middle&#8220;][vc_column_inner width=&#8220;1\/2&#8243;][vc_single_image image=&#8220;193932&#8243; img_size=&#8220;full&#8220; alignment=&#8220;center&#8220;][\/vc_column_inner][vc_column_inner width=&#8220;1\/2&#8243;][vc_column_text]Au\u00dferdem gibt es von jedem Block und Hersteller drei grobe Intensit\u00e4ten:<\/p>\n<p><strong>Natural<\/strong>,<\/p>\n<p><strong>Tight<\/strong> und<\/p>\n<p><strong>Loud&amp;Heavy<\/strong>.<\/p>\n<p>Das Mischen und Anpassen von Presets von verschiedenen Herstellern ist dank des 4-Block Systems kein Problem![\/vc_column_text][\/vc_column_inner][\/vc_row_inner]<div class=\"ult-spacer spacer-69e7507e11b97\" data-id=\"69e7507e11b97\" data-height=\"20\" data-height-mobile=\"15\" data-height-tab=\"15\" data-height-tab-portrait=\"15\" data-height-mobile-landscape=\"15\" style=\"clear:both;display:block;\"><\/div>[\/vc_column][\/vc_row][vc_row content_placement=&#8220;middle&#8220;][vc_column]<div class=\"dt-fancy-separator h2-size style-dashed\" style=\"width: 100%;\"><div class=\"dt-fancy-title\" style=\"color: #3d3d3d;\"><span class=\"separator-holder separator-left\"><\/span>BESTES VU METER<span class=\"separator-holder separator-right\"><\/span><\/div><\/div><div class=\"ult-spacer spacer-69e7507e11bee\" data-id=\"69e7507e11bee\" data-height=\"30\" data-height-mobile=\"20\" data-height-tab=\"20\" data-height-tab-portrait=\"20\" data-height-mobile-landscape=\"20\" style=\"clear:both;display:block;\"><\/div>[vc_row_inner content_placement=&#8220;middle&#8220;][vc_column_inner el_class=&#8220;vc_col-sm-push-6&#8243; width=&#8220;1\/2&#8243;][vc_single_image image=&#8220;193944&#8243; img_size=&#8220;full&#8220; alignment=&#8220;center&#8220;][\/vc_column_inner][vc_column_inner el_class=&#8220;vc_col-sm-pull-6&#8243; width=&#8220;1\/2&#8243;][vc_column_text]Mit Master Temple PRO liefern wir Dir die das <strong>beste VU-Meter<\/strong> mit, das wir kennen! <strong>Das mvMeter2 von TBProAudio<\/strong>.<\/p>\n<p>Jeder Mastering Engineer wird dir versichern, wie wichtig es ist, die Pegel und das Gain Staging in der gesamten Signalkette im Blick zu halten.<\/p>\n<p>Das Plugin wird direkt von uns mitgeliefert &#8211; es ist keine extra Registrierung oder Kauf erforderlich![\/vc_column_text][\/vc_column_inner][\/vc_row_inner]<div class=\"ult-spacer spacer-69e7507e11c1b\" data-id=\"69e7507e11c1b\" data-height=\"20\" data-height-mobile=\"15\" data-height-tab=\"15\" data-height-tab-portrait=\"15\" data-height-mobile-landscape=\"15\" style=\"clear:both;display:block;\"><\/div>[\/vc_column][\/vc_row][vc_row][vc_column]<div class=\"dt-fancy-separator h2-size style-dashed\" style=\"width: 100%;\"><div class=\"dt-fancy-title\" style=\"color: #3d3d3d;\"><span class=\"separator-holder separator-left\"><\/span>EBOOK \u00dcBER MASTERING<span class=\"separator-holder separator-right\"><\/span><\/div><\/div><div class=\"ult-spacer spacer-69e7507e11c6a\" data-id=\"69e7507e11c6a\" data-height=\"30\" data-height-mobile=\"20\" data-height-tab=\"20\" data-height-tab-portrait=\"20\" data-height-mobile-landscape=\"20\" style=\"clear:both;display:block;\"><\/div>[vc_row_inner content_placement=&#8220;middle&#8220;][vc_column_inner width=&#8220;1\/2&#8243;][vc_single_image image=&#8220;193950&#8243; img_size=&#8220;full&#8220; alignment=&#8220;center&#8220;][\/vc_column_inner][vc_column_inner width=&#8220;1\/2&#8243;][vc_column_text]<strong>Zus\u00e4tzlich erh\u00e4ltst Du ein eBook (<\/strong>in englischer Sprache), welches dir einen tieferen Einblick in das Mastering und die Philosophien hinter unserem Template gibt.<\/p>\n<p>Mastering ist <strong>so viel mehr<\/strong> als Plugins, Signalketten und der richtige Pegel.<\/p>\n<p>Au\u00dferdem verraten wir Euch all unser Wissen im Umgang mit Kunden, Deadlines, eMail Kommunikation und vieles mehr.[\/vc_column_text][\/vc_column_inner][\/vc_row_inner][\/vc_column][\/vc_row][vc_row][vc_column]<div class=\"ult-spacer spacer-69e7507e11c8c\" data-id=\"69e7507e11c8c\" data-height=\"40\" data-height-mobile=\"30\" data-height-tab=\"30\" data-height-tab-portrait=\"30\" data-height-mobile-landscape=\"30\" style=\"clear:both;display:block;\"><\/div>[vc_btn title=&#8220;MASTER TEMPLE PRO KAUFEN&#8220; style=&#8220;custom&#8220; custom_background=&#8220;#dd3333&#8243; custom_text=&#8220;#ffffff&#8220; size=&#8220;lg&#8220; align=&#8220;center&#8220; i_icon_fontawesome=&#8220;fas fa-cart-arrow-down&#8220; button_block=&#8220;true&#8220; add_icon=&#8220;true&#8220; link=&#8220;url:https%3A%2F%2Fmixedbymarcmozart.com%2Fde%2Fproduct-category%2Ftemplates-de%2Fmaster-temple-de%2F|title:MASTER%20TEMPLE%20PRO&#8220;][\/vc_column][\/vc_row][vc_row][vc_column]<div class=\"ult-spacer spacer-69e7507e11cb9\" data-id=\"69e7507e11cb9\" data-height=\"40\" data-height-mobile=\"30\" data-height-tab=\"30\" data-height-tab-portrait=\"30\" data-height-mobile-landscape=\"30\" style=\"clear:both;display:block;\"><\/div><div class=\"dt-fancy-separator h3-size style-disabled\" style=\"width: 100%;\"><div class=\"dt-fancy-title\" style=\"color: #474747;\"><span class=\"separator-holder separator-left\"><\/span>Check unser Workflow Tutorial von Master Temple PRO:<span class=\"separator-holder separator-right\"><\/span><\/div><\/div><div class=\"ult-spacer spacer-69e7507e11d08\" data-id=\"69e7507e11d08\" data-height=\"30\" data-height-mobile=\"20\" data-height-tab=\"20\" data-height-tab-portrait=\"20\" data-height-mobile-landscape=\"20\" style=\"clear:both;display:block;\"><\/div>[vc_video link=&#8220;https:\/\/youtu.be\/Wca57BtKYNg&#8220; align=&#8220;center&#8220;][\/vc_column][\/vc_row][vc_row][vc_column]<div class=\"ult-spacer spacer-69e7507e11d26\" data-id=\"69e7507e11d26\" data-height=\"40\" data-height-mobile=\"30\" data-height-tab=\"30\" data-height-tab-portrait=\"30\" data-height-mobile-landscape=\"30\" style=\"clear:both;display:block;\"><\/div>[vc_btn title=&#8220;MASTER TEMPLE PRO KAUFEN&#8220; style=&#8220;custom&#8220; custom_background=&#8220;#dd3333&#8243; custom_text=&#8220;#ffffff&#8220; size=&#8220;lg&#8220; align=&#8220;center&#8220; i_icon_fontawesome=&#8220;fas fa-cart-arrow-down&#8220; button_block=&#8220;true&#8220; add_icon=&#8220;true&#8220; link=&#8220;url:https%3A%2F%2Fmixedbymarcmozart.com%2Fde%2Fproduct-category%2Ftemplates-de%2Fmaster-temple-de%2F|title:MASTER%20TEMPLE%20PRO&#8220;][\/vc_column][\/vc_row]<\/p>\n<\/div>","protected":false},"excerpt":{"rendered":"<p>[vc_row][vc_column][vc_single_image image=&#8220;193909&#8243; img_size=&#8220;full&#8220; alignment=&#8220;center&#8220;][vc_btn title=&#8220;JETZT KAUFEN!&#8220; style=&#8220;custom&#8220; custom_background=&#8220;#dd3333&#8243; custom_text=&#8220;#ffffff&#8220; link=&#8220;url:https%3A%2F%2Fmixedbymarcmozart.com%2Fde%2Fproduct-category%2Ftemplates-de%2Fmaster-temple-de%2F|title:MASTER%20TEMPLE%20PRO&#8220;][vc_column_text]Mastering ist f\u00fcr viele Musiker ein Mysterium. Klar, es geht um die richtige Lautst\u00e4rke, Balance, und Stereo Wahrnehmung &#8211; aber wie kommt man da hin? Was sind die genauen Schritte? Um diese Fragen zu beantworten, haben wir Master Temple PRO entwickelt. Wir wollen Dir die Tools&hellip;<\/p>\n","protected":false},"author":5945,"featured_media":0,"parent":0,"menu_order":0,"comment_status":"closed","ping_status":"closed","template":"","meta":{"footnotes":""},"class_list":["post-194118","page","type-page","status-publish","hentry","description-off"],"yoast_head":"<!-- This site is optimized with the Yoast SEO plugin v27.4 - https:\/\/yoast.com\/product\/yoast-seo-wordpress\/ -->\n<title>Master Temple PRO - Mixed by Marc Mozart<\/title>\n<meta name=\"robots\" content=\"index, follow, max-snippet:-1, max-image-preview:large, max-video-preview:-1\" \/>\n<link rel=\"canonical\" href=\"https:\/\/mixedbymarcmozart.com\/de\/master-temple-pro\/\" \/>\n<script type=\"application\/ld+json\" class=\"yoast-schema-graph\">{\"@context\":\"https:\\\/\\\/schema.org\",\"@graph\":[{\"@type\":\"WebPage\",\"@id\":\"https:\\\/\\\/mixedbymarcmozart.com\\\/de\\\/master-temple-pro\\\/\",\"url\":\"https:\\\/\\\/mixedbymarcmozart.com\\\/de\\\/master-temple-pro\\\/\",\"name\":\"Master Temple PRO - Mixed by Marc Mozart\",\"isPartOf\":{\"@id\":\"https:\\\/\\\/mixedbymarcmozart.com\\\/#website\"},\"datePublished\":\"2021-07-21T15:04:09+00:00\",\"dateModified\":\"2021-12-17T16:39:14+00:00\",\"breadcrumb\":{\"@id\":\"https:\\\/\\\/mixedbymarcmozart.com\\\/de\\\/master-temple-pro\\\/#breadcrumb\"},\"inLanguage\":\"de\",\"potentialAction\":[{\"@type\":\"ReadAction\",\"target\":[\"https:\\\/\\\/mixedbymarcmozart.com\\\/de\\\/master-temple-pro\\\/\"]}]},{\"@type\":\"BreadcrumbList\",\"@id\":\"https:\\\/\\\/mixedbymarcmozart.com\\\/de\\\/master-temple-pro\\\/#breadcrumb\",\"itemListElement\":[{\"@type\":\"ListItem\",\"position\":1,\"name\":\"Home\",\"item\":\"https:\\\/\\\/mixedbymarcmozart.com\\\/de\\\/\"},{\"@type\":\"ListItem\",\"position\":2,\"name\":\"Master Temple PRO\"}]},{\"@type\":\"WebSite\",\"@id\":\"https:\\\/\\\/mixedbymarcmozart.com\\\/#website\",\"url\":\"https:\\\/\\\/mixedbymarcmozart.com\\\/\",\"name\":\"Mixed by Marc Mozart\",\"description\":\"YOUR MIX SUCKS \u2022 MIX TEMPLE \u2022 MASTER FEEDBACK\",\"potentialAction\":[{\"@type\":\"SearchAction\",\"target\":{\"@type\":\"EntryPoint\",\"urlTemplate\":\"https:\\\/\\\/mixedbymarcmozart.com\\\/?s={search_term_string}\"},\"query-input\":{\"@type\":\"PropertyValueSpecification\",\"valueRequired\":true,\"valueName\":\"search_term_string\"}}],\"inLanguage\":\"de\"}]}<\/script>\n<!-- \/ Yoast SEO plugin. -->","yoast_head_json":{"title":"Master Temple PRO - Mixed by Marc Mozart","robots":{"index":"index","follow":"follow","max-snippet":"max-snippet:-1","max-image-preview":"max-image-preview:large","max-video-preview":"max-video-preview:-1"},"canonical":"https:\/\/mixedbymarcmozart.com\/de\/master-temple-pro\/","schema":{"@context":"https:\/\/schema.org","@graph":[{"@type":"WebPage","@id":"https:\/\/mixedbymarcmozart.com\/de\/master-temple-pro\/","url":"https:\/\/mixedbymarcmozart.com\/de\/master-temple-pro\/","name":"Master Temple PRO - Mixed by Marc Mozart","isPartOf":{"@id":"https:\/\/mixedbymarcmozart.com\/#website"},"datePublished":"2021-07-21T15:04:09+00:00","dateModified":"2021-12-17T16:39:14+00:00","breadcrumb":{"@id":"https:\/\/mixedbymarcmozart.com\/de\/master-temple-pro\/#breadcrumb"},"inLanguage":"de","potentialAction":[{"@type":"ReadAction","target":["https:\/\/mixedbymarcmozart.com\/de\/master-temple-pro\/"]}]},{"@type":"BreadcrumbList","@id":"https:\/\/mixedbymarcmozart.com\/de\/master-temple-pro\/#breadcrumb","itemListElement":[{"@type":"ListItem","position":1,"name":"Home","item":"https:\/\/mixedbymarcmozart.com\/de\/"},{"@type":"ListItem","position":2,"name":"Master Temple PRO"}]},{"@type":"WebSite","@id":"https:\/\/mixedbymarcmozart.com\/#website","url":"https:\/\/mixedbymarcmozart.com\/","name":"Mixed by Marc Mozart","description":"YOUR MIX SUCKS \u2022 MIX TEMPLE \u2022 MASTER FEEDBACK","potentialAction":[{"@type":"SearchAction","target":{"@type":"EntryPoint","urlTemplate":"https:\/\/mixedbymarcmozart.com\/?s={search_term_string}"},"query-input":{"@type":"PropertyValueSpecification","valueRequired":true,"valueName":"search_term_string"}}],"inLanguage":"de"}]}},"_links":{"self":[{"href":"https:\/\/mixedbymarcmozart.com\/de\/wp-json\/wp\/v2\/pages\/194118","targetHints":{"allow":["GET"]}}],"collection":[{"href":"https:\/\/mixedbymarcmozart.com\/de\/wp-json\/wp\/v2\/pages"}],"about":[{"href":"https:\/\/mixedbymarcmozart.com\/de\/wp-json\/wp\/v2\/types\/page"}],"author":[{"embeddable":true,"href":"https:\/\/mixedbymarcmozart.com\/de\/wp-json\/wp\/v2\/users\/5945"}],"replies":[{"embeddable":true,"href":"https:\/\/mixedbymarcmozart.com\/de\/wp-json\/wp\/v2\/comments?post=194118"}],"version-history":[{"count":0,"href":"https:\/\/mixedbymarcmozart.com\/de\/wp-json\/wp\/v2\/pages\/194118\/revisions"}],"wp:attachment":[{"href":"https:\/\/mixedbymarcmozart.com\/de\/wp-json\/wp\/v2\/media?parent=194118"}],"curies":[{"name":"wp","href":"https:\/\/api.w.org\/{rel}","templated":true}]}}