{"id":166865,"date":"2020-12-18T09:07:11","date_gmt":"2020-12-18T08:07:11","guid":{"rendered":"https:\/\/mixedbymarcmozart.com\/?page_id=166865"},"modified":"2021-01-25T10:23:11","modified_gmt":"2021-01-25T09:23:11","slug":"online-mix-coaching","status":"publish","type":"page","link":"https:\/\/mixedbymarcmozart.com\/de\/online-mix-coaching\/","title":{"rendered":"Online Mix Coaching"},"content":{"rendered":"<div class=\"wpb-content-wrapper\"><p>[vc_row margin_top=&#8220;-30&#8243; min_height=&#8220;-30&#8243;][vc_column][vc_column_text]<\/p>\n<h3>Online Mix Coaching &#8211; Mentored by Marc Mozart<\/h3>\n<p>Willkommen zu Online-Version von &#8222;Mentored By Marc Mozart&#8220; &#8211; die perfekte Weiterbildungsm\u00f6glichkeit w\u00e4hrend des Lockdown!<br \/>\nDu produzierst Musik \u2013 ob als Profi oder in deiner Freizeit? Mit Deinen Produktionen bist du im Gro\u00dfen und Ganzen zufrieden, aber im Mixing sp\u00fcrst noch Luft nach oben? Gef\u00fchlt bringst du deinen Mix auf 80%, manchmal sogar 90% \u2013 hast aber Sorge, ihn nach dem 100. mal H\u00f6ren im letzten Moment zu zerst\u00f6ren? Dann\u00a0richtet sich das \u201eMentored by Marc Mozart\u201c Coaching an <strong>dich<\/strong>!<\/p>\n<p>Entlang des Mixing-Bestseller YOUR MIX SUCKS zeigen wir dir wie du deine Mixe auf das n\u00e4chste Level bringst. Um pers\u00f6nliches Feedback und individuelles \u201e1:1\u201c zu garantieren, ist die Teilnehmeranzahl auf max. digitale 8 Teilnehmer begrenzt. Die Mindestzahl f\u00fcr deinen Kurs liegt bei 4 Personen. Das Coaching ist genre-offen, d.h.: Egal ob Du eher HipHop, Schlager, EDM, Techno oder Rock produzierst: Mit dem vermittelten Wissen kannst du im jedem Genre Verbesserungen deiner Skills erreichen.<\/p>\n<p>[\/vc_column_text][\/vc_column][\/vc_row][vc_row margin_top=&#8220;-30&#8243; min_height=&#8220;-30&#8243;][vc_column][vc_column_text]<\/p>\n<h3>Kompletter Leistungsumfang<\/h3>\n<p><strong>Vor Kursbeginn:<\/strong><\/p>\n<p>\u2022 Wir wollen wissen, was dir wichtig ist! Vor welchen Herausforderungen stellt dich dein Mix? Sende uns eine Mail mit deinen wichtigsten Fragen. So stellen wir maximalen Nutzen f\u00fcr dich sicher!<\/p>\n<p>\u2022 Vorab-Analyse eines von Dir produzierten Tracks. Dieser Track dient dann als Role-Model f\u00fcr Deine individuelle Beratung.<\/p>\n<p>\u2022 Fragen zur Studio-Planung oder Equipment-Anschaffung? Da bist Du hier genau richtig. Bei uns im Studio gibt\u2019s alles: digital \u2013 analog \u2013 neu \u2013 alt. Und tats\u00e4chlich braucht man nicht viel Geld ausgeben, um gute Produktionen und Mixe zu machen.<\/p>\n<p>\u2022 Marc Mozart\u2019s Mixing-Beststeller <a href=\"https:\/\/mixedbymarcmozart.com\/de\/your-mix-sucks-the-international-mixing-bestseller\/?lang=de\" target=\"_blank\" rel=\"noopener noreferrer\">YOUR MIX SUCKS<\/a>\u00a0steht dir umgehend nach Kursbuchung als eBook zur Verf\u00fcgung. Das Buch zu lesen hilft, ist aber keine Voraussetzung f\u00fcr die Teilnahme.<\/p>\n<p>\u2022 Zus\u00e4tzlich im Kurspaket enthalten: Ein ganzes Jahr lang Mixfeedback Im Wert von 120 EUR, aber quasi unbezahlbar ?.[\/vc_column_text][\/vc_column][\/vc_row][vc_row margin_top=&#8220;-30&#8243; min_height=&#8220;-30&#8243;][vc_column][vc_column_text]<\/p>\n<h3>Konkrete Kursinhalte<\/h3>\n<p><b>Exklusives Online Mix Coaching via Zoom in einer Kleingruppe mit maximal 8 Personen.<\/b><\/p>\n<p>\u2022 10:00 Uhr bis 10:30 Uhr: Show and Tell \u2013 Stellt euch kurz vor und sagt, welche Mix-Fragen euch am meisten besch\u00e4fttigen<\/p>\n<p>\u2022 10:30 Uhr bis 12:30 Uhr:\u00a0Abh\u00f6rsituation, Studiomonitore und die Magie des 1. H\u00f6rens<\/p>\n<p>\u2022 12:30 Uhr bis 13:15 Uhr: Augen und Ohren ausruhen &#8211; und jeder isst eine Kleinigkeit \ud83d\ude09<\/p>\n<p>\u2022 13:15 Uhr bis 15:00 Uhr: Mix-Preparation und individuelles Feedback auf deinen bereitgestellten Track<\/p>\n<p>\u2022 15:00 Uhr bis 15:15 Uhr: Kleine Pause<\/p>\n<p>\u2022 15:15 Uhr bis 17:15 Uhr: Gain Staging, Mixing Low-End und Vocals<\/p>\n<p>\u2022 17:15 Uhr bis 17:30 Uhr: Kleine Pause<\/p>\n<p>\u2022 17:30 Uhr bis 19:30 Uhr: Continuity, Parallel Processing und die Dynamik deines Mixes<\/p>\n<p>[\/vc_column_text][\/vc_column][\/vc_row][vc_row margin_top=&#8220;-30&#8243; min_height=&#8220;-30&#8243;][vc_column][vc_column_text]<\/p>\n<h3>Nach dem Coaching<\/h3>\n<p><strong>Wir bleiben in Kontakt!<\/strong><\/p>\n<p>Wir m\u00f6chten deine Mixing-Skill-Entwicklung auch \u00fcber den Kurs hinaus begleiten und unterst\u00fctzen. Daher stellen wir dir \u00fcber den eigentlichen Kurs hinaus \u2013 wie oben schon genannt \u2013 zur Verf\u00fcgung:<\/p>\n<p>\u2022 365 Tage Free Mix Feedback im Wert von 120 EUR<\/p>\n<p>\u2022 Unbezahlbar: Unsere YMS-Community auf FB: Aufnahme in eine exklusive Producer- Community, die sich gegenseitig aktiv unterst\u00fctzt.[\/vc_column_text][\/vc_column][\/vc_row][vc_row margin_top=&#8220;-30&#8243; min_height=&#8220;-30&#8243;][vc_column][vc_column_text]<\/p>\n<h3>Sprache, Termine &amp; Zeiten<\/h3>\n<ul>\n<li>Die Kurse finden in deutscher Sprache statt<\/li>\n<li>Die genannten Uhrzeiten sind CET-Zeiten<\/li>\n<li>N\u00e4chster Termin: Sonntag, 07.02.2021<\/li>\n<li>Die Mindestteilnehmerzahl ist 4. Sollten sich weniger als 4 f\u00fcr einen Kurs, kontaktieren wir euch, um einen Alternativtermin mit mehr Teilnehmern zu schaffen.<\/li>\n<\/ul>\n<h3>Sei jetzt beim n\u00e4chsten Online-Seminar dabei! Klicke einfach auf das Bild unter diesem Text und sichere dir deinen Platz.<\/h3>\n<p>[\/vc_column_text][\/vc_column][\/vc_row][vc_row][vc_column]<div class=\"woocommerce \"><div class=\"wf-container dt-products  woo-hover products loading-effect-fade-in description-on-hover wc-single-shortcode cart-btn-on-img hide-description wc-grid\" data-padding=\"0px\" data-cur-page=\"1\" data-desktop-columns-num=\"4\" data-v-tablet-columns-num=\"2\" data-h-tablet-columns-num=\"3\" data-phone-columns-num=\"2\">\n\n<article class=\"post visible description-off product type-product post-167623 status-publish first instock product_cat-mbmm-de product_cat-services-de-2 has-post-thumbnail sale taxable shipping-taxable purchasable product-type-variable has-default-attributes\">\n\n\t\n\t<span class=\"onsale\">Angebot!<\/span>\n\t<figure class=\"woocom-project\">\n\t<div class=\"woo-buttons-on-img\">\n\n\t\t<a href=\"https:\/\/mixedbymarcmozart.com\/de\/product\/online-mix-coaching-mentored-by-marc-mozart\/\" class=\"alignnone layzr-bg\"><img loading=\"lazy\" decoding=\"async\" width=\"275\" height=\"155\" src=\"data:image\/svg+xml;charset=utf-8,%3Csvg xmlns%3D&#039;http%3A%2F%2Fwww.w3.org%2F2000%2Fsvg&#039; viewBox%3D&#039;0 0 275 155&#039;%2F%3E\" class=\"attachment-woocommerce_thumbnail size-woocommerce_thumbnail lazy-load preload-me\" alt=\"\" data-src=\"https:\/\/mixedbymarcmozart.cdnport.com\/2022\/04\/nF0wB1x8-img_7695_1080px-275x155.jpg\" \/><\/a>\n\t<\/div>\n\t<figcaption class=\"woocom-list-content\">\n\n\t\t<div class=\"woocommerce-product-details__short-description\">\n\t<p><strong>Alle Infos zum Online Mix Coaching findest du hier:<\/strong> <a href=\"https:\/\/mixedbymarcmozart.com\/de\/online-mix-coaching\/\">https:\/\/mixedbymarcmozart.com\/de\/online-mix-coaching\/<\/a><\/p>\n<\/div>\n\n\t<\/figcaption>\n<\/figure>\n\n<\/article>\n\n<\/div><\/div>[\/vc_column][\/vc_row]<\/p>\n<\/div>","protected":false},"excerpt":{"rendered":"<p>[vc_row margin_top=&#8220;-30&#8243; min_height=&#8220;-30&#8243;][vc_column][vc_column_text] Online Mix Coaching &#8211; Mentored by Marc Mozart Willkommen zu Online-Version von &#8222;Mentored By Marc Mozart&#8220; &#8211; die perfekte Weiterbildungsm\u00f6glichkeit w\u00e4hrend des Lockdown! Du produzierst Musik \u2013 ob als Profi oder in deiner Freizeit? Mit Deinen Produktionen bist du im Gro\u00dfen und Ganzen zufrieden, aber im Mixing sp\u00fcrst noch Luft nach oben?&hellip;<\/p>\n","protected":false},"author":5945,"featured_media":0,"parent":0,"menu_order":0,"comment_status":"closed","ping_status":"closed","template":"","meta":{"footnotes":""},"class_list":["post-166865","page","type-page","status-publish","hentry","description-off"],"yoast_head":"<!-- This site is optimized with the Yoast SEO plugin v27.5 - https:\/\/yoast.com\/product\/yoast-seo-wordpress\/ -->\n<title>Online Mix Coaching - Mixed by Marc Mozart<\/title>\n<meta name=\"robots\" content=\"index, follow, max-snippet:-1, max-image-preview:large, max-video-preview:-1\" \/>\n<link rel=\"canonical\" href=\"https:\/\/mixedbymarcmozart.com\/de\/online-mix-coaching\/\" \/>\n<script type=\"application\/ld+json\" class=\"yoast-schema-graph\">{\"@context\":\"https:\\\/\\\/schema.org\",\"@graph\":[{\"@type\":\"WebPage\",\"@id\":\"https:\\\/\\\/mixedbymarcmozart.com\\\/de\\\/online-mix-coaching\\\/\",\"url\":\"https:\\\/\\\/mixedbymarcmozart.com\\\/de\\\/online-mix-coaching\\\/\",\"name\":\"Online Mix Coaching - Mixed by Marc Mozart\",\"isPartOf\":{\"@id\":\"https:\\\/\\\/mixedbymarcmozart.com\\\/#website\"},\"datePublished\":\"2020-12-18T08:07:11+00:00\",\"dateModified\":\"2021-01-25T09:23:11+00:00\",\"breadcrumb\":{\"@id\":\"https:\\\/\\\/mixedbymarcmozart.com\\\/de\\\/online-mix-coaching\\\/#breadcrumb\"},\"inLanguage\":\"de\",\"potentialAction\":[{\"@type\":\"ReadAction\",\"target\":[\"https:\\\/\\\/mixedbymarcmozart.com\\\/de\\\/online-mix-coaching\\\/\"]}]},{\"@type\":\"BreadcrumbList\",\"@id\":\"https:\\\/\\\/mixedbymarcmozart.com\\\/de\\\/online-mix-coaching\\\/#breadcrumb\",\"itemListElement\":[{\"@type\":\"ListItem\",\"position\":1,\"name\":\"Home\",\"item\":\"https:\\\/\\\/mixedbymarcmozart.com\\\/de\\\/\"},{\"@type\":\"ListItem\",\"position\":2,\"name\":\"Online Mix Coaching\"}]},{\"@type\":\"WebSite\",\"@id\":\"https:\\\/\\\/mixedbymarcmozart.com\\\/#website\",\"url\":\"https:\\\/\\\/mixedbymarcmozart.com\\\/\",\"name\":\"Mixed by Marc Mozart\",\"description\":\"YOUR MIX SUCKS \u2022 MIX TEMPLE \u2022 MASTER FEEDBACK\",\"potentialAction\":[{\"@type\":\"SearchAction\",\"target\":{\"@type\":\"EntryPoint\",\"urlTemplate\":\"https:\\\/\\\/mixedbymarcmozart.com\\\/?s={search_term_string}\"},\"query-input\":{\"@type\":\"PropertyValueSpecification\",\"valueRequired\":true,\"valueName\":\"search_term_string\"}}],\"inLanguage\":\"de\"}]}<\/script>\n<!-- \/ Yoast SEO plugin. -->","yoast_head_json":{"title":"Online Mix Coaching - Mixed by Marc Mozart","robots":{"index":"index","follow":"follow","max-snippet":"max-snippet:-1","max-image-preview":"max-image-preview:large","max-video-preview":"max-video-preview:-1"},"canonical":"https:\/\/mixedbymarcmozart.com\/de\/online-mix-coaching\/","schema":{"@context":"https:\/\/schema.org","@graph":[{"@type":"WebPage","@id":"https:\/\/mixedbymarcmozart.com\/de\/online-mix-coaching\/","url":"https:\/\/mixedbymarcmozart.com\/de\/online-mix-coaching\/","name":"Online Mix Coaching - Mixed by Marc Mozart","isPartOf":{"@id":"https:\/\/mixedbymarcmozart.com\/#website"},"datePublished":"2020-12-18T08:07:11+00:00","dateModified":"2021-01-25T09:23:11+00:00","breadcrumb":{"@id":"https:\/\/mixedbymarcmozart.com\/de\/online-mix-coaching\/#breadcrumb"},"inLanguage":"de","potentialAction":[{"@type":"ReadAction","target":["https:\/\/mixedbymarcmozart.com\/de\/online-mix-coaching\/"]}]},{"@type":"BreadcrumbList","@id":"https:\/\/mixedbymarcmozart.com\/de\/online-mix-coaching\/#breadcrumb","itemListElement":[{"@type":"ListItem","position":1,"name":"Home","item":"https:\/\/mixedbymarcmozart.com\/de\/"},{"@type":"ListItem","position":2,"name":"Online Mix Coaching"}]},{"@type":"WebSite","@id":"https:\/\/mixedbymarcmozart.com\/#website","url":"https:\/\/mixedbymarcmozart.com\/","name":"Mixed by Marc Mozart","description":"YOUR MIX SUCKS \u2022 MIX TEMPLE \u2022 MASTER FEEDBACK","potentialAction":[{"@type":"SearchAction","target":{"@type":"EntryPoint","urlTemplate":"https:\/\/mixedbymarcmozart.com\/?s={search_term_string}"},"query-input":{"@type":"PropertyValueSpecification","valueRequired":true,"valueName":"search_term_string"}}],"inLanguage":"de"}]}},"_links":{"self":[{"href":"https:\/\/mixedbymarcmozart.com\/de\/wp-json\/wp\/v2\/pages\/166865","targetHints":{"allow":["GET"]}}],"collection":[{"href":"https:\/\/mixedbymarcmozart.com\/de\/wp-json\/wp\/v2\/pages"}],"about":[{"href":"https:\/\/mixedbymarcmozart.com\/de\/wp-json\/wp\/v2\/types\/page"}],"author":[{"embeddable":true,"href":"https:\/\/mixedbymarcmozart.com\/de\/wp-json\/wp\/v2\/users\/5945"}],"replies":[{"embeddable":true,"href":"https:\/\/mixedbymarcmozart.com\/de\/wp-json\/wp\/v2\/comments?post=166865"}],"version-history":[{"count":0,"href":"https:\/\/mixedbymarcmozart.com\/de\/wp-json\/wp\/v2\/pages\/166865\/revisions"}],"wp:attachment":[{"href":"https:\/\/mixedbymarcmozart.com\/de\/wp-json\/wp\/v2\/media?parent=166865"}],"curies":[{"name":"wp","href":"https:\/\/api.w.org\/{rel}","templated":true}]}}