{"id":135024,"date":"2020-01-10T11:08:13","date_gmt":"2020-01-10T10:08:13","guid":{"rendered":"https:\/\/mixedbymarcmozart.com\/?page_id=135024"},"modified":"2020-11-10T17:02:50","modified_gmt":"2020-11-10T16:02:50","slug":"tutorials-mix-temple-pro-fuer-cubase","status":"publish","type":"page","link":"https:\/\/mixedbymarcmozart.com\/de\/tutorials-mix-temple-pro-fuer-cubase\/","title":{"rendered":"Tutorials: Mix Temple PRO f\u00fcr Cubase"},"content":{"rendered":"<div class=\"wpb-content-wrapper\"><p>[vc_row][vc_column]<div class=\"dt-fancy-separator title-left h2-size title-color\" style=\"width: 100%;\"><div class=\"dt-fancy-title\"><span class=\"separator-holder separator-left\"><\/span>Tutorials: Mix Temple Pro f\u00fcr Cubase<span class=\"separator-holder separator-right\"><\/span><\/div><\/div><div class=\"ult-spacer spacer-6a06fd7e9e815\" data-id=\"6a06fd7e9e815\" data-height=\"10\" data-height-mobile=\"5\" data-height-tab=\"\" data-height-tab-portrait=\"\" data-height-mobile-landscape=\"\" style=\"clear:both;display:block;\"><\/div>[\/vc_column][\/vc_row][vc_row][vc_column][vc_column_text]<a href=\"https:\/\/mixedbymarcmozart.com\/de\/tutorials-mix-temple-pro-fuer-logic-pro-x\/\">Tutorials f\u00fcr Mix Temple PRO f\u00fcr Logic Pro X<\/a><br \/>\n<a href=\"https:\/\/mixedbymarcmozart.com\/de\/tutorials-mix-temple-pro-fuer-pro-tools\/\">Tutorials f\u00fcr Mix Temple PRO f\u00fcr Pro Tools<\/a><br \/>\n<a href=\"https:\/\/mixedbymarcmozart.com\/de\/tutorials-mix-temple-pro-fuer-ableton-live\/\">Tutorials f\u00fcr Mix Temple PRO f\u00fcr Ableton Live 10<\/a><br \/>\n<a href=\"https:\/\/mixedbymarcmozart.com\/de\/tutorials-mix-temple-pro-fuer-studio-one\/\">Tutorials f\u00fcr Mix Temple PRO f\u00fcr Studio One<\/a>[\/vc_column_text][\/vc_column][\/vc_row][vc_row][vc_column][vc_column_text]Nick hat f\u00fcr euch ein Tutorial f\u00fcr Mix Temple PRO aufgenommen. Hier erf\u00e4hrst du alles wichtige \u00fcber das Template.<\/p>\n<p>Von der prinzipiellen Funktionsweise her sind die Versionen f\u00fcr alle DAWs fast identisch, unterscheiden sich aber in Details, da jeder DAW-Hersteller die Funktionen anders implementiert hat.[\/vc_column_text][\/vc_column][\/vc_row][vc_row][vc_column][vc_video link=&#8220;https:\/\/youtu.be\/9i7PuxtpsUU&#8220;][\/vc_column][\/vc_row][vc_row][vc_column][vc_column_text]<br \/>\nThema Halls of Fame | Marc Mozart Edition &#8211; so installierst Du das Reverb Plugin!<\/p>\n<p>[\/vc_column_text][\/vc_column][\/vc_row][vc_row][vc_column][vc_video link=&#8220;https:\/\/youtu.be\/YCD0qEOGPc8&#8243;][\/vc_column][\/vc_row][vc_row][vc_column][vc_column_text]<\/p>\n<p>Falls Du noch keine Lizenz besitzt, kannst Du <a href=\"https:\/\/mixedbymarcmozart.com\/de\/mix-temple-pro\/?lang=de\">Mix Temple PRO f\u00fcr viele DAWs hier kaufen<\/a>.<\/p>\n<p>[\/vc_column_text][\/vc_column][\/vc_row][vc_row][vc_column][vc_column_text]<\/p>\n<p><strong>Cubase 10.5 Laden von Track Presets (Hier gezeigt in Windows 10)<\/strong><\/p>\n<p>1. \u00dcber Rechts Klick auf der Spur -&gt; Spur-Preset laden&#8230;<\/p>\n<p>[\/vc_column_text][\/vc_column][\/vc_row][vc_row][vc_column][vc_single_image image=&#8220;137499&#8243; img_size=&#8220;full&#8220;][\/vc_column][\/vc_row][vc_row][vc_column][vc_column_text]2. Im Spur-Preset laden Fenster auf Ordner und Unterordner einbeziehen klicken.[\/vc_column_text][\/vc_column][\/vc_row][vc_row][vc_column][vc_single_image image=&#8220;137503&#8243; img_size=&#8220;full&#8220;][\/vc_column][\/vc_row][vc_row][vc_column][vc_column_text]3. User Content[\/vc_column_text][\/vc_column][\/vc_row][vc_row][vc_column][vc_single_image image=&#8220;137507&#8243; img_size=&#8220;full&#8220;][\/vc_column][\/vc_row][vc_row][vc_column][vc_column_text]4. Track Presets[\/vc_column_text][\/vc_column][\/vc_row][vc_row][vc_column][vc_single_image image=&#8220;137511&#8243; img_size=&#8220;full&#8220;][\/vc_column][\/vc_row][vc_row][vc_column][vc_column_text]5. Audio[\/vc_column_text][\/vc_column][\/vc_row][vc_row][vc_column][vc_single_image image=&#8220;137515&#8243; img_size=&#8220;full&#8220;][\/vc_column][\/vc_row][vc_row][vc_column][vc_column_text]6. MixTemple [Pro][\/vc_column_text][\/vc_column][\/vc_row][vc_row][vc_column][vc_single_image image=&#8220;137519&#8243; img_size=&#8220;full&#8220;][\/vc_column][\/vc_row][vc_row][vc_column][vc_column_text]Darin findest du Ordner mit allen Track Presets.[\/vc_column_text][\/vc_column][\/vc_row]<\/p>\n<\/div>","protected":false},"excerpt":{"rendered":"<p>[vc_row][vc_column][\/vc_column][\/vc_row][vc_row][vc_column][vc_column_text]Tutorials f\u00fcr Mix Temple PRO f\u00fcr Logic Pro X Tutorials f\u00fcr Mix Temple PRO f\u00fcr Pro Tools Tutorials f\u00fcr Mix Temple PRO f\u00fcr Ableton Live 10 Tutorials f\u00fcr Mix Temple PRO f\u00fcr Studio One[\/vc_column_text][\/vc_column][\/vc_row][vc_row][vc_column][vc_column_text]Nick hat f\u00fcr euch ein Tutorial f\u00fcr Mix Temple PRO aufgenommen. Hier erf\u00e4hrst du alles wichtige \u00fcber das Template. Von der prinzipiellen&hellip;<\/p>\n","protected":false},"author":5945,"featured_media":0,"parent":0,"menu_order":0,"comment_status":"closed","ping_status":"closed","template":"","meta":{"footnotes":""},"class_list":["post-135024","page","type-page","status-publish","hentry","description-off"],"yoast_head":"<!-- This site is optimized with the Yoast SEO plugin v27.6 - https:\/\/yoast.com\/product\/yoast-seo-wordpress\/ -->\n<title>Tutorials: Mix Temple PRO f\u00fcr Cubase - Mixed by Marc Mozart<\/title>\n<meta name=\"robots\" content=\"index, follow, max-snippet:-1, max-image-preview:large, max-video-preview:-1\" \/>\n<link rel=\"canonical\" href=\"https:\/\/mixedbymarcmozart.com\/de\/tutorials-mix-temple-pro-fuer-cubase\/\" \/>\n<script type=\"application\/ld+json\" class=\"yoast-schema-graph\">{\"@context\":\"https:\\\/\\\/schema.org\",\"@graph\":[{\"@type\":\"WebPage\",\"@id\":\"https:\\\/\\\/mixedbymarcmozart.com\\\/de\\\/tutorials-mix-temple-pro-fuer-cubase\\\/\",\"url\":\"https:\\\/\\\/mixedbymarcmozart.com\\\/de\\\/tutorials-mix-temple-pro-fuer-cubase\\\/\",\"name\":\"Tutorials: Mix Temple PRO f\u00fcr Cubase - Mixed by Marc Mozart\",\"isPartOf\":{\"@id\":\"https:\\\/\\\/mixedbymarcmozart.com\\\/#website\"},\"datePublished\":\"2020-01-10T10:08:13+00:00\",\"dateModified\":\"2020-11-10T16:02:50+00:00\",\"breadcrumb\":{\"@id\":\"https:\\\/\\\/mixedbymarcmozart.com\\\/de\\\/tutorials-mix-temple-pro-fuer-cubase\\\/#breadcrumb\"},\"inLanguage\":\"de\",\"potentialAction\":[{\"@type\":\"ReadAction\",\"target\":[\"https:\\\/\\\/mixedbymarcmozart.com\\\/de\\\/tutorials-mix-temple-pro-fuer-cubase\\\/\"]}]},{\"@type\":\"BreadcrumbList\",\"@id\":\"https:\\\/\\\/mixedbymarcmozart.com\\\/de\\\/tutorials-mix-temple-pro-fuer-cubase\\\/#breadcrumb\",\"itemListElement\":[{\"@type\":\"ListItem\",\"position\":1,\"name\":\"Home\",\"item\":\"https:\\\/\\\/mixedbymarcmozart.com\\\/de\\\/\"},{\"@type\":\"ListItem\",\"position\":2,\"name\":\"Tutorials: Mix Temple PRO f\u00fcr Cubase\"}]},{\"@type\":\"WebSite\",\"@id\":\"https:\\\/\\\/mixedbymarcmozart.com\\\/#website\",\"url\":\"https:\\\/\\\/mixedbymarcmozart.com\\\/\",\"name\":\"Mixed by Marc Mozart\",\"description\":\"YOUR MIX SUCKS \u2022 MIX TEMPLE \u2022 MASTER FEEDBACK\",\"potentialAction\":[{\"@type\":\"SearchAction\",\"target\":{\"@type\":\"EntryPoint\",\"urlTemplate\":\"https:\\\/\\\/mixedbymarcmozart.com\\\/?s={search_term_string}\"},\"query-input\":{\"@type\":\"PropertyValueSpecification\",\"valueRequired\":true,\"valueName\":\"search_term_string\"}}],\"inLanguage\":\"de\"}]}<\/script>\n<!-- \/ Yoast SEO plugin. -->","yoast_head_json":{"title":"Tutorials: Mix Temple PRO f\u00fcr Cubase - Mixed by Marc Mozart","robots":{"index":"index","follow":"follow","max-snippet":"max-snippet:-1","max-image-preview":"max-image-preview:large","max-video-preview":"max-video-preview:-1"},"canonical":"https:\/\/mixedbymarcmozart.com\/de\/tutorials-mix-temple-pro-fuer-cubase\/","schema":{"@context":"https:\/\/schema.org","@graph":[{"@type":"WebPage","@id":"https:\/\/mixedbymarcmozart.com\/de\/tutorials-mix-temple-pro-fuer-cubase\/","url":"https:\/\/mixedbymarcmozart.com\/de\/tutorials-mix-temple-pro-fuer-cubase\/","name":"Tutorials: Mix Temple PRO f\u00fcr Cubase - Mixed by Marc Mozart","isPartOf":{"@id":"https:\/\/mixedbymarcmozart.com\/#website"},"datePublished":"2020-01-10T10:08:13+00:00","dateModified":"2020-11-10T16:02:50+00:00","breadcrumb":{"@id":"https:\/\/mixedbymarcmozart.com\/de\/tutorials-mix-temple-pro-fuer-cubase\/#breadcrumb"},"inLanguage":"de","potentialAction":[{"@type":"ReadAction","target":["https:\/\/mixedbymarcmozart.com\/de\/tutorials-mix-temple-pro-fuer-cubase\/"]}]},{"@type":"BreadcrumbList","@id":"https:\/\/mixedbymarcmozart.com\/de\/tutorials-mix-temple-pro-fuer-cubase\/#breadcrumb","itemListElement":[{"@type":"ListItem","position":1,"name":"Home","item":"https:\/\/mixedbymarcmozart.com\/de\/"},{"@type":"ListItem","position":2,"name":"Tutorials: Mix Temple PRO f\u00fcr Cubase"}]},{"@type":"WebSite","@id":"https:\/\/mixedbymarcmozart.com\/#website","url":"https:\/\/mixedbymarcmozart.com\/","name":"Mixed by Marc Mozart","description":"YOUR MIX SUCKS \u2022 MIX TEMPLE \u2022 MASTER FEEDBACK","potentialAction":[{"@type":"SearchAction","target":{"@type":"EntryPoint","urlTemplate":"https:\/\/mixedbymarcmozart.com\/?s={search_term_string}"},"query-input":{"@type":"PropertyValueSpecification","valueRequired":true,"valueName":"search_term_string"}}],"inLanguage":"de"}]}},"_links":{"self":[{"href":"https:\/\/mixedbymarcmozart.com\/de\/wp-json\/wp\/v2\/pages\/135024","targetHints":{"allow":["GET"]}}],"collection":[{"href":"https:\/\/mixedbymarcmozart.com\/de\/wp-json\/wp\/v2\/pages"}],"about":[{"href":"https:\/\/mixedbymarcmozart.com\/de\/wp-json\/wp\/v2\/types\/page"}],"author":[{"embeddable":true,"href":"https:\/\/mixedbymarcmozart.com\/de\/wp-json\/wp\/v2\/users\/5945"}],"replies":[{"embeddable":true,"href":"https:\/\/mixedbymarcmozart.com\/de\/wp-json\/wp\/v2\/comments?post=135024"}],"version-history":[{"count":0,"href":"https:\/\/mixedbymarcmozart.com\/de\/wp-json\/wp\/v2\/pages\/135024\/revisions"}],"wp:attachment":[{"href":"https:\/\/mixedbymarcmozart.com\/de\/wp-json\/wp\/v2\/media?parent=135024"}],"curies":[{"name":"wp","href":"https:\/\/api.w.org\/{rel}","templated":true}]}}