{"id":125129,"date":"2019-11-12T15:54:58","date_gmt":"2019-11-12T14:54:58","guid":{"rendered":"https:\/\/mixedbymarcmozart.com\/?page_id=125129"},"modified":"2020-11-10T17:01:34","modified_gmt":"2020-11-10T16:01:34","slug":"tutorials-mix-temple-pro-fuer-pro-tools","status":"publish","type":"page","link":"https:\/\/mixedbymarcmozart.com\/de\/tutorials-mix-temple-pro-fuer-pro-tools\/","title":{"rendered":"Tutorials: Mix Temple PRO f\u00fcr Pro Tools"},"content":{"rendered":"<div class=\"wpb-content-wrapper\"><p>[vc_row][vc_column]<div class=\"dt-fancy-separator title-left h2-size title-color\" style=\"width: 100%;\"><div class=\"dt-fancy-title\"><span class=\"separator-holder separator-left\"><\/span>Tutorials: Mix Temple Pro f\u00fcr Pro Tools<span class=\"separator-holder separator-right\"><\/span><\/div><\/div><div class=\"ult-spacer spacer-69f3f17380347\" data-id=\"69f3f17380347\" data-height=\"10\" data-height-mobile=\"5\" data-height-tab=\"\" data-height-tab-portrait=\"\" data-height-mobile-landscape=\"\" style=\"clear:both;display:block;\"><\/div>[\/vc_column][\/vc_row][vc_row][vc_column][vc_column_text]<a href=\"https:\/\/mixedbymarcmozart.com\/de\/tutorials-mix-temple-pro-fuer-logic-pro-x\/\">Tutorials f\u00fcr Mix Temple PRO f\u00fcr Logic Pro X<\/a><br \/>\n<a href=\"https:\/\/mixedbymarcmozart.com\/de\/tutorials-mix-temple-pro-fuer-cubase\/\">Tutorials f\u00fcr Mix Temple PRO f\u00fcr Cubase<\/a><br \/>\n<a href=\"https:\/\/mixedbymarcmozart.com\/de\/tutorials-mix-temple-pro-fuer-ableton-live\/\">Tutorials f\u00fcr Mix Temple PRO f\u00fcr Ableton Live 10<\/a><br \/>\n<a href=\"https:\/\/mixedbymarcmozart.com\/de\/tutorials-mix-temple-pro-fuer-studio-one\/\">Tutorials f\u00fcr Mix Temple PRO f\u00fcr Studio One<\/a>[\/vc_column_text][\/vc_column][\/vc_row][vc_row][vc_column][vc_column_text]Nick zeigt dir ganz genau, wie man mit Mix Temple PRO f\u00fcr Pro Tools arbeitet.<br \/>\nDie Funktionen von Mix Temple PRO sind im allen DAW nahezu identisch. Vereinzelt kann es jedoch zu unterschieden kommen. Weitere Videos zu anderen verf\u00fcgbaren DAWs sind auf dem Weg \ud83d\ude09<\/p>\n<p><a href=\"https:\/\/mixedbymarcmozart.com\/de\/mix-temple-pro\/\">Klick hier um zu sehen, ob Mix Temple PRO f\u00fcr deine DAW verf\u00fcgbar ist!<\/a>[\/vc_column_text][\/vc_column][\/vc_row][vc_row][vc_column][vc_video link=&#8220;https:\/\/youtu.be\/MEO5YsjPeVM&#8220;][\/vc_column][\/vc_row][vc_row][vc_column][vc_column_text]Wie installiert man das mitgelieferte Reverb Plugin &#8222;Halls of Fame&#8220;?[\/vc_column_text][\/vc_column][\/vc_row][vc_row][vc_column][vc_video link=&#8220;https:\/\/youtu.be\/YCD0qEOGPc8&#8243;][\/vc_column][\/vc_row][vc_row][vc_column][vc_column_text]Na, lust auf mehr? &#8211; <a href=\"https:\/\/mixedbymarcmozart.com\/de\/mix-temple-pro\/\">Hier gibt es Mix Temple PRO zu kaufen<\/a>[\/vc_column_text][\/vc_column][\/vc_row]<\/p>\n<\/div>","protected":false},"excerpt":{"rendered":"<p>[vc_row][vc_column][\/vc_column][\/vc_row][vc_row][vc_column][vc_column_text]Tutorials f\u00fcr Mix Temple PRO f\u00fcr Logic Pro X Tutorials f\u00fcr Mix Temple PRO f\u00fcr Cubase Tutorials f\u00fcr Mix Temple PRO f\u00fcr Ableton Live 10 Tutorials f\u00fcr Mix Temple PRO f\u00fcr Studio One[\/vc_column_text][\/vc_column][\/vc_row][vc_row][vc_column][vc_column_text]Nick zeigt dir ganz genau, wie man mit Mix Temple PRO f\u00fcr Pro Tools arbeitet. Die Funktionen von Mix Temple PRO sind im&hellip;<\/p>\n","protected":false},"author":5945,"featured_media":0,"parent":0,"menu_order":0,"comment_status":"closed","ping_status":"closed","template":"","meta":{"footnotes":""},"class_list":["post-125129","page","type-page","status-publish","hentry","description-off"],"yoast_head":"<!-- This site is optimized with the Yoast SEO plugin v27.5 - https:\/\/yoast.com\/product\/yoast-seo-wordpress\/ -->\n<title>Tutorials: Mix Temple PRO f\u00fcr Pro Tools - Mixed by Marc Mozart<\/title>\n<meta name=\"robots\" content=\"index, follow, max-snippet:-1, max-image-preview:large, max-video-preview:-1\" \/>\n<link rel=\"canonical\" href=\"https:\/\/mixedbymarcmozart.com\/de\/tutorials-mix-temple-pro-fuer-pro-tools\/\" \/>\n<script type=\"application\/ld+json\" class=\"yoast-schema-graph\">{\"@context\":\"https:\\\/\\\/schema.org\",\"@graph\":[{\"@type\":\"WebPage\",\"@id\":\"https:\\\/\\\/mixedbymarcmozart.com\\\/de\\\/tutorials-mix-temple-pro-fuer-pro-tools\\\/\",\"url\":\"https:\\\/\\\/mixedbymarcmozart.com\\\/de\\\/tutorials-mix-temple-pro-fuer-pro-tools\\\/\",\"name\":\"Tutorials: Mix Temple PRO f\u00fcr Pro Tools - Mixed by Marc Mozart\",\"isPartOf\":{\"@id\":\"https:\\\/\\\/mixedbymarcmozart.com\\\/#website\"},\"datePublished\":\"2019-11-12T14:54:58+00:00\",\"dateModified\":\"2020-11-10T16:01:34+00:00\",\"breadcrumb\":{\"@id\":\"https:\\\/\\\/mixedbymarcmozart.com\\\/de\\\/tutorials-mix-temple-pro-fuer-pro-tools\\\/#breadcrumb\"},\"inLanguage\":\"de\",\"potentialAction\":[{\"@type\":\"ReadAction\",\"target\":[\"https:\\\/\\\/mixedbymarcmozart.com\\\/de\\\/tutorials-mix-temple-pro-fuer-pro-tools\\\/\"]}]},{\"@type\":\"BreadcrumbList\",\"@id\":\"https:\\\/\\\/mixedbymarcmozart.com\\\/de\\\/tutorials-mix-temple-pro-fuer-pro-tools\\\/#breadcrumb\",\"itemListElement\":[{\"@type\":\"ListItem\",\"position\":1,\"name\":\"Home\",\"item\":\"https:\\\/\\\/mixedbymarcmozart.com\\\/de\\\/\"},{\"@type\":\"ListItem\",\"position\":2,\"name\":\"Tutorials: Mix Temple PRO f\u00fcr Pro Tools\"}]},{\"@type\":\"WebSite\",\"@id\":\"https:\\\/\\\/mixedbymarcmozart.com\\\/#website\",\"url\":\"https:\\\/\\\/mixedbymarcmozart.com\\\/\",\"name\":\"Mixed by Marc Mozart\",\"description\":\"YOUR MIX SUCKS \u2022 MIX TEMPLE \u2022 MASTER FEEDBACK\",\"potentialAction\":[{\"@type\":\"SearchAction\",\"target\":{\"@type\":\"EntryPoint\",\"urlTemplate\":\"https:\\\/\\\/mixedbymarcmozart.com\\\/?s={search_term_string}\"},\"query-input\":{\"@type\":\"PropertyValueSpecification\",\"valueRequired\":true,\"valueName\":\"search_term_string\"}}],\"inLanguage\":\"de\"}]}<\/script>\n<!-- \/ Yoast SEO plugin. -->","yoast_head_json":{"title":"Tutorials: Mix Temple PRO f\u00fcr Pro Tools - Mixed by Marc Mozart","robots":{"index":"index","follow":"follow","max-snippet":"max-snippet:-1","max-image-preview":"max-image-preview:large","max-video-preview":"max-video-preview:-1"},"canonical":"https:\/\/mixedbymarcmozart.com\/de\/tutorials-mix-temple-pro-fuer-pro-tools\/","schema":{"@context":"https:\/\/schema.org","@graph":[{"@type":"WebPage","@id":"https:\/\/mixedbymarcmozart.com\/de\/tutorials-mix-temple-pro-fuer-pro-tools\/","url":"https:\/\/mixedbymarcmozart.com\/de\/tutorials-mix-temple-pro-fuer-pro-tools\/","name":"Tutorials: Mix Temple PRO f\u00fcr Pro Tools - Mixed by Marc Mozart","isPartOf":{"@id":"https:\/\/mixedbymarcmozart.com\/#website"},"datePublished":"2019-11-12T14:54:58+00:00","dateModified":"2020-11-10T16:01:34+00:00","breadcrumb":{"@id":"https:\/\/mixedbymarcmozart.com\/de\/tutorials-mix-temple-pro-fuer-pro-tools\/#breadcrumb"},"inLanguage":"de","potentialAction":[{"@type":"ReadAction","target":["https:\/\/mixedbymarcmozart.com\/de\/tutorials-mix-temple-pro-fuer-pro-tools\/"]}]},{"@type":"BreadcrumbList","@id":"https:\/\/mixedbymarcmozart.com\/de\/tutorials-mix-temple-pro-fuer-pro-tools\/#breadcrumb","itemListElement":[{"@type":"ListItem","position":1,"name":"Home","item":"https:\/\/mixedbymarcmozart.com\/de\/"},{"@type":"ListItem","position":2,"name":"Tutorials: Mix Temple PRO f\u00fcr Pro Tools"}]},{"@type":"WebSite","@id":"https:\/\/mixedbymarcmozart.com\/#website","url":"https:\/\/mixedbymarcmozart.com\/","name":"Mixed by Marc Mozart","description":"YOUR MIX SUCKS \u2022 MIX TEMPLE \u2022 MASTER FEEDBACK","potentialAction":[{"@type":"SearchAction","target":{"@type":"EntryPoint","urlTemplate":"https:\/\/mixedbymarcmozart.com\/?s={search_term_string}"},"query-input":{"@type":"PropertyValueSpecification","valueRequired":true,"valueName":"search_term_string"}}],"inLanguage":"de"}]}},"_links":{"self":[{"href":"https:\/\/mixedbymarcmozart.com\/de\/wp-json\/wp\/v2\/pages\/125129","targetHints":{"allow":["GET"]}}],"collection":[{"href":"https:\/\/mixedbymarcmozart.com\/de\/wp-json\/wp\/v2\/pages"}],"about":[{"href":"https:\/\/mixedbymarcmozart.com\/de\/wp-json\/wp\/v2\/types\/page"}],"author":[{"embeddable":true,"href":"https:\/\/mixedbymarcmozart.com\/de\/wp-json\/wp\/v2\/users\/5945"}],"replies":[{"embeddable":true,"href":"https:\/\/mixedbymarcmozart.com\/de\/wp-json\/wp\/v2\/comments?post=125129"}],"version-history":[{"count":0,"href":"https:\/\/mixedbymarcmozart.com\/de\/wp-json\/wp\/v2\/pages\/125129\/revisions"}],"wp:attachment":[{"href":"https:\/\/mixedbymarcmozart.com\/de\/wp-json\/wp\/v2\/media?parent=125129"}],"curies":[{"name":"wp","href":"https:\/\/api.w.org\/{rel}","templated":true}]}}